{"id":63,"date":"2016-07-04T14:20:09","date_gmt":"2016-07-04T14:20:09","guid":{"rendered":"https:\/\/www.municipios.gov.py\/ybycui\/?page_id=63"},"modified":"2025-08-22T18:11:01","modified_gmt":"2025-08-22T21:11:01","slug":"politica-institucional-y-planes-de-accion","status":"publish","type":"page","link":"https:\/\/www.municipios.gov.py\/ybycui\/politica-institucional-y-planes-de-accion\/","title":{"rendered":"Pol\u00edtica Institucional y Planes de Acci\u00f3n"},"content":{"rendered":"<p><a href=\"https:\/\/www.municipios.gov.py\/ybycui\/wp-content\/uploads\/sites\/115\/2025\/08\/PDFReader_20250821_1108-Mision-y-Vision-Institucional-1.pdf\" target=\"_blank\" rel=\"noopener\">\u00a0Misi\u00f3n y Visi\u00f3n Institucional<\/a><\/p>\n<p><a href=\"https:\/\/www.municipios.gov.py\/ybycui\/wp-content\/uploads\/sites\/115\/2025\/08\/PDFReader_20250821_1137-Planificacion-Estrategica-de-la-Municipalidad.pdf\" target=\"_blank\" rel=\"noopener\">Planificaci\u00f3n Estrat\u00e9gica de la Municipalidad<\/a><\/p>\n<p><a href=\"https:\/\/www.municipios.gov.py\/ybycui\/wp-content\/uploads\/sites\/115\/2025\/08\/PDFReader_20250821_1118-Aprobacion-fe-Mecip.pdf\" target=\"_blank\" rel=\"noopener\">Aprobaci\u00f3n De MECIP<\/a><\/p>\n<p><a href=\"https:\/\/www.municipios.gov.py\/ybycui\/wp-content\/uploads\/sites\/115\/2025\/08\/PDFReader_20250821_1114-Adopcion-de-Requisitos-de-Control-Interno.pdf\" target=\"_blank\" rel=\"noopener\">Adopci\u00f3n de Requisitos de Control Interno<\/a><\/p>\n<p><a href=\"https:\/\/www.municipios.gov.py\/ybycui\/wp-content\/uploads\/sites\/115\/2025\/08\/PDFReader_20250821_1110-Mecip.pdf\" target=\"_blank\" rel=\"noopener\">MECIP<\/a><\/p>\n","protected":false},"excerpt":{"rendered":"<p>\u00a0Misi\u00f3n y Visi\u00f3n Institucional Planificaci\u00f3n Estrat\u00e9gica de la Municipalidad Aprobaci\u00f3n De MECIP Adopci\u00f3n de Requisitos de Control Interno MECIP<\/p>\n","protected":false},"author":4,"featured_media":0,"parent":0,"menu_order":0,"comment_status":"closed","ping_status":"closed","template":"","meta":{"generate_page_header":"","jetpack_post_was_ever_published":false,"footnotes":""},"class_list":["post-63","page","type-page","status-publish"],"jetpack_sharing_enabled":true,"jetpack_shortlink":"https:\/\/wp.me\/P8AJL7-11","_links":{"self":[{"href":"https:\/\/www.municipios.gov.py\/ybycui\/wp-json\/wp\/v2\/pages\/63","targetHints":{"allow":["GET"]}}],"collection":[{"href":"https:\/\/www.municipios.gov.py\/ybycui\/wp-json\/wp\/v2\/pages"}],"about":[{"href":"https:\/\/www.municipios.gov.py\/ybycui\/wp-json\/wp\/v2\/types\/page"}],"author":[{"embeddable":true,"href":"https:\/\/www.municipios.gov.py\/ybycui\/wp-json\/wp\/v2\/users\/4"}],"replies":[{"embeddable":true,"href":"https:\/\/www.municipios.gov.py\/ybycui\/wp-json\/wp\/v2\/comments?post=63"}],"version-history":[{"count":9,"href":"https:\/\/www.municipios.gov.py\/ybycui\/wp-json\/wp\/v2\/pages\/63\/revisions"}],"predecessor-version":[{"id":986,"href":"https:\/\/www.municipios.gov.py\/ybycui\/wp-json\/wp\/v2\/pages\/63\/revisions\/986"}],"wp:attachment":[{"href":"https:\/\/www.municipios.gov.py\/ybycui\/wp-json\/wp\/v2\/media?parent=63"}],"curies":[{"name":"wp","href":"https:\/\/api.w.org\/{rel}","templated":true}]}}