{"id":42,"date":"2016-06-30T18:26:57","date_gmt":"2016-06-30T18:26:57","guid":{"rendered":"https:\/\/www.municipios.gov.py\/ybycui\/?page_id=42"},"modified":"2026-03-20T09:07:40","modified_gmt":"2026-03-20T12:07:40","slug":"nomina-de-funcionarios-ley-5-282","status":"publish","type":"page","link":"https:\/\/www.municipios.gov.py\/ybycui\/nomina-de-funcionarios-ley-5-282\/","title":{"rendered":"N\u00f3mina de Funcionarios"},"content":{"rendered":"<p style=\"text-align: center;\"><a href=\"https:\/\/www.municipios.gov.py\/ybycui\/wp-content\/uploads\/sites\/115\/2025\/08\/NOMINA-DE-FNCIONARIOS.pdf\" target=\"_blank\" rel=\"noopener\">NOMINA DE FUNCIONARIOS JULIO<\/a><\/p>\n<p style=\"text-align: center;\"><a href=\"https:\/\/www.municipios.gov.py\/ybycui\/wp-content\/uploads\/sites\/115\/2025\/09\/Lista-de-Funcionarios.pdf\" target=\"_blank\" rel=\"noopener\">N\u00f3mina de Funcionarios Agosto<\/a><\/p>\n<p style=\"text-align: center;\"><a href=\"https:\/\/www.municipios.gov.py\/ybycui\/wp-content\/uploads\/sites\/115\/2025\/10\/Nomina-de-Funcionarios-Setiembre.pdf\">N\u00f3mina de Funcionarios Setiembre<\/a><\/p>\n<p style=\"text-align: center;\"><a href=\"https:\/\/www.municipios.gov.py\/ybycui\/wp-content\/uploads\/sites\/115\/2025\/11\/LISTADO-DE-FUNCIONAARIOS-2.pdf\">N\u00f3mina de Funcionarios Octubre<\/a><\/p>\n<p style=\"text-align: center;\"><a href=\"https:\/\/www.municipios.gov.py\/ybycui\/wp-content\/uploads\/sites\/115\/2025\/12\/nomina-de-funcionarios-noviembre-1.pdf\">Nomina de Funcionarios Noviembre<\/a><\/p>\n<p><a href=\"https:\/\/www.municipios.gov.py\/ybycui\/wp-content\/uploads\/sites\/115\/2026\/01\/Lista-de-Funcionarios-diciembre-1.pdf\">NOMINA DE FUNCIONARIOS DICIEMBRE<\/a><\/p>\n<p><a href=\"https:\/\/www.municipios.gov.py\/ybycui\/wp-content\/uploads\/sites\/115\/2026\/01\/NOMINA-DE-FUNCIONARIOS-ANUAL-3.pdf\">LEY 5747\/2016 &#8211; RESUMEN ANUAL DE ASIGNACIONES A\u00d1O 2025<\/a><\/p>\n<p><a href=\"https:\/\/www.municipios.gov.py\/ybycui\/wp-content\/uploads\/sites\/115\/2026\/02\/Listado-de-Funcionarios-de-Enero-2026-3.pdf\">NOMINA DE FUNCIONARIOS ENERO 2026<\/a><\/p>\n<p><a href=\"https:\/\/www.municipios.gov.py\/ybycui\/wp-content\/uploads\/sites\/115\/2026\/03\/funcionario-Municipal-Febrero-1.pdf\">Nomina de Funcionarios Febrero.<\/a><\/p>\n<p>&nbsp;<\/p>\n","protected":false},"excerpt":{"rendered":"<p>NOMINA DE FUNCIONARIOS JULIO N\u00f3mina de Funcionarios Agosto N\u00f3mina de Funcionarios Setiembre N\u00f3mina de Funcionarios Octubre Nomina de Funcionarios Noviembre NOMINA DE FUNCIONARIOS DICIEMBRE LEY 5747\/2016 &#8211; RESUMEN ANUAL DE ASIGNACIONES A\u00d1O 2025 NOMINA DE FUNCIONARIOS ENERO 2026 Nomina de Funcionarios Febrero. &nbsp;<\/p>\n","protected":false},"author":4,"featured_media":0,"parent":0,"menu_order":0,"comment_status":"closed","ping_status":"closed","template":"","meta":{"generate_page_header":"","jetpack_post_was_ever_published":false,"footnotes":""},"class_list":["post-42","page","type-page","status-publish"],"jetpack_sharing_enabled":true,"jetpack_shortlink":"https:\/\/wp.me\/P8AJL7-G","_links":{"self":[{"href":"https:\/\/www.municipios.gov.py\/ybycui\/wp-json\/wp\/v2\/pages\/42","targetHints":{"allow":["GET"]}}],"collection":[{"href":"https:\/\/www.municipios.gov.py\/ybycui\/wp-json\/wp\/v2\/pages"}],"about":[{"href":"https:\/\/www.municipios.gov.py\/ybycui\/wp-json\/wp\/v2\/types\/page"}],"author":[{"embeddable":true,"href":"https:\/\/www.municipios.gov.py\/ybycui\/wp-json\/wp\/v2\/users\/4"}],"replies":[{"embeddable":true,"href":"https:\/\/www.municipios.gov.py\/ybycui\/wp-json\/wp\/v2\/comments?post=42"}],"version-history":[{"count":29,"href":"https:\/\/www.municipios.gov.py\/ybycui\/wp-json\/wp\/v2\/pages\/42\/revisions"}],"predecessor-version":[{"id":1407,"href":"https:\/\/www.municipios.gov.py\/ybycui\/wp-json\/wp\/v2\/pages\/42\/revisions\/1407"}],"wp:attachment":[{"href":"https:\/\/www.municipios.gov.py\/ybycui\/wp-json\/wp\/v2\/media?parent=42"}],"curies":[{"name":"wp","href":"https:\/\/api.w.org\/{rel}","templated":true}]}}