{"id":38,"date":"2016-06-30T18:24:50","date_gmt":"2016-06-30T18:24:50","guid":{"rendered":"https:\/\/www.municipios.gov.py\/ybycui\/?page_id=38"},"modified":"2026-03-20T11:20:59","modified_gmt":"2026-03-20T14:20:59","slug":"marco-normativo-ley-5-282","status":"publish","type":"page","link":"https:\/\/www.municipios.gov.py\/ybycui\/marco-normativo-ley-5-282\/","title":{"rendered":"Marco Normativo"},"content":{"rendered":"<p><a href=\"https:\/\/www.municipios.gov.py\/ybycui\/wp-content\/uploads\/sites\/115\/2025\/08\/PDFReader_20250821_1108-Mision-y-Vision-Institucional.pdf\" target=\"_blank\" rel=\"noopener\">Misi\u00f3n y Visi\u00f3n Institucional<\/a><\/p>\n<p><a href=\"https:\/\/drive.google.com\/drive\/folders\/1QvO6S26YPyDHLj_2kjuoeJgussj5aUbE?usp=drive_link\" target=\"_blank\" rel=\"noopener\">Leyes, Resoluciones, Ordenanza Etc. Documentos<\/a><\/p>\n<p><a href=\"https:\/\/www.municipios.gov.py\/ybycui\/wp-content\/uploads\/sites\/115\/2025\/10\/Nota-al-Contralor.pdf\" target=\"_blank\" rel=\"noopener\">Nota al Contralor.<\/a><\/p>\n<p><a href=\"https:\/\/www.municipios.gov.py\/ybycui\/wp-content\/uploads\/sites\/115\/2025\/10\/Plan-de-Transparencia-2025.pdf\" target=\"_blank\" rel=\"noopener\">Plan de Transparencia 2025<\/a><\/p>\n<p><a href=\"https:\/\/www.municipios.gov.py\/ybycui\/wp-content\/uploads\/sites\/115\/2025\/10\/Resolucion-I.M-N\u00b0-369.pdf\" target=\"_blank\" rel=\"noopener\">Resoluci\u00f3n I.M N\u00b0 369<\/a><\/p>\n<p><a href=\"https:\/\/www.municipios.gov.py\/ybycui\/wp-content\/uploads\/sites\/115\/2025\/10\/Nota-al-Contralor.pdf\" target=\"_blank\" rel=\"noopener\">Nota al Contralor.<\/a><\/p>\n<p><a href=\"https:\/\/www.municipios.gov.py\/ybycui\/wp-content\/uploads\/sites\/115\/2026\/03\/PATIP-2026-1.pdf\">PLAN ANUAL DE TRANSPARENCIA E INTEGRIDAD PUBLICA ( PATIP ) 2026<\/a><\/p>\n<p>&nbsp;<\/p>\n<p>&nbsp;<\/p>\n","protected":false},"excerpt":{"rendered":"<p>Misi\u00f3n y Visi\u00f3n Institucional Leyes, Resoluciones, Ordenanza Etc. Documentos Nota al Contralor. Plan de Transparencia 2025 Resoluci\u00f3n I.M N\u00b0 369 Nota al Contralor. PLAN ANUAL DE TRANSPARENCIA E INTEGRIDAD PUBLICA ( PATIP ) 2026 &nbsp; &nbsp;<\/p>\n","protected":false},"author":4,"featured_media":0,"parent":0,"menu_order":0,"comment_status":"closed","ping_status":"closed","template":"","meta":{"generate_page_header":"","jetpack_post_was_ever_published":false,"footnotes":""},"class_list":["post-38","page","type-page","status-publish"],"jetpack_sharing_enabled":true,"jetpack_shortlink":"https:\/\/wp.me\/P8AJL7-C","_links":{"self":[{"href":"https:\/\/www.municipios.gov.py\/ybycui\/wp-json\/wp\/v2\/pages\/38","targetHints":{"allow":["GET"]}}],"collection":[{"href":"https:\/\/www.municipios.gov.py\/ybycui\/wp-json\/wp\/v2\/pages"}],"about":[{"href":"https:\/\/www.municipios.gov.py\/ybycui\/wp-json\/wp\/v2\/types\/page"}],"author":[{"embeddable":true,"href":"https:\/\/www.municipios.gov.py\/ybycui\/wp-json\/wp\/v2\/users\/4"}],"replies":[{"embeddable":true,"href":"https:\/\/www.municipios.gov.py\/ybycui\/wp-json\/wp\/v2\/comments?post=38"}],"version-history":[{"count":20,"href":"https:\/\/www.municipios.gov.py\/ybycui\/wp-json\/wp\/v2\/pages\/38\/revisions"}],"predecessor-version":[{"id":1437,"href":"https:\/\/www.municipios.gov.py\/ybycui\/wp-json\/wp\/v2\/pages\/38\/revisions\/1437"}],"wp:attachment":[{"href":"https:\/\/www.municipios.gov.py\/ybycui\/wp-json\/wp\/v2\/media?parent=38"}],"curies":[{"name":"wp","href":"https:\/\/api.w.org\/{rel}","templated":true}]}}