{"id":121,"date":"2016-07-04T15:11:59","date_gmt":"2016-07-04T15:11:59","guid":{"rendered":"https:\/\/www.municipios.gov.py\/ybycui\/?page_id=121"},"modified":"2026-03-24T08:37:14","modified_gmt":"2026-03-24T11:37:14","slug":"presupuesto-de-ingresos-y-gastos-en-forma-mensual","status":"publish","type":"page","link":"https:\/\/www.municipios.gov.py\/ybycui\/presupuesto-de-ingresos-y-gastos-en-forma-mensual\/","title":{"rendered":"Presupuesto de Ingresos y gastos de forma mensual"},"content":{"rendered":"<p>&nbsp;<\/p>\n<p><a href=\"https:\/\/www.municipios.gov.py\/ybycui\/wp-content\/uploads\/sites\/115\/2025\/08\/CUADRO-DE-RESULTADOS-YBYCUI-072025.pdf\" target=\"_blank\" rel=\"noopener\">CUADRO DE RESULTADOS YBYCUI 07\/2025<\/a><\/p>\n<p><a href=\"https:\/\/www.municipios.gov.py\/ybycui\/wp-content\/uploads\/sites\/115\/2025\/08\/Ybycui-Ejecucion-Presupuestaria-de-Recursos-Mensual-Julio-2025-2.pdf\">Ybycui Ejecucion Presupuestaria de Recursos Mensual Julio 2025 (2)<\/a><\/p>\n<p><a href=\"https:\/\/www.municipios.gov.py\/ybycui\/wp-content\/uploads\/sites\/115\/2025\/08\/Ybycui-Ejecucion-Presupuestaria-de-Gastos-Mensual-Julio-2025-1.pdf\" target=\"_blank\" rel=\"noopener\">Ybycui Ejecucion Presupuestaria de Gastos Mensual Julio 2025 (1)<\/a><\/p>\n<p><a href=\"https:\/\/www.municipios.gov.py\/ybycui\/wp-content\/uploads\/sites\/115\/2025\/09\/CUADRO-DE-RESULTADOS-YBYCUI-082025.pdf\" target=\"_blank\" rel=\"noopener\">CUADRO DE RESULTADOS YBYCUI Agosto<\/a><\/p>\n<p><a href=\"https:\/\/www.municipios.gov.py\/ybycui\/wp-content\/uploads\/sites\/115\/2025\/09\/EPG-EPI-CONSOL-2.pdf\" target=\"_blank\" rel=\"noopener\">Ejecuci\u00f3n Presupuestaria de Recursos-Ejecuci\u00f3n Presupuestar\u00eda de Gastos Agosto<\/a><\/p>\n<p><a href=\"https:\/\/www.municipios.gov.py\/ybycui\/wp-content\/uploads\/sites\/115\/2025\/11\/EPG-EPI-SEPTIEMBRE.pdf\">Ejecucion Presupuestaria de Recursos-Ejecuci\u00f3n Presupuestaria de Gasto Septiembre<\/a><\/p>\n<p><a href=\"https:\/\/www.municipios.gov.py\/ybycui\/wp-content\/uploads\/sites\/115\/2025\/11\/CUADRO-DE-RESULTADO-YBYCUI-1-1.pdf\">CUADRO DE RESULTADO YBYCUI Septiembre<\/a><\/p>\n<p><a href=\"https:\/\/www.municipios.gov.py\/ybycui\/wp-content\/uploads\/sites\/115\/2025\/11\/CUADRO-DE-RESULTADOS-OCTUBRE-2025-1.pdf\">CUADRO DE RESULTADOS OCTUBRE<\/a><\/p>\n<p><a href=\"https:\/\/www.municipios.gov.py\/ybycui\/wp-content\/uploads\/sites\/115\/2025\/11\/EPG-API.pdf\">Ejecucion Presupuestaria de Recursos-Ejecucion Presupuestaria de Gasto Octubre<\/a><\/p>\n<p><a href=\"https:\/\/www.municipios.gov.py\/ybycui\/wp-content\/uploads\/sites\/115\/2025\/12\/CUADRO-DE-RESULTADOS-NOVIEMBRE-1.pdf\">CUADRO DE RESULTADOS YBYCUI NOVIEMBRE<\/a><\/p>\n<p><a href=\"https:\/\/www.municipios.gov.py\/ybycui\/wp-content\/uploads\/sites\/115\/2025\/12\/ejecucion-de-ingreso-noviembre-1.pdf\">Ejecucion Presupuestaria de Ingresos Noviembre.<\/a><\/p>\n<p><a href=\"https:\/\/www.municipios.gov.py\/ybycui\/wp-content\/uploads\/sites\/115\/2025\/12\/ejecucion-de-gasto-noviembre-1.pdf\">Ejecucion Presupuestaria de Gastos Noviembre.<\/a><\/p>\n<p><a href=\"https:\/\/www.municipios.gov.py\/ybycui\/wp-content\/uploads\/sites\/115\/2026\/01\/CUADRO-DE-RESULTADOS-DIC-2025-YBYCUI-1.pdf\">CUADRO DE RESULTADOS YBYCUI DICIEMBRE.<\/a><\/p>\n<p><a href=\"https:\/\/www.municipios.gov.py\/ybycui\/wp-content\/uploads\/sites\/115\/2026\/01\/EPG_3ERC_YBYCUI-1.pdf\">Ejecucion Presupuestaria de Gastos Diciembre.<\/a><\/p>\n<p><a href=\"https:\/\/www.municipios.gov.py\/ybycui\/wp-content\/uploads\/sites\/115\/2026\/01\/EPI_3ERC_YBYCUI-1.pdf\">Ejecucion Presupuestaria de Ingresos Diciembre.<\/a><\/p>\n<p><a href=\"https:\/\/www.municipios.gov.py\/ybycui\/wp-content\/uploads\/sites\/115\/2026\/03\/CUADRO-DE-RESULTADOS-ENERO-2026-1.pdf\">CUADRO DE RESULTADOS YBYCUI ENERO 2026<\/a><\/p>\n<p><a href=\"https:\/\/www.municipios.gov.py\/ybycui\/wp-content\/uploads\/sites\/115\/2026\/03\/EJECUCION-PRESUPUESTARIA-I-Y-G-1.pdf\">EJECUCION PRESUPUESTARIA DE INGRESOS &#8211; EJECUCION PRESUPUESTARIA DE GASTOS ENERO 2026.<\/a><\/p>\n","protected":false},"excerpt":{"rendered":"<p>&nbsp; CUADRO DE RESULTADOS YBYCUI 07\/2025 Ybycui Ejecucion Presupuestaria de Recursos Mensual Julio 2025 (2) Ybycui Ejecucion Presupuestaria de Gastos Mensual Julio 2025 (1) CUADRO DE RESULTADOS YBYCUI Agosto Ejecuci\u00f3n Presupuestaria de Recursos-Ejecuci\u00f3n Presupuestar\u00eda de Gastos Agosto Ejecucion Presupuestaria de Recursos-Ejecuci\u00f3n Presupuestaria de Gasto Septiembre CUADRO DE RESULTADO YBYCUI Septiembre CUADRO DE RESULTADOS OCTUBRE Ejecucion &#8230; <a title=\"Presupuesto de Ingresos y gastos de forma mensual\" class=\"read-more\" href=\"https:\/\/www.municipios.gov.py\/ybycui\/presupuesto-de-ingresos-y-gastos-en-forma-mensual\/\" aria-label=\"Leer m\u00e1s sobre Presupuesto de Ingresos y gastos de forma mensual\">Leer Mas&#8230;<\/a><\/p>\n","protected":false},"author":4,"featured_media":0,"parent":0,"menu_order":0,"comment_status":"closed","ping_status":"closed","template":"","meta":{"generate_page_header":"","jetpack_post_was_ever_published":false,"footnotes":""},"class_list":["post-121","page","type-page","status-publish"],"jetpack_sharing_enabled":true,"jetpack_shortlink":"https:\/\/wp.me\/P8AJL7-1X","_links":{"self":[{"href":"https:\/\/www.municipios.gov.py\/ybycui\/wp-json\/wp\/v2\/pages\/121","targetHints":{"allow":["GET"]}}],"collection":[{"href":"https:\/\/www.municipios.gov.py\/ybycui\/wp-json\/wp\/v2\/pages"}],"about":[{"href":"https:\/\/www.municipios.gov.py\/ybycui\/wp-json\/wp\/v2\/types\/page"}],"author":[{"embeddable":true,"href":"https:\/\/www.municipios.gov.py\/ybycui\/wp-json\/wp\/v2\/users\/4"}],"replies":[{"embeddable":true,"href":"https:\/\/www.municipios.gov.py\/ybycui\/wp-json\/wp\/v2\/comments?post=121"}],"version-history":[{"count":26,"href":"https:\/\/www.municipios.gov.py\/ybycui\/wp-json\/wp\/v2\/pages\/121\/revisions"}],"predecessor-version":[{"id":1443,"href":"https:\/\/www.municipios.gov.py\/ybycui\/wp-json\/wp\/v2\/pages\/121\/revisions\/1443"}],"wp:attachment":[{"href":"https:\/\/www.municipios.gov.py\/ybycui\/wp-json\/wp\/v2\/media?parent=121"}],"curies":[{"name":"wp","href":"https:\/\/api.w.org\/{rel}","templated":true}]}}