{"id":117,"date":"2016-07-04T15:10:14","date_gmt":"2016-07-04T15:10:14","guid":{"rendered":"https:\/\/www.municipios.gov.py\/ybycui\/?page_id=117"},"modified":"2026-03-20T09:31:52","modified_gmt":"2026-03-20T12:31:52","slug":"nomina-funcionarios-comisionados-de-otras-instituciones","status":"publish","type":"page","link":"https:\/\/www.municipios.gov.py\/ybycui\/nomina-funcionarios-comisionados-de-otras-instituciones\/","title":{"rendered":"N\u00f3mina de Funcionarios Comisionados de otras Instituciones"},"content":{"rendered":"<p style=\"text-align: center;\"><a href=\"https:\/\/www.municipios.gov.py\/ybycui\/wp-content\/uploads\/sites\/115\/2025\/08\/LISTA-DE-COMISIONADOS.pdf\" target=\"_blank\" rel=\"noopener\">N\u00f3mina de Comisionados Julio<\/a><\/p>\n<p style=\"text-align: center;\"><a href=\"https:\/\/www.municipios.gov.py\/ybycui\/wp-content\/uploads\/sites\/115\/2025\/09\/Lista-de-Comisionados.pdf\" target=\"_blank\" rel=\"noopener\">N\u00f3mina de Comisionados Agosto<\/a><\/p>\n<p style=\"text-align: center;\"><a href=\"https:\/\/www.municipios.gov.py\/ybycui\/wp-content\/uploads\/sites\/115\/2025\/10\/Nomina-de-Comisionados-de-otras-instituciones.pdf\" target=\"_blank\" rel=\"noopener\">N\u00f3mina de Comisionados Setiembre.<\/a><\/p>\n<p style=\"text-align: center;\"><a href=\"https:\/\/www.municipios.gov.py\/ybycui\/wp-content\/uploads\/sites\/115\/2025\/11\/lista-de-comisianados-oct-2.pdf\">N\u00f3mina de Comisionados Octubre<\/a><\/p>\n<p><a href=\"https:\/\/www.municipios.gov.py\/ybycui\/wp-content\/uploads\/sites\/115\/2025\/12\/funcionario-comisionado-de-otra-institucion-noviembre-2.pdf\">\u00a0Nomina de Comisionados Noviembre\u00a0<\/a><\/p>\n<p><a href=\"https:\/\/www.municipios.gov.py\/ybycui\/wp-content\/uploads\/sites\/115\/2026\/01\/Lista-de-Comisionados-Diciembre-3.pdf\">Nomina de Comisionados Diciembre.<\/a><\/p>\n<p><a href=\"https:\/\/www.municipios.gov.py\/ybycui\/wp-content\/uploads\/sites\/115\/2026\/02\/Lista-de-Comisionados-Enero-2026-2.pdf\">NOMINA DE COMISIONADOS ENERO 2026<\/a><\/p>\n<p><a href=\"https:\/\/www.municipios.gov.py\/ybycui\/wp-content\/uploads\/sites\/115\/2026\/03\/Funcionario-Comisionado-de-Otra-Institucion-Febrero-1.pdf\">Nomina de Comisionados Febrero.<\/a><\/p>\n","protected":false},"excerpt":{"rendered":"<p>N\u00f3mina de Comisionados Julio N\u00f3mina de Comisionados Agosto N\u00f3mina de Comisionados Setiembre. N\u00f3mina de Comisionados Octubre \u00a0Nomina de Comisionados Noviembre\u00a0 Nomina de Comisionados Diciembre. NOMINA DE COMISIONADOS ENERO 2026 Nomina de Comisionados Febrero.<\/p>\n","protected":false},"author":4,"featured_media":0,"parent":0,"menu_order":0,"comment_status":"closed","ping_status":"closed","template":"","meta":{"generate_page_header":"","jetpack_post_was_ever_published":false,"footnotes":""},"class_list":["post-117","page","type-page","status-publish"],"jetpack_sharing_enabled":true,"jetpack_shortlink":"https:\/\/wp.me\/P8AJL7-1T","_links":{"self":[{"href":"https:\/\/www.municipios.gov.py\/ybycui\/wp-json\/wp\/v2\/pages\/117","targetHints":{"allow":["GET"]}}],"collection":[{"href":"https:\/\/www.municipios.gov.py\/ybycui\/wp-json\/wp\/v2\/pages"}],"about":[{"href":"https:\/\/www.municipios.gov.py\/ybycui\/wp-json\/wp\/v2\/types\/page"}],"author":[{"embeddable":true,"href":"https:\/\/www.municipios.gov.py\/ybycui\/wp-json\/wp\/v2\/users\/4"}],"replies":[{"embeddable":true,"href":"https:\/\/www.municipios.gov.py\/ybycui\/wp-json\/wp\/v2\/comments?post=117"}],"version-history":[{"count":18,"href":"https:\/\/www.municipios.gov.py\/ybycui\/wp-json\/wp\/v2\/pages\/117\/revisions"}],"predecessor-version":[{"id":1413,"href":"https:\/\/www.municipios.gov.py\/ybycui\/wp-json\/wp\/v2\/pages\/117\/revisions\/1413"}],"wp:attachment":[{"href":"https:\/\/www.municipios.gov.py\/ybycui\/wp-json\/wp\/v2\/media?parent=117"}],"curies":[{"name":"wp","href":"https:\/\/api.w.org\/{rel}","templated":true}]}}