{"id":25,"date":"2016-06-30T18:14:28","date_gmt":"2016-06-30T18:14:28","guid":{"rendered":"https:\/\/www.municipios.gov.py\/yataitydelnorte\/?page_id=25"},"modified":"2025-09-06T04:18:14","modified_gmt":"2025-09-06T07:18:14","slug":"comision-vecinal","status":"publish","type":"page","link":"https:\/\/www.municipios.gov.py\/yataitydelnorte\/comision-vecinal\/","title":{"rendered":"Resumen Anual de Asignaciones"},"content":{"rendered":"<p><strong>La Municipalidad de Yataity del Norte da cumplimiento a la ley 5189<\/strong><\/p>\n<p><strong>Art\u00edculo 7\u00b0.-\u00a0<\/strong>Todas las instituciones y dependencias citadas en el art\u00edculo 2\u00b0 deber\u00e1n publicar cada fin de ejercicio, un resumen total de los ingresos de cada uno de los funcionarios incluyendo, los montos de remuneraciones b\u00e1sicas, adicionales, complementarias, otros gastos de personal y vi\u00e1ticos por cada funcionario o empleado, permanente, contratado o de elecci\u00f3n popular. Estos res\u00famenes deben ser publicados a m\u00e1s tardar para el \u00faltimo d\u00eda h\u00e1bil del mes de enero de cada a\u00f1o.<\/p>\n<p><a href=\"https:\/\/www.municipios.gov.py\/yataitydelnorte\/wp-content\/uploads\/sites\/128\/2025\/01\/RESUMEN_ANUAL_ASIGNACIONES_2024_MUNICIPALIDAD_YATAITY-DEL-NORTE-ANO-2024-VF.xlsx\">RESUMEN_ANUAL_ASIGNACIONES_2024_MUNICIPALIDAD_YATAITY-DEL-NORTE-A\u00d1O-2024-VF<\/a><\/p>\n<p><a href=\"https:\/\/www.municipios.gov.py\/yataitydelnorte\/wp-content\/uploads\/sites\/128\/2024\/02\/RESUMEN_ANUAL_ASIGNACIONES_2023_MUNICIPALIDAD_YATAITY-DEL-NORTE-ANO-2023.VF_.xlsx\">RESUMEN_ANUAL_ASIGNACIONES_2023_MUNICIPALIDAD_YATAITY DEL NORTE A\u00d1O 2023.VF<\/a><\/p>\n<p><a href=\"https:\/\/www.municipios.gov.py\/yataitydelnorte\/wp-content\/uploads\/sites\/128\/2024\/01\/RESUMEN_ANUAL_ASIGNACIONES_2023_MUNICIPALIDAD_YATAITY-DEL-NORTE-ANO-2023.xlsx\">RESUMEN_ANUAL_ASIGNACIONES_2023_MUNICIPALIDAD_YATAITY DEL NORTE- A\u00d1O 2023<\/a><\/p>\n<p><a href=\"https:\/\/www.municipios.gov.py\/yataitydelnorte\/wp-content\/uploads\/sites\/128\/2023\/01\/RESUMEN-ANUAL-DE-ASIG.-2022-MUNICIPALIDAD-DE-YATAITY-DEL-NORTE.xlsx\">RESUMEN ANUAL DE ASIG. 2022 MUNICIPALIDAD DE YATAITY DEL NORTE<\/a><\/p>\n<p><a href=\"https:\/\/www.municipios.gov.py\/yataitydelnorte\/wp-content\/uploads\/sites\/128\/2022\/02\/Resumen-Anual-2021-muni-yataity-del-norte-Resumen-Anual-2021.xlsx\">Resumen Anual 2021 muni yataity del norte-Resumen-Anual-2021<\/a><\/p>\n","protected":false},"excerpt":{"rendered":"<p>La Municipalidad de Yataity del Norte da cumplimiento a la ley 5189 Art\u00edculo 7\u00b0.-\u00a0Todas las instituciones y dependencias citadas en el art\u00edculo 2\u00b0 deber\u00e1n publicar cada fin de ejercicio, un resumen total de los ingresos de cada uno de los funcionarios incluyendo, los montos de remuneraciones b\u00e1sicas, adicionales, complementarias, otros gastos de personal y vi\u00e1ticos &#8230; <a title=\"Resumen Anual de Asignaciones\" class=\"read-more\" href=\"https:\/\/www.municipios.gov.py\/yataitydelnorte\/comision-vecinal\/\" aria-label=\"Leer m\u00e1s sobre Resumen Anual de Asignaciones\">Leer Mas&#8230;<\/a><\/p>\n","protected":false},"author":4,"featured_media":0,"parent":0,"menu_order":0,"comment_status":"closed","ping_status":"closed","template":"","meta":{"generate_page_header":"","jetpack_post_was_ever_published":false,"footnotes":""},"class_list":["post-25","page","type-page","status-publish"],"jetpack_sharing_enabled":true,"jetpack_shortlink":"https:\/\/wp.me\/P8AJNV-p","_links":{"self":[{"href":"https:\/\/www.municipios.gov.py\/yataitydelnorte\/wp-json\/wp\/v2\/pages\/25","targetHints":{"allow":["GET"]}}],"collection":[{"href":"https:\/\/www.municipios.gov.py\/yataitydelnorte\/wp-json\/wp\/v2\/pages"}],"about":[{"href":"https:\/\/www.municipios.gov.py\/yataitydelnorte\/wp-json\/wp\/v2\/types\/page"}],"author":[{"embeddable":true,"href":"https:\/\/www.municipios.gov.py\/yataitydelnorte\/wp-json\/wp\/v2\/users\/4"}],"replies":[{"embeddable":true,"href":"https:\/\/www.municipios.gov.py\/yataitydelnorte\/wp-json\/wp\/v2\/comments?post=25"}],"version-history":[{"count":7,"href":"https:\/\/www.municipios.gov.py\/yataitydelnorte\/wp-json\/wp\/v2\/pages\/25\/revisions"}],"predecessor-version":[{"id":1150,"href":"https:\/\/www.municipios.gov.py\/yataitydelnorte\/wp-json\/wp\/v2\/pages\/25\/revisions\/1150"}],"wp:attachment":[{"href":"https:\/\/www.municipios.gov.py\/yataitydelnorte\/wp-json\/wp\/v2\/media?parent=25"}],"curies":[{"name":"wp","href":"https:\/\/api.w.org\/{rel}","templated":true}]}}