{"id":2,"date":"2016-06-30T17:59:43","date_gmt":"2016-06-30T17:59:43","guid":{"rendered":"https:\/\/www.municipios.gov.py\/yataitydelnorte\/?page_id=2"},"modified":"2022-08-25T10:58:23","modified_gmt":"2022-08-25T14:58:23","slug":"pagina-ejemplo","status":"publish","type":"page","link":"https:\/\/www.municipios.gov.py\/yataitydelnorte\/","title":{"rendered":"MUNICIPALIDAD DE YATAITY DEL NORTE"},"content":{"rendered":"<p>Yataity del Norte, (no confundir con Yataity del Guaira, Yataity Cor\u00e1, ni la ciudad de Yatytay) es una ciudad paraguaya situada en el extremo sur del departamento de San Pedro. No tuvo una fundaci\u00f3n definida, con el tiempo fue albergando pobladores, quienes eran en gran mayor\u00eda personas que buscaban un lugar para esconderse de la revoluci\u00f3n de 1947, quienes vinieron de pueblos cordilleranos como Primero de Marzo.<\/p>\n<p>En el a\u00f1o 1972 se independiz\u00f3 del distrito de Uni\u00f3n, logrando as\u00ed su distritaci\u00f3n. Si bien la mayor\u00eda de los pobladores son de origen hispana, hay un importante n\u00famero de habitantes de origen italiana. Como la mayor\u00eda de los pueblos que nacieron y crecieron al costado de la ruta, es una comunidad laboriosa, que centra su actividad en el comercio y en la producci\u00f3n agr\u00edcola.<\/p>\n<p><img loading=\"lazy\" decoding=\"async\" class=\"alignnone size-medium wp-image-1002\" src=\"https:\/\/www.municipios.gov.py\/yataitydelnorte\/wp-content\/uploads\/sites\/128\/2022\/08\/yataity-del-norte-300x240.png\" alt=\"\" width=\"300\" height=\"240\" srcset=\"https:\/\/www.municipios.gov.py\/yataitydelnorte\/wp-content\/uploads\/sites\/128\/2022\/08\/yataity-del-norte-300x240.png 300w, https:\/\/www.municipios.gov.py\/yataitydelnorte\/wp-content\/uploads\/sites\/128\/2022\/08\/yataity-del-norte.png 499w\" sizes=\"auto, (max-width: 300px) 100vw, 300px\" \/><\/p>\n<p>&nbsp;<\/p>\n<p>&nbsp;<\/p>\n","protected":false},"excerpt":{"rendered":"<p>Yataity del Norte, (no confundir con Yataity del Guaira, Yataity Cor\u00e1, ni la ciudad de Yatytay) es una ciudad paraguaya situada en el extremo sur del departamento de San Pedro. No tuvo una fundaci\u00f3n definida, con el tiempo fue albergando pobladores, quienes eran en gran mayor\u00eda personas que buscaban un lugar para esconderse de la &#8230; <a title=\"MUNICIPALIDAD DE YATAITY DEL NORTE\" class=\"read-more\" href=\"https:\/\/www.municipios.gov.py\/yataitydelnorte\/\" aria-label=\"Leer m\u00e1s sobre MUNICIPALIDAD DE YATAITY DEL NORTE\">Leer Mas&#8230;<\/a><\/p>\n","protected":false},"author":4,"featured_media":0,"parent":0,"menu_order":0,"comment_status":"closed","ping_status":"closed","template":"","meta":{"generate_page_header":"","jetpack_post_was_ever_published":false,"footnotes":""},"class_list":["post-2","page","type-page","status-publish"],"jetpack_sharing_enabled":true,"jetpack_shortlink":"https:\/\/wp.me\/P8AJNV-2","_links":{"self":[{"href":"https:\/\/www.municipios.gov.py\/yataitydelnorte\/wp-json\/wp\/v2\/pages\/2","targetHints":{"allow":["GET"]}}],"collection":[{"href":"https:\/\/www.municipios.gov.py\/yataitydelnorte\/wp-json\/wp\/v2\/pages"}],"about":[{"href":"https:\/\/www.municipios.gov.py\/yataitydelnorte\/wp-json\/wp\/v2\/types\/page"}],"author":[{"embeddable":true,"href":"https:\/\/www.municipios.gov.py\/yataitydelnorte\/wp-json\/wp\/v2\/users\/4"}],"replies":[{"embeddable":true,"href":"https:\/\/www.municipios.gov.py\/yataitydelnorte\/wp-json\/wp\/v2\/comments?post=2"}],"version-history":[{"count":25,"href":"https:\/\/www.municipios.gov.py\/yataitydelnorte\/wp-json\/wp\/v2\/pages\/2\/revisions"}],"predecessor-version":[{"id":1004,"href":"https:\/\/www.municipios.gov.py\/yataitydelnorte\/wp-json\/wp\/v2\/pages\/2\/revisions\/1004"}],"wp:attachment":[{"href":"https:\/\/www.municipios.gov.py\/yataitydelnorte\/wp-json\/wp\/v2\/media?parent=2"}],"curies":[{"name":"wp","href":"https:\/\/api.w.org\/{rel}","templated":true}]}}