{"id":25,"date":"2016-06-30T18:14:28","date_gmt":"2016-06-30T18:14:28","guid":{"rendered":"https:\/\/www.municipios.gov.py\/villarrica\/?page_id=25"},"modified":"2022-05-31T17:12:12","modified_gmt":"2022-05-31T21:12:12","slug":"comision-vecinal","status":"publish","type":"page","link":"https:\/\/www.municipios.gov.py\/villarrica\/comision-vecinal\/","title":{"rendered":"Comisi\u00f3n Vecinal"},"content":{"rendered":"<p><strong>Organizaciones reconocidas por la Municipalidad<\/strong><\/p>\n<h2 style=\"text-align: center;\"><span style=\"color: #000000;\"><strong>A\u00f1o 2021<\/strong><\/span><\/h2>\n<p><span style=\"color: #000000;\">Resoluci\u00f3n Nro. 77\/2021 &#8211; Por la que se reconoce a la \u00a8Comisi\u00f3n Del Club de Ajedrez Don Bosco\u00a8<\/span><\/p>\n<p><span style=\"color: #000000;\">Resoluci\u00f3n Nro. 4010\/2021 &#8211; Por la que se reconoce a la \u00a8Comisi\u00f3n Vecinal Pro Camino y Bienestar Social Ita Letra Ybyturuzu\u00a8<\/span><\/p>\n<h2 style=\"text-align: center;\"><span style=\"color: #000000;\"><strong>A\u00f1o 2022<\/strong><\/span><\/h2>\n<p><span style=\"color: #000000;\">Resolucion Nro 104\/2022 &#8211; Por la que se reconoce a la \u00a8Asociacion Rural de Rincon\u00a8<\/span><\/p>\n<p><span style=\"color: #000000;\">Resolucion Nro 9\/2022 &#8211; Por la que se reconoce a la Comision \u00a8Pro &#8211; Agua\u00a8 Juan Pablo II<\/span><\/p>\n<p><span style=\"color: #000000;\">Resolucion Nro 34\/2022 &#8211; Por la que se reconoce\u00a0 al \u00a8Comite de Productores Santa Rosa\u00a8<\/span><\/p>\n<p><span style=\"color: #000000;\">Resolucion Nro 18\/2022 &#8211; Por la que se reconoce a la Comision \u00a8Asociacion de Produccion Horticola San Roque\u00a8<\/span><\/p>\n<p><span style=\"color: #000000;\">Resoluci\u00f3n Nro. 67\/2022 &#8211; Por la que se reconoce a la \u00a8Comisi\u00f3n de Asuntos Econ\u00f3micos De Capilla Tres \u00c1ngeles \u2013 Tuyutimi\u00a8<\/span><\/p>\n<p><span style=\"color: #000000;\">Resoluci\u00f3n Nro. 70\/2022 &#8211; Por la que se reconoce a la \u00a8Asociaci\u00f3n de Vecinos de Villarrica\u00a8<\/span><\/p>\n<p><span style=\"color: #000000;\">Resoluci\u00f3n Nro. 30\/2022 &#8211; Por la que se reconoce a la \u00a8Comisi\u00f3n de la Escuela de Futbol Ybyrarovi\u00a8<\/span><\/p>\n<p><span style=\"color: #000000;\">Resoluci\u00f3n Nro. 22\/2022 &#8211; Por la que se reconoce a la \u00a8Comisi\u00f3n Junta de Saneamiento Frente Py \u2013 Peruleromi\u00a8<\/span><\/p>\n<p><span style=\"color: #000000;\">Resoluci\u00f3n Nro. 65\/2022 &#8211; Por la que se reconoce al \u00a8Comit\u00e9 San Isidro Compa\u00f1\u00eda de San Francisco Potrero\u00a8<\/span><\/p>\n<p><span style=\"color: #000000;\">Resoluci\u00f3n Nro. 33\/2022 &#8211; Por la que se reconoce al \u00a8Comit\u00e9 de Fomento y Desarrollo Virgen De F\u00e1tima\u00a8<\/span><\/p>\n<p><span style=\"color: #000000;\">Resoluci\u00f3n Nro. 31\/2022 &#8211; Por la que se reconoce a la \u00a8Comisi\u00f3n Vecinal Sinai\u00a8<\/span><\/p>\n<p><span style=\"color: #000000;\">Resoluci\u00f3n Nro. 23\/2022 &#8211; Por la que se reconoce a la \u00a8Comisi\u00f3n de Cultura, Deporte y Solidaridad (Oratoriano)\u00a8<\/span><\/p>\n<p><span style=\"color: #000000;\">Resoluci\u00f3n Nro. 17\/2022 &#8211; Por la que se reconoce a la \u00a8Asociaci\u00f3n de Polic\u00edas Retirados del Guaira (ASPREG)\u00a8<\/span><\/p>\n<p><span style=\"color: #000000;\">Resoluci\u00f3n Nro. 05\/2022 &#8211; Por la que se reconoce a la \u00a8Comisi\u00f3n Pro Canalizaci\u00f3n De Zanja Arroyito Pasope\u00a8<\/span><\/p>\n<p><span style=\"color: #000000;\">Resoluci\u00f3n Nro. 4006\/2022 &#8211; Por la que se reconoce a la Comisi\u00f3n \u00a8Vecinos 8 Diciembre de la Compa\u00f1\u00eda Santa Librada\u00a8<\/span><\/p>\n<p><span style=\"color: #000000;\">Resoluci\u00f3n Nro. 12\/2022 &#8211; Por la que se reconoce a la \u00a8Comisi\u00f3n San Agust\u00edn\u00a8<\/span><\/p>\n<p><strong>Organizaciones Beneficiadas por la Municipalidad<\/strong><\/p>\n","protected":false},"excerpt":{"rendered":"<p>Organizaciones reconocidas por la Municipalidad A\u00f1o 2021 Resoluci\u00f3n Nro. 77\/2021 &#8211; Por la que se reconoce a la \u00a8Comisi\u00f3n Del Club de Ajedrez Don Bosco\u00a8 Resoluci\u00f3n Nro. 4010\/2021 &#8211; Por la que se reconoce a la \u00a8Comisi\u00f3n Vecinal Pro Camino y Bienestar Social Ita Letra Ybyturuzu\u00a8 A\u00f1o 2022 Resolucion Nro 104\/2022 &#8211; Por la &#8230; <a title=\"Comisi\u00f3n Vecinal\" class=\"read-more\" href=\"https:\/\/www.municipios.gov.py\/villarrica\/comision-vecinal\/\" aria-label=\"Leer m\u00e1s sobre Comisi\u00f3n Vecinal\">Leer M\u00e1s&#8230;<\/a><\/p>\n","protected":false},"author":4,"featured_media":0,"parent":0,"menu_order":0,"comment_status":"closed","ping_status":"closed","template":"","meta":{"jetpack_post_was_ever_published":false,"footnotes":""},"class_list":["post-25","page","type-page","status-publish"],"jetpack_sharing_enabled":true,"jetpack_shortlink":"https:\/\/wp.me\/P7H3N6-p","_links":{"self":[{"href":"https:\/\/www.municipios.gov.py\/villarrica\/wp-json\/wp\/v2\/pages\/25","targetHints":{"allow":["GET"]}}],"collection":[{"href":"https:\/\/www.municipios.gov.py\/villarrica\/wp-json\/wp\/v2\/pages"}],"about":[{"href":"https:\/\/www.municipios.gov.py\/villarrica\/wp-json\/wp\/v2\/types\/page"}],"author":[{"embeddable":true,"href":"https:\/\/www.municipios.gov.py\/villarrica\/wp-json\/wp\/v2\/users\/4"}],"replies":[{"embeddable":true,"href":"https:\/\/www.municipios.gov.py\/villarrica\/wp-json\/wp\/v2\/comments?post=25"}],"version-history":[{"count":11,"href":"https:\/\/www.municipios.gov.py\/villarrica\/wp-json\/wp\/v2\/pages\/25\/revisions"}],"predecessor-version":[{"id":541,"href":"https:\/\/www.municipios.gov.py\/villarrica\/wp-json\/wp\/v2\/pages\/25\/revisions\/541"}],"wp:attachment":[{"href":"https:\/\/www.municipios.gov.py\/villarrica\/wp-json\/wp\/v2\/media?parent=25"}],"curies":[{"name":"wp","href":"https:\/\/api.w.org\/{rel}","templated":true}]}}