{"id":23,"date":"2016-06-30T18:13:47","date_gmt":"2016-06-30T18:13:47","guid":{"rendered":"https:\/\/www.municipios.gov.py\/villarrica\/?page_id=23"},"modified":"2022-05-09T11:38:32","modified_gmt":"2022-05-09T15:38:32","slug":"transparencia","status":"publish","type":"page","link":"https:\/\/www.municipios.gov.py\/villarrica\/transparencia\/","title":{"rendered":"Transparencia"},"content":{"rendered":"<p><img loading=\"lazy\" decoding=\"async\" class=\" wp-image-670 alignright\" src=\"https:\/\/www.municipios.gov.py\/villarrica\/wp-content\/uploads\/sites\/198\/2022\/05\/acceso2.png\" alt=\"\" width=\"263\" height=\"166\" \/><\/p>\n<p style=\"text-align: justify;\">Con la promulgaci\u00f3n de la Ley N\u00b0 5189\/2014, del 20 de mayo de 2014, \u00abQue establece la obligatoriedad de la provisi\u00f3n de informaciones en el uso de los recursos p\u00fablicos sobre remuneraciones y otras retribuciones asignadas al servidor p\u00fablico de la Rep\u00fablica del Paraguay\u00bb, y de la Ley N\u00b0 5282\/2014, del 18 de septiembre de 2014, \u00abDe libre acceso ciudadano a la informaci\u00f3n p\u00fablica y transparencia gubernamental\u00bb, el ciudadano que desee acceder a la informaci\u00f3n que obre en una fuente p\u00fablica definida por ley, tiene las garant\u00edas legales que le permiten hacer operativo el derecho constitucional de informarse, consagrado en el Art. 28 de la Constituci\u00f3n Nacional.<\/p>\n<p style=\"text-align: justify;\"><strong>Se reconoce que el derecho a acceder a la informaci\u00f3n que obra en poder del Estado constituye un derecho humano fundamental que permite hacer operativos otros derechos humanos, es decir, permite promover y mejorar la calidad de vida de las personas, adem\u00e1s de lograr transparentar el Estado, luchar contra la corrupci\u00f3n, fomentar la participaci\u00f3n ciudadana, as\u00ed como la rendici\u00f3n p\u00fablica de cuentas.<\/strong><\/p>\n<p style=\"text-align: justify;\"><strong>La ley tiene por objeto promover la transparencia del Estado, y garantizar el derecho al acceso a la informaci\u00f3n p\u00fablica a todas las personas en Paraguay, a trav\u00e9s de la implementaci\u00f3n de modalidades, plazos, excepciones y sanciones.\u00a0<\/strong><\/p>\n<p style=\"text-align: justify;\">Se garantiza a todas las personas el efectivo ejercicio del derecho al acceso a la informaci\u00f3n p\u00fablica, entendi\u00e9ndose por \u00e9sta aquella que es producida o que est\u00e1 en poder de las fuentes p\u00fablicas.<\/p>\n<p style=\"text-align: justify;\">Se entender\u00e1n que son fuentes p\u00fablicas el Poder Legislativo, el Poder Ejecutivo, el Poder Judicial, las Fuerzas Armadas de la Naci\u00f3n, la Contralor\u00eda General de la Rep\u00fablica, el Banco Central, las entidades financieras del Estado, las universidades nacionales, los gobiernos departamentales y municipalidades, entre otros.<\/p>\n<p style=\"text-align: justify;\"><strong>\u00bfQu\u00e9\u00a0es el derecho de\u00a0acceso\u00a0a la\u00a0informaci\u00f3n p\u00fablica?<\/strong><\/p>\n<p style=\"text-align: justify;\">Es el derecho de toda persona a solicitar gratuitamente la\u00a0informaci\u00f3n\u00a0generada, administrada o en posesi\u00f3n de las autoridades\u00a0p\u00fablicas, quienes tienen la obligaci\u00f3n de entregarla sin\u00a0que\u00a0la persona necesite acreditar inter\u00e9s alguno ni justificar su uso.<\/p>\n<p style=\"text-align: justify;\">El\u00a0acceso a la informaci\u00f3n\u00a0p\u00fablica es un derecho fundamental por medio del cual toda persona puede conocer la\u00a0informaci\u00f3n\u00a0que se genera por posesi\u00f3n, uso o administraci\u00f3n de recursos p\u00fablicos, a menos que existan razones legales para mantenerla protegida.<\/p>\n<p style=\"text-align: justify;\"><strong>\u00bfQu\u00e9 beneficios obtendr\u00eda la ciudadan\u00eda a trav\u00e9s del acceso a la informaci\u00f3n?<\/strong><\/p>\n<p style=\"text-align: justify;\">Algunos de\u00a0los beneficios que\u00a0tiene el particular al\u00a0acceder a la informaci\u00f3n\u00a0p\u00fablica son: Conocer y dar seguimiento a las acciones de las autoridades. Promover la transparencia y la rendici\u00f3n de cuentas de los Sujetos Obligados. Fortalecer la confianza entre la sociedad y las autoridades.<\/p>\n<p style=\"text-align: justify;\"><strong>\u00bfC\u00f3mo se puede ejercer el derecho a la informaci\u00f3n?<\/strong><\/p>\n<p style=\"text-align: justify;\">La\u00a0informaci\u00f3n\u00a0puede ser solicitada a cualquier autoridad, entidad, \u00f3rgano, y organismo de los Poderes Ejecutivo, Legislativo y Judicial, \u00f3rganos aut\u00f3nomos, partidos pol\u00edticos, fideicomisos y fondos p\u00fablicos, as\u00ed\u00a0como\u00a0cualquier persona f\u00edsica, moral o sindicato que reciba y ejerza recursos p\u00fablicos.<\/p>\n<p style=\"text-align: justify;\">El\u00a0derecho\u00a0de\u00a0petici\u00f3n\u00a0es un\u00a0derecho\u00a0que la ley concede a toda persona a realizar\u00a0peticiones\u00a0o solicitudes a las autoridades administrativas quienes deber\u00e1n atenderlas en la medida en que la\u00a0petici\u00f3n\u00a0elevada se ajuste a la ley.<\/p>\n<p style=\"text-align: justify;\"><strong>\u00a0\u00bfQu\u00e9 beneficio tiene la transparencia en la informaci\u00f3n?<\/strong><\/p>\n<p style=\"text-align: justify;\">La\u00a0transparencia\u00a0mejora la calidad de vida del ser humano. Cuando una persona tiene acceso a la\u00a0informaci\u00f3n\u00a0p\u00fablica, \u00e9sta puede aprovechar dicha\u00a0informaci\u00f3n\u00a0en favor de su propio desarrollo.<\/p>\n<p style=\"text-align: justify;\"><strong>\u00a0<\/strong><\/p>\n<p style=\"text-align: justify;\"><strong>\u00a0<\/strong><\/p>\n","protected":false},"excerpt":{"rendered":"<p>Con la promulgaci\u00f3n de la Ley N\u00b0 5189\/2014, del 20 de mayo de 2014, \u00abQue establece la obligatoriedad de la provisi\u00f3n de informaciones en el uso de los recursos p\u00fablicos sobre remuneraciones y otras retribuciones asignadas al servidor p\u00fablico de la Rep\u00fablica del Paraguay\u00bb, y de la Ley N\u00b0 5282\/2014, del 18 de septiembre &#8230; <a title=\"Transparencia\" class=\"read-more\" href=\"https:\/\/www.municipios.gov.py\/villarrica\/transparencia\/\" aria-label=\"Leer m\u00e1s sobre Transparencia\">Leer M\u00e1s&#8230;<\/a><\/p>\n","protected":false},"author":4,"featured_media":0,"parent":0,"menu_order":0,"comment_status":"closed","ping_status":"closed","template":"","meta":{"jetpack_post_was_ever_published":false,"footnotes":""},"class_list":["post-23","page","type-page","status-publish"],"jetpack_sharing_enabled":true,"jetpack_shortlink":"https:\/\/wp.me\/P7H3N6-n","_links":{"self":[{"href":"https:\/\/www.municipios.gov.py\/villarrica\/wp-json\/wp\/v2\/pages\/23","targetHints":{"allow":["GET"]}}],"collection":[{"href":"https:\/\/www.municipios.gov.py\/villarrica\/wp-json\/wp\/v2\/pages"}],"about":[{"href":"https:\/\/www.municipios.gov.py\/villarrica\/wp-json\/wp\/v2\/types\/page"}],"author":[{"embeddable":true,"href":"https:\/\/www.municipios.gov.py\/villarrica\/wp-json\/wp\/v2\/users\/4"}],"replies":[{"embeddable":true,"href":"https:\/\/www.municipios.gov.py\/villarrica\/wp-json\/wp\/v2\/comments?post=23"}],"version-history":[{"count":16,"href":"https:\/\/www.municipios.gov.py\/villarrica\/wp-json\/wp\/v2\/pages\/23\/revisions"}],"predecessor-version":[{"id":722,"href":"https:\/\/www.municipios.gov.py\/villarrica\/wp-json\/wp\/v2\/pages\/23\/revisions\/722"}],"wp:attachment":[{"href":"https:\/\/www.municipios.gov.py\/villarrica\/wp-json\/wp\/v2\/media?parent=23"}],"curies":[{"name":"wp","href":"https:\/\/api.w.org\/{rel}","templated":true}]}}