{"id":119,"date":"2016-07-04T15:11:01","date_gmt":"2016-07-04T15:11:01","guid":{"rendered":"https:\/\/www.municipios.gov.py\/villarrica\/?page_id=119"},"modified":"2022-07-05T11:22:26","modified_gmt":"2022-07-05T15:22:26","slug":"informes-de-viajes-oficiales","status":"publish","type":"page","link":"https:\/\/www.municipios.gov.py\/villarrica\/informes-de-viajes-oficiales\/","title":{"rendered":"Informes de viajes oficiales"},"content":{"rendered":"<p>Viaje a la ciudad de Asunci\u00f3n en fecha 18\/02\/2022. Firma de convenio entre la Municipalidad y FEPASA Ferrocarriles del Paraguay S.A.<\/p>\n<p>Viaje a la ciudad de Asunci\u00f3n en fecha 07\/03\/2022. Visita al Ministerio de Hacienda para la presentaci\u00f3n del encargado de la oficina de tercera edad<\/p>\n<p>Viaje a la ciudad de Asunci\u00f3n en fecha 30\/03\/2022. Firma del convenio con el Instituto Nacional de Estad\u00edstica (INE)<\/p>\n<p>Viaje a la ciudad de Asunci\u00f3n en fecha 04\/04\/2022. Visita al Ministerio de Relaciones Exteriores para la presentaci\u00f3n de informe sobre la obra del teatro Municipal.<\/p>\n<p>Viaje a la ciudad de Asunci\u00f3n en fecha 04\/05\/2022. Visita a la embajada de Taiw\u00e1n con el fin de manifestar inter\u00e9s en contar con la sede de la Universidad Polit\u00e9cnica de Taiw\u00e1n \u2013 Paraguay.<\/p>\n<p>Viaje a la ciudad de Asunci\u00f3n en fecha 04\/05\/2022. Firma de convenio con el MOPC.<\/p>\n<p>Viaje a la ciudad de Asunci\u00f3n en fecha 17\/05\/2022. Reuni\u00f3n con el Ministro del MOPC Arnoldo Wiens para tratar sobre la ejecuci\u00f3n de varios proyectos.<\/p>\n<p>Viaje a la ciudad de Asuncion en fecha 04\/07\/2022. Reunion con el el Presidente de la entidad Yacyreta, Nicanor Duarte Frutos<\/p>\n","protected":false},"excerpt":{"rendered":"<p>Viaje a la ciudad de Asunci\u00f3n en fecha 18\/02\/2022. Firma de convenio entre la Municipalidad y FEPASA Ferrocarriles del Paraguay S.A. Viaje a la ciudad de Asunci\u00f3n en fecha 07\/03\/2022. Visita al Ministerio de Hacienda para la presentaci\u00f3n del encargado de la oficina de tercera edad Viaje a la ciudad de Asunci\u00f3n en fecha &#8230; <a title=\"Informes de viajes oficiales\" class=\"read-more\" href=\"https:\/\/www.municipios.gov.py\/villarrica\/informes-de-viajes-oficiales\/\" aria-label=\"Leer m\u00e1s sobre Informes de viajes oficiales\">Leer M\u00e1s&#8230;<\/a><\/p>\n","protected":false},"author":4,"featured_media":0,"parent":0,"menu_order":0,"comment_status":"closed","ping_status":"closed","template":"","meta":{"jetpack_post_was_ever_published":false,"footnotes":""},"class_list":["post-119","page","type-page","status-publish"],"jetpack_sharing_enabled":true,"jetpack_shortlink":"https:\/\/wp.me\/P7H3N6-1V","_links":{"self":[{"href":"https:\/\/www.municipios.gov.py\/villarrica\/wp-json\/wp\/v2\/pages\/119","targetHints":{"allow":["GET"]}}],"collection":[{"href":"https:\/\/www.municipios.gov.py\/villarrica\/wp-json\/wp\/v2\/pages"}],"about":[{"href":"https:\/\/www.municipios.gov.py\/villarrica\/wp-json\/wp\/v2\/types\/page"}],"author":[{"embeddable":true,"href":"https:\/\/www.municipios.gov.py\/villarrica\/wp-json\/wp\/v2\/users\/4"}],"replies":[{"embeddable":true,"href":"https:\/\/www.municipios.gov.py\/villarrica\/wp-json\/wp\/v2\/comments?post=119"}],"version-history":[{"count":4,"href":"https:\/\/www.municipios.gov.py\/villarrica\/wp-json\/wp\/v2\/pages\/119\/revisions"}],"predecessor-version":[{"id":956,"href":"https:\/\/www.municipios.gov.py\/villarrica\/wp-json\/wp\/v2\/pages\/119\/revisions\/956"}],"wp:attachment":[{"href":"https:\/\/www.municipios.gov.py\/villarrica\/wp-json\/wp\/v2\/media?parent=119"}],"curies":[{"name":"wp","href":"https:\/\/api.w.org\/{rel}","templated":true}]}}