{"id":562,"date":"2022-02-08T10:53:16","date_gmt":"2022-02-08T13:53:16","guid":{"rendered":"https:\/\/www.municipios.gov.py\/villahayes\/?page_id=562"},"modified":"2022-02-16T16:48:52","modified_gmt":"2022-02-16T19:48:52","slug":"audiencia-publica-de-rendicion-de-cuentas-ejercicio-2021","status":"publish","type":"page","link":"https:\/\/www.municipios.gov.py\/villahayes\/audiencia-publica-de-rendicion-de-cuentas-ejercicio-2021\/","title":{"rendered":"AUDIENCIA P\u00daBLICA DE RENDICI\u00d3N DE CUENTAS &#8211; EJERCICIO 2021"},"content":{"rendered":"<p><a href=\"https:\/\/www.municipios.gov.py\/villahayes\/wp-content\/uploads\/sites\/206\/2022\/02\/INFORME-DE-IRREGULARIDADES-DETECTADAS-VILLA-HAYES-PDF.pdf\" target=\"_blank\" rel=\"noopener\">INFORME DE IRREGULARIDADES<\/a><\/p>\n<p><a href=\"https:\/\/www.municipios.gov.py\/villahayes\/wp-content\/uploads\/sites\/206\/2022\/02\/AMPLIACIONES-PRESUPUESTARIAS-PDF.pdf\" target=\"_blank\" rel=\"noopener\">AMPLIACI\u00d3N PRESUPUESTARIA<\/a><\/p>\n<p style=\"text-align: left;\"><a href=\"https:\/\/www.municipios.gov.py\/villahayes\/wp-content\/uploads\/sites\/206\/2022\/02\/LEY.pdf\" target=\"_blank\" rel=\"noopener\">LEY 5590 QUE MODIFICA AL ART\u00cdCULO 69 DE LA LEY N\u00b0 3966\/10 ORG\u00c1NICA MUNICIPAL<\/a><\/p>\n<p style=\"text-align: left;\"><a href=\"https:\/\/www.municipios.gov.py\/villahayes\/wp-content\/uploads\/sites\/206\/2022\/02\/EJECUCION.pdf\" target=\"_blank\" rel=\"noopener\">a) BALANCE GENERAL, ESTADO DE RESULTADO Y EJECUCI\u00d3N PRESUPUESTARIA<\/a><\/p>\n<p style=\"text-align: left;\"><a href=\"https:\/\/www.municipios.gov.py\/villahayes\/wp-content\/uploads\/sites\/206\/2022\/02\/TRANSFERENCIA.pdf\">b) TRANSFERENCIA<\/a><\/p>\n<p style=\"text-align: left;\"><a href=\"https:\/\/www.municipios.gov.py\/villahayes\/wp-content\/uploads\/sites\/206\/2022\/02\/DETALLE.pdf\" target=\"_blank\" rel=\"noopener\">c) DETALLE DE AMPLIACI\u00d3N Y EJECUCI\u00d3N DE OBRAS Y OTROS RUBROS<\/a><\/p>\n<p style=\"text-align: left;\"><a href=\"https:\/\/www.municipios.gov.py\/villahayes\/wp-content\/uploads\/sites\/206\/2022\/02\/LICITACION-PDF.pdf\" target=\"_blank\" rel=\"noopener\">d) LICITACIONES DEL EJERCICIO 2021<\/a><\/p>\n<p style=\"text-align: left;\"><a href=\"https:\/\/www.municipios.gov.py\/villahayes\/wp-content\/uploads\/sites\/206\/2022\/02\/COMISION.pdf\" target=\"_blank\" rel=\"noopener\">e) TRANSFERENCIAS A COMISIONES VECINALES<\/a><\/p>\n","protected":false},"excerpt":{"rendered":"<p>INFORME DE IRREGULARIDADES AMPLIACI\u00d3N PRESUPUESTARIA LEY 5590 QUE MODIFICA AL ART\u00cdCULO 69 DE LA LEY N\u00b0 3966\/10 ORG\u00c1NICA MUNICIPAL a) BALANCE GENERAL, ESTADO DE RESULTADO Y EJECUCI\u00d3N PRESUPUESTARIA b) TRANSFERENCIA c) DETALLE DE AMPLIACI\u00d3N Y EJECUCI\u00d3N DE OBRAS Y OTROS RUBROS d) LICITACIONES DEL EJERCICIO 2021 e) TRANSFERENCIAS A COMISIONES VECINALES<\/p>\n","protected":false},"author":213,"featured_media":0,"parent":0,"menu_order":0,"comment_status":"closed","ping_status":"closed","template":"","meta":{"jetpack_post_was_ever_published":false,"footnotes":""},"class_list":["post-562","page","type-page","status-publish"],"jetpack_sharing_enabled":true,"jetpack_shortlink":"https:\/\/wp.me\/P7H3N6-94","_links":{"self":[{"href":"https:\/\/www.municipios.gov.py\/villahayes\/wp-json\/wp\/v2\/pages\/562","targetHints":{"allow":["GET"]}}],"collection":[{"href":"https:\/\/www.municipios.gov.py\/villahayes\/wp-json\/wp\/v2\/pages"}],"about":[{"href":"https:\/\/www.municipios.gov.py\/villahayes\/wp-json\/wp\/v2\/types\/page"}],"author":[{"embeddable":true,"href":"https:\/\/www.municipios.gov.py\/villahayes\/wp-json\/wp\/v2\/users\/213"}],"replies":[{"embeddable":true,"href":"https:\/\/www.municipios.gov.py\/villahayes\/wp-json\/wp\/v2\/comments?post=562"}],"version-history":[{"count":16,"href":"https:\/\/www.municipios.gov.py\/villahayes\/wp-json\/wp\/v2\/pages\/562\/revisions"}],"predecessor-version":[{"id":608,"href":"https:\/\/www.municipios.gov.py\/villahayes\/wp-json\/wp\/v2\/pages\/562\/revisions\/608"}],"wp:attachment":[{"href":"https:\/\/www.municipios.gov.py\/villahayes\/wp-json\/wp\/v2\/media?parent=562"}],"curies":[{"name":"wp","href":"https:\/\/api.w.org\/{rel}","templated":true}]}}