{"id":133,"date":"2016-07-04T15:18:25","date_gmt":"2016-07-04T15:18:25","guid":{"rendered":"https:\/\/www.municipios.gov.py\/villadelrosario\/?page_id=133"},"modified":"2025-02-10T13:41:26","modified_gmt":"2025-02-10T16:41:26","slug":"fonacide","status":"publish","type":"page","link":"https:\/\/www.municipios.gov.py\/villadelrosario\/fonacide\/","title":{"rendered":"Ley 5581\/16"},"content":{"rendered":"<p><a href=\"https:\/\/www.municipios.gov.py\/villadelrosario\/wp-content\/uploads\/sites\/205\/2022\/02\/Ejecucion-de-Ingresos-y-Egresos-FONACIDE-3er-Cuat.-2021.pdf\">Ejecuci\u00f3n de Ingresos y Egresos FONACIDE <\/a><a href=\"https:\/\/www.municipios.gov.py\/villadelrosario\/wp-content\/uploads\/sites\/205\/2022\/02\/Ejecucion-de-Ingresos-y-Egresos-FONACIDE-3er-Cuat.-2021.pdf\">3er Cuat. 2021<\/a><\/p>\n<p><a href=\"https:\/\/www.municipios.gov.py\/villadelrosario\/wp-content\/uploads\/sites\/205\/2022\/02\/B-01-08-Fonacide-3er-Cuat.-2021.pdf\">B-01-08 Fonacide 3er Cuat. 2021<\/a><\/p>\n<p><a href=\"https:\/\/www.municipios.gov.py\/villadelrosario\/wp-content\/uploads\/sites\/205\/2022\/06\/1.-Ejecucion-de-Ingresos-y-Egresos-Primer-Cuat-2022-FONACIDE.pdf\">1. Ejecuci\u00f3n de Ingresos y Egresos Primer Cuat 2022 FONACIDE<\/a><\/p>\n<p><a href=\"https:\/\/www.municipios.gov.py\/villadelrosario\/wp-content\/uploads\/sites\/205\/2022\/06\/3.-Informe-de-Gestion-Primer-Cuat.-2022-FONACIDE.pdf\">3. Informe de Gesti\u00f3n Primer Cuat. 2022 FONACIDE<\/a><\/p>\n<p><a href=\"https:\/\/www.municipios.gov.py\/villadelrosario\/wp-content\/uploads\/sites\/205\/2022\/10\/Ejecucion-de-Ingresos-y-Egresos-Segundo-Cuat-2022-FONACIDE-1.pdf\">Ejecuci\u00f3n de Ingresos y Egresos Segundo Cuat 2022 FONACIDE<\/a><\/p>\n<p><a href=\"https:\/\/www.municipios.gov.py\/villadelrosario\/wp-content\/uploads\/sites\/205\/2022\/10\/Informe-de-Gestion-Segundo-Cuat.-2022-FONACIDE-1.pdf\">Informe de Gesti\u00f3n Segundo Cuat. 2022 FONACIDE<\/a><\/p>\n<p><a href=\"https:\/\/www.municipios.gov.py\/villadelrosario\/wp-content\/uploads\/sites\/205\/2023\/02\/Ejecucion-de-Ingresos-y-Egresos-Tercer-Cuat-2022-FONACIDE.pdf\">Ejecuci\u00f3n de Ingresos y Egresos Tercer Cuat 2022 FONACIDE<\/a><\/p>\n<p><a href=\"https:\/\/www.municipios.gov.py\/villadelrosario\/wp-content\/uploads\/sites\/205\/2023\/02\/Informe-de-Gestion-Tercer-Cuat.-2022-FONACIDE.pdf\">Informe de Gesti\u00f3n Tercer Cuat. 2022 FONACIDE<\/a><\/p>\n<p><a href=\"https:\/\/www.municipios.gov.py\/villadelrosario\/wp-content\/uploads\/sites\/205\/2023\/06\/Ejecucion-de-Ingresos-y-Egresos-Primer-Cuat-2023-FONACIDE.pdf\">Ejecuci\u00f3n de Ingresos y Egresos Primer Cuat 2023<\/a><a href=\"https:\/\/www.municipios.gov.py\/villadelrosario\/wp-content\/uploads\/sites\/205\/2023\/06\/Ejecucion-de-Ingresos-y-Egresos-Primer-Cuat-2023-FONACIDE.pdf\"> FONACIDE<\/a><\/p>\n<p><a href=\"https:\/\/www.municipios.gov.py\/villadelrosario\/wp-content\/uploads\/sites\/205\/2023\/06\/Informe-de-Gestion-Primer-Cuat.-2023-FONACIDE.pdf\">Informe de Gesti\u00f3n Primer Cuat. 2023 FONACIDE<\/a><\/p>\n<p><a href=\"https:\/\/www.municipios.gov.py\/villadelrosario\/wp-content\/uploads\/sites\/205\/2023\/10\/Ejecucion-de-Ingresos-y-Egresos-Segundo-Cuat-2023-FONACIDE.pdf\">Ejecuci\u00f3n de Ingresos y Egresos Segundo Cuat 2023 FONACIDE<\/a><\/p>\n<p><a href=\"https:\/\/www.municipios.gov.py\/villadelrosario\/wp-content\/uploads\/sites\/205\/2023\/10\/Informe-de-Gestion-Segundo-Cuat.-2023-FONACIDE.pdf\">Informe de Gesti\u00f3n Segundo Cuat. 2023 FONACIDE<\/a><\/p>\n<p><a href=\"https:\/\/www.municipios.gov.py\/villadelrosario\/wp-content\/uploads\/sites\/205\/2024\/02\/Ejecucion-de-Ingresos-y-Egresos-Tercer-Cuat-2023-FONACIDE-5.pdf\">Ejecuci\u00f3n de Ingresos y Egresos Tercer Cuat 2023 <\/a><a href=\"https:\/\/www.municipios.gov.py\/villadelrosario\/wp-content\/uploads\/sites\/205\/2024\/02\/Ejecucion-de-Ingresos-y-Egresos-Tercer-Cuat-2023-FONACIDE-5.pdf\">FONACIDE<\/a><\/p>\n<p><a href=\"https:\/\/www.municipios.gov.py\/villadelrosario\/wp-content\/uploads\/sites\/205\/2024\/02\/Informe-de-Gestion-Tercer-Cuat.-2023-FONACIDE-2.pdf\">Informe de Gesti\u00f3n Tercer Cuat. 2023 FONACIDE<\/a><\/p>\n<p><a href=\"https:\/\/www.municipios.gov.py\/villadelrosario\/wp-content\/uploads\/sites\/205\/2024\/06\/Informe-de-Gestion-Primer-Cuat.-2024-FONACIDE-1.pdf\">Informe de Gesti\u00f3n Primer Cuat. 2024 FONACIDE<\/a><\/p>\n<p><a href=\"https:\/\/www.municipios.gov.py\/villadelrosario\/wp-content\/uploads\/sites\/205\/2024\/06\/Ejecucion-de-Ingresos-y-Egresos-Primer-Cuat-2024-FONACIDE-1.pdf\">Ejecuci\u00f3n de Ingresos y Egresos Primer Cuat 2024 FONACIDE<\/a><\/p>\n<p><a href=\"https:\/\/www.municipios.gov.py\/villadelrosario\/wp-content\/uploads\/sites\/205\/2024\/10\/Informe-de-Gestion-Segundo-Cuat.-2024-FONACIDE-1-1.pdf\">Informe de Gesti\u00f3n Segundo Cuat. 2024 FONACIDE (1)<\/a><\/p>\n<p><a href=\"https:\/\/www.municipios.gov.py\/villadelrosario\/wp-content\/uploads\/sites\/205\/2024\/10\/Ejecucion-de-Ingresos-y-Egresos-Segundo-Cuat-2024-FONACIDE-1-1.pdf\">Ejecuci\u00f3n de Ingresos y Egresos Segundo Cuat 2024 FONACIDE (1)<\/a><\/p>\n<p><a href=\"https:\/\/www.municipios.gov.py\/villadelrosario\/wp-content\/uploads\/sites\/205\/2025\/02\/Informe-de-Gestion-Tercer-Cuat.-2024-FONACIDE.pdf\">Informe de Gesti\u00f3n Tercer Cuat. 2024 FONACIDE<\/a><\/p>\n<p><a href=\"https:\/\/www.municipios.gov.py\/villadelrosario\/wp-content\/uploads\/sites\/205\/2025\/02\/11-EPRF_OF-Ejecucion-Presupuestaria-de-Recursos-FONACIDE-3er-Cuatrimestre-2024.pdf\">11 EPRF_OF Ejecuci\u00f3n Presupuestaria de Recursos FONACIDE 3er Cuatrimestre 2024<\/a><\/p>\n<p><a href=\"https:\/\/www.municipios.gov.py\/villadelrosario\/wp-content\/uploads\/sites\/205\/2025\/02\/14-EPGF-_-Ejecucion-Presupuestaria-de-Gastos-FONACIDE-3er-Cuatrimestre-2024.pdf\">14 EPGF _ Ejecuci\u00f3n Presupuestaria de Gastos FONACIDE 3er Cuatrimestre 2024<\/a><\/p>\n","protected":false},"excerpt":{"rendered":"<p>Ejecuci\u00f3n de Ingresos y Egresos FONACIDE 3er Cuat. 2021 B-01-08 Fonacide 3er Cuat. 2021 1. Ejecuci\u00f3n de Ingresos y Egresos Primer Cuat 2022 FONACIDE 3. Informe de Gesti\u00f3n Primer Cuat. 2022 FONACIDE Ejecuci\u00f3n de Ingresos y Egresos Segundo Cuat 2022 FONACIDE Informe de Gesti\u00f3n Segundo Cuat. 2022 FONACIDE Ejecuci\u00f3n de Ingresos y Egresos Tercer &#8230; <a title=\"Ley 5581\/16\" class=\"read-more\" href=\"https:\/\/www.municipios.gov.py\/villadelrosario\/fonacide\/\" aria-label=\"Leer m\u00e1s sobre Ley 5581\/16\">Leer M\u00e1s&#8230;<\/a><\/p>\n","protected":false},"author":4,"featured_media":0,"parent":0,"menu_order":0,"comment_status":"closed","ping_status":"closed","template":"","meta":{"jetpack_post_was_ever_published":false,"footnotes":""},"class_list":["post-133","page","type-page","status-publish"],"jetpack_sharing_enabled":true,"jetpack_shortlink":"https:\/\/wp.me\/P7H3N6-29","_links":{"self":[{"href":"https:\/\/www.municipios.gov.py\/villadelrosario\/wp-json\/wp\/v2\/pages\/133","targetHints":{"allow":["GET"]}}],"collection":[{"href":"https:\/\/www.municipios.gov.py\/villadelrosario\/wp-json\/wp\/v2\/pages"}],"about":[{"href":"https:\/\/www.municipios.gov.py\/villadelrosario\/wp-json\/wp\/v2\/types\/page"}],"author":[{"embeddable":true,"href":"https:\/\/www.municipios.gov.py\/villadelrosario\/wp-json\/wp\/v2\/users\/4"}],"replies":[{"embeddable":true,"href":"https:\/\/www.municipios.gov.py\/villadelrosario\/wp-json\/wp\/v2\/comments?post=133"}],"version-history":[{"count":26,"href":"https:\/\/www.municipios.gov.py\/villadelrosario\/wp-json\/wp\/v2\/pages\/133\/revisions"}],"predecessor-version":[{"id":1036,"href":"https:\/\/www.municipios.gov.py\/villadelrosario\/wp-json\/wp\/v2\/pages\/133\/revisions\/1036"}],"wp:attachment":[{"href":"https:\/\/www.municipios.gov.py\/villadelrosario\/wp-json\/wp\/v2\/media?parent=133"}],"curies":[{"name":"wp","href":"https:\/\/api.w.org\/{rel}","templated":true}]}}