{"id":2,"date":"2016-06-30T17:59:43","date_gmt":"2016-06-30T17:59:43","guid":{"rendered":"https:\/\/www.municipios.gov.py\/ttmartinez\/?page_id=2"},"modified":"2023-08-24T14:30:47","modified_gmt":"2023-08-24T18:30:47","slug":"pagina-ejemplo","status":"publish","type":"page","link":"https:\/\/www.municipios.gov.py\/ttmartinez\/","title":{"rendered":"Informaci\u00f3n"},"content":{"rendered":"<h2 style=\"text-align: center;\"><\/h2>\n<p>&nbsp;<\/p>\n<h2 style=\"text-align: center;\"><strong>TENIENTE ESTEBAN MARTINEZ<\/strong><\/h2>\n<p style=\"text-align: left;\">Es un Municipio y Localidad paraguaya situada en el Noroeste del Departamento de Presidente Hayes con un territorio de 8142 km2 con una poblaci\u00f3n de 3292 habitantes, ubicada a unos 300km de Asunci\u00f3n.<\/p>\n<p style=\"text-align: left;\">Consigui\u00f3 la categor\u00eda de distrito el 12 de setiembre del 2006 atreves de la Ley Nro. 3000\/6<\/p>\n<p style=\"text-align: left;\">En el 2007 eligi\u00f3 a su primer Intendente atreves de elecciones, sus v\u00edas de acceso son la ruta Py nro. 12 Vice Presidente S\u00e1nchez ,la ruta Departamental Concepci\u00f3n Zelada de Avalos Ruta \u00d1 y la Ruta Py Nro. 5 Gral. Bernardino Caballero as\u00ed tambi\u00e9n cuenta con v\u00eda de acceso a\u00e9rea\u00a0 la mayor\u00eda de las localidades y estancias poseen una pista de aviaci\u00f3n.<\/p>\n<p style=\"text-align: left;\">La producci\u00f3n ganadera es la base principal de la econom\u00eda del distrito, como as\u00ed tambi\u00e9n ovina ,caprina en menor escala adem\u00e1s la producci\u00f3n agr\u00edcola familiar de subsistencia pero esto dependiendo del clima.<\/p>\n<p style=\"text-align: left;\">\n","protected":false},"excerpt":{"rendered":"<p>&nbsp; TENIENTE ESTEBAN MARTINEZ Es un Municipio y Localidad paraguaya situada en el Noroeste del Departamento de Presidente Hayes con un territorio de 8142 km2 con una poblaci\u00f3n de 3292 habitantes, ubicada a unos 300km de Asunci\u00f3n. Consigui\u00f3 la categor\u00eda de distrito el 12 de setiembre del 2006 atreves de la Ley Nro. 3000\/6 En &#8230; <a title=\"Informaci\u00f3n\" class=\"read-more\" href=\"https:\/\/www.municipios.gov.py\/ttmartinez\/\" aria-label=\"Leer m\u00e1s sobre Informaci\u00f3n\">Leer Mas&#8230;<\/a><\/p>\n","protected":false},"author":4,"featured_media":0,"parent":734,"menu_order":0,"comment_status":"closed","ping_status":"closed","template":"","meta":{"generate_page_header":"","jetpack_post_was_ever_published":true,"footnotes":""},"class_list":["post-2","page","type-page","status-publish"],"jetpack_sharing_enabled":true,"jetpack_shortlink":"https:\/\/wp.me\/P8AJLj-2","_links":{"self":[{"href":"https:\/\/www.municipios.gov.py\/ttmartinez\/wp-json\/wp\/v2\/pages\/2","targetHints":{"allow":["GET"]}}],"collection":[{"href":"https:\/\/www.municipios.gov.py\/ttmartinez\/wp-json\/wp\/v2\/pages"}],"about":[{"href":"https:\/\/www.municipios.gov.py\/ttmartinez\/wp-json\/wp\/v2\/types\/page"}],"author":[{"embeddable":true,"href":"https:\/\/www.municipios.gov.py\/ttmartinez\/wp-json\/wp\/v2\/users\/4"}],"replies":[{"embeddable":true,"href":"https:\/\/www.municipios.gov.py\/ttmartinez\/wp-json\/wp\/v2\/comments?post=2"}],"version-history":[{"count":32,"href":"https:\/\/www.municipios.gov.py\/ttmartinez\/wp-json\/wp\/v2\/pages\/2\/revisions"}],"predecessor-version":[{"id":743,"href":"https:\/\/www.municipios.gov.py\/ttmartinez\/wp-json\/wp\/v2\/pages\/2\/revisions\/743"}],"up":[{"embeddable":true,"href":"https:\/\/www.municipios.gov.py\/ttmartinez\/wp-json\/wp\/v2\/pages\/734"}],"wp:attachment":[{"href":"https:\/\/www.municipios.gov.py\/ttmartinez\/wp-json\/wp\/v2\/media?parent=2"}],"curies":[{"name":"wp","href":"https:\/\/api.w.org\/{rel}","templated":true}]}}