{"id":42,"date":"2016-06-30T18:26:57","date_gmt":"2016-06-30T18:26:57","guid":{"rendered":"https:\/\/www.municipios.gov.py\/tobati\/?page_id=42"},"modified":"2026-01-30T11:24:39","modified_gmt":"2026-01-30T14:24:39","slug":"nomina-de-funcionarios-ley-5-282","status":"publish","type":"page","link":"https:\/\/www.municipios.gov.py\/tobati\/nomina-de-funcionarios-ley-5-282\/","title":{"rendered":"N\u00f3mina de Funcionarios"},"content":{"rendered":"<h2><strong><a href=\"https:\/\/www.municipios.gov.py\/tobati\/wp-content\/uploads\/sites\/111\/2024\/01\/RESUMEN-ANUAL-RR.HH-2023001.pdf\">RESUMEN ANUAL RR.HH 2023001<\/a>Ley 5.189\/14<\/strong><\/h2>\n<p><strong>\u201cQUE ESTABLECE LA OBLIGATORIEDAD DE LA PROVISI\u00d3N DE INFORMACIONES EN EL USO DE LOS RECURSOS P\u00daBLICOS SOBRE REMUNERACIONES Y OTRAS RETRIBUCIONES ASIGNADAS AL SERVIDOR P\u00daBLICO DE LA REP\u00daBLICA DEL PARAGUAY\u00bb<\/strong><\/p>\n<p><a href=\"https:\/\/www.municipios.gov.py\/tobati\/wp-content\/uploads\/sites\/111\/2026\/01\/RESUMEN-ANUAL-2025.pdf\" target=\"_blank\" rel=\"noopener\">RESUMEN ANUAL 2025<\/a><\/p>\n<p><a href=\"https:\/\/www.municipios.gov.py\/tobati\/wp-content\/uploads\/sites\/111\/2025\/01\/RESUMEN-ANUAL-2024.xls\">RESUMEN ANUAL 2024<\/a><\/p>\n<p><a href=\"https:\/\/www.municipios.gov.py\/tobati\/wp-content\/uploads\/sites\/111\/2023\/01\/RESUMEN-ANUAL-2022.pdf\">RESUMEN ANUAL 2022<\/a><\/p>\n<p><a href=\"https:\/\/www.municipios.gov.py\/tobati\/wp-content\/uploads\/sites\/111\/2022\/01\/RESUMEN-ANUAL-2021-2.pdf\">RESUMEN ANUAL 2021<\/a><\/p>\n<p><a href=\"https:\/\/www.municipios.gov.py\/tobati\/wp-content\/uploads\/sites\/111\/2021\/01\/PLANILLA-ANUAL-DE-RR.HH_.2020.pdf\">PLANILLA ANUAL DE RR.HH.2020<\/a><\/p>\n<p><a href=\"https:\/\/www.municipios.gov.py\/tobati\/wp-content\/uploads\/sites\/111\/2020\/01\/PLANILLA-GENERAL-DE-FUNCIONARIOS-2019.pdf\">PLANILLA GENERAL DE FUNCIONARIOS 2019<\/a><\/p>\n<p><a href=\"https:\/\/www.municipios.gov.py\/tobati\/wp-content\/uploads\/sites\/111\/2019\/01\/PLANILLA-GENERAL-DE-PAGOS-comp..pdf\">PLANILLA GENERAL DE PAGOS-2018<\/a><\/p>\n<p><a href=\"https:\/\/www.municipios.gov.py\/tobati\/wp-content\/uploads\/sites\/111\/2018\/02\/PLANILLA-DE-SALARIOS-ANUAL-2017.pdf\">PLANILLA DE SALARIOS-ANUAL 2017<\/a><\/p>\n","protected":false},"excerpt":{"rendered":"<p>RESUMEN ANUAL RR.HH 2023001Ley 5.189\/14 \u201cQUE ESTABLECE LA OBLIGATORIEDAD DE LA PROVISI\u00d3N DE INFORMACIONES EN EL USO DE LOS RECURSOS P\u00daBLICOS SOBRE REMUNERACIONES Y OTRAS RETRIBUCIONES ASIGNADAS AL SERVIDOR P\u00daBLICO DE LA REP\u00daBLICA DEL PARAGUAY\u00bb RESUMEN ANUAL 2025 RESUMEN ANUAL 2024 RESUMEN ANUAL 2022 RESUMEN ANUAL 2021 PLANILLA ANUAL DE RR.HH.2020 PLANILLA GENERAL DE FUNCIONARIOS &#8230; <a title=\"N\u00f3mina de Funcionarios\" class=\"read-more\" href=\"https:\/\/www.municipios.gov.py\/tobati\/nomina-de-funcionarios-ley-5-282\/\" aria-label=\"Leer m\u00e1s sobre N\u00f3mina de Funcionarios\">Leer Mas&#8230;<\/a><\/p>\n","protected":false},"author":4,"featured_media":0,"parent":0,"menu_order":0,"comment_status":"closed","ping_status":"closed","template":"","meta":{"generate_page_header":"","jetpack_post_was_ever_published":false,"footnotes":""},"class_list":["post-42","page","type-page","status-publish"],"jetpack_sharing_enabled":true,"jetpack_shortlink":"https:\/\/wp.me\/P8AJKJ-G","_links":{"self":[{"href":"https:\/\/www.municipios.gov.py\/tobati\/wp-json\/wp\/v2\/pages\/42","targetHints":{"allow":["GET"]}}],"collection":[{"href":"https:\/\/www.municipios.gov.py\/tobati\/wp-json\/wp\/v2\/pages"}],"about":[{"href":"https:\/\/www.municipios.gov.py\/tobati\/wp-json\/wp\/v2\/types\/page"}],"author":[{"embeddable":true,"href":"https:\/\/www.municipios.gov.py\/tobati\/wp-json\/wp\/v2\/users\/4"}],"replies":[{"embeddable":true,"href":"https:\/\/www.municipios.gov.py\/tobati\/wp-json\/wp\/v2\/comments?post=42"}],"version-history":[{"count":21,"href":"https:\/\/www.municipios.gov.py\/tobati\/wp-json\/wp\/v2\/pages\/42\/revisions"}],"predecessor-version":[{"id":907,"href":"https:\/\/www.municipios.gov.py\/tobati\/wp-json\/wp\/v2\/pages\/42\/revisions\/907"}],"wp:attachment":[{"href":"https:\/\/www.municipios.gov.py\/tobati\/wp-json\/wp\/v2\/media?parent=42"}],"curies":[{"name":"wp","href":"https:\/\/api.w.org\/{rel}","templated":true}]}}