{"id":40,"date":"2016-06-30T18:25:57","date_gmt":"2016-06-30T18:25:57","guid":{"rendered":"https:\/\/www.municipios.gov.py\/tobati\/?page_id=40"},"modified":"2016-07-21T20:40:01","modified_gmt":"2016-07-21T20:40:01","slug":"descripcion-general-de-funcionamiento","status":"publish","type":"page","link":"https:\/\/www.municipios.gov.py\/tobati\/descripcion-general-de-funcionamiento\/","title":{"rendered":"Descripci\u00f3n General de Funcionamiento"},"content":{"rendered":"<p>La municipalidad constituye\u00a0el \u00f3rgano de gobierno local con personer\u00eda jur\u00eddica que, dentro de su competencia, tienen autonom\u00eda pol\u00edtica, administrativa y normativa, as\u00ed como autarqu\u00eda en la recaudaci\u00f3n e inversi\u00f3n de sus recursos (Art. 166 C.N.)<\/p>\n<p>La municipalidad es el gobierno de un municipio.\u00a0<span style=\"line-height: 1.5\">El municipio es la \u00a0comunidad de vecinos con gobierno y territorio propios, que tiene por objeto el desarrollo de los intereses locales (Art. 1\u00b0 Ley 3966\/10 Org\u00e1nica Municipal).<\/span><\/p>\n<p>El gobierno municipal esta a cargo de un Intendente y una Junta Municipal, que son electos en sufragio directo por los ciudadanos habilitados legalmente (Art. 167 C.N.).<\/p>\n<p>Son atribuciones de la municipalidad (Art. 168 C.N.):<\/p>\n<p>a) Libre gesti\u00f3n en materia de urbanismo, ambiente, abasto, educaci\u00f3n, cultura, deporte, turismo, asistencia sanitaria, y social, instituciones de cr\u00e9dito, cuerpos de inspecci\u00f3n y de polic\u00eda;<\/p>\n<p>b) La administraci\u00f3n y la disposici\u00f3n de sus bienes;<\/p>\n<p>c) La elaboraci\u00f3n de su presupuesto de Ingresos y de Gastos;<\/p>\n<p>d) La participaci\u00f3n en las rentas nacionales;<\/p>\n<p>e) La regulaci\u00f3n de tasas retributivas de servicios efectivamente prestados;<\/p>\n<p>f) Dictar ordenanzas, reglamentos y Resoluciones;<\/p>\n<p>g) El acceso al cr\u00e9dito privado y al cr\u00e9dito publico, nacional e internacional;<\/p>\n<p>h) La reglamentaci\u00f3n y fiscalizaci\u00f3n del transito;<\/p>\n<p>i) las demas atribuciones que fijen la Constituci\u00f3n y las leyes.<\/p>\n<p>&nbsp;<\/p>\n<p>&nbsp;<\/p>\n<p>&nbsp;<\/p>\n<p>&nbsp;<\/p>\n<p>&nbsp;<\/p>\n","protected":false},"excerpt":{"rendered":"<p>La municipalidad constituye\u00a0el \u00f3rgano de gobierno local con personer\u00eda jur\u00eddica que, dentro de su competencia, tienen autonom\u00eda pol\u00edtica, administrativa y normativa, as\u00ed como autarqu\u00eda en la recaudaci\u00f3n e inversi\u00f3n de sus recursos (Art. 166 C.N.) La municipalidad es el gobierno de un municipio.\u00a0El municipio es la \u00a0comunidad de vecinos con gobierno y territorio propios, que &#8230; <a title=\"Descripci\u00f3n General de Funcionamiento\" class=\"read-more\" href=\"https:\/\/www.municipios.gov.py\/tobati\/descripcion-general-de-funcionamiento\/\" aria-label=\"Leer m\u00e1s sobre Descripci\u00f3n General de Funcionamiento\">Leer Mas&#8230;<\/a><\/p>\n","protected":false},"author":4,"featured_media":0,"parent":0,"menu_order":0,"comment_status":"closed","ping_status":"closed","template":"","meta":{"generate_page_header":"","jetpack_post_was_ever_published":false,"footnotes":""},"class_list":["post-40","page","type-page","status-publish"],"jetpack_sharing_enabled":true,"jetpack_shortlink":"https:\/\/wp.me\/P8AJKJ-E","_links":{"self":[{"href":"https:\/\/www.municipios.gov.py\/tobati\/wp-json\/wp\/v2\/pages\/40","targetHints":{"allow":["GET"]}}],"collection":[{"href":"https:\/\/www.municipios.gov.py\/tobati\/wp-json\/wp\/v2\/pages"}],"about":[{"href":"https:\/\/www.municipios.gov.py\/tobati\/wp-json\/wp\/v2\/types\/page"}],"author":[{"embeddable":true,"href":"https:\/\/www.municipios.gov.py\/tobati\/wp-json\/wp\/v2\/users\/4"}],"replies":[{"embeddable":true,"href":"https:\/\/www.municipios.gov.py\/tobati\/wp-json\/wp\/v2\/comments?post=40"}],"version-history":[{"count":7,"href":"https:\/\/www.municipios.gov.py\/tobati\/wp-json\/wp\/v2\/pages\/40\/revisions"}],"predecessor-version":[{"id":234,"href":"https:\/\/www.municipios.gov.py\/tobati\/wp-json\/wp\/v2\/pages\/40\/revisions\/234"}],"wp:attachment":[{"href":"https:\/\/www.municipios.gov.py\/tobati\/wp-json\/wp\/v2\/media?parent=40"}],"curies":[{"name":"wp","href":"https:\/\/api.w.org\/{rel}","templated":true}]}}