{"id":2,"date":"2016-06-30T17:59:43","date_gmt":"2016-06-30T17:59:43","guid":{"rendered":"https:\/\/www.municipios.gov.py\/tebicuarymi\/?page_id=2"},"modified":"2016-09-15T12:27:40","modified_gmt":"2016-09-15T12:27:40","slug":"pagina-ejemplo","status":"publish","type":"page","link":"https:\/\/www.municipios.gov.py\/tebicuarymi\/","title":{"rendered":"Informaci\u00f3n"},"content":{"rendered":"<p style=\"text-align: justify;\"><b>Tebicuarym\u00ed<\/b> es un <a class=\"mw-redirect\" title=\"Anexo:Distritos de Paraguay\" href=\"https:\/\/es.wikipedia.org\/wiki\/Anexo:Distritos_de_Paraguay\">Distrito<\/a> <a title=\"Paraguay\" href=\"https:\/\/es.wikipedia.org\/wiki\/Paraguay\">Paraguayo<\/a> situado al este del departamento de <a title=\"Departamento de Paraguar\u00ed\" href=\"https:\/\/es.wikipedia.org\/wiki\/Departamento_de_Paraguar%C3%AD\">Paraguar\u00ed<\/a>. Se encuentra aproximadamente a 149 km de <a title=\"Asunci\u00f3n\" href=\"https:\/\/es.wikipedia.org\/wiki\/Asunci%C3%B3n\">Asunci\u00f3n<\/a>. Se llega a esta ciudad por un ramal de la <a title=\"Ruta 1 (Paraguay)\" href=\"https:\/\/es.wikipedia.org\/wiki\/Ruta_1_(Paraguay)\">Ruta I<\/a> Mariscal. Francisco Solano L\u00f3pez.<\/p>\n<p style=\"text-align: justify;\">El Distrito de \u00a0Tebicuar<img loading=\"lazy\" decoding=\"async\" class=\"wp-image-326 alignleft\" src=\"https:\/\/www.municipios.gov.py\/tebicuarymi\/wp-content\/uploads\/sites\/148\/2016\/06\/198371_179286178785011_7885550_n-300x225.jpg\" alt=\"198371_179286178785011_7885550_n\" width=\"253\" height=\"190\" srcset=\"https:\/\/www.municipios.gov.py\/tebicuarymi\/wp-content\/uploads\/sites\/148\/2016\/06\/198371_179286178785011_7885550_n-300x225.jpg 300w, https:\/\/www.municipios.gov.py\/tebicuarymi\/wp-content\/uploads\/sites\/148\/2016\/06\/198371_179286178785011_7885550_n.jpg 640w\" sizes=\"auto, (max-width: 253px) 100vw, 253px\" \/>y-mi fue creado el 27 de Diciembre de 1952 Decreto Ley N\u00ba \u00a051 firmado por Federico Chavez y Tomas Romero Pereira.<\/p>\n<p style=\"text-align: justify;\">En esta zona la actividad\u00a0agr\u00edcola est\u00e1 orientada a la producci\u00f3n de autoconsumo. Sus pobladores se dedican a la <a title=\"Ganader\u00eda\" href=\"https:\/\/es.wikipedia.org\/wiki\/Ganader%C3%ADa\">ganader\u00eda<\/a> y a la producci\u00f3n Agr\u00edcola Org\u00e1nica de subsistencia. Se cultiva ca\u00f1a dulce, <a title=\"Algod\u00f3n\" href=\"https:\/\/es.wikipedia.org\/wiki\/Algod%C3%B3n\">algod\u00f3n<\/a> y <a class=\"mw-redirect\" title=\"Mandioca\" href=\"https:\/\/es.wikipedia.org\/wiki\/Mandioca\">mandioca<\/a>. Asimismo, se cr\u00eda <a title=\"Ganado\" href=\"https:\/\/es.wikipedia.org\/wiki\/Ganado\">ganado<\/a> <a class=\"mw-redirect\" title=\"Vacuno\" href=\"https:\/\/es.wikipedia.org\/wiki\/Vacuno\">vacuno<\/a>,<a class=\"mw-redirect\" title=\"Ovino\" href=\"https:\/\/es.wikipedia.org\/wiki\/Ovino\">ovino<\/a>, <a class=\"mw-redirect\" title=\"Porcino\" href=\"https:\/\/es.wikipedia.org\/wiki\/Porcino\">porcino<\/a> y <a title=\"Equidae\" href=\"https:\/\/es.wikipedia.org\/wiki\/Equidae\">equino<\/a>.<\/p>\n<p>&nbsp;<\/p>\n<p style=\"text-align: center;\"><iframe loading=\"lazy\" style=\"border: 0;\" src=\"https:\/\/www.google.com\/maps\/embed?pb=!1m18!1m12!1m3!1d14354.564726497732!2d-56.68503286895234!3d-25.91416368708273!2m3!1f0!2f0!3f0!3m2!1i1024!2i768!4f13.1!3m3!1m2!1s0x94594b61f552120d%3A0xa0146c8cb20eca64!2sTebicuary+M%C3%AD!5e0!3m2!1ses!2spy!4v1473941688585\" width=\"400\" height=\"300\" frameborder=\"0\" allowfullscreen=\"allowfullscreen\"><\/iframe><\/p>\n","protected":false},"excerpt":{"rendered":"<p>Tebicuarym\u00ed es un Distrito Paraguayo situado al este del departamento de Paraguar\u00ed. Se encuentra aproximadamente a 149 km de Asunci\u00f3n. Se llega a esta ciudad por un ramal de la Ruta I Mariscal. Francisco Solano L\u00f3pez. El Distrito de \u00a0Tebicuary-mi fue creado el 27 de Diciembre de 1952 Decreto Ley N\u00ba \u00a051 firmado por Federico &#8230; <a title=\"Informaci\u00f3n\" class=\"read-more\" href=\"https:\/\/www.municipios.gov.py\/tebicuarymi\/\" aria-label=\"Leer m\u00e1s sobre Informaci\u00f3n\">Leer Mas&#8230;<\/a><\/p>\n","protected":false},"author":4,"featured_media":0,"parent":0,"menu_order":0,"comment_status":"closed","ping_status":"closed","template":"","meta":{"generate_page_header":"","jetpack_post_was_ever_published":false,"footnotes":""},"class_list":["post-2","page","type-page","status-publish"],"jetpack_sharing_enabled":true,"jetpack_shortlink":"https:\/\/wp.me\/P8AJQj-2","_links":{"self":[{"href":"https:\/\/www.municipios.gov.py\/tebicuarymi\/wp-json\/wp\/v2\/pages\/2","targetHints":{"allow":["GET"]}}],"collection":[{"href":"https:\/\/www.municipios.gov.py\/tebicuarymi\/wp-json\/wp\/v2\/pages"}],"about":[{"href":"https:\/\/www.municipios.gov.py\/tebicuarymi\/wp-json\/wp\/v2\/types\/page"}],"author":[{"embeddable":true,"href":"https:\/\/www.municipios.gov.py\/tebicuarymi\/wp-json\/wp\/v2\/users\/4"}],"replies":[{"embeddable":true,"href":"https:\/\/www.municipios.gov.py\/tebicuarymi\/wp-json\/wp\/v2\/comments?post=2"}],"version-history":[{"count":45,"href":"https:\/\/www.municipios.gov.py\/tebicuarymi\/wp-json\/wp\/v2\/pages\/2\/revisions"}],"predecessor-version":[{"id":330,"href":"https:\/\/www.municipios.gov.py\/tebicuarymi\/wp-json\/wp\/v2\/pages\/2\/revisions\/330"}],"wp:attachment":[{"href":"https:\/\/www.municipios.gov.py\/tebicuarymi\/wp-json\/wp\/v2\/media?parent=2"}],"curies":[{"name":"wp","href":"https:\/\/api.w.org\/{rel}","templated":true}]}}