{"id":57,"date":"2016-07-04T14:17:28","date_gmt":"2016-07-04T14:17:28","guid":{"rendered":"https:\/\/www.municipios.gov.py\/tebicuary\/?page_id=57"},"modified":"2022-03-31T08:51:59","modified_gmt":"2022-03-31T12:51:59","slug":"facultades-funciones-o-atribuciones-de-las-dependencias","status":"publish","type":"page","link":"https:\/\/www.municipios.gov.py\/tebicuary\/facultades-funciones-o-atribuciones-de-las-dependencias\/","title":{"rendered":"Facultades, funciones o atribuciones de las dependencias"},"content":{"rendered":"<p><strong>MANUAL DE ORGANIZACI\u00d3N Y FUNCIONES<\/strong><\/p>\n<p style=\"text-align: justify;\">El desarrollo de las actividades vinculadas a la ejecuci\u00f3n de cada uno de los componentes de los\u00a0 Planes, Programas y Proyectos para el cumplimiento de la Misi\u00f3n institucional de la Municipalidad de Tebicuary, demanda que cada unidad de decisiones pol\u00edticas, administrativas o t\u00e9cnicas, cuenten con un instrumento de soporte organizacional, que les posibilite estructurar sus acciones dentro del principio del orden y la racionalidad, para el logro de los prop\u00f3sitos establecidos.<\/p>\n<p style=\"text-align: justify;\">La adecuada organizaci\u00f3n, lograda a trav\u00e9s de una integraci\u00f3n equilibrada de relaciones jer\u00e1rquicas, y la asignaci\u00f3n racional de responsabilidades y atribuciones, permiten las definiciones correctas de funciones para el desarrollo de las actividades y acciones de la instituci\u00f3n, tendientes a la consecuci\u00f3n de los objetivos y metas fijadas.<\/p>\n<p style=\"text-align: justify;\">La organizaci\u00f3n formal de la instituci\u00f3n como sistema, la constituye su estructura org\u00e1nica, la cual est\u00e1 suficientemente definida en los organigramas, en las definiciones de las funciones, y en el dise\u00f1o de los perfiles de los diferentes cargos.<\/p>\n<p style=\"text-align: justify;\">El presente Manual de Organizaci\u00f3n, Funciones, y Perfiles de Cargos, debe formar parte del sistema de comunicaci\u00f3n de toda la instituci\u00f3n, y tiene por prop\u00f3sito, determinar las diferentes relaciones jer\u00e1rquicas de las unidades operativas, el enunciado de sus principales objetivos, las relaciones de interdependencias, y definir las funciones principales a ellas asignadas.<\/p>\n<p><strong>Ver documento completo: <a href=\"https:\/\/www.municipios.gov.py\/tebicuary\/wp-content\/uploads\/sites\/210\/2022\/03\/Manual-Organizacional-Municipalidad-de-Tebicuary.pdf\">Manual Organizacional Municipalidad de Tebicuary<\/a><\/strong><\/p>\n","protected":false},"excerpt":{"rendered":"<p>MANUAL DE ORGANIZACI\u00d3N Y FUNCIONES El desarrollo de las actividades vinculadas a la ejecuci\u00f3n de cada uno de los componentes de los\u00a0 Planes, Programas y Proyectos para el cumplimiento de la Misi\u00f3n institucional de la Municipalidad de Tebicuary, demanda que cada unidad de decisiones pol\u00edticas, administrativas o t\u00e9cnicas, cuenten con un instrumento de soporte &#8230; <a title=\"Facultades, funciones o atribuciones de las dependencias\" class=\"read-more\" href=\"https:\/\/www.municipios.gov.py\/tebicuary\/facultades-funciones-o-atribuciones-de-las-dependencias\/\" aria-label=\"Leer m\u00e1s sobre Facultades, funciones o atribuciones de las dependencias\">Leer M\u00e1s&#8230;<\/a><\/p>\n","protected":false},"author":4,"featured_media":0,"parent":0,"menu_order":0,"comment_status":"closed","ping_status":"closed","template":"","meta":{"jetpack_post_was_ever_published":false,"footnotes":""},"class_list":["post-57","page","type-page","status-publish"],"jetpack_sharing_enabled":true,"jetpack_shortlink":"https:\/\/wp.me\/P7H3N6-V","_links":{"self":[{"href":"https:\/\/www.municipios.gov.py\/tebicuary\/wp-json\/wp\/v2\/pages\/57","targetHints":{"allow":["GET"]}}],"collection":[{"href":"https:\/\/www.municipios.gov.py\/tebicuary\/wp-json\/wp\/v2\/pages"}],"about":[{"href":"https:\/\/www.municipios.gov.py\/tebicuary\/wp-json\/wp\/v2\/types\/page"}],"author":[{"embeddable":true,"href":"https:\/\/www.municipios.gov.py\/tebicuary\/wp-json\/wp\/v2\/users\/4"}],"replies":[{"embeddable":true,"href":"https:\/\/www.municipios.gov.py\/tebicuary\/wp-json\/wp\/v2\/comments?post=57"}],"version-history":[{"count":3,"href":"https:\/\/www.municipios.gov.py\/tebicuary\/wp-json\/wp\/v2\/pages\/57\/revisions"}],"predecessor-version":[{"id":638,"href":"https:\/\/www.municipios.gov.py\/tebicuary\/wp-json\/wp\/v2\/pages\/57\/revisions\/638"}],"wp:attachment":[{"href":"https:\/\/www.municipios.gov.py\/tebicuary\/wp-json\/wp\/v2\/media?parent=57"}],"curies":[{"name":"wp","href":"https:\/\/api.w.org\/{rel}","templated":true}]}}