{"id":27,"date":"2016-06-30T18:14:59","date_gmt":"2016-06-30T18:14:59","guid":{"rendered":"https:\/\/www.municipios.gov.py\/tebicuary\/?page_id=27"},"modified":"2025-10-23T23:01:04","modified_gmt":"2025-10-24T02:01:04","slug":"contactos","status":"publish","type":"page","link":"https:\/\/www.municipios.gov.py\/tebicuary\/contactos\/","title":{"rendered":"Contactos"},"content":{"rendered":"<p><img loading=\"lazy\" decoding=\"async\" class=\"alignnone size-medium wp-image-1138 aligncenter\" src=\"https:\/\/www.municipios.gov.py\/tebicuary\/wp-content\/uploads\/sites\/210\/2023\/03\/13087544_169560540105243_6678507718716708461_n-300x169.jpg\" alt=\"\" width=\"300\" height=\"169\" srcset=\"https:\/\/www.municipios.gov.py\/tebicuary\/wp-content\/uploads\/sites\/210\/2023\/03\/13087544_169560540105243_6678507718716708461_n-300x169.jpg 300w, https:\/\/www.municipios.gov.py\/tebicuary\/wp-content\/uploads\/sites\/210\/2023\/03\/13087544_169560540105243_6678507718716708461_n-768x432.jpg 768w, https:\/\/www.municipios.gov.py\/tebicuary\/wp-content\/uploads\/sites\/210\/2023\/03\/13087544_169560540105243_6678507718716708461_n.jpg 960w\" sizes=\"auto, (max-width: 300px) 100vw, 300px\" \/><\/p>\n<p style=\"text-align: center;\"><strong>\u00a0 \u00a0 \u00a0 \u00a0 \u00a0 \u00a0 \u00a0 \u00a0 \u00a0 \u00a0 \u00a0 \u00a0 \u00a0 \u00a0 \u00a0 \u00a0 \u00a0 \u00a0 \u00a0 \u00a0 \u00a0 \u00a0 \u00a0 \u00a0 \u00a0 \u00a0 \u00a0 \u00a0 \u00a0 \u00a0 \u00a0 \u00a0 \u00a0 \u00a0 \u00a0 \u00a0 \u00a0 \u00a0 \u00a0 \u00a0Oficinas Administrativas\u00a0 \u00a0 \u00a0 \u00a0 \u00a0 \u00a0 \u00a0 \u00a0 \u00a0 \u00a0 \u00a0 \u00a0 \u00a0 \u00a0 \u00a0 \u00a0 \u00a0 \u00a0 \u00a0 \u00a0 \u00a0 \u00a0 \u00a0 \u00a0 \u00a0 \u00a0 \u00a0 \u00a0 \u00a0 \u00a0 \u00a0 \u00a0 \u00a0 \u00a0 \u00a0 \u00a0 \u00a0 \u00a0 \u00a0<\/strong><\/p>\n<p style=\"text-align: center;\"><strong>Direcci\u00f3n: Manuel Ortiz Guerrero esq. Antonio Bosch<\/strong><\/p>\n<p><strong>\u00a0 \u00a0 \u00a0 \u00a0 \u00a0 \u00a0 \u00a0 \u00a0 \u00a0 \u00a0 \u00a0 \u00a0 \u00a0 \u00a0 \u00a0 \u00a0 \u00a0 \u00a0 \u00a0 \u00a0 \u00a0 \u00a0 \u00a0 \u00a0 \u00a0 \u00a0 \u00a0 \u00a0 \u00a0 \u00a0Tel\u00e9fono: (0553) 254 202 &#8211;<\/strong><\/p>\n<p style=\"text-align: center;\"><strong>Administracion y Finanzas :0986.974.106\u00a0<\/strong><\/p>\n<p style=\"text-align: center;\"><strong>Planificacion estrategica: 0986.886.108<\/strong><\/p>\n<p style=\"text-align: center;\"><strong>E-mail: municipiodetebicuary@gmail.com<\/strong><\/p>\n<p>&nbsp;<\/p>\n<p style=\"text-align: center;\"><strong>Horario de atenci\u00f3n:<\/strong><\/p>\n<p style=\"text-align: center;\">Lunes a\u00a0 Viernes de 07:00 a 12:00<\/p>\n<p style=\"text-align: center;\"><strong> \u00a0Redes Sociales<\/strong><\/p>\n<p style=\"text-align: center;\"><strong>Facebook<\/strong><\/p>\n<p style=\"text-align: center;\"><a href=\"https:\/\/www.facebook.com\/muni.tebicuary\">https:\/\/www.facebook.com\/muni.tebicuary<\/a><\/p>\n<p style=\"text-align: center;\">Pagina web:\u00a0 municipalidadtebicuary.gov.py<\/p>\n<p style=\"text-align: center;\"><strong>Oficina de Planificaci\u00f3n Estrat\u00e9gica y Secretar\u00edas\u00a0<\/strong><\/p>\n","protected":false},"excerpt":{"rendered":"<p>\u00a0 \u00a0 \u00a0 \u00a0 \u00a0 \u00a0 \u00a0 \u00a0 \u00a0 \u00a0 \u00a0 \u00a0 \u00a0 \u00a0 \u00a0 \u00a0 \u00a0 \u00a0 \u00a0 \u00a0 \u00a0 \u00a0 \u00a0 \u00a0 \u00a0 \u00a0 \u00a0 \u00a0 \u00a0 \u00a0 \u00a0 \u00a0 \u00a0 \u00a0 \u00a0 \u00a0 \u00a0 \u00a0 \u00a0 \u00a0Oficinas Administrativas\u00a0 \u00a0 \u00a0 \u00a0 \u00a0 \u00a0 \u00a0 \u00a0 \u00a0 \u00a0 \u00a0 \u00a0 \u00a0 \u00a0 &#8230; <a title=\"Contactos\" class=\"read-more\" href=\"https:\/\/www.municipios.gov.py\/tebicuary\/contactos\/\" aria-label=\"Leer m\u00e1s sobre Contactos\">Leer M\u00e1s&#8230;<\/a><\/p>\n","protected":false},"author":4,"featured_media":0,"parent":0,"menu_order":0,"comment_status":"closed","ping_status":"closed","template":"","meta":{"jetpack_post_was_ever_published":false,"footnotes":""},"class_list":["post-27","page","type-page","status-publish"],"jetpack_sharing_enabled":true,"jetpack_shortlink":"https:\/\/wp.me\/P7H3N6-r","_links":{"self":[{"href":"https:\/\/www.municipios.gov.py\/tebicuary\/wp-json\/wp\/v2\/pages\/27","targetHints":{"allow":["GET"]}}],"collection":[{"href":"https:\/\/www.municipios.gov.py\/tebicuary\/wp-json\/wp\/v2\/pages"}],"about":[{"href":"https:\/\/www.municipios.gov.py\/tebicuary\/wp-json\/wp\/v2\/types\/page"}],"author":[{"embeddable":true,"href":"https:\/\/www.municipios.gov.py\/tebicuary\/wp-json\/wp\/v2\/users\/4"}],"replies":[{"embeddable":true,"href":"https:\/\/www.municipios.gov.py\/tebicuary\/wp-json\/wp\/v2\/comments?post=27"}],"version-history":[{"count":22,"href":"https:\/\/www.municipios.gov.py\/tebicuary\/wp-json\/wp\/v2\/pages\/27\/revisions"}],"predecessor-version":[{"id":1434,"href":"https:\/\/www.municipios.gov.py\/tebicuary\/wp-json\/wp\/v2\/pages\/27\/revisions\/1434"}],"wp:attachment":[{"href":"https:\/\/www.municipios.gov.py\/tebicuary\/wp-json\/wp\/v2\/media?parent=27"}],"curies":[{"name":"wp","href":"https:\/\/api.w.org\/{rel}","templated":true}]}}