{"id":2,"date":"2016-08-13T15:17:43","date_gmt":"2016-08-13T19:17:43","guid":{"rendered":"https:\/\/www.municipios.gov.py\/tebicuary\/?page_id=2"},"modified":"2025-07-15T08:32:42","modified_gmt":"2025-07-15T11:32:42","slug":"pagina-ejemplo","status":"publish","type":"page","link":"https:\/\/www.municipios.gov.py\/tebicuary\/","title":{"rendered":"Informaci\u00f3n"},"content":{"rendered":"<div id=\"cont_dc486e8b6fd4a94514dfc515a857a58d\" style=\"text-align: center;\"><strong>BIENVENIDOS!!<\/strong><\/div>\n<div>\n<p style=\"text-align: center;\"><strong>\u00a0 \u00a0OFICINAS ADMINISTRATIVAS\u00a0 \u00a0<\/strong><\/p>\n<p style=\"text-align: center;\"><em><strong>Intendencia<\/strong><\/em><\/p>\n<p style=\"text-align: center;\"><em><strong>Junta Municipal<\/strong><\/em><\/p>\n<p style=\"text-align: center;\"><em><strong>Codeni<\/strong><\/em><\/p>\n<p style=\"text-align: center;\"><em><strong>Administraci\u00f3n y Finanzas<\/strong><\/em><\/p>\n<p style=\"text-align: center;\"><strong>Tel:0986.974.106<\/strong><\/p>\n<p style=\"text-align: center;\"><em><strong>Direcci\u00f3n:<\/strong> Manuel Ortiz Guerrero esq. Antonio Bosch. Tebicuary<\/em><\/p>\n<p style=\"text-align: center;\"><em><strong>N\u00ba de Tel\u00e9fono:<\/strong> (0553) 254 202\u00a0<\/em><\/p>\n<p style=\"text-align: center;\"><em><strong>E-mail:<\/strong> municipiodetebicuary@gmail.com<\/em><\/p>\n<p style=\"text-align: center;\"><em><strong>E-mail:<\/strong> uocmunitebicuary@gmail.com<\/em><\/p>\n<p style=\"text-align: center;\">Pagina web: municipalidadtebicuary.gov.py<\/p>\n<p><strong>\u00a0 \u00a0 \u00a0 \u00a0 \u00a0Oficina de Planificaci\u00f3n Estrat\u00e9gica y Secretar\u00edas\u00a0<\/strong><\/p>\n<p>Tel\u00e9fono:\u00a0 (0986)886.108<\/p>\n<p>Direcci\u00f3n: Carlos Baade entre F\u00e9lix Perez Cardozo y Manuel Ortiz Guerrero. Ex Aso.<\/p>\n<ul>\n<li>Secretar\u00eda de Desarrollo Social<\/li>\n<li>Secretar\u00eda de Desarrollo Comercial<\/li>\n<li>Secretar\u00eda de Catastro<\/li>\n<li>Secretar\u00eda de la Juventud<\/li>\n<li>Secretar\u00eda de Planificaci\u00f3n y Educaci\u00f3n<\/li>\n<li>Secretar\u00eda del Medio Ambiente<\/li>\n<li>Secretar\u00eda de Cultura, Deporte y Turismo<\/li>\n<\/ul>\n<p>&nbsp;<\/p>\n<p style=\"text-align: center;\">**************************************<\/p>\n<\/div>\n<p>&nbsp;<\/p>\n<p style=\"text-align: center;\"><em><strong>VISI\u00d3N<\/strong><\/em><\/p>\n<p style=\"text-align: center;\"><strong>Hacer de la Ciudad de Tebicuary, un lugar innovador, confiable, atractivo, sustentable, fortaleciendo <\/strong><\/p>\n<p style=\"text-align: center;\"><strong>el ambiente y la cultura.<\/strong><\/p>\n<p>&nbsp;<\/p>\n<p style=\"text-align: center;\"><em><strong>MISI\u00d3N<\/strong><\/em><\/p>\n<p style=\"text-align: center;\"><strong>Servir a la ciudadan\u00eda con calidad, con una gesti\u00f3n participativa, trasparente, igualitaria, realizando obras de infraestructura para el desarrollo sostenible de la CIUDAD.<\/strong><\/p>\n<div>\n<p>&nbsp;<\/p>\n<\/div>\n<p>&nbsp;<\/p>\n<p style=\"text-align: left;\">Ver: <a href=\"https:\/\/www.municipios.gov.py\/tebicuary\/ley-n-3469\/\">Ley N\u00b0 3469 &#8211; CREA EL MUNICIPIO TEBICUARY EN EL IV DEPARTAMENTO DEL GUAIRA<\/a><\/p>\n<p style=\"text-align: justify;\"><strong><em>En 2008 consigui\u00f3 la categor\u00eda de distrito, quedando desafectado del distrito de Coronel Mart\u00ednez, pasando a ser la localidad m\u00e1s joven del Guaira.<\/em><\/strong><\/p>\n<p><strong>Fuente:<\/strong> <a href=\"https:\/\/es.wikipedia.org\/wiki\/Tebicuary_(Paraguay)\">Tebicuary (Paraguay) &#8211; Wikipedia, la enciclopedia libre<\/a><\/p>\n<p>&nbsp;<\/p>\n<p>&nbsp;<\/p>\n","protected":false},"excerpt":{"rendered":"<p>BIENVENIDOS!! \u00a0 \u00a0OFICINAS ADMINISTRATIVAS\u00a0 \u00a0 Intendencia Junta Municipal Codeni Administraci\u00f3n y Finanzas Tel:0986.974.106 Direcci\u00f3n: Manuel Ortiz Guerrero esq. Antonio Bosch. Tebicuary N\u00ba de Tel\u00e9fono: (0553) 254 202\u00a0 E-mail: municipiodetebicuary@gmail.com E-mail: uocmunitebicuary@gmail.com Pagina web: municipalidadtebicuary.gov.py \u00a0 \u00a0 \u00a0 \u00a0 \u00a0Oficina de Planificaci\u00f3n Estrat\u00e9gica y Secretar\u00edas\u00a0 Tel\u00e9fono:\u00a0 (0986)886.108 Direcci\u00f3n: Carlos Baade entre F\u00e9lix Perez Cardozo y &#8230; <a title=\"Informaci\u00f3n\" class=\"read-more\" href=\"https:\/\/www.municipios.gov.py\/tebicuary\/\" aria-label=\"Leer m\u00e1s sobre Informaci\u00f3n\">Leer M\u00e1s&#8230;<\/a><\/p>\n","protected":false},"author":4,"featured_media":0,"parent":0,"menu_order":0,"comment_status":"closed","ping_status":"closed","template":"","meta":{"jetpack_post_was_ever_published":false,"footnotes":""},"class_list":["post-2","page","type-page","status-publish"],"jetpack_sharing_enabled":true,"jetpack_shortlink":"https:\/\/wp.me\/P7H3N6-2","_links":{"self":[{"href":"https:\/\/www.municipios.gov.py\/tebicuary\/wp-json\/wp\/v2\/pages\/2","targetHints":{"allow":["GET"]}}],"collection":[{"href":"https:\/\/www.municipios.gov.py\/tebicuary\/wp-json\/wp\/v2\/pages"}],"about":[{"href":"https:\/\/www.municipios.gov.py\/tebicuary\/wp-json\/wp\/v2\/types\/page"}],"author":[{"embeddable":true,"href":"https:\/\/www.municipios.gov.py\/tebicuary\/wp-json\/wp\/v2\/users\/4"}],"replies":[{"embeddable":true,"href":"https:\/\/www.municipios.gov.py\/tebicuary\/wp-json\/wp\/v2\/comments?post=2"}],"version-history":[{"count":75,"href":"https:\/\/www.municipios.gov.py\/tebicuary\/wp-json\/wp\/v2\/pages\/2\/revisions"}],"predecessor-version":[{"id":1387,"href":"https:\/\/www.municipios.gov.py\/tebicuary\/wp-json\/wp\/v2\/pages\/2\/revisions\/1387"}],"wp:attachment":[{"href":"https:\/\/www.municipios.gov.py\/tebicuary\/wp-json\/wp\/v2\/media?parent=2"}],"curies":[{"name":"wp","href":"https:\/\/api.w.org\/{rel}","templated":true}]}}