{"id":2,"date":"2016-02-10T18:15:21","date_gmt":"2016-02-10T18:15:21","guid":{"rendered":"https:\/\/www.municipios.gov.py\/santarosadelaguaray\/?page_id=2"},"modified":"2016-06-07T14:49:13","modified_gmt":"2016-06-07T14:49:13","slug":"pagina-ejemplo","status":"publish","type":"page","link":"https:\/\/www.municipios.gov.py\/santarosadelaguaray\/","title":{"rendered":"Informaci\u00f3n"},"content":{"rendered":"<p>Santa Rosa del Aguaray es un distrito del Paraguay situado al noreste del departamento de San Pedro. Su n\u00facleo urbano se encuentra localizado a unos 250 km de Asunci\u00f3n. Fue una localidad integrante de Nueva Germania hasta que en 2002 logr\u00f3 su separaci\u00f3n y se convirti\u00f3 en un distrito. Seg\u00fan el censo de 2002 ten\u00eda una poblaci\u00f3n de 20.473 habitantes (DGEEC) y su actividad econ\u00f3mica se basa en la agricultura y ganader\u00eda.<\/p>\n<ul>\n<li>Pa\u00eds \u00a0Paraguay<\/li>\n<li>Departamento San Pedro<\/li>\n<li>Ubicaci\u00f3n 23\u00b053\u203200\u2033S 56\u00b034\u203200\u2033OCoordenadas: 23\u00b053\u203200\u2033S 56\u00b034\u203200\u2033O (mapa)<\/li>\n<li>Altitud 227 msnm<\/li>\n<li>Distancia 260 km<\/li>\n<li>Superficie 1525 km\u00b2<\/li>\n<li>Poblaci\u00f3n 38 3181 hab. (2016)<\/li>\n<li>Fiestas mayores 30 de agosto<\/li>\n<li>Patrona Santa Rosa de Lima<\/li>\n<\/ul>\n<h2 style=\"text-align: center\"><em>REDES SOCIALES<\/em><\/h2>\n<p style=\"text-align: center\"><a href=\"https:\/\/www.facebook.com\/Municipalidad-de-Santa-Rosa-del-Aguaray-1658560814422477\/?fref=ts\"><img loading=\"lazy\" decoding=\"async\" class=\"alignnone wp-image-154 \" src=\"https:\/\/www.municipios.gov.py\/santarosadelaguaray\/wp-content\/uploads\/sites\/61\/2016\/06\/logo-facebook-150x150.png\" alt=\"logo-facebook\" width=\"66\" height=\"66\" \/><\/a><\/p>\n","protected":false},"excerpt":{"rendered":"<p>Santa Rosa del Aguaray es un distrito del Paraguay situado al noreste del departamento de San Pedro. Su n\u00facleo urbano se encuentra localizado a unos 250 km de Asunci\u00f3n. Fue una localidad integrante de Nueva Germania hasta que en 2002 logr\u00f3 su separaci\u00f3n y se convirti\u00f3 en un distrito. Seg\u00fan el censo de 2002 ten\u00eda &#8230; <a title=\"Informaci\u00f3n\" class=\"read-more\" href=\"https:\/\/www.municipios.gov.py\/santarosadelaguaray\/\" aria-label=\"Leer m\u00e1s sobre Informaci\u00f3n\">Leer Mas&#8230;<\/a><\/p>\n","protected":false},"author":59,"featured_media":0,"parent":0,"menu_order":0,"comment_status":"closed","ping_status":"open","template":"","meta":{"generate_page_header":"","jetpack_post_was_ever_published":false,"footnotes":""},"class_list":["post-2","page","type-page","status-publish"],"jetpack_sharing_enabled":true,"jetpack_shortlink":"https:\/\/wp.me\/P7k4cO-2","_links":{"self":[{"href":"https:\/\/www.municipios.gov.py\/santarosadelaguaray\/wp-json\/wp\/v2\/pages\/2","targetHints":{"allow":["GET"]}}],"collection":[{"href":"https:\/\/www.municipios.gov.py\/santarosadelaguaray\/wp-json\/wp\/v2\/pages"}],"about":[{"href":"https:\/\/www.municipios.gov.py\/santarosadelaguaray\/wp-json\/wp\/v2\/types\/page"}],"author":[{"embeddable":true,"href":"https:\/\/www.municipios.gov.py\/santarosadelaguaray\/wp-json\/wp\/v2\/users\/59"}],"replies":[{"embeddable":true,"href":"https:\/\/www.municipios.gov.py\/santarosadelaguaray\/wp-json\/wp\/v2\/comments?post=2"}],"version-history":[{"count":6,"href":"https:\/\/www.municipios.gov.py\/santarosadelaguaray\/wp-json\/wp\/v2\/pages\/2\/revisions"}],"predecessor-version":[{"id":156,"href":"https:\/\/www.municipios.gov.py\/santarosadelaguaray\/wp-json\/wp\/v2\/pages\/2\/revisions\/156"}],"wp:attachment":[{"href":"https:\/\/www.municipios.gov.py\/santarosadelaguaray\/wp-json\/wp\/v2\/media?parent=2"}],"curies":[{"name":"wp","href":"https:\/\/api.w.org\/{rel}","templated":true}]}}