{"id":2,"date":"2016-06-30T17:59:43","date_gmt":"2016-06-30T17:59:43","guid":{"rendered":"https:\/\/www.municipios.gov.py\/sansalvador\/?page_id=2"},"modified":"2024-06-27T11:59:00","modified_gmt":"2024-06-27T15:59:00","slug":"pagina-ejemplo","status":"publish","type":"page","link":"https:\/\/www.municipios.gov.py\/sansalvador\/","title":{"rendered":"Informaci\u00f3n"},"content":{"rendered":"<div id=\"cont_65cdd6aad857c99fba7877d72e068831\"><img loading=\"lazy\" decoding=\"async\" class=\"aligncenter wp-image-1107 size-full\" src=\"https:\/\/www.municipios.gov.py\/sansalvador\/wp-content\/uploads\/sites\/144\/2024\/06\/sansal.jpg\" alt=\"Vista del p\u00f3rtico de entrada a la ciudad\" width=\"1000\" height=\"563\" srcset=\"https:\/\/www.municipios.gov.py\/sansalvador\/wp-content\/uploads\/sites\/144\/2024\/06\/sansal.jpg 1000w, https:\/\/www.municipios.gov.py\/sansalvador\/wp-content\/uploads\/sites\/144\/2024\/06\/sansal-300x169.jpg 300w, https:\/\/www.municipios.gov.py\/sansalvador\/wp-content\/uploads\/sites\/144\/2024\/06\/sansal-768x432.jpg 768w\" sizes=\"auto, (max-width: 1000px) 100vw, 1000px\" \/><\/div>\n<p>&nbsp;<\/p>\n<p><b>San Salvador es un distrito paraguayo del <a title=\"Departamento de Guair\u00e1\" href=\"https:\/\/es.wikipedia.org\/wiki\/Departamento_de_Guair%C3%A1\">Departamento de Guair\u00e1<\/a>, ubicado a unos 200 km de Asunci\u00f3n, y a 23 km al sur de Villarrica. Fue formado sobre las antiguas v\u00edas ferroviarias. Se accede a este municipio por un ramal de la Ruta PY08 en la compa\u00f1\u00eda Itayb\u00fa de Villarrica.<\/b><\/p>\n<p><strong>Fue fundado el 31 de marzo de 1951 mediante el Decreto Ley N\u00b0 3610<\/strong><\/p>\n<table style=\"width: 95.1766%; height: 1118px;\">\n<tbody>\n<tr style=\"height: 457px;\">\n<td style=\"width: 53.28%; text-align: center; vertical-align: middle; height: 411px;\"><img decoding=\"async\" src=\"https:\/\/www.meteored.com.py\/wimages\/foto37c1d2327589b91441d9141d575461ca.png\" \/><\/td>\n<td style=\"width: 46.1105%; text-align: justify; height: 411px;\"><b>\u00a0 \u00a0\u00a0\u00a0\u00a0\u00a0\u00a0\u00a0\u00a0\u00a0\u00a0\u00a0\u00a0\u00a0\u00a0\u00a0\u00a0\u00a0\u00a0\u00a0<iframe loading=\"lazy\" style=\"border: 0px initial initial;\" src=\"https:\/\/www.google.com\/maps\/embed?pb=!1m18!1m12!1m3!1d14351.18271214313!2d-56.47781616370164!3d-25.94193286352676!2m3!1f0!2f0!3f0!3m2!1i1024!2i768!4f13.1!3m3!1m2!1s0x9459314ac959246d%3A0x8e3befeca5ff879c!2sSan%20Salvador!5e0!3m2!1ses-419!2spy!4v1719275187543!5m2!1ses-419!2spy\" width=\"600\" height=\"450\" allowfullscreen=\"allowfullscreen\"><\/iframe><\/b><\/td>\n<\/tr>\n<tr style=\"height: 707px;\">\n<td style=\"width: 53.28%; text-align: center; vertical-align: middle; height: 707px;\"><iframe loading=\"lazy\" style=\"overflow: hidden; border: initial none initial;\" src=\"https:\/\/www.facebook.com\/plugins\/page.php?href=https%3A%2F%2Fwww.facebook.com%2Fmunisansalvador%3Flocale%3Des_LA&amp;tabs=timeline&amp;width=500&amp;height=700&amp;small_header=true&amp;adapt_container_width=true&amp;hide_cover=false&amp;show_facepile=true&amp;appId\" width=\"500\" height=\"700\" frameborder=\"0\" scrolling=\"no\" allowfullscreen=\"allowfullscreen\"><\/iframe><\/td>\n<td style=\"width: 46.1105%; text-align: justify; height: 707px;\"><b><img loading=\"lazy\" decoding=\"async\" class=\"aligncenter wp-image-1151 size-full\" src=\"https:\/\/www.municipios.gov.py\/sansalvador\/wp-content\/uploads\/sites\/144\/2024\/06\/Iglesiasansalvador-scaled.jpg\" alt=\"\" width=\"2560\" height=\"2560\" srcset=\"https:\/\/www.municipios.gov.py\/sansalvador\/wp-content\/uploads\/sites\/144\/2024\/06\/Iglesiasansalvador-scaled.jpg 2560w, https:\/\/www.municipios.gov.py\/sansalvador\/wp-content\/uploads\/sites\/144\/2024\/06\/Iglesiasansalvador-300x300.jpg 300w, https:\/\/www.municipios.gov.py\/sansalvador\/wp-content\/uploads\/sites\/144\/2024\/06\/Iglesiasansalvador-1024x1024.jpg 1024w, https:\/\/www.municipios.gov.py\/sansalvador\/wp-content\/uploads\/sites\/144\/2024\/06\/Iglesiasansalvador-150x150.jpg 150w, https:\/\/www.municipios.gov.py\/sansalvador\/wp-content\/uploads\/sites\/144\/2024\/06\/Iglesiasansalvador-768x768.jpg 768w, https:\/\/www.municipios.gov.py\/sansalvador\/wp-content\/uploads\/sites\/144\/2024\/06\/Iglesiasansalvador-1536x1536.jpg 1536w, https:\/\/www.municipios.gov.py\/sansalvador\/wp-content\/uploads\/sites\/144\/2024\/06\/Iglesiasansalvador-2048x2048.jpg 2048w\" sizes=\"auto, (max-width: 2560px) 100vw, 2560px\" \/><\/b><\/td>\n<\/tr>\n<tr>\n<td style=\"width: 53.28%; text-align: center; vertical-align: middle;\" colspan=\"2\"><img loading=\"lazy\" decoding=\"async\" class=\"alignnone wp-image-1149 size-full\" src=\"https:\/\/www.municipios.gov.py\/sansalvador\/wp-content\/uploads\/sites\/144\/2024\/06\/plaza_sansal.jpeg\" alt=\"\" width=\"1024\" height=\"442\" srcset=\"https:\/\/www.municipios.gov.py\/sansalvador\/wp-content\/uploads\/sites\/144\/2024\/06\/plaza_sansal.jpeg 1024w, https:\/\/www.municipios.gov.py\/sansalvador\/wp-content\/uploads\/sites\/144\/2024\/06\/plaza_sansal-300x129.jpeg 300w, https:\/\/www.municipios.gov.py\/sansalvador\/wp-content\/uploads\/sites\/144\/2024\/06\/plaza_sansal-768x332.jpeg 768w\" sizes=\"auto, (max-width: 1024px) 100vw, 1024px\" \/><br \/>\n<b><br \/>\n<\/b><\/td>\n<\/tr>\n<\/tbody>\n<\/table>\n","protected":false},"excerpt":{"rendered":"<p>&nbsp; San Salvador es un distrito paraguayo del Departamento de Guair\u00e1, ubicado a unos 200 km de Asunci\u00f3n, y a 23 km al sur de Villarrica. Fue formado sobre las antiguas v\u00edas ferroviarias. Se accede a este municipio por un ramal de la Ruta PY08 en la compa\u00f1\u00eda Itayb\u00fa de Villarrica. Fue fundado el 31 &#8230; <a title=\"Informaci\u00f3n\" class=\"read-more\" href=\"https:\/\/www.municipios.gov.py\/sansalvador\/\" aria-label=\"Leer m\u00e1s sobre Informaci\u00f3n\">Leer Mas&#8230;<\/a><\/p>\n","protected":false},"author":4,"featured_media":0,"parent":0,"menu_order":0,"comment_status":"closed","ping_status":"closed","template":"","meta":{"jetpack_post_was_ever_published":false,"footnotes":""},"class_list":["post-2","page","type-page","status-publish"],"jetpack_sharing_enabled":true,"jetpack_shortlink":"https:\/\/wp.me\/P8AJPT-2","_links":{"self":[{"href":"https:\/\/www.municipios.gov.py\/sansalvador\/wp-json\/wp\/v2\/pages\/2","targetHints":{"allow":["GET"]}}],"collection":[{"href":"https:\/\/www.municipios.gov.py\/sansalvador\/wp-json\/wp\/v2\/pages"}],"about":[{"href":"https:\/\/www.municipios.gov.py\/sansalvador\/wp-json\/wp\/v2\/types\/page"}],"author":[{"embeddable":true,"href":"https:\/\/www.municipios.gov.py\/sansalvador\/wp-json\/wp\/v2\/users\/4"}],"replies":[{"embeddable":true,"href":"https:\/\/www.municipios.gov.py\/sansalvador\/wp-json\/wp\/v2\/comments?post=2"}],"version-history":[{"count":65,"href":"https:\/\/www.municipios.gov.py\/sansalvador\/wp-json\/wp\/v2\/pages\/2\/revisions"}],"predecessor-version":[{"id":1152,"href":"https:\/\/www.municipios.gov.py\/sansalvador\/wp-json\/wp\/v2\/pages\/2\/revisions\/1152"}],"wp:attachment":[{"href":"https:\/\/www.municipios.gov.py\/sansalvador\/wp-json\/wp\/v2\/media?parent=2"}],"curies":[{"name":"wp","href":"https:\/\/api.w.org\/{rel}","templated":true}]}}