{"id":115,"date":"2016-07-04T15:09:27","date_gmt":"2016-07-04T15:09:27","guid":{"rendered":"https:\/\/www.municipios.gov.py\/sanroquegonzalez\/?page_id=115"},"modified":"2026-04-14T10:18:41","modified_gmt":"2026-04-14T13:18:41","slug":"nomina-funcionarios-comisionados","status":"publish","type":"page","link":"https:\/\/www.municipios.gov.py\/sanroquegonzalez\/nomina-funcionarios-comisionados\/","title":{"rendered":"N\u00f3mina funcionarios comisionados"},"content":{"rendered":"<p style=\"text-align: center;\"><a href=\"https:\/\/www.municipios.gov.py\/sanroquegonzalez\/wp-content\/uploads\/sites\/145\/2026\/04\/Nomina-de-Funcionarios-Comisionados-Marzo-2026.pdf\" target=\"_blank\" rel=\"noopener\">N\u00f3mina de Funcionarios Comisionados Marzo <\/a><\/p>\n<p style=\"text-align: center;\"><a href=\"https:\/\/www.municipios.gov.py\/sanroquegonzalez\/wp-content\/uploads\/sites\/145\/2026\/03\/Nomina-de-Funcionarios-Comisionados.pdf\" target=\"_blank\" rel=\"noopener\">N\u00f3mina de Funcionarios Comisionados &#8211; Febrero<\/a><\/p>\n<p style=\"text-align: center;\"><a href=\"https:\/\/www.municipios.gov.py\/sanroquegonzalez\/wp-content\/uploads\/sites\/145\/2026\/02\/Nomina-de-Funcionarios-Comisionados.docx\" target=\"_blank\" rel=\"noopener\">N\u00f3mina de Funcionarios Comisionados &#8211; Enero<\/a><\/p>\n","protected":false},"excerpt":{"rendered":"<p>N\u00f3mina de Funcionarios Comisionados Marzo N\u00f3mina de Funcionarios Comisionados &#8211; Febrero N\u00f3mina de Funcionarios Comisionados &#8211; Enero<\/p>\n","protected":false},"author":4,"featured_media":0,"parent":0,"menu_order":0,"comment_status":"closed","ping_status":"closed","template":"","meta":{"generate_page_header":"","jetpack_post_was_ever_published":false,"footnotes":""},"class_list":["post-115","page","type-page","status-publish"],"jetpack_sharing_enabled":true,"jetpack_shortlink":"https:\/\/wp.me\/P8AJQ0-1R","_links":{"self":[{"href":"https:\/\/www.municipios.gov.py\/sanroquegonzalez\/wp-json\/wp\/v2\/pages\/115","targetHints":{"allow":["GET"]}}],"collection":[{"href":"https:\/\/www.municipios.gov.py\/sanroquegonzalez\/wp-json\/wp\/v2\/pages"}],"about":[{"href":"https:\/\/www.municipios.gov.py\/sanroquegonzalez\/wp-json\/wp\/v2\/types\/page"}],"author":[{"embeddable":true,"href":"https:\/\/www.municipios.gov.py\/sanroquegonzalez\/wp-json\/wp\/v2\/users\/4"}],"replies":[{"embeddable":true,"href":"https:\/\/www.municipios.gov.py\/sanroquegonzalez\/wp-json\/wp\/v2\/comments?post=115"}],"version-history":[{"count":6,"href":"https:\/\/www.municipios.gov.py\/sanroquegonzalez\/wp-json\/wp\/v2\/pages\/115\/revisions"}],"predecessor-version":[{"id":1637,"href":"https:\/\/www.municipios.gov.py\/sanroquegonzalez\/wp-json\/wp\/v2\/pages\/115\/revisions\/1637"}],"wp:attachment":[{"href":"https:\/\/www.municipios.gov.py\/sanroquegonzalez\/wp-json\/wp\/v2\/media?parent=115"}],"curies":[{"name":"wp","href":"https:\/\/api.w.org\/{rel}","templated":true}]}}