{"id":2,"date":"2016-06-30T17:59:43","date_gmt":"2016-06-30T17:59:43","guid":{"rendered":"https:\/\/www.municipios.gov.py\/sanpedroycuamandyyu\/?page_id=2"},"modified":"2017-08-17T11:20:43","modified_gmt":"2017-08-17T15:20:43","slug":"pagina-ejemplo","status":"publish","type":"page","link":"https:\/\/www.municipios.gov.py\/sanpedroycuamandyyu\/","title":{"rendered":"Informaci\u00f3n"},"content":{"rendered":"<p><b>Datos generales del Municipio<\/b><\/p>\n<ul>\n<li><b>Superficie<\/b>: 3.185 Km2<i>.<\/i><\/li>\n<li><b>Ubicaci\u00f3n<\/b>: Est\u00e1 ubicado al Noroeste del II departamento de San Pedro entre los paralelos 23\u00ba 44\u2019 y 24\u00ba 46\u2019 y los meridianos 56\u00ba 70\u2019 y 57\u00ba 47\u2019.<\/li>\n<li><b>Los accesos son <\/b>por las Rutas III \u201cElizardo Aquino\u201d y XI \u201cJuana Mar\u00eda de Lara\u201d. Se encuentra a 14\u00a0Km. del r\u00edo Paraguay; a 15\u00a0Km del Municipio de Antequera; a 3\u00a0Km. del r\u00edo Jeju\u00ed y a 330 Km. de la capital de la Rep\u00fablica del Paraguay (Asunci\u00f3n).<\/li>\n<li><b>L\u00edmites: <\/b>Al<b> Norte: <\/b>con el r\u00edo Ypan\u00e9 que lo separa del Departamento de Concepci\u00f3n; al <b>Sur: <\/b>el r\u00edo Jeju\u00ed lo separa del Municipio de San Pablo; al <b>Este: <\/b>el r\u00edo Aguaray Guaz\u00fa que lo separa de los Municipios de Lima, Nueva Germania y Tacuati; y al <b>Oeste: <\/b>el Municipio de Antequera y el r\u00edo Paraguay que lo separa del Departamento de Presidente Hayes.<\/li>\n<li><b>Poblaci\u00f3n <\/b><b>total: 34.839<\/b> seg\u00fan la Proyecci\u00f3n 2016 DGEEC<i> <\/i>La desagregaci\u00f3n ser\u00eda en 15.337 mujeres y 17.989 hombres<i> (Seg\u00fan fuentes de la Municipalidad la poblaci\u00f3n superar\u00eda los 40.000).<\/i><\/li>\n<\/ul>\n<p>&nbsp;<\/p>\n<ul>\n<li><strong>Red Social Facebook:<\/strong> https:\/\/www.facebook.com\/municipalidaddesanpedro\/<\/li>\n<\/ul>\n","protected":false},"excerpt":{"rendered":"<p>Datos generales del Municipio Superficie: 3.185 Km2. Ubicaci\u00f3n: Est\u00e1 ubicado al Noroeste del II departamento de San Pedro entre los paralelos 23\u00ba 44\u2019 y 24\u00ba 46\u2019 y los meridianos 56\u00ba 70\u2019 y 57\u00ba 47\u2019. Los accesos son por las Rutas III \u201cElizardo Aquino\u201d y XI \u201cJuana Mar\u00eda de Lara\u201d. Se encuentra a 14\u00a0Km. del r\u00edo &#8230; <a title=\"Informaci\u00f3n\" class=\"read-more\" href=\"https:\/\/www.municipios.gov.py\/sanpedroycuamandyyu\/\" aria-label=\"Leer m\u00e1s sobre Informaci\u00f3n\">Leer Mas&#8230;<\/a><\/p>\n","protected":false},"author":4,"featured_media":0,"parent":0,"menu_order":0,"comment_status":"closed","ping_status":"closed","template":"","meta":{"generate_page_header":"","jetpack_post_was_ever_published":false,"footnotes":""},"class_list":["post-2","page","type-page","status-publish"],"jetpack_sharing_enabled":true,"jetpack_shortlink":"https:\/\/wp.me\/P8AJOu-2","_links":{"self":[{"href":"https:\/\/www.municipios.gov.py\/sanpedroycuamandyyu\/wp-json\/wp\/v2\/pages\/2","targetHints":{"allow":["GET"]}}],"collection":[{"href":"https:\/\/www.municipios.gov.py\/sanpedroycuamandyyu\/wp-json\/wp\/v2\/pages"}],"about":[{"href":"https:\/\/www.municipios.gov.py\/sanpedroycuamandyyu\/wp-json\/wp\/v2\/types\/page"}],"author":[{"embeddable":true,"href":"https:\/\/www.municipios.gov.py\/sanpedroycuamandyyu\/wp-json\/wp\/v2\/users\/4"}],"replies":[{"embeddable":true,"href":"https:\/\/www.municipios.gov.py\/sanpedroycuamandyyu\/wp-json\/wp\/v2\/comments?post=2"}],"version-history":[{"count":14,"href":"https:\/\/www.municipios.gov.py\/sanpedroycuamandyyu\/wp-json\/wp\/v2\/pages\/2\/revisions"}],"predecessor-version":[{"id":447,"href":"https:\/\/www.municipios.gov.py\/sanpedroycuamandyyu\/wp-json\/wp\/v2\/pages\/2\/revisions\/447"}],"wp:attachment":[{"href":"https:\/\/www.municipios.gov.py\/sanpedroycuamandyyu\/wp-json\/wp\/v2\/media?parent=2"}],"curies":[{"name":"wp","href":"https:\/\/api.w.org\/{rel}","templated":true}]}}