{"id":2,"date":"2016-06-23T11:26:49","date_gmt":"2016-06-23T11:26:49","guid":{"rendered":"https:\/\/www.municipios.gov.py\/sanpablo\/?page_id=2"},"modified":"2016-07-11T13:40:41","modified_gmt":"2016-07-11T13:40:41","slug":"pagina-ejemplo","status":"publish","type":"page","link":"https:\/\/www.municipios.gov.py\/sanpablo\/","title":{"rendered":"Informaci\u00f3n"},"content":{"rendered":"<h2><strong>San Pablo<br \/>\n<\/strong><\/h2>\n<p>San Pablo es un distrito ubicado en el Segundo Departamento de San Pedro, situado a m\u00e1s de 330 km de la ciudad de Asunci\u00f3n. Sobre el r\u00edo Jeju\u00ed Guaz\u00fa, es un peque\u00f1o distrito de poco menos de 4000 habitantes que se dedican a la agricultura. Su suelo es apto para la agricultura y gran parte de \u00e9l tambi\u00e9n lo es para la ganader\u00eda.<\/p>\n<p><strong>Geograf\u00eda<\/strong><\/p>\n<p>El distrito de San Pablo, se encuentra situado en el centro del San Pedro, pese a que la regi\u00f3n fue v\u00edctima de un proceso de r\u00e1pida deforestaci\u00f3n de tiempos pasados, lo cierto es que comprende una de las m\u00e1s ricas reservas de bosques altos muy rentables, por lo que atraen su explotaci\u00f3n y comercializaci\u00f3n.<\/p>\n<p>En la regi\u00f3n existen zonas de uso agropecuario y praderas bajas que son inundables.<\/p>\n<p>Tiene una extensi\u00f3n de 603 km\u00b2, con una poblaci\u00f3n de 4.351 habitantes, y una densidad poblacional de 7,22 habitantes\/km\u00b2.<\/p>\n<p>Limita<\/p>\n<p>Al norte con el distrito de San Pedro del Ycuamandiy\u00fa, del cual lo separa el r\u00edo Jeju\u00ed Guaz\u00fa.<\/p>\n<p>Al sur se encuentra el distrito de Villa del Rosario.<\/p>\n<p>Al este se encuentra el distrito de Chor\u00e9.<\/p>\n<p>Y al oeste el distrito de Antequera.<\/p>\n<p><strong>Hidrograf\u00eda<\/strong><\/p>\n<p>Cuenta con el r\u00edo Jeju\u00ed Guaz\u00fa, el menos contaminado del pa\u00eds y con playas de arena blanca.<\/p>\n<p><strong>Clima<\/strong><\/p>\n<p>El clima es predominantemente lluvioso y h\u00famedo, la humedad relativa es del 70 al 80%. La media es de 23\u00a0\u00b0C, la m\u00e1xima en verano es de 38\u00a0\u00b0C y la m\u00ednima de 10\u00a0\u00b0C.<\/p>\n<p><strong>Poblaci\u00f3n<\/strong><\/p>\n<p>El distrito de San Pablo tiene una poblaci\u00f3n de 4.351 habitantes, de los cuales 2.324 son varones y 2.027 son mujeres. En t\u00e9rminos porcentuales, el 53,3% corresponde a varones y el 46,6% a mujeres.<\/p>\n<p>Cuenta con una colonia habilitada por el IBR, actualmente INDERT, que posee una superficie de 6.495 hect\u00e1reas y con una cantidad de 400 lotes.<\/p>\n<p><strong>Demograf\u00eda<\/strong><\/p>\n<p>Su poblaci\u00f3n rural es del 83,08% de la poblaci\u00f3n total.<\/p>\n<p>El total de hogares en el distrito asciende a la cantidad de 713, de los cuales corresponden a hogares en la zona urbana la cantidad de 143, y en la zona rural la cantidad de 570, lo que representa que el 79,94% de los hogares se encuentra asentado en la zona rural.<\/p>\n<p>De acuerdo a la proyecci\u00f3n de la poblaci\u00f3n total del distrito, por sexo y por a\u00f1o, se cuentan con los siguientes datos:<\/p>\n<ul>\n<li>Para el a\u00f1o 2010, el total de poblaci\u00f3n 4.403 habitantes, de los cuales 2.354 varones y 2.050 mujeres.<\/li>\n<\/ul>\n<p>En relaci\u00f3n a los principales indicadores socio-demogr\u00e1ficos, se tiene los siguientes datos:<\/p>\n<ul>\n<li>Poblaci\u00f3n menor a 15 a\u00f1os 43,5%.<\/li>\n<\/ul>\n<ul>\n<li>Promedio de hijos por mujer 3,6 hijos.<\/li>\n<\/ul>\n<ul>\n<li>Analfabetos 8,4%.<\/li>\n<\/ul>\n<ul>\n<li>Ocupados por sector primario el 67,6%.<\/li>\n<\/ul>\n<ul>\n<li>Ocupados por sector secundario el 6,3%.<\/li>\n<\/ul>\n<ul>\n<li>Ocupados en el sector terciario el 25,1%.<\/li>\n<\/ul>\n<ul>\n<li>Ocupados en labores agropecuarios el 67,3%.<\/li>\n<\/ul>\n<ul>\n<li>Viviendas con electricidad el 78,4%.<\/li>\n<\/ul>\n<ul>\n<li>Viviendas con agua corriente el 41,0%.<\/li>\n<\/ul>\n<p><strong>Econom\u00eda<\/strong><\/p>\n<p>Es uno de los distritos que presentan indicadores socioecon\u00f3micos m\u00e1s bajos, pudiendo constatar, sin embargo, que en los \u00faltimos a\u00f1os se han dado avances importantes, permitiendo a los habitantes adquirir una mejor calidad de vida.<\/p>\n<p>En el distrito de San Pablo, un gran porcentaje de la poblaci\u00f3n es pobre (el 77,9%); teniendo un ingreso promedio mensual por familia la suma de 408.487 guaran\u00edes, y por persona 73.834 guaran\u00edes.<\/p>\n<p>Su econom\u00eda es esencialmente agr\u00edcola y se ha incrementado considerablemente gracias a la fertilidad de su suelo y al programa de creaci\u00f3n de nuevas colonias, sus principales productos agr\u00edcolas son: algod\u00f3n, tabaco, soja, yerba mate, mandioca, girasol, naranjo agrio y naranjo dulce.<\/p>\n<p><strong>Infraestructura<\/strong><\/p>\n<p>El distrito cuenta con los siguientes puertos: Puerto Tajy y el Puerto La Ni\u00f1a, que sirven para el comercio de su producci\u00f3n agr\u00edcola, y como v\u00eda de comunicaci\u00f3n con los distritos de la zona.<\/p>\n<p>Se accede a este distrito por rutas que se encuentran sin pavimento y los caminos internos tambi\u00e9n carecen totalmente de \u00e9l, siendo caminos rurales secundarios. Los caminos de terrapl\u00e9n comunican a todos los distritos entre s\u00ed y con las rutas nacionales.<\/p>\n<p>Actualmente, este distrito cuenta con servicios de transporte p\u00fablico entre distritos y servicios peri\u00f3dicos hasta la capital del pa\u00eds, adem\u00e1s de Ciudad del Este, Pedro Juan Caballero, y destinos en Brasil, Argentina y Chile.<\/p>\n<p><strong>Cultura<\/strong><\/p>\n<p><strong>Educaci\u00f3n<\/strong><\/p>\n<p>El distrito cuenta con escuelas primarias y del nivel medio en las que los ni\u00f1os y j\u00f3venes asisten regularmente.<\/p>\n<p>El analfabetismo es debido a la extrema pobreza que dificulta el env\u00edo de los hijos a la escuela, lo que afecta en especial a las mujeres. Las parcialidades ind\u00edgenas tambi\u00e9n tienen acceso a la educaci\u00f3n primaria aunque con poca convocatoria.<\/p>\n<p>La poblaci\u00f3n trabajadora carece de un nivel razonable de calificaci\u00f3n, lo que conspira contra el desarrollo de la zona, o sea que no cuenta con mano de obra calificada.<\/p>\n<p><strong>Idioma<\/strong><\/p>\n<p>Predomina el idioma guaran\u00ed hablado aproximadamente por el 80% de los habitantes y el castellano-guaran\u00ed (jopara), hablado por el 20% restante.<\/p>\n<p><strong>Turismo<\/strong><\/p>\n<p>El atractivo tur\u00edstico principal de San Pablo son las playas sobre el r\u00edo Jeju\u00ed Guaz\u00fa, por sus aguas menos contaminadas, que junto con sus playas de arena blanca hacen de \u00e9ste un lugar propicio y sano para refrescarse en la temporada estival.<\/p>\n","protected":false},"excerpt":{"rendered":"<p>San Pablo San Pablo es un distrito ubicado en el Segundo Departamento de San Pedro, situado a m\u00e1s de 330 km de la ciudad de Asunci\u00f3n. Sobre el r\u00edo Jeju\u00ed Guaz\u00fa, es un peque\u00f1o distrito de poco menos de 4000 habitantes que se dedican a la agricultura. Su suelo es apto para la agricultura y &#8230; <a title=\"Informaci\u00f3n\" class=\"read-more\" href=\"https:\/\/www.municipios.gov.py\/sanpablo\/\" aria-label=\"Leer m\u00e1s sobre Informaci\u00f3n\">Leer Mas&#8230;<\/a><\/p>\n","protected":false},"author":4,"featured_media":0,"parent":0,"menu_order":0,"comment_status":"closed","ping_status":"open","template":"","meta":{"generate_page_header":"","jetpack_post_was_ever_published":false,"footnotes":""},"class_list":["post-2","page","type-page","status-publish"],"jetpack_sharing_enabled":true,"jetpack_shortlink":"https:\/\/wp.me\/P7G0Tx-2","_links":{"self":[{"href":"https:\/\/www.municipios.gov.py\/sanpablo\/wp-json\/wp\/v2\/pages\/2","targetHints":{"allow":["GET"]}}],"collection":[{"href":"https:\/\/www.municipios.gov.py\/sanpablo\/wp-json\/wp\/v2\/pages"}],"about":[{"href":"https:\/\/www.municipios.gov.py\/sanpablo\/wp-json\/wp\/v2\/types\/page"}],"author":[{"embeddable":true,"href":"https:\/\/www.municipios.gov.py\/sanpablo\/wp-json\/wp\/v2\/users\/4"}],"replies":[{"embeddable":true,"href":"https:\/\/www.municipios.gov.py\/sanpablo\/wp-json\/wp\/v2\/comments?post=2"}],"version-history":[{"count":2,"href":"https:\/\/www.municipios.gov.py\/sanpablo\/wp-json\/wp\/v2\/pages\/2\/revisions"}],"predecessor-version":[{"id":48,"href":"https:\/\/www.municipios.gov.py\/sanpablo\/wp-json\/wp\/v2\/pages\/2\/revisions\/48"}],"wp:attachment":[{"href":"https:\/\/www.municipios.gov.py\/sanpablo\/wp-json\/wp\/v2\/media?parent=2"}],"curies":[{"name":"wp","href":"https:\/\/api.w.org\/{rel}","templated":true}]}}