{"id":585,"date":"2017-10-23T12:29:07","date_gmt":"2017-10-23T15:29:07","guid":{"rendered":"https:\/\/www.municipios.gov.py\/sanjuandelparana\/?page_id=585"},"modified":"2018-11-21T11:20:08","modified_gmt":"2018-11-21T14:20:08","slug":"ejecucion-presupuestaria-ingresos-y-gastos-ejercicio-fiscal-2017","status":"publish","type":"page","link":"https:\/\/www.municipios.gov.py\/sanjuandelparana\/ejecucion-presupuestaria-ingresos-y-gastos-ejercicio-fiscal-2017\/","title":{"rendered":"EJECUCI\u00d3N PRESUPUESTARIA INGRESOS Y GASTOS EJERCICIO FISCAL"},"content":{"rendered":"<h2><a href=\"https:\/\/www.municipios.gov.py\/sanjuandelparana\/wp-content\/uploads\/sites\/103\/2017\/10\/Ejecucion-de-Ingresos-y-Gastos-Octubre-1.pdf\" target=\"_blank\" rel=\"noopener\">Ejecucion de Ingresos y Gastos <strong><em>Octubre<\/em><\/strong><\/a><\/h2>\n<h3><i>EJECUCI\u00d3N<\/i><em>\u00a0DE RECURSOS\u00a0Y GASTOS EJERCICIO FISCAL 2018<\/em><\/h3>\n<p><a href=\"https:\/\/www.municipios.gov.py\/sanjuandelparana\/wp-content\/uploads\/sites\/103\/2018\/03\/EJECUCION-DE-INGRESOS.pdf\" target=\"_blank\" rel=\"noopener\">EJECUCI\u00d3N DE INGRESOS CONSOLIDADO 2018<\/a><\/p>\n<p><a href=\"https:\/\/www.municipios.gov.py\/sanjuandelparana\/wp-content\/uploads\/sites\/103\/2018\/03\/EJECUCION-DE-INGRESOS-ROYALTIES-2018.pdf\" target=\"_blank\" rel=\"noopener\">EJECUCI\u00d3N DE INGRESOS ROYALTIES 2018<\/a><\/p>\n<p><a href=\"https:\/\/www.municipios.gov.py\/sanjuandelparana\/wp-content\/uploads\/sites\/103\/2018\/03\/EJECUCION-DE-EGRESOS-CONSOLIDADO-2018.pdf\" target=\"_blank\" rel=\"noopener\">EJECUCI\u00d3N DE EGRESOS CONSOLIDADO 2018<\/a><\/p>\n<p><a href=\"https:\/\/www.municipios.gov.py\/sanjuandelparana\/wp-content\/uploads\/sites\/103\/2018\/03\/EJECUCION-DE-EGRESOS-ROYALTIES-2018.pdf\" target=\"_blank\" rel=\"noopener\">EJECUCI\u00d3N DE EGRESOS ROYALTIES 2018<\/a><\/p>\n<p><a href=\"https:\/\/www.municipios.gov.py\/sanjuandelparana\/wp-content\/uploads\/sites\/103\/2018\/05\/EJECUCION-DE-RECURSOS-PRIMER-CUATRI..pdf\" target=\"_blank\" rel=\"noopener\">EJECUCION DE RECURSOS PRIMER CUATRI.<\/a><\/p>\n<p><a href=\"https:\/\/www.municipios.gov.py\/sanjuandelparana\/wp-content\/uploads\/sites\/103\/2018\/11\/BALANCE-GENERAL-Y-ESTADO-DE-RESULTADOS-1ER.-CUATRIM..pdf\" target=\"_blank\" rel=\"noopener\">BALANCE GENERAL Y ESTADO DE RESULTADOS 1ER. CUATRIM.<\/a><\/p>\n<p><a href=\"https:\/\/www.municipios.gov.py\/sanjuandelparana\/wp-content\/uploads\/sites\/103\/2018\/11\/BALANCE-GENERAL-Y-ESTADO-DE-RESULTADOS.pdf\" target=\"_blank\" rel=\"noopener\">BALANCE GENERAL Y ESTADO DE RESULTADOS<\/a><\/p>\n<p><a href=\"https:\/\/www.municipios.gov.py\/sanjuandelparana\/wp-content\/uploads\/sites\/103\/2018\/11\/BALANCE-DE-COMPROBACION-DE-SALDOS.pdf\" target=\"_blank\" rel=\"noopener\">BALANCE DE COMPROBACION DE SALDOS<\/a><\/p>\n","protected":false},"excerpt":{"rendered":"<p>Ejecucion de Ingresos y Gastos Octubre EJECUCI\u00d3N\u00a0DE RECURSOS\u00a0Y GASTOS EJERCICIO FISCAL 2018 EJECUCI\u00d3N DE INGRESOS CONSOLIDADO 2018 EJECUCI\u00d3N DE INGRESOS ROYALTIES 2018 EJECUCI\u00d3N DE EGRESOS CONSOLIDADO 2018 EJECUCI\u00d3N DE EGRESOS ROYALTIES 2018 EJECUCION DE RECURSOS PRIMER CUATRI. BALANCE GENERAL Y ESTADO DE RESULTADOS 1ER. CUATRIM. BALANCE GENERAL Y ESTADO DE RESULTADOS BALANCE DE COMPROBACION DE &#8230; <a title=\"EJECUCI\u00d3N PRESUPUESTARIA INGRESOS Y GASTOS EJERCICIO FISCAL\" class=\"read-more\" href=\"https:\/\/www.municipios.gov.py\/sanjuandelparana\/ejecucion-presupuestaria-ingresos-y-gastos-ejercicio-fiscal-2017\/\" aria-label=\"Leer m\u00e1s sobre EJECUCI\u00d3N PRESUPUESTARIA INGRESOS Y GASTOS EJERCICIO FISCAL\">Leer Mas&#8230;<\/a><\/p>\n","protected":false},"author":93,"featured_media":0,"parent":0,"menu_order":0,"comment_status":"closed","ping_status":"closed","template":"","meta":{"generate_page_header":"","jetpack_post_was_ever_published":false,"footnotes":""},"class_list":["post-585","page","type-page","status-publish"],"jetpack_sharing_enabled":true,"jetpack_shortlink":"https:\/\/wp.me\/P8AJJF-9r","_links":{"self":[{"href":"https:\/\/www.municipios.gov.py\/sanjuandelparana\/wp-json\/wp\/v2\/pages\/585","targetHints":{"allow":["GET"]}}],"collection":[{"href":"https:\/\/www.municipios.gov.py\/sanjuandelparana\/wp-json\/wp\/v2\/pages"}],"about":[{"href":"https:\/\/www.municipios.gov.py\/sanjuandelparana\/wp-json\/wp\/v2\/types\/page"}],"author":[{"embeddable":true,"href":"https:\/\/www.municipios.gov.py\/sanjuandelparana\/wp-json\/wp\/v2\/users\/93"}],"replies":[{"embeddable":true,"href":"https:\/\/www.municipios.gov.py\/sanjuandelparana\/wp-json\/wp\/v2\/comments?post=585"}],"version-history":[{"count":10,"href":"https:\/\/www.municipios.gov.py\/sanjuandelparana\/wp-json\/wp\/v2\/pages\/585\/revisions"}],"predecessor-version":[{"id":620,"href":"https:\/\/www.municipios.gov.py\/sanjuandelparana\/wp-json\/wp\/v2\/pages\/585\/revisions\/620"}],"wp:attachment":[{"href":"https:\/\/www.municipios.gov.py\/sanjuandelparana\/wp-json\/wp\/v2\/media?parent=585"}],"curies":[{"name":"wp","href":"https:\/\/api.w.org\/{rel}","templated":true}]}}