{"id":2,"date":"2016-06-30T17:59:43","date_gmt":"2016-06-30T17:59:43","guid":{"rendered":"https:\/\/www.municipios.gov.py\/sanjuandelparana\/?page_id=2"},"modified":"2019-02-20T14:35:11","modified_gmt":"2019-02-20T17:35:11","slug":"pagina-ejemplo","status":"publish","type":"page","link":"https:\/\/www.municipios.gov.py\/sanjuandelparana\/","title":{"rendered":"Informaci\u00f3n"},"content":{"rendered":"<p><img loading=\"lazy\" decoding=\"async\" class=\"size-medium wp-image-1162 aligncenter\" src=\"https:\/\/www.municipios.gov.py\/sanjuandelparana\/wp-content\/uploads\/sites\/103\/2019\/02\/33713228_1515273961915419_3470217288928460800_n-300x300.jpg\" alt=\"\" width=\"300\" height=\"300\" srcset=\"https:\/\/www.municipios.gov.py\/sanjuandelparana\/wp-content\/uploads\/sites\/103\/2019\/02\/33713228_1515273961915419_3470217288928460800_n-300x300.jpg 300w, https:\/\/www.municipios.gov.py\/sanjuandelparana\/wp-content\/uploads\/sites\/103\/2019\/02\/33713228_1515273961915419_3470217288928460800_n-150x150.jpg 150w, https:\/\/www.municipios.gov.py\/sanjuandelparana\/wp-content\/uploads\/sites\/103\/2019\/02\/33713228_1515273961915419_3470217288928460800_n-768x768.jpg 768w, https:\/\/www.municipios.gov.py\/sanjuandelparana\/wp-content\/uploads\/sites\/103\/2019\/02\/33713228_1515273961915419_3470217288928460800_n.jpg 960w\" sizes=\"auto, (max-width: 300px) 100vw, 300px\" \/><\/p>\n<p>Fundaci\u00f3n: El 19 de diciembre de 1988 por Ley N\u00ba 1355 se crea el Distrito de San Juan del Paran\u00e1 desafect\u00e1ndose del distrito de Encarnaci\u00f3n.<\/p>\n<div class=\"itemFullText\">\n<p>El nombre del Distrito proviene del santo San Juan Bautista y Paran\u00e1 por su proximidad al r\u00edo.<\/p>\n<p>Superficie: 250 km2 (25.000 H\u00e1s.)<\/p>\n<\/div>\n","protected":false},"excerpt":{"rendered":"<p>Fundaci\u00f3n: El 19 de diciembre de 1988 por Ley N\u00ba 1355 se crea el Distrito de San Juan del Paran\u00e1 desafect\u00e1ndose del distrito de Encarnaci\u00f3n. El nombre del Distrito proviene del santo San Juan Bautista y Paran\u00e1 por su proximidad al r\u00edo. Superficie: 250 km2 (25.000 H\u00e1s.)<\/p>\n","protected":false},"author":4,"featured_media":220,"parent":0,"menu_order":0,"comment_status":"closed","ping_status":"closed","template":"","meta":{"generate_page_header":"","jetpack_post_was_ever_published":false,"footnotes":""},"class_list":["post-2","page","type-page","status-publish","has-post-thumbnail"],"jetpack_sharing_enabled":true,"jetpack_shortlink":"https:\/\/wp.me\/P8AJJF-2","_links":{"self":[{"href":"https:\/\/www.municipios.gov.py\/sanjuandelparana\/wp-json\/wp\/v2\/pages\/2","targetHints":{"allow":["GET"]}}],"collection":[{"href":"https:\/\/www.municipios.gov.py\/sanjuandelparana\/wp-json\/wp\/v2\/pages"}],"about":[{"href":"https:\/\/www.municipios.gov.py\/sanjuandelparana\/wp-json\/wp\/v2\/types\/page"}],"author":[{"embeddable":true,"href":"https:\/\/www.municipios.gov.py\/sanjuandelparana\/wp-json\/wp\/v2\/users\/4"}],"replies":[{"embeddable":true,"href":"https:\/\/www.municipios.gov.py\/sanjuandelparana\/wp-json\/wp\/v2\/comments?post=2"}],"version-history":[{"count":12,"href":"https:\/\/www.municipios.gov.py\/sanjuandelparana\/wp-json\/wp\/v2\/pages\/2\/revisions"}],"predecessor-version":[{"id":1165,"href":"https:\/\/www.municipios.gov.py\/sanjuandelparana\/wp-json\/wp\/v2\/pages\/2\/revisions\/1165"}],"wp:featuredmedia":[{"embeddable":true,"href":"https:\/\/www.municipios.gov.py\/sanjuandelparana\/wp-json\/wp\/v2\/media\/220"}],"wp:attachment":[{"href":"https:\/\/www.municipios.gov.py\/sanjuandelparana\/wp-json\/wp\/v2\/media?parent=2"}],"curies":[{"name":"wp","href":"https:\/\/api.w.org\/{rel}","templated":true}]}}