{"id":121,"date":"2016-07-04T15:11:59","date_gmt":"2016-07-04T15:11:59","guid":{"rendered":"https:\/\/www.municipios.gov.py\/sanjuandelparana\/?page_id=121"},"modified":"2026-04-20T07:40:54","modified_gmt":"2026-04-20T10:40:54","slug":"presupuesto-de-ingresos-y-gastos-en-forma-mensual","status":"publish","type":"page","link":"https:\/\/www.municipios.gov.py\/sanjuandelparana\/presupuesto-de-ingresos-y-gastos-en-forma-mensual\/","title":{"rendered":"Presupuesto de ingresos y gastos en forma mensual- cuatrimestral"},"content":{"rendered":"<p><a href=\"https:\/\/www.municipios.gov.py\/sanjuandelparana\/wp-content\/uploads\/sites\/103\/2016\/07\/Ejecucion-presupuestaria-de-Gastos-2do.-cuatrim.-2017.pdf\" target=\"_blank\" rel=\"noopener noreferrer\">Ejecucion presupuestaria de Gastos 2do. cuatrim. 2017<\/a><\/p>\n<p><a href=\"https:\/\/www.municipios.gov.py\/sanjuandelparana\/wp-content\/uploads\/sites\/103\/2016\/07\/Ejecucion-presupuestaria-de-Recursos-2do.-cuatrim.-2017.pdf\" target=\"_blank\" rel=\"noopener noreferrer\">Ejecucion presupuestaria de Recursos 2do. cuatrim. 2017<\/a><\/p>\n<p><a href=\"https:\/\/www.municipios.gov.py\/sanjuandelparana\/wp-content\/uploads\/sites\/103\/2016\/07\/Balance-General.pdf\" target=\"_blank\" rel=\"noopener noreferrer\">Balance General<\/a><\/p>\n<p><a href=\"https:\/\/www.municipios.gov.py\/sanjuandelparana\/wp-content\/uploads\/sites\/103\/2016\/07\/Balance-y-estado-de-resultados.pdf\" target=\"_blank\" rel=\"noopener noreferrer\">Balance y estado de resultados<\/a><\/p>\n<p><a href=\"https:\/\/www.municipios.gov.py\/sanjuandelparana\/wp-content\/uploads\/sites\/103\/2016\/07\/Ejecucion-GASTOS-A-SETIEMBRE-17.pdf\" target=\"_blank\" rel=\"noopener noreferrer\">Ejecuci\u00f3n Presupuestaria de Ingresos a Setiembre 2017<\/a><\/p>\n<p><a href=\"https:\/\/www.municipios.gov.py\/sanjuandelparana\/wp-content\/uploads\/sites\/103\/2016\/07\/Ejecucion-INGRESOS-A-SETIEMBRE-17.pdf\" target=\"_blank\" rel=\"noopener noreferrer\">Ejecuci\u00f3n Presupuestaria de Egresos a Setiembre 2017<\/a><\/p>\n<p><a href=\"https:\/\/www.municipios.gov.py\/sanjuandelparana\/wp-content\/uploads\/sites\/103\/2016\/07\/Ejecucion-de-Ingresos-Octubre.pdf\" target=\"_blank\" rel=\"noopener noreferrer\">Ejecuci\u00f3n Presupuestaria de Egresos a Octubre 2017<\/a><\/p>\n<p><a href=\"https:\/\/www.municipios.gov.py\/sanjuandelparana\/wp-content\/uploads\/sites\/103\/2016\/07\/Ejecucion-de-Gastos-Octubre.pdf\" target=\"_blank\" rel=\"noopener noreferrer\">Ejecuci\u00f3n Presupuestaria de Egresos a Octubre 2017<\/a><\/p>\n<p><a href=\"https:\/\/www.municipios.gov.py\/sanjuandelparana\/wp-content\/uploads\/sites\/103\/2018\/01\/ejecucion-de-gastos-royalties.pdf\" target=\"_blank\" rel=\"noopener noreferrer\">Ejecucion de Ingresos Recursos Royalties 3er. trimestre<\/a><\/p>\n<p><a href=\"https:\/\/www.municipios.gov.py\/sanjuandelparana\/wp-content\/uploads\/sites\/103\/2018\/01\/ejecucion-royalties-3er.-cuatrimestre.pdf\" target=\"_blank\" rel=\"noopener noreferrer\">Rendicion de cuentas Recursos Royalties 3er. cuatrimestre<\/a><\/p>\n<p><a href=\"https:\/\/www.municipios.gov.py\/sanjuandelparana\/wp-content\/uploads\/sites\/103\/2018\/06\/EJECUCION-DE-EGRESOS-A-MAYO.pdf\" target=\"_blank\" rel=\"noopener noreferrer\">Ejecuci\u00f3n Presupuestaria de Egresos a Mayo 2018<\/a><\/p>\n<p><a href=\"https:\/\/www.municipios.gov.py\/sanjuandelparana\/wp-content\/uploads\/sites\/103\/2018\/06\/EJECUCION-INGRESOS-AL-MES-DE-MAYO.pdf\" target=\"_blank\" rel=\"noopener noreferrer\">Ejecuci\u00f3n Presupuestaria de Ingresos a Mayo 2018<\/a><\/p>\n<h1 style=\"text-align: center;\">EJERCICIO FISCAL 2018<\/h1>\n<p><a href=\"https:\/\/www.municipios.gov.py\/sanjuandelparana\/wp-content\/uploads\/sites\/103\/2019\/03\/Balance-General-y-estado-de-resultados-A\u00f1o-2018.pdf\" target=\"_blank\" rel=\"noopener noreferrer\">Balance General y estado de resultados A\u00f1o 2018<\/a><\/p>\n<p><a href=\"https:\/\/www.municipios.gov.py\/sanjuandelparana\/wp-content\/uploads\/sites\/103\/2019\/03\/Ejecucion-Presupuestaria-Anual.pdf\" target=\"_blank\" rel=\"noopener noreferrer\">Ejecucion Presupuestaria Anual<\/a><\/p>\n<h1 style=\"text-align: center;\">EJERCICIO FISCAL 2019<\/h1>\n<h2><strong>ENERO<\/strong><\/h2>\n<p><a href=\"https:\/\/www.municipios.gov.py\/sanjuandelparana\/wp-content\/uploads\/sites\/103\/2019\/02\/EJECUCION-DE-RECURSOS.pdf\" target=\"_blank\" rel=\"noopener noreferrer\">EJECUCION DE RECURSOS<\/a><\/p>\n<p><a href=\"https:\/\/www.municipios.gov.py\/sanjuandelparana\/wp-content\/uploads\/sites\/103\/2019\/02\/EJECUCION-DE-GASTOS.pdf\" target=\"_blank\" rel=\"noopener noreferrer\">EJECUCION DE GASTOS<\/a><\/p>\n<h1 style=\"text-align: center;\">EJERCICIO FISCAL 2021<\/h1>\n<p><a href=\"https:\/\/www.municipios.gov.py\/sanjuandelparana\/wp-content\/uploads\/sites\/103\/2021\/12\/EJECUCION-PRES-DE-GASTOS-SEG.-CUATRIMESTRE.pdf\">EJECUCION DE GASTOS SEGUNDO CUATRIMESTRE<\/a><\/p>\n<p><a href=\"https:\/\/www.municipios.gov.py\/sanjuandelparana\/wp-content\/uploads\/sites\/103\/2021\/12\/EJECUCION-PRES.-DE-RESCURSOS-SEG.-CUAT..pdf\">EJECUCION DE RECURSOS SEGUNDO CUATRIMESTRE<\/a><\/p>\n<p><a href=\"https:\/\/www.municipios.gov.py\/sanjuandelparana\/wp-content\/uploads\/sites\/103\/2022\/05\/EJECUCION-PRESUPUESTARIA-POR-OBJETO-DE-GASTOS.pdf\">EJECUCION PRESUPUESTARIA POR OBJETO DE GASTOS<\/a><\/p>\n<p><a href=\"https:\/\/www.municipios.gov.py\/sanjuandelparana\/wp-content\/uploads\/sites\/103\/2022\/05\/EJECUCION-PRESUPUESTARIA-DE-RECURSOS.pdf\">EJECUCION PRESUPUESTARIA DE RECURSOS<\/a><\/p>\n<p><a href=\"https:\/\/www.municipios.gov.py\/sanjuandelparana\/wp-content\/uploads\/sites\/103\/2022\/04\/MUNICIPALIDAD-DE-SAN-JUAN-DEL-PARANA-TERCER-CUATROMESTRE-INFORME-B-06-17-ABC-Y-ANEXO-B-01-08-INFORME-DE-GESTION.pdf\">MUNICIPALIDAD DE SAN JUAN DEL PARANA- TERCER CUATROMESTRE- INFORME B-06-17-A,B,C Y ANEXO B-01-08 INFORME DE GESTION<\/a><\/p>\n<h1 style=\"text-align: center;\"><span style=\"color: #0000ff;\"><em><strong>EJERCICIO FISCAL 2022<\/strong><\/em><\/span><\/h1>\n<p><a href=\"https:\/\/www.municipios.gov.py\/sanjuandelparana\/wp-content\/uploads\/sites\/103\/2022\/02\/Ejecucion-presupuestaria-de-ingresos-enero-2022.pdf\">Ejecuci\u00f3n presupuestaria de recursos enero 2022<\/a><\/p>\n<p><a href=\"https:\/\/www.municipios.gov.py\/sanjuandelparana\/wp-content\/uploads\/sites\/103\/2022\/02\/Ejecucion-presupuestaria-de-gastos-enero-2022.pdf\">Ejecuci\u00f3n presupuestaria por objeto gastos enero 2022<\/a><\/p>\n<p><a href=\"https:\/\/www.municipios.gov.py\/sanjuandelparana\/wp-content\/uploads\/sites\/103\/2022\/03\/Febrero-Recursos-eje-22-.pdf\">Ejecuci\u00f3n presupuestaria de recursos febrero 2022<\/a><\/p>\n<p><a href=\"https:\/\/www.municipios.gov.py\/sanjuandelparana\/wp-content\/uploads\/sites\/103\/2022\/03\/Febrero-Gastos-eje-22-.pdf\">Ejecuci\u00f3n presupuestaria por objeto de gastos febrero 2022<\/a><\/p>\n<p><a href=\"https:\/\/www.municipios.gov.py\/sanjuandelparana\/wp-content\/uploads\/sites\/103\/2022\/03\/ejecucion-presupuestaria-hilda.pdf\">Balance General y Estado de Resultados Ejercicio Fiscal 2021<\/a><\/p>\n<p><a href=\"https:\/\/www.municipios.gov.py\/sanjuandelparana\/wp-content\/uploads\/sites\/103\/2022\/05\/Marzo-Gastos-1.pdf\">Ejecuci\u00f3n presupuestaria por objeto de gastos marzo 2022<\/a><\/p>\n<p><a href=\"https:\/\/www.municipios.gov.py\/sanjuandelparana\/wp-content\/uploads\/sites\/103\/2022\/05\/Marzo-Ingreso-1.pdf\">Ejecuci\u00f3n presupuestaria de recursos marzo 2022<\/a><\/p>\n<p><a href=\"https:\/\/www.municipios.gov.py\/sanjuandelparana\/wp-content\/uploads\/sites\/103\/2022\/06\/Abril-Gastos-San-22-1.pdf\">Ejecuci\u00f3n presupuestaria por objeto de gastos abril 2022<\/a><\/p>\n<p><a href=\"https:\/\/www.municipios.gov.py\/sanjuandelparana\/wp-content\/uploads\/sites\/103\/2022\/06\/Abril-Ingreso-San-22.pdf\">Ejecuci\u00f3n presupuestaria de recursos abril 2022<\/a><\/p>\n<p><a href=\"https:\/\/www.municipios.gov.py\/sanjuandelparana\/wp-content\/uploads\/sites\/103\/2022\/06\/Mayo-Gastos-San-22.pdf\">Ejecuci\u00f3n presupuestaria por objeto de gastos mayo 2022<\/a><\/p>\n<p><a href=\"https:\/\/www.municipios.gov.py\/sanjuandelparana\/wp-content\/uploads\/sites\/103\/2022\/06\/Mayo-Ingreso-San-22.pdf\">Ejecuci\u00f3n presupuestaria de recursos mayo 2022<\/a><\/p>\n<p><a href=\"https:\/\/www.municipios.gov.py\/sanjuandelparana\/wp-content\/uploads\/sites\/103\/2022\/08\/Junio-Gastos-San-22-1.pdf\">Ejecuci\u00f3n presupuestaria de gastos junio 2022\u00a0<\/a><\/p>\n<p><a href=\"https:\/\/www.municipios.gov.py\/sanjuandelparana\/wp-content\/uploads\/sites\/103\/2022\/08\/Junio-Ingreso-San-22-1.pdf\">Ejecuci\u00f3n presupuestaria de recursos junio 2022<\/a><\/p>\n<p><a href=\"https:\/\/www.municipios.gov.py\/sanjuandelparana\/wp-content\/uploads\/sites\/103\/2022\/09\/ejecucion-ingresos-julio.pdf\">Ejecuci\u00f3n presupuestaria recursos julio 2022<\/a><\/p>\n<p><a href=\"https:\/\/www.municipios.gov.py\/sanjuandelparana\/wp-content\/uploads\/sites\/103\/2022\/09\/ejecucion-julio-gastos.pdf\">Ejecuci\u00f3n\u00a0 presupuestaria\u00a0 gastos julio 2022<\/a><\/p>\n<p><a href=\"https:\/\/www.municipios.gov.py\/sanjuandelparana\/wp-content\/uploads\/sites\/103\/2022\/09\/Ejecucion-Agosto-2022.pdf\">Ejecuci\u00f3n presupuestaria por objeto de gasto Agosto 2022<\/a><\/p>\n<p><a href=\"https:\/\/www.municipios.gov.py\/sanjuandelparana\/wp-content\/uploads\/sites\/103\/2022\/09\/Ejecucion-Agosto-san-juan-2022-ingreso.pdf\">Ejecuci\u00f3n\u00a0 presupuestaria\u00a0 de recursos Agosto\u00a0 2022<\/a><\/p>\n<p><a href=\"https:\/\/www.municipios.gov.py\/sanjuandelparana\/wp-content\/uploads\/sites\/103\/2023\/04\/EJECUCION-INGRESO-SEPTIEMBRE-2022.pdf\">EJECUCION INGRESO SEPTIEMBRE 2022<\/a><\/p>\n<p><a href=\"https:\/\/www.municipios.gov.py\/sanjuandelparana\/wp-content\/uploads\/sites\/103\/2023\/04\/EJECUCION-SEPTIEMBRE-GASTOS-2022.pdf\">EJECUCION SEPTIEMBRE GASTOS 2022<\/a><\/p>\n<p><a href=\"https:\/\/www.municipios.gov.py\/sanjuandelparana\/wp-content\/uploads\/sites\/103\/2023\/04\/EJECUCION-INGRESO-OCTUBRE-2022.pdf\">EJECUCION INGRESO OCTUBRE 2022<\/a><\/p>\n<p><a href=\"https:\/\/www.municipios.gov.py\/sanjuandelparana\/wp-content\/uploads\/sites\/103\/2023\/04\/EJECUCION-GASTOS-OCTUBRE-2022.pdf\">EJECUCION GASTOS OCTUBRE 2022<\/a><\/p>\n<p><a href=\"https:\/\/www.municipios.gov.py\/sanjuandelparana\/wp-content\/uploads\/sites\/103\/2022\/12\/EJECUCION-INGRESO-NOVIMBRE-.pdf\">EJECUCION INGRESO NOVIMBRE<\/a><\/p>\n<p><a href=\"https:\/\/www.municipios.gov.py\/sanjuandelparana\/wp-content\/uploads\/sites\/103\/2022\/12\/EJECUCION-PRESUPUESTARIA-NOVIEMBRE.pdf\">EJECUCION PRESUPUESTARIA NOVIEMBRE<\/a><\/p>\n<p><a href=\"https:\/\/www.municipios.gov.py\/sanjuandelparana\/wp-content\/uploads\/sites\/103\/2023\/04\/Ejecucion-Presupuestaria-de-Ingresos-diciembre-2022.pdf\">Ejecucion Presupuestaria de Ingresos diciembre 2022<\/a><\/p>\n<p><a href=\"https:\/\/www.municipios.gov.py\/sanjuandelparana\/wp-content\/uploads\/sites\/103\/2023\/04\/Ejecucion-Presupuestaria-de-Gastos-diciembre-2022.pdf\">Ejecucion Presupuestaria de Gastos diciembre 2022<\/a><\/p>\n<p><a href=\"https:\/\/www.municipios.gov.py\/sanjuandelparana\/wp-content\/uploads\/sites\/103\/2023\/02\/RENDICION-DE-CUENTAS-FONACIDE-SEGUNDO-SEMESTRE-EJERCICIO-FISCAL-2022.pdf\">RENDICION DE CUENTAS FONACIDE SEGUNDO SEMESTRE EJERCICIO FISCAL 2022<\/a><\/p>\n<p><a href=\"https:\/\/www.municipios.gov.py\/sanjuandelparana\/wp-content\/uploads\/sites\/103\/2023\/05\/EJECUCION-PRESUPUESTARIA-DE-GASTOS-FONACIDE-EJERCICIO-FISCAL-2022.pdf\">EJECUCION PRESUPUESTARIA DE GASTOS FONACIDE EJERCICIO FISCAL 2022<\/a><\/p>\n<p>&nbsp;<\/p>\n<h1 style=\"text-align: center;\"><span style=\"color: #0000ff;\"><em><strong>EJERCICIO FISCAL 2023<\/strong><\/em><\/span><\/h1>\n<p><a href=\"https:\/\/www.municipios.gov.py\/sanjuandelparana\/wp-content\/uploads\/sites\/103\/2023\/05\/PRESUPUESTO-2023.pdf\">PRESUPUESTO 2023<\/a><\/p>\n<p><a href=\"https:\/\/www.municipios.gov.py\/sanjuandelparana\/wp-content\/uploads\/sites\/103\/2023\/04\/EJECUCION-Enero-Ingreso23.pdf\">EJECUCION Enero Ingreso23<\/a><\/p>\n<p><a href=\"https:\/\/www.municipios.gov.py\/sanjuandelparana\/wp-content\/uploads\/sites\/103\/2023\/04\/ejecucion-Enero-Gastos-2023.pdf\">ejecucion Enero Gastos 2023<\/a><\/p>\n<p><a href=\"https:\/\/www.municipios.gov.py\/sanjuandelparana\/wp-content\/uploads\/sites\/103\/2023\/04\/EJECUCION-Febrero-Ingreso-2023.pdf\">EJECUCION Febrero Ingreso 2023<\/a><\/p>\n<p><a href=\"https:\/\/www.municipios.gov.py\/sanjuandelparana\/wp-content\/uploads\/sites\/103\/2023\/04\/EJECUCION-Febrero-Gastos-2023.pdf\">EJECUCION Febrero Gastos 2023<\/a><\/p>\n<p><a href=\"https:\/\/www.municipios.gov.py\/sanjuandelparana\/wp-content\/uploads\/sites\/103\/2023\/05\/EJECUCION-PRESUPUESTARIA-DE-INGRESO-MARZO-2023.pdf\">EJECUCION PRESUPUESTARIA DE INGRESO MARZO 2023<\/a><\/p>\n<p><a href=\"https:\/\/www.municipios.gov.py\/sanjuandelparana\/wp-content\/uploads\/sites\/103\/2023\/05\/EJECUCION-PRESUPUESTARIA-DE-EGRESOS-MES-DE-MARZO-2023.pdf\">EJECUCION PRESUPUESTARIA DE EGRESOS MES DE MARZO 2023<\/a><\/p>\n<p><a href=\"https:\/\/www.municipios.gov.py\/sanjuandelparana\/wp-content\/uploads\/sites\/103\/2023\/05\/EJECUCION-DE-INGRESOS-ABRIL-2023.pdf\">EJECUCION DE INGRESOS ABRIL 2023<\/a><\/p>\n<p><a href=\"https:\/\/www.municipios.gov.py\/sanjuandelparana\/wp-content\/uploads\/sites\/103\/2023\/05\/EJECUCION-DE-EGRESOS-ABRIL-2023.pdf\">EJECUCION DE EGRESOS ABRIL 2023<\/a><\/p>\n<p><a href=\"https:\/\/www.municipios.gov.py\/sanjuandelparana\/wp-content\/uploads\/sites\/103\/2023\/06\/EJECUCION-MAYO-2023-EGRESO.pdf\">EJECUCION MAYO 2023 EGRESO<\/a><\/p>\n<p><a href=\"https:\/\/www.municipios.gov.py\/sanjuandelparana\/wp-content\/uploads\/sites\/103\/2023\/06\/EJECUCION-MAYO-2023-INGRESO.pdf\">EJECUCION MAYO 2023 INGRESO<\/a><\/p>\n<p><a href=\"https:\/\/www.municipios.gov.py\/sanjuandelparana\/wp-content\/uploads\/sites\/103\/2023\/07\/EJECUCION-PRESUPUESTARIA-MES-DE-JUNIO-2023-OBJETO-DEL-GASTO.pdf\">EJECUCION PRESUPUESTARIA MES DE JUNIO 2023<\/a><\/p>\n<p><a href=\"https:\/\/www.municipios.gov.py\/sanjuandelparana\/wp-content\/uploads\/sites\/103\/2023\/07\/EJECUCION-PRESUPUESTARIA-MES-DE-JUNIO-2023-OBJETO-DEL-GASTO.pdf\"> OBJETO DEL GASTO<\/a> <a href=\"https:\/\/www.municipios.gov.py\/sanjuandelparana\/wp-content\/uploads\/sites\/103\/2023\/07\/EJECUCION-PRESUPUESTARIA-MES-DE-JUNIO-RECURSOS.pdf\">EJECUCION PRESUPUESTARIA MES DE JUNIO RECURSOS<\/a><\/p>\n<p><a href=\"https:\/\/www.municipios.gov.py\/sanjuandelparana\/wp-content\/uploads\/sites\/103\/2023\/08\/EJECUCION-DE-GASTOS-JULIO-2023.pdf\">EJECUCION DE GASTOS JULIO 2023<\/a><\/p>\n<p><a href=\"https:\/\/www.municipios.gov.py\/sanjuandelparana\/wp-content\/uploads\/sites\/103\/2023\/08\/EJECUCION-DE-RECURSOS-JULIO-2023.pdf\">EJECUCION DE RECURSOS JULIO 2023<\/a><\/p>\n<p><a href=\"https:\/\/www.municipios.gov.py\/sanjuandelparana\/wp-content\/uploads\/sites\/103\/2023\/10\/EJECUCION-PRESUPUESTARIA-POR-OBJETO-DE-GASTO-AGOSTO-2023-SIM.pdf\">EJECUCION PRESUPUESTARIA POR OBJETO DE GASTO AGOSTO 2023 (SIM)<\/a><\/p>\n<p><a href=\"https:\/\/www.municipios.gov.py\/sanjuandelparana\/wp-content\/uploads\/sites\/103\/2023\/10\/EJECUCION-PRESUPUESTARIA-DE-RECURSOS-AGOSTO-2023-SIM.pdf\">EJECUCION PRESUPUESTARIA DE RECURSOS AGOSTO 2023 (SIM)<\/a><\/p>\n<p><a href=\"https:\/\/www.municipios.gov.py\/sanjuandelparana\/wp-content\/uploads\/sites\/103\/2023\/10\/EJECUCION-PRESUPUESTARIA-DE-GASTOS-SEPTIEMBRE-2023.pdf\">EJECUCION PRESUPUESTARIA DE GASTOS SEPTIEMBRE 2023<\/a><\/p>\n<p><a href=\"https:\/\/www.municipios.gov.py\/sanjuandelparana\/wp-content\/uploads\/sites\/103\/2023\/10\/EJECUCION-PRESUPUESTARIA-DE-RECURSOS-SEPTIEMBRE-2023.pdf\">EJECUCION PRESUPUESTARIA DE RECURSOS SEPTIEMBRE 2023<\/a><\/p>\n<p><a href=\"https:\/\/www.municipios.gov.py\/sanjuandelparana\/wp-content\/uploads\/sites\/103\/2023\/12\/EJECUCION-PRESUPUESTARIA-DE-GASTOS-MES-DE-OCTUBRE-DEL-2023.pdf\">EJECUCION PRESUPUESTARIA DE GASTOS MES DE OCTUBRE DEL 2023<\/a><\/p>\n<p><a href=\"https:\/\/www.municipios.gov.py\/sanjuandelparana\/wp-content\/uploads\/sites\/103\/2023\/12\/EJECUCION-PRESUPUESTARIA-DE-RECURSOS-MES-DE-OCTUBRE-DEL-2023.pdf\">EJECUCION PRESUPUESTARIA DE RECURSOS MES DE OCTUBRE DEL 2023<\/a><\/p>\n<p><a href=\"https:\/\/www.municipios.gov.py\/sanjuandelparana\/wp-content\/uploads\/sites\/103\/2023\/12\/EJECUCION-PRESUPUESTARIA-DE-INGRESOS-MES-DE-NOVIEMBRE-DEL-2023.pdf\">EJECUCION PRESUPUESTARIA DE INGRESOS MES DE NOVIEMBRE DEL 2023<\/a><\/p>\n<p><a href=\"https:\/\/www.municipios.gov.py\/sanjuandelparana\/wp-content\/uploads\/sites\/103\/2023\/12\/EJECUCION-PRESUPUESTARIA-DE-GASTOS-MES-DE-NOVIEMBRE-DEL-2023.pdf\">EJECUCION PRESUPUESTARIA DE GASTOS MES DE NOVIEMBRE DEL 2023<\/a><\/p>\n<p><a href=\"https:\/\/www.municipios.gov.py\/sanjuandelparana\/wp-content\/uploads\/sites\/103\/2024\/01\/EJECUCION-PRESUPUESTARIA-DE-GASTOS-DICIEMBRE-2023.pdf\">EJECUCION PRESUPUESTARIA DE GASTOS DICIEMBRE 2023<\/a><\/p>\n<p><a href=\"https:\/\/www.municipios.gov.py\/sanjuandelparana\/wp-content\/uploads\/sites\/103\/2024\/01\/EJECUCION-PRESUPUESTARIA-DE-RECURSOS-DICIEMBRE-2023.pdf\">EJECUCION PRESUPUESTARIA DE RECURSOS DICIEMBRE 2023<\/a><\/p>\n<p><a href=\"https:\/\/www.municipios.gov.py\/sanjuandelparana\/wp-content\/uploads\/sites\/103\/2024\/02\/EJECUCION-PRESUPUESTARIA-DE-RECURSOS-1.pdf\">EJECUCION PRESUPUESTARIA DE RECURSOS (1)<\/a><\/p>\n<p><a href=\"https:\/\/www.municipios.gov.py\/sanjuandelparana\/wp-content\/uploads\/sites\/103\/2024\/02\/EJECUCION-PRESUPUESTARIA-OBJETO-DEL-GASTO.pdf\">EJECUCION PRESUPUESTARIA OBJETO DEL GASTO<\/a><\/p>\n<h1 style=\"text-align: center;\"><em><span style=\"color: #0000ff;\"><strong>EJERCICIO FISCAL 2024<\/strong><\/span><\/em><\/h1>\n<p><a href=\"https:\/\/www.municipios.gov.py\/sanjuandelparana\/wp-content\/uploads\/sites\/103\/2024\/02\/EJECUCION-PRESUPUESTARIA-DE-GASTOS-ENERO.pdf\">EJECUCION PRESUPUESTARIA DE GASTOS ENERO<\/a><\/p>\n<p><a href=\"https:\/\/www.municipios.gov.py\/sanjuandelparana\/wp-content\/uploads\/sites\/103\/2024\/02\/EJECUCION-PRESUPUESTARIA-DE-RECURSOS-ENERO-2024.pdf\">EJECUCION PRESUPUESTARIA DE RECURSOS ENERO 2024<\/a><\/p>\n<p><a href=\"https:\/\/www.municipios.gov.py\/sanjuandelparana\/wp-content\/uploads\/sites\/103\/2024\/04\/EJECUCION-PRESUPUESTARIA-DE-RECURSOS-MES-DE-FEBRERO-2024.pdf\">EJECUCION PRESUPUESTARIA DE RECURSOS MES DE FEBRERO 2024<\/a><\/p>\n<p><a href=\"https:\/\/www.municipios.gov.py\/sanjuandelparana\/wp-content\/uploads\/sites\/103\/2024\/04\/EJECUCION-PRESUPUESTARIA-GASTOS-MES-DE-FEBRERO-2024.pdf\">EJECUCION PRESUPUESTARIA GASTOS MES DE FEBRERO 2024<\/a><\/p>\n<p><a href=\"https:\/\/www.municipios.gov.py\/sanjuandelparana\/wp-content\/uploads\/sites\/103\/2024\/05\/EJECUCION-PRESUPUESTARIA-DE-GASTOS-MARZO-2024.pdf\">EJECUCION PRESUPUESTARIA DE GASTOS MARZO 2024<\/a><\/p>\n<p><a href=\"https:\/\/www.municipios.gov.py\/sanjuandelparana\/wp-content\/uploads\/sites\/103\/2024\/05\/EJECUCION-PRESUPUESTARIA-RECURSOS-MARZO-DEL-2024.pdf\">EJECUCION PRESUPUESTARIA RECURSOS MARZO DEL 2024<\/a><\/p>\n<p><a href=\"https:\/\/www.municipios.gov.py\/sanjuandelparana\/wp-content\/uploads\/sites\/103\/2024\/06\/EJECUCION-PRESUPUESTARIA-DE-RECURSOS.pdf\">EJECUCION PRESUPUESTARIA DE RECURSOS ABRIL 2024<\/a><\/p>\n<p><a href=\"https:\/\/www.municipios.gov.py\/sanjuandelparana\/wp-content\/uploads\/sites\/103\/2024\/06\/EJECUCION-PRESUPUESTARIA-POR-OBJETO-DE-GASTOS.pdf\">EJECUCION PRESUPUESTARIA POR OBJETO DE GASTOS ABRIL 2024<\/a><\/p>\n<p><a href=\"https:\/\/www.municipios.gov.py\/sanjuandelparana\/wp-content\/uploads\/sites\/103\/2024\/08\/EJECUCION-PRESUPUESTARIA-DE-GASTOS-MAYO-2024.pdf\">EJECUCION PRESUPUESTARIA DE GASTOS MAYO 2024<\/a><\/p>\n<p><a href=\"https:\/\/www.municipios.gov.py\/sanjuandelparana\/wp-content\/uploads\/sites\/103\/2024\/08\/EJECUCION-PRESUPUESTARIA-DE-RECURSOS-MAYO-2024.pdf\">EJECUCION PRESUPUESTARIA DE RECURSOS MAYO 2024<\/a><\/p>\n<p><a href=\"https:\/\/www.municipios.gov.py\/sanjuandelparana\/wp-content\/uploads\/sites\/103\/2024\/08\/EJECUCION-PRESUPUESTARIA-DE-RECURSOS-JUNIO-2024.pdf\">EJECUCION PRESUPUESTARIA DE RECURSOS JUNIO 2024<\/a><\/p>\n<p><a href=\"https:\/\/www.municipios.gov.py\/sanjuandelparana\/wp-content\/uploads\/sites\/103\/2024\/08\/EJECUCION-PRESUPUESTARIA-DE-GASTOS-MES-DE-JUNIO-2024.pdf\">EJECUCION PRESUPUESTARIA DE GASTOS MES DE JUNIO 2024<\/a><\/p>\n<p><a href=\"https:\/\/www.municipios.gov.py\/sanjuandelparana\/wp-content\/uploads\/sites\/103\/2024\/10\/EJECUCION-PRESUPUESTARIA-DE-GASTOS-AGOSTO-2024.pdf\">EJECUCION PRESUPUESTARIA DE GASTOS AGOSTO 2024<\/a><\/p>\n<p><a href=\"https:\/\/www.municipios.gov.py\/sanjuandelparana\/wp-content\/uploads\/sites\/103\/2024\/10\/EJECUCION-PRESUPUESTARIA-DE-RECURSOS-AGOSTO-2024.pdf\">EJECUCION PRESUPUESTARIA DE RECURSOS AGOSTO 2024<\/a><\/p>\n<p><a href=\"https:\/\/www.municipios.gov.py\/sanjuandelparana\/wp-content\/uploads\/sites\/103\/2024\/10\/EJECUCION-PRESUPUESTARIA-DE-GASTOS-SEPTIEMBRE-2024.pdf\">EJECUCION PRESUPUESTARIA DE GASTOS SEPTIEMBRE 2024<\/a><\/p>\n<p><a href=\"https:\/\/www.municipios.gov.py\/sanjuandelparana\/wp-content\/uploads\/sites\/103\/2024\/10\/EJECUCION-PRESUPUESTARIA-DE-RECURSOS-SEPTIEMBRE-2024.pdf\">EJECUCION PRESUPUESTARIA DE RECURSOS SEPTIEMBRE 2024<\/a><\/p>\n<p><a href=\"https:\/\/www.municipios.gov.py\/sanjuandelparana\/wp-content\/uploads\/sites\/103\/2025\/01\/EJECUCION-PRESUPUESTARIA-DE-RECURSOS-OCTUBRE-2024.pdf\">EJECUCION PRESUPUESTARIA DE RECURSOS OCTUBRE 2024<\/a><\/p>\n<p><a href=\"https:\/\/www.municipios.gov.py\/sanjuandelparana\/wp-content\/uploads\/sites\/103\/2025\/01\/EJECUCION-PRESUPUESTARIA-DE-GASTOS-OCTUBRE-2024.pdf\">EJECUCION PRESUPUESTARIA DE GASTOS OCTUBRE 2024<\/a><\/p>\n<p><a href=\"https:\/\/www.municipios.gov.py\/sanjuandelparana\/wp-content\/uploads\/sites\/103\/2025\/01\/EJECUCION-PRESUPUESTARIA-DE-GASTOS-NOVIEMBRE-2024.pdf\">EJECUCION PRESUPUESTARIA DE GASTOS NOVIEMBRE 2024<\/a><\/p>\n<p><a href=\"https:\/\/www.municipios.gov.py\/sanjuandelparana\/wp-content\/uploads\/sites\/103\/2025\/01\/EJECUCION-PRESUPUESTARIA-DE-RECURSOS-NOVIEMBRE-2024.pdf\">EJECUCION PRESUPUESTARIA DE RECURSOS NOVIEMBRE 2024<\/a><\/p>\n<p><a href=\"https:\/\/www.municipios.gov.py\/sanjuandelparana\/wp-content\/uploads\/sites\/103\/2025\/01\/EJECUCION-PRESUPUESTARIA-DE-GASTOS-DICIEMBRE-2024.pdf\">EJECUCION PRESUPUESTARIA DE GASTOS DICIEMBRE 2024<\/a><\/p>\n<p><a href=\"https:\/\/www.municipios.gov.py\/sanjuandelparana\/wp-content\/uploads\/sites\/103\/2025\/01\/EJECUCION-PRESUPUESTARIA-DE-RECURSOS-DICIEMBRE-2024.pdf\">EJECUCION PRESUPUESTARIA DE RECURSOS DICIEMBRE 2024<\/a><\/p>\n<h1 style=\"text-align: center;\"><em><span style=\"color: #0000ff;\"><strong>EJERCICIO FISCAL 2025<\/strong><\/span><\/em><\/h1>\n<h1 style=\"text-align: center;\"><span style=\"color: #0000ff;\">EJERCICIO FISCAL 2026<\/span><\/h1>\n<p>&nbsp;<\/p>\n","protected":false},"excerpt":{"rendered":"<p>Ejecucion presupuestaria de Gastos 2do. cuatrim. 2017 Ejecucion presupuestaria de Recursos 2do. cuatrim. 2017 Balance General Balance y estado de resultados Ejecuci\u00f3n Presupuestaria de Ingresos a Setiembre 2017 Ejecuci\u00f3n Presupuestaria de Egresos a Setiembre 2017 Ejecuci\u00f3n Presupuestaria de Egresos a Octubre 2017 Ejecuci\u00f3n Presupuestaria de Egresos a Octubre 2017 Ejecucion de Ingresos Recursos Royalties 3er. &#8230; <a title=\"Presupuesto de ingresos y gastos en forma mensual- cuatrimestral\" class=\"read-more\" href=\"https:\/\/www.municipios.gov.py\/sanjuandelparana\/presupuesto-de-ingresos-y-gastos-en-forma-mensual\/\" aria-label=\"Leer m\u00e1s sobre Presupuesto de ingresos y gastos en forma mensual- cuatrimestral\">Leer Mas&#8230;<\/a><\/p>\n","protected":false},"author":4,"featured_media":0,"parent":0,"menu_order":0,"comment_status":"closed","ping_status":"closed","template":"","meta":{"generate_page_header":"","jetpack_post_was_ever_published":false,"footnotes":""},"class_list":["post-121","page","type-page","status-publish"],"jetpack_sharing_enabled":true,"jetpack_shortlink":"https:\/\/wp.me\/P8AJJF-1X","_links":{"self":[{"href":"https:\/\/www.municipios.gov.py\/sanjuandelparana\/wp-json\/wp\/v2\/pages\/121","targetHints":{"allow":["GET"]}}],"collection":[{"href":"https:\/\/www.municipios.gov.py\/sanjuandelparana\/wp-json\/wp\/v2\/pages"}],"about":[{"href":"https:\/\/www.municipios.gov.py\/sanjuandelparana\/wp-json\/wp\/v2\/types\/page"}],"author":[{"embeddable":true,"href":"https:\/\/www.municipios.gov.py\/sanjuandelparana\/wp-json\/wp\/v2\/users\/4"}],"replies":[{"embeddable":true,"href":"https:\/\/www.municipios.gov.py\/sanjuandelparana\/wp-json\/wp\/v2\/comments?post=121"}],"version-history":[{"count":64,"href":"https:\/\/www.municipios.gov.py\/sanjuandelparana\/wp-json\/wp\/v2\/pages\/121\/revisions"}],"predecessor-version":[{"id":2590,"href":"https:\/\/www.municipios.gov.py\/sanjuandelparana\/wp-json\/wp\/v2\/pages\/121\/revisions\/2590"}],"wp:attachment":[{"href":"https:\/\/www.municipios.gov.py\/sanjuandelparana\/wp-json\/wp\/v2\/media?parent=121"}],"curies":[{"name":"wp","href":"https:\/\/api.w.org\/{rel}","templated":true}]}}