{"id":141,"date":"2017-10-31T09:30:20","date_gmt":"2017-10-31T12:30:20","guid":{"rendered":"https:\/\/www.municipios.gov.py\/sanalfredo\/?page_id=141"},"modified":"2018-01-31T15:34:03","modified_gmt":"2018-01-31T18:34:03","slug":"otra-informacion-necesaria","status":"publish","type":"page","link":"https:\/\/www.municipios.gov.py\/sanalfredo\/otra-informacion-necesaria\/","title":{"rendered":"Otra informaci\u00f3n necesaria"},"content":{"rendered":"<p><strong>RESUMEN ANUAL DE INGRESOS DE FUNCIONARIOS A\u00d1O 2017 EN CUMPLIMIENTO DEL ART. 7 DE LA LEY 5189\/2014<\/strong><\/p>\n<h5><em><strong>Art. 7\u00ba. Todas las instituciones y dependencias citadas en el Art. 2\u00ba deber\u00e1n publicar cada fin de ejercicio, un resumen total de ingresos de cada unos de los funcionarios incluyendo, los montos de remuneraciones b\u00e1sicas, adicionales, complementarias, otros gastos del personal y vi\u00e1ticos por cada funcionario o empleado, permanente, contratado o de elecci\u00f3n popular. Estos res\u00famenes deben ser publicados a m\u00e1s tardar para el \u00faltimo d\u00eda h\u00e1bil del mes de enero de cada a\u00f1o.<\/strong><\/em><\/h5>\n<p>&lt;&lt;<a href=\"https:\/\/www.municipios.gov.py\/sanalfredo\/wp-content\/uploads\/sites\/56\/2018\/01\/RESUMEN-ANUAL-A\u00d1O-2017.xlsx\">RESUMEN ANUAL A\u00d1O 2017<\/a>&gt;&gt;<\/p>\n","protected":false},"excerpt":{"rendered":"<p>RESUMEN ANUAL DE INGRESOS DE FUNCIONARIOS A\u00d1O 2017 EN CUMPLIMIENTO DEL ART. 7 DE LA LEY 5189\/2014 Art. 7\u00ba. Todas las instituciones y dependencias citadas en el Art. 2\u00ba deber\u00e1n publicar cada fin de ejercicio, un resumen total de ingresos de cada unos de los funcionarios incluyendo, los montos de remuneraciones b\u00e1sicas, adicionales, complementarias, otros &#8230; <a title=\"Otra informaci\u00f3n necesaria\" class=\"read-more\" href=\"https:\/\/www.municipios.gov.py\/sanalfredo\/otra-informacion-necesaria\/\" aria-label=\"Leer m\u00e1s sobre Otra informaci\u00f3n necesaria\">Leer Mas&#8230;<\/a><\/p>\n","protected":false},"author":4,"featured_media":0,"parent":0,"menu_order":0,"comment_status":"closed","ping_status":"closed","template":"","meta":{"generate_page_header":"","jetpack_post_was_ever_published":false,"footnotes":""},"class_list":["post-141","page","type-page","status-publish"],"jetpack_sharing_enabled":true,"jetpack_shortlink":"https:\/\/wp.me\/P7k4eY-2h","_links":{"self":[{"href":"https:\/\/www.municipios.gov.py\/sanalfredo\/wp-json\/wp\/v2\/pages\/141","targetHints":{"allow":["GET"]}}],"collection":[{"href":"https:\/\/www.municipios.gov.py\/sanalfredo\/wp-json\/wp\/v2\/pages"}],"about":[{"href":"https:\/\/www.municipios.gov.py\/sanalfredo\/wp-json\/wp\/v2\/types\/page"}],"author":[{"embeddable":true,"href":"https:\/\/www.municipios.gov.py\/sanalfredo\/wp-json\/wp\/v2\/users\/4"}],"replies":[{"embeddable":true,"href":"https:\/\/www.municipios.gov.py\/sanalfredo\/wp-json\/wp\/v2\/comments?post=141"}],"version-history":[{"count":4,"href":"https:\/\/www.municipios.gov.py\/sanalfredo\/wp-json\/wp\/v2\/pages\/141\/revisions"}],"predecessor-version":[{"id":264,"href":"https:\/\/www.municipios.gov.py\/sanalfredo\/wp-json\/wp\/v2\/pages\/141\/revisions\/264"}],"wp:attachment":[{"href":"https:\/\/www.municipios.gov.py\/sanalfredo\/wp-json\/wp\/v2\/media?parent=141"}],"curies":[{"name":"wp","href":"https:\/\/api.w.org\/{rel}","templated":true}]}}