{"id":121,"date":"2017-10-31T09:25:59","date_gmt":"2017-10-31T12:25:59","guid":{"rendered":"https:\/\/www.municipios.gov.py\/sanalfredo\/?page_id=121"},"modified":"2025-03-27T13:25:22","modified_gmt":"2025-03-27T16:25:22","slug":"fonacide","status":"publish","type":"page","link":"https:\/\/www.municipios.gov.py\/sanalfredo\/fonacide\/","title":{"rendered":"Fonacide"},"content":{"rendered":"<h2>CUMPLIMIENTO DE LA LEY 5.581\/2016<\/h2>\n<p><strong>INFORME DE GESTI\u00d3N TERCER CUATRIMESTRE A\u00d1O 2024<\/strong><\/p>\n<p><strong>En cumplimiento al Art. 1\u00ba de la Ley 5581\/2016: \u00abQue modifica los Art\u00edculos 5\u00b0 y 8\u00b0 de la Ley N\u00b0 4758\/12 \u00abQue crea el Fondo Nacional de Inversi\u00f3n P\u00fablica y Desarrollo (FONACIDE) y el Fondo para la excelencia de la Educaci\u00f3n y la Investigaci\u00f3n\u00bb.<\/strong><\/p>\n<p><a href=\"https:\/\/www.municipios.gov.py\/sanalfredo\/wp-content\/uploads\/sites\/56\/2025\/03\/EJECUCION-PRESUPUESTARIA-DE-RECURSOS-FONACIDE.pdf\">EJECUCION PRESUPUESTARIA DE RECURSOS FONACIDE<\/a><\/p>\n<p><a href=\"https:\/\/www.municipios.gov.py\/sanalfredo\/wp-content\/uploads\/sites\/56\/2025\/03\/EJECUCION-PRESUPUESTARIA-POR-OBJETO-DE-GASTO-FONACIDE.pdf\">EJECUCION PRESUPUESTARIA POR OBJETO DE GASTO FONACIDE<\/a><\/p>\n<p><a href=\"https:\/\/www.municipios.gov.py\/sanalfredo\/wp-content\/uploads\/sites\/56\/2025\/03\/INFORME-DE-GESTION.pdf\">INFORME DE GESTION<\/a><\/p>\n<p><strong>INFORME DE GESTI\u00d3N SEGUNDO CUATRIMESTRE A\u00d1O 2024<\/strong><\/p>\n<p><strong>En cumplimiento al Art. 1\u00ba de la Ley 5581\/2016: \u00abQue modifica los Art\u00edculos 5\u00b0 y 8\u00b0 de la Ley N\u00b0 4758\/12 \u00abQue crea el Fondo Nacional de Inversi\u00f3n P\u00fablica y Desarrollo (FONACIDE) y el Fondo para la excelencia de la Educaci\u00f3n y la Investigaci\u00f3n\u00bb.<\/strong><\/p>\n<p><a href=\"https:\/\/www.municipios.gov.py\/sanalfredo\/wp-content\/uploads\/sites\/56\/2024\/11\/EJECUCION-PRESUPUESTARIA-DE-RECURSOS-FONACIDE.pdf\">EJECUCION PRESUPUESTARIA DE RECURSOS FONACIDE<\/a><\/p>\n<p><a href=\"https:\/\/www.municipios.gov.py\/sanalfredo\/wp-content\/uploads\/sites\/56\/2024\/11\/EJECUCION-PRESUPUESTARIA-POR-OBJETO-DE-GASTO-FONACIDE.pdf\">EJECUCION PRESUPUESTARIA POR OBJETO DE GASTO FONACIDE<\/a><\/p>\n<p><a href=\"https:\/\/www.municipios.gov.py\/sanalfredo\/wp-content\/uploads\/sites\/56\/2024\/11\/INFORME-DE-GESTION.pdf\">INFORME DE GESTION<\/a><\/p>\n<p><strong>INFORME DE GESTI\u00d3N PRIMER CUATRIMESTRE A\u00d1O 2024<\/strong><\/p>\n<p><strong>En cumplimiento al Art. 1\u00ba de la Ley 5581\/2016: \u00abQue modifica los Art\u00edculos 5\u00b0 y 8\u00b0 de la Ley N\u00b0 4758\/12 \u00abQue crea el Fondo Nacional de Inversi\u00f3n P\u00fablica y Desarrollo (FONACIDE) y <\/strong><strong>el Fondo para la excelencia de la Educaci\u00f3n y la Investigaci\u00f3n\u00bb.<\/strong><\/p>\n<p><a href=\"https:\/\/www.municipios.gov.py\/sanalfredo\/wp-content\/uploads\/sites\/56\/2024\/07\/EJECUCION-PRESUPUESTARIA-DE-RECURSOS-FONACIDE.pdf\">EJECUCION PRESUPUESTARIA DE RECURSOS FONACIDE<\/a><\/p>\n<p><a href=\"https:\/\/www.municipios.gov.py\/sanalfredo\/wp-content\/uploads\/sites\/56\/2024\/07\/EJECUCION-PRESUPUESTARIA-POR-OBJETO-DE-GASTO-FONACIDE.pdf\">EJECUCION PRESUPUESTARIA POR OBJETO DE GASTO FONACIDE<\/a><\/p>\n<p><a href=\"https:\/\/www.municipios.gov.py\/sanalfredo\/wp-content\/uploads\/sites\/56\/2024\/07\/INFORME-DE-GESTION-MUNICIPAL-POR-RESULTADOS.pdf\">INFORME DE GESTI\u00d3N MUNICIPAL POR RESULTADOS<\/a><\/p>\n<p><strong>INFORME DE GESTI\u00d3N TERCER CUATRIMESTRE A\u00d1O 2023<\/strong><\/p>\n<p><strong>En cumplimiento al Art. 1\u00ba de la Ley 5581\/2016: \u00abQue modifica los Art\u00edculos 5\u00b0 y 8\u00b0 de la Ley N\u00b0 4758\/12 \u00abQue crea el Fondo Nacional de Inversi\u00f3n P\u00fablica y Desarrollo (FONACIDE) y el Fondo para la excelencia de la Educaci\u00f3n y la Investigaci\u00f3n\u00bb.<\/strong><\/p>\n<p><a href=\"https:\/\/www.municipios.gov.py\/sanalfredo\/wp-content\/uploads\/sites\/56\/2024\/03\/EJECUCION-PRESUPUESTARIA-DE-RECURSOS-FONACIDE.pdf\">EJECUCION PRESUPUESTARIA DE RECURSOS FONACIDE<\/a><\/p>\n<p><a href=\"https:\/\/www.municipios.gov.py\/sanalfredo\/wp-content\/uploads\/sites\/56\/2024\/03\/EJECUCION-PRESUPUESTARIA-POR-OBJETO-DE-GASTO-FONACIDE.pdf\">EJECUCION PRESUPUESTARIA POR OBJETO DE GASTO FONACIDE<\/a><\/p>\n<p><a href=\"https:\/\/www.municipios.gov.py\/sanalfredo\/wp-content\/uploads\/sites\/56\/2024\/03\/INFORME-DE-GESTION.pdf\">INFORME DE GESTION<\/a><\/p>\n<p><strong>INFORME DE GESTI\u00d3N SEGUNDO CUATRIMESTRE A\u00d1O 2023<\/strong><\/p>\n<p><strong>En cumplimiento al Art. 1\u00ba de la Ley 5581\/2016: \u00abQue modifica los Art\u00edculos 5\u00b0 y 8\u00b0 de la Ley N\u00b0 4758\/12 \u00abQue crea el Fondo Nacional de Inversi\u00f3n P\u00fablica y Desarrollo (FONACIDE) y el Fondo para la excelencia de la Educaci\u00f3n y la Investigaci\u00f3n\u00bb.<\/strong><\/p>\n<p><a href=\"https:\/\/www.municipios.gov.py\/sanalfredo\/wp-content\/uploads\/sites\/56\/2023\/11\/EJECUCION-PRESUPUESTARIA-DE-RECURSOS-FONACIDE.pdf\">EJECUCION PRESUPUESTARIA DE RECURSOS FONACIDE<\/a><\/p>\n<p><a href=\"https:\/\/www.municipios.gov.py\/sanalfredo\/wp-content\/uploads\/sites\/56\/2023\/11\/EJECUCION-PRESUPUESTARIA-POR-OBJETO-DE-GASTO-FONACIDE.pdf\">EJECUCION PRESUPUESTARIA POR OBJETO DE GASTO FONACIDE<\/a><\/p>\n<p><a href=\"https:\/\/www.municipios.gov.py\/sanalfredo\/wp-content\/uploads\/sites\/56\/2023\/11\/INFORME-DE-GESTION-MUNICIPAL-POR-RESULTADOS.pdf\">INFORME DE GESTI\u00d3N MUNICIPAL POR RESULTADOS<\/a><\/p>\n<p><strong>INFORME DE GESTI\u00d3N PRIMER CUATRIMESTRE A\u00d1O 2023<\/strong><\/p>\n<p><strong>En cumplimiento al Art. 1\u00ba de la Ley 5581\/2016: \u00abQue modifica los Art\u00edculos 5\u00b0 y 8\u00b0 de la Ley N\u00b0 4758\/12 \u00abQue crea el Fondo Nacional de Inversi\u00f3n P\u00fablica y Desarrollo (FONACIDE) y el Fondo para la excelencia de la Educaci\u00f3n y la Investigaci\u00f3n\u00bb<\/strong><\/p>\n<p><a href=\"https:\/\/www.municipios.gov.py\/sanalfredo\/wp-content\/uploads\/sites\/56\/2023\/08\/EJECUCION-PRESUPUESTARIA-DE-RECURSOS-FONACIDE.pdf\">EJECUCION PRESUPUESTARIA DE RECURSOS FONACIDE<\/a><\/p>\n<p><a href=\"https:\/\/www.municipios.gov.py\/sanalfredo\/wp-content\/uploads\/sites\/56\/2023\/08\/EJECUCION-PRESUPUESTARIA-POR-OBJETO-DE-GASTO-FONACIDE.pdf\">EJECUCION PRESUPUESTARIA POR OBJETO DE GASTO FONACIDE<\/a><\/p>\n<p><a href=\"https:\/\/www.municipios.gov.py\/sanalfredo\/wp-content\/uploads\/sites\/56\/2023\/08\/INFORME-GESTION-MUNICIPAL-POR-RESULTADOS.pdf\">INFORME GESTI\u00d3N MUNICIPAL POR RESULTADOS<\/a><\/p>\n<p>A\u00d1O 2022<\/p>\n<p>TERCER CUATRIMESTRE<\/p>\n<p><a href=\"https:\/\/www.municipios.gov.py\/sanalfredo\/wp-content\/uploads\/sites\/56\/2023\/03\/EJECUCION-PRESUPUESTARIA-DE-GASTOS.pdf\">EJECUCION PRESUPUESTARIA DE GASTOS<\/a><\/p>\n<p><a href=\"https:\/\/www.municipios.gov.py\/sanalfredo\/wp-content\/uploads\/sites\/56\/2023\/03\/EJECUCION-PRESUPUESTARIA-DE-RECURSOS.pdf\">EJECUCION PRESUPUESTARIA DE RECURSOS<\/a><\/p>\n<p><a href=\"https:\/\/www.municipios.gov.py\/sanalfredo\/wp-content\/uploads\/sites\/56\/2023\/03\/INFORME-DE-GESTION.pdf\">INFORME DE GESTION<\/a><\/p>\n<p>SEGUNDO CUATRIMESTRE<\/p>\n<p><a href=\"https:\/\/www.municipios.gov.py\/sanalfredo\/wp-content\/uploads\/sites\/56\/2022\/11\/1-EJECUCION-PRESUPUESTARIA-DE-RECURSOS-FONACIDE.pdf\">1-EJECUCION PRESUPUESTARIA DE RECURSOS FONACIDE<\/a><\/p>\n<p><a href=\"https:\/\/www.municipios.gov.py\/sanalfredo\/wp-content\/uploads\/sites\/56\/2022\/11\/2.-EJECUCION-PRESUPUESTARIA-DE-GASTOS-FONACIDE.pdf\">2. EJECUCION PRESUPUESTARIA DE GASTOS FONACIDE<\/a><\/p>\n<p><a href=\"https:\/\/www.municipios.gov.py\/sanalfredo\/wp-content\/uploads\/sites\/56\/2022\/11\/3.-INFORME-DE-GESTION.pdf\">3. INFORME DE GESTION<\/a><\/p>\n<p>PRIMER CUATRIMESTRE<\/p>\n<p><a href=\"https:\/\/www.municipios.gov.py\/sanalfredo\/wp-content\/uploads\/sites\/56\/2022\/07\/EJECUCION-PRESUPUESTARIA-DE-GASTOS.pdf\">EJECUCION PRESUPUESTARIA DE GASTOS<\/a><\/p>\n<p><a href=\"https:\/\/www.municipios.gov.py\/sanalfredo\/wp-content\/uploads\/sites\/56\/2022\/07\/EJECUCION-PRESUPUESTARIA-DE-INGRESOS.pdf\">EJECUCION PRESUPUESTARIA DE INGRESOS<\/a><\/p>\n<p><a href=\"https:\/\/www.municipios.gov.py\/sanalfredo\/wp-content\/uploads\/sites\/56\/2022\/07\/INFORME-DE-GESTION.pdf\">INFORME DE GESTION<\/a><\/p>\n<p>A\u00d1O 2021<\/p>\n<p>TERCER CUATRIMESTRE<\/p>\n<p><a href=\"https:\/\/www.municipios.gov.py\/sanalfredo\/wp-content\/uploads\/sites\/56\/2022\/04\/EPGF-EJEC.-DE-GASTOS-FONACIDE_firmado.pdf\">EPGF EJEC. DE GASTOS FONACIDE_firmado<\/a><\/p>\n<p><a href=\"https:\/\/www.municipios.gov.py\/sanalfredo\/wp-content\/uploads\/sites\/56\/2022\/04\/EPRF_EJEC.-DE-INGRESOS-FONACIDE_firmado.pdf\">EPRF_EJEC. DE INGRESOS FONACIDE_firmado<\/a><\/p>\n<p><a href=\"https:\/\/www.municipios.gov.py\/sanalfredo\/wp-content\/uploads\/sites\/56\/2022\/04\/INFORME-GESTION-FONACIDE-3ER.-C-2021_firmado.pdf\">INFORME GESTION FONACIDE 3ER. C 2021_firmado<\/a><\/p>\n<p>SEGUNDO CUATRIMESTRE<\/p>\n<p><a href=\"https:\/\/www.municipios.gov.py\/sanalfredo\/wp-content\/uploads\/sites\/56\/2021\/12\/PAG.-1-INFORME-DE-GESTION.pdf\">PAG. 1 &#8211; INFORME DE GESTION<\/a><\/p>\n<p><a href=\"https:\/\/www.municipios.gov.py\/sanalfredo\/wp-content\/uploads\/sites\/56\/2021\/12\/PAG.-2-INFORME-DE-GESTION.pdf\">PAG. 2 &#8211; INFORME DE GESTION<\/a><\/p>\n<p><a href=\"https:\/\/www.municipios.gov.py\/sanalfredo\/wp-content\/uploads\/sites\/56\/2021\/12\/GASTOS-FONACIDE.pdf\">EJECUCION PRESUPUESTARIA DE GASTOS<\/a><\/p>\n<p><a href=\"https:\/\/www.municipios.gov.py\/sanalfredo\/wp-content\/uploads\/sites\/56\/2021\/12\/RECURSOS-FONACIDE.pdf\">EJECUCION PRESUPUESTARIA DE RECURSOS<\/a><\/p>\n<p>PRIMER CUATRIMESTRE<\/p>\n<p><a href=\"https:\/\/www.municipios.gov.py\/sanalfredo\/wp-content\/uploads\/sites\/56\/2021\/07\/Ejec.-gastos-1er.-C-2021.pdf\">Ejec. gastos 1er. C 2021<\/a><\/p>\n<p><a href=\"https:\/\/www.municipios.gov.py\/sanalfredo\/wp-content\/uploads\/sites\/56\/2021\/07\/Ejec.-recursos-1er.-C-2021.pdf\">Ejec. recursos 1er. C 2021<\/a><\/p>\n<p><a href=\"https:\/\/www.municipios.gov.py\/sanalfredo\/wp-content\/uploads\/sites\/56\/2021\/07\/INFORME-GESTION-1ER.-C-2021-FONACIDE.pdf\">INFORME GESTION 1ER. C 2021-FONACIDE<\/a><\/p>\n<p>A\u00d1O 2020<\/p>\n<p><strong>INFORME DE GESTI\u00d3N TERCER CUATRIMESTRE<\/strong><\/p>\n<p><a href=\"https:\/\/www.municipios.gov.py\/sanalfredo\/wp-content\/uploads\/sites\/56\/2021\/04\/EJECUCION-PRESUPUESTARIA-DE-RECURSO-TERCER-CUATRIMESTRE.pdf\">EJECUCION PRESUPUESTARIA DE RECURSO TERCER CUATRIMESTRE<\/a><\/p>\n<p><a href=\"https:\/\/www.municipios.gov.py\/sanalfredo\/wp-content\/uploads\/sites\/56\/2021\/04\/EJECUCION-PRESUPUESTARIA-TERCER-CUATRIMESTRE-2020.pdf\">EJECUCION PRESUPUESTARIA DE GASTO TERCER CUATRIMESTRE 2020<\/a><\/p>\n<p><a href=\"https:\/\/www.municipios.gov.py\/sanalfredo\/wp-content\/uploads\/sites\/56\/2021\/04\/INFORME-DE-GESTION-DEL-TERCER-CUATRIMESTRE.pdf\">INFORME DE GESTION DEL TERCER CUATRIMESTRE<\/a><\/p>\n<p><strong>INFORME DE GESTI\u00d3N SEGUNDO CUATRIMESTRE<\/strong><\/p>\n<p><a href=\"https:\/\/www.municipios.gov.py\/sanalfredo\/wp-content\/uploads\/sites\/56\/2020\/11\/1-EJECUCION-RECURSOS-FONACIDE.pdf\">1-EJECUCION RECURSOS FONACIDE<\/a><\/p>\n<p><a href=\"https:\/\/www.municipios.gov.py\/sanalfredo\/wp-content\/uploads\/sites\/56\/2020\/11\/2-EJECUCION-GASTOS-FONACIDE.pdf\">2-EJECUCION GASTOS &#8211; FONACIDE<\/a><\/p>\n<p><a href=\"https:\/\/www.municipios.gov.py\/sanalfredo\/wp-content\/uploads\/sites\/56\/2020\/11\/INFORME-DE-GESTION-ANEXO-B-01-08.pdf\">INFORME DE GESTION &#8211; ANEXO B-01-08<\/a><\/p>\n<p><strong>INFORME DE GESTI\u00d3N PRIMER CUATRIMESTRE<\/strong><\/p>\n<p><a href=\"https:\/\/www.municipios.gov.py\/sanalfredo\/wp-content\/uploads\/sites\/56\/2020\/10\/Ejecuc.-Presup.-Gastos.pdf\">Ejecuc. Presup. Gastos<\/a><\/p>\n<p><a href=\"https:\/\/www.municipios.gov.py\/sanalfredo\/wp-content\/uploads\/sites\/56\/2020\/10\/Ejecuc.-Presup.-Ingresos.pdf\">Ejecuc. Presup. Ingresos<\/a><\/p>\n<p><a href=\"https:\/\/www.municipios.gov.py\/sanalfredo\/wp-content\/uploads\/sites\/56\/2020\/10\/Anexo-B-01-08-Informe-de-gestion-1ER.-CUAT.-2020__.pdf\">Anexo B-01-08 Informe de gestion <\/a><\/p>\n<p>A\u00d1O 2019<\/p>\n<p><strong>INFORME DE GESTI\u00d3N TERCER CUATRIMESTRE<\/strong><\/p>\n<p><a href=\"https:\/\/www.municipios.gov.py\/sanalfredo\/wp-content\/uploads\/sites\/56\/2020\/04\/EJECUCION-PRESUPUESTARIA-GASTOS.pdf\">EJECUCION PRESUPUESTARIA GASTOS<\/a><\/p>\n<p><a href=\"https:\/\/www.municipios.gov.py\/sanalfredo\/wp-content\/uploads\/sites\/56\/2020\/04\/EJECUCI\u00d3N-PRESUPUESTARIA-RECURSOS.pdf\">EJECUCI\u00d3N PRESUPUESTARIA RECURSOS<\/a><\/p>\n<p><a href=\"https:\/\/www.municipios.gov.py\/sanalfredo\/wp-content\/uploads\/sites\/56\/2020\/04\/INFORME-DE-GESTION-3ER-CUATRIMESTRE.pdf\">INFORME DE GESTION 3ER CUATRIMESTRE<\/a><\/p>\n<p><strong>INFORME DE GESTI\u00d3N SEGUNDO CUATRIMESTRE<\/strong><\/p>\n<p><a href=\"https:\/\/www.municipios.gov.py\/sanalfredo\/wp-content\/uploads\/sites\/56\/2019\/11\/ANEXO-B0108-2DO-CUAT.-2019-SAN-ALFREDO-UDM.pdf\">ANEXO B0108 2DO CUAT. 2019 SAN ALFREDO UDM<\/a><\/p>\n<p><a href=\"https:\/\/www.municipios.gov.py\/sanalfredo\/wp-content\/uploads\/sites\/56\/2019\/11\/EJECUCION-PRESUPUESTARIA-DE-EGRESOS-FONACIDE.pdf\">EJECUCION PRESUPUESTARIA DE EGRESOS &#8211; FONACIDE<\/a><\/p>\n<p><a href=\"https:\/\/www.municipios.gov.py\/sanalfredo\/wp-content\/uploads\/sites\/56\/2019\/11\/EJECUCION-PRESUPUESTARIA-RECURSOS-FONACIDE.pdf\">EJECUCION PRESUPUESTARIA RECURSOS &#8211; FONACIDE<\/a><\/p>\n<p><strong>INFORME DE GESTI\u00d3N PRIMER CUATRIMESTRE<\/strong><\/p>\n<p><a href=\"https:\/\/www.municipios.gov.py\/sanalfredo\/wp-content\/uploads\/sites\/56\/2019\/07\/ANEXO-B0108-1ER-CUAT.-2019-SAN-ALFREDO-pag.-web.pdf\">ANEXO B0108 1ER CUAT. 2019 SAN ALFREDO pag. web<\/a><\/p>\n<p><a href=\"https:\/\/www.municipios.gov.py\/sanalfredo\/wp-content\/uploads\/sites\/56\/2019\/07\/Ejecuci\u00f3n-Presupuestaria-de-Ingresos.pdf\">Ejecuci\u00f3n Presupuestaria de Ingresos<\/a><\/p>\n<p><a href=\"https:\/\/www.municipios.gov.py\/sanalfredo\/wp-content\/uploads\/sites\/56\/2019\/07\/Ejecuci\u00f3n-Presupuestia-de-Gastos.pdf\">Ejecuci\u00f3n Presupuestia de Gastos<\/a><\/p>\n<p><strong>A\u00d1O 2018<\/strong><\/p>\n<p><strong>INFORME DE GESTI\u00d3N TERCER CUATRIMESTRE<\/strong><\/p>\n<p><a href=\"https:\/\/www.municipios.gov.py\/sanalfredo\/wp-content\/uploads\/sites\/56\/2019\/03\/B0108-3er-Cuat.-2018-San-Alfredo-pag-web.pdf\">B0108 3er Cuat. 2018 San Alfredo<\/a><\/p>\n<p><a href=\"https:\/\/www.municipios.gov.py\/sanalfredo\/wp-content\/uploads\/sites\/56\/2019\/03\/Ejecuci\u00f3n-Presupuestaria-de-Gastos.pdf\">Ejecuci\u00f3n Presupuestaria de Gastos<\/a><\/p>\n<p><a href=\"https:\/\/www.municipios.gov.py\/sanalfredo\/wp-content\/uploads\/sites\/56\/2019\/03\/Ejecuci\u00f3n-presupuestaria-de-Ingresos.pdf\">Ejecuci\u00f3n presupuestaria de Ingresos<\/a><\/p>\n<p><strong>INFORME DE GESTI\u00d3N SEGUNDO CUATRIMESTRE<\/strong><\/p>\n<p><a href=\"https:\/\/www.municipios.gov.py\/sanalfredo\/wp-content\/uploads\/sites\/56\/2018\/11\/B0108-2do-Cuat.-2018-San-Alfredo-pag-web.pdf\">INFORME DE GESTION<\/a><\/p>\n<p><a href=\"https:\/\/www.municipios.gov.py\/sanalfredo\/wp-content\/uploads\/sites\/56\/2018\/11\/Ejecuci\u00f3n-presupuestaria-Gastos.pdf\">EJECUCION PRESUPUESTARIA DE GASTOS<\/a><\/p>\n<p><a href=\"https:\/\/www.municipios.gov.py\/sanalfredo\/wp-content\/uploads\/sites\/56\/2018\/11\/Ejecuci\u00f3n-presupuestaria-Ingresos.pdf\">EJECUCION PRESUPUESTARIA DE INGRESOS<\/a><\/p>\n<p><strong>PRIMER CUATRIMESTRE<\/strong><\/p>\n<p><strong>Informe de Gesti\u00f3n<\/strong><\/p>\n<p><a href=\"https:\/\/www.municipios.gov.py\/sanalfredo\/wp-content\/uploads\/sites\/56\/2018\/07\/Anexo-B0108-1er-Cuatrimestre-2018-San-Alfredo.pdf\">Anexo B0108 1er Cuatrimestre 2018 San Alfredo<\/a><\/p>\n<p><a href=\"https:\/\/www.municipios.gov.py\/sanalfredo\/wp-content\/uploads\/sites\/56\/2018\/07\/Ejecuci\u00f3n-presupuestaria-de-gastos-Fonacide.pdf\">Ejecuci\u00f3n presupuestaria de gastos &#8211; Fonacide<\/a><\/p>\n<p><a href=\"https:\/\/www.municipios.gov.py\/sanalfredo\/wp-content\/uploads\/sites\/56\/2018\/07\/Ejecuci\u00f3n-presupuestaria-de-ingresos-Fonacide.pdf\">Ejecuci\u00f3n presupuestaria de ingresos &#8211; Fonacide<\/a><\/p>\n<p><strong>Informe Semestral Primer Semestre<\/strong><\/p>\n<p><a href=\"https:\/\/www.municipios.gov.py\/sanalfredo\/wp-content\/uploads\/sites\/56\/2018\/07\/ME-CGR-Informe-1er-Semestre-2018-San-Alfredo.pdf\">ME CGR Informe 1er Semestre 2018 &#8211; San Alfredo<\/a><\/p>\n<p><a href=\"https:\/\/www.municipios.gov.py\/sanalfredo\/wp-content\/uploads\/sites\/56\/2018\/07\/Planilla-RC-1er-Semestre-2018-San-Alfredo.pdf\">Planilla RC 1er Semestre 2018 &#8211; San Alfredo<\/a><\/p>\n<p><a href=\"https:\/\/www.municipios.gov.py\/sanalfredo\/wp-content\/uploads\/sites\/56\/2018\/07\/Ejecucion-1er-Semestre-2018-San-Alfredo.pdf\">Ejecucion 1er Semestre 2018 &#8211; San Alfredo<\/a><\/p>\n<p><strong>A\u00d1O 2017<\/strong><\/p>\n<p><strong>III. CUATRIMESTRE<\/strong><\/p>\n<p><a href=\"https:\/\/www.municipios.gov.py\/sanalfredo\/wp-content\/uploads\/sites\/56\/2018\/03\/Informe-de-Gestion-3er-Cuat.-San-Alfredo-2017.pdf\">Informe de Gestion 3er Cuat. San Alfredo 2017<\/a><\/p>\n<p><strong>IV. TRIMESTRE<\/strong><\/p>\n<p><a href=\"https:\/\/www.municipios.gov.py\/sanalfredo\/wp-content\/uploads\/sites\/56\/2018\/03\/Informe-de-Gestion-4to-Trimestre-San-Alfredo-2017.pdf\">Informe de Gestion 4to Trimestre San Alfredo 2017<\/a><\/p>\n<p><strong>III. TRIMESTRE<\/strong><\/p>\n<p><a href=\"https:\/\/www.municipios.gov.py\/sanalfredo\/wp-content\/uploads\/sites\/56\/2017\/10\/Informe-de-Gestion-al-30-de-setiembre_000008.pdf\">INFORME DE GESTION<\/a><\/p>\n<p><a href=\"https:\/\/www.municipios.gov.py\/sanalfredo\/wp-content\/uploads\/sites\/56\/2017\/10\/Ejecucion-de-recursos-al-30-de-setiembre_000006.pdf\">EJECUCION PRESUPUESTARIA DE INGRESOS<\/a><\/p>\n<p><a href=\"https:\/\/www.municipios.gov.py\/sanalfredo\/wp-content\/uploads\/sites\/56\/2017\/10\/Ejecucion-de-Gatos-al-30-de-setiembre_000007-1.pdf\">EJECUCION PRESUPUESTARIA DE GASTOS<\/a><\/p>\n<p><strong>SEGUNDO CUATRIMESTRE<\/strong><\/p>\n<p><a href=\"https:\/\/www.municipios.gov.py\/sanalfredo\/wp-content\/uploads\/sites\/56\/2017\/10\/Informe-de-gestion-2do-cuat-2017_000005.pdf\">INFORME DE GESTION<\/a><\/p>\n<p><a href=\"https:\/\/www.municipios.gov.py\/sanalfredo\/wp-content\/uploads\/sites\/56\/2017\/10\/EJECUCION-PRESUP.-INGRESOS-FONACIDE.pdf\">EJECUCION PRESUPUESTARIA DE INGRESOS<\/a><\/p>\n<p><a href=\"https:\/\/www.municipios.gov.py\/sanalfredo\/wp-content\/uploads\/sites\/56\/2017\/10\/EJECUCION-PRESUP.-GASTOS-FONACIDE.pdf\">EJECUCION PRESUPUESTARIA DE GASTOS<\/a><\/p>\n<p><strong>PRIMER CUATRIMESTRE<\/strong><\/p>\n<p><a href=\"https:\/\/www.municipios.gov.py\/sanalfredo\/wp-content\/uploads\/sites\/56\/2017\/10\/ANEXO-B-01-08-SAN-ALFREDO-para-publicar.pdf\">INFORME DE GESTION<\/a><\/p>\n<p><a href=\"https:\/\/www.municipios.gov.py\/sanalfredo\/wp-content\/uploads\/sites\/56\/2017\/10\/Ejecuci\u00f3n-FONACIDE.pdf\">EJECUCION PRESUPUESTARIA DE INGRESOS Y GASTOS<\/a><\/p>\n<p><strong>A\u00d1O 2016<\/strong><\/p>\n<p>IV TRIMESTRE<\/p>\n<p><a href=\"https:\/\/www.municipios.gov.py\/sanalfredo\/wp-content\/uploads\/sites\/56\/2016\/02\/Informe-FONACIDE-4to-Trimestre-2016.pdf\">Formulario B-01-8 Informe de Resultados de Gesti\u00f3n de Recursos Espec\u00edficos de Gobiernos Municipales<\/a><\/p>\n<p>III TRIMESTRE<\/p>\n<p><a href=\"https:\/\/www.municipios.gov.py\/sanalfredo\/wp-content\/uploads\/sites\/56\/2016\/02\/B-01-08_3er_Trimestre_San_Alfredo.pdf\">Formulario B-01-8 Informe de Resultados de Gesti\u00f3n de Recursos Espec\u00edficos de Gobiernos Municipales<\/a><\/p>\n<p><a href=\"https:\/\/www.municipios.gov.py\/sanalfredo\/wp-content\/uploads\/sites\/56\/2016\/02\/Ejecucion_3er_Trimestre_San_Alfredo.pdf\">EJECUCION PRESUPUESTARIA DE INGRESOS Y GASTOS<\/a><\/p>\n<p>II TRIMESTRE<\/p>\n<p><a href=\"https:\/\/www.municipios.gov.py\/sanalfredo\/wp-content\/uploads\/sites\/56\/2016\/02\/B-01-08-San-Alfredo-2do-Trimestre-2016.xlsx\">Formulario B-01-8 Informe de Resultados de Gesti\u00f3n de Recursos Espec\u00edficos de Gobiernos Municipales FONACIDE<\/a><\/p>\n<p><a href=\"https:\/\/www.municipios.gov.py\/sanalfredo\/wp-content\/uploads\/sites\/56\/2016\/02\/EJECUCI\u00d3N-PRESUPUESTARIA-DE-RECURSOS-FONACIDE.pdf\">EJECUCI\u00d3N PRESUPUESTARIA DE RECURSOS &#8211; FONACIDE<\/a><\/p>\n<p><a href=\"https:\/\/www.municipios.gov.py\/sanalfredo\/wp-content\/uploads\/sites\/56\/2016\/02\/EJECUCION-PRESUPUESTARIA-POR-OBJETO-DE-GASTOS-FONACIDE.pdf\">EJECUCION PRESUPUESTARIA POR OBJETO DE GASTOS &#8211; FONACIDE<\/a><\/p>\n<p><a href=\"https:\/\/www.municipios.gov.py\/sanalfredo\/wp-content\/uploads\/sites\/56\/2016\/02\/INFORME-SEMESTRAL-FONACIDE.pdf\">INFORME SEMESTRAL &#8211; FONACIDE<\/a><\/p>\n<p><a href=\"https:\/\/www.municipios.gov.py\/sanalfredo\/wp-content\/uploads\/sites\/56\/2016\/02\/MESA-DE-ENTRADA-CGR-INF.1ER.SEMESTRE.pdf\">MESA DE ENTRADA CGR INF.1ER.SEMESTRE<\/a><\/p>\n","protected":false},"excerpt":{"rendered":"<p>CUMPLIMIENTO DE LA LEY 5.581\/2016 INFORME DE GESTI\u00d3N TERCER CUATRIMESTRE A\u00d1O 2024 En cumplimiento al Art. 1\u00ba de la Ley 5581\/2016: \u00abQue modifica los Art\u00edculos 5\u00b0 y 8\u00b0 de la Ley N\u00b0 4758\/12 \u00abQue crea el Fondo Nacional de Inversi\u00f3n P\u00fablica y Desarrollo (FONACIDE) y el Fondo para la excelencia de la Educaci\u00f3n y la &#8230; <a title=\"Fonacide\" class=\"read-more\" href=\"https:\/\/www.municipios.gov.py\/sanalfredo\/fonacide\/\" aria-label=\"Leer m\u00e1s sobre Fonacide\">Leer Mas&#8230;<\/a><\/p>\n","protected":false},"author":4,"featured_media":0,"parent":0,"menu_order":0,"comment_status":"closed","ping_status":"closed","template":"","meta":{"generate_page_header":"","jetpack_post_was_ever_published":false,"footnotes":""},"class_list":["post-121","page","type-page","status-publish"],"jetpack_sharing_enabled":true,"jetpack_shortlink":"https:\/\/wp.me\/P7k4eY-1X","_links":{"self":[{"href":"https:\/\/www.municipios.gov.py\/sanalfredo\/wp-json\/wp\/v2\/pages\/121","targetHints":{"allow":["GET"]}}],"collection":[{"href":"https:\/\/www.municipios.gov.py\/sanalfredo\/wp-json\/wp\/v2\/pages"}],"about":[{"href":"https:\/\/www.municipios.gov.py\/sanalfredo\/wp-json\/wp\/v2\/types\/page"}],"author":[{"embeddable":true,"href":"https:\/\/www.municipios.gov.py\/sanalfredo\/wp-json\/wp\/v2\/users\/4"}],"replies":[{"embeddable":true,"href":"https:\/\/www.municipios.gov.py\/sanalfredo\/wp-json\/wp\/v2\/comments?post=121"}],"version-history":[{"count":33,"href":"https:\/\/www.municipios.gov.py\/sanalfredo\/wp-json\/wp\/v2\/pages\/121\/revisions"}],"predecessor-version":[{"id":942,"href":"https:\/\/www.municipios.gov.py\/sanalfredo\/wp-json\/wp\/v2\/pages\/121\/revisions\/942"}],"wp:attachment":[{"href":"https:\/\/www.municipios.gov.py\/sanalfredo\/wp-json\/wp\/v2\/media?parent=121"}],"curies":[{"name":"wp","href":"https:\/\/api.w.org\/{rel}","templated":true}]}}