{"id":2,"date":"2016-06-30T17:59:43","date_gmt":"2016-06-30T17:59:43","guid":{"rendered":"https:\/\/www.municipios.gov.py\/quiindy\/?page_id=2"},"modified":"2023-03-09T12:45:52","modified_gmt":"2023-03-09T15:45:52","slug":"pagina-ejemplo","status":"publish","type":"page","link":"https:\/\/www.municipios.gov.py\/quiindy\/","title":{"rendered":"Informaci\u00f3n"},"content":{"rendered":"<p style=\"text-align: center;\"><span style=\"text-decoration: underline;\"><strong><em>Municipalidad de Quiindy<\/em><\/strong><\/span><\/p>\n<p style=\"text-align: center;\"><strong>Misi\u00f3n<\/strong><\/p>\n<p style=\"text-align: center;\">\u00abBrindar servicios eficientes, teniendo en cuenta las necesidades y expectativas de la comunidad, involucr\u00e1ndola en la planificaci\u00f3n y elaboraci\u00f3n de programas y proyectos comunitarios, a trav\u00e9s de trabajo conjunto que permita mejorar en lo administrativo, financiero y democr\u00e1tico, de manera a promover la identidad cultural de Quiindy, conociendo la historia del pasado, potenciar la asistencia a la salud, como as\u00ed tambi\u00e9n en el \u00e1mbito social, hacer que la ciudadan\u00eda, mediante la pol\u00edtica participativa descubra sus cualidades\u00bb<\/p>\n<p style=\"text-align: center;\"><strong>Visi\u00f3n<\/strong><\/p>\n<p style=\"text-align: center;\">\u00abInstituci\u00f3n activa, participativa, democr\u00e1tica, pluralista, como modelo de gesti\u00f3n financiera y prestaci\u00f3n de servicio eficiente y eficaz, logrando el fortalecimiento institucional y de la ciudadan\u00eda quiindyense\u00bb<\/p>\n<p>&nbsp;<\/p>\n","protected":false},"excerpt":{"rendered":"<p>Municipalidad de Quiindy Misi\u00f3n \u00abBrindar servicios eficientes, teniendo en cuenta las necesidades y expectativas de la comunidad, involucr\u00e1ndola en la planificaci\u00f3n y elaboraci\u00f3n de programas y proyectos comunitarios, a trav\u00e9s de trabajo conjunto que permita mejorar en lo administrativo, financiero y democr\u00e1tico, de manera a promover la identidad cultural de Quiindy, conociendo la historia del &#8230; <a title=\"Informaci\u00f3n\" class=\"read-more\" href=\"https:\/\/www.municipios.gov.py\/quiindy\/\" aria-label=\"Leer m\u00e1s sobre Informaci\u00f3n\">Leer Mas&#8230;<\/a><\/p>\n","protected":false},"author":4,"featured_media":0,"parent":0,"menu_order":0,"comment_status":"closed","ping_status":"closed","template":"","meta":{"generate_page_header":"","jetpack_post_was_ever_published":false,"footnotes":""},"class_list":["post-2","page","type-page","status-publish"],"jetpack_sharing_enabled":true,"jetpack_shortlink":"https:\/\/wp.me\/P8AJKT-2","_links":{"self":[{"href":"https:\/\/www.municipios.gov.py\/quiindy\/wp-json\/wp\/v2\/pages\/2","targetHints":{"allow":["GET"]}}],"collection":[{"href":"https:\/\/www.municipios.gov.py\/quiindy\/wp-json\/wp\/v2\/pages"}],"about":[{"href":"https:\/\/www.municipios.gov.py\/quiindy\/wp-json\/wp\/v2\/types\/page"}],"author":[{"embeddable":true,"href":"https:\/\/www.municipios.gov.py\/quiindy\/wp-json\/wp\/v2\/users\/4"}],"replies":[{"embeddable":true,"href":"https:\/\/www.municipios.gov.py\/quiindy\/wp-json\/wp\/v2\/comments?post=2"}],"version-history":[{"count":8,"href":"https:\/\/www.municipios.gov.py\/quiindy\/wp-json\/wp\/v2\/pages\/2\/revisions"}],"predecessor-version":[{"id":514,"href":"https:\/\/www.municipios.gov.py\/quiindy\/wp-json\/wp\/v2\/pages\/2\/revisions\/514"}],"wp:attachment":[{"href":"https:\/\/www.municipios.gov.py\/quiindy\/wp-json\/wp\/v2\/media?parent=2"}],"curies":[{"name":"wp","href":"https:\/\/api.w.org\/{rel}","templated":true}]}}