{"id":2,"date":"2016-06-30T17:59:43","date_gmt":"2016-06-30T17:59:43","guid":{"rendered":"https:\/\/www.municipios.gov.py\/puertopinasco\/?page_id=2"},"modified":"2016-07-12T14:44:31","modified_gmt":"2016-07-12T14:44:31","slug":"pagina-ejemplo","status":"publish","type":"page","link":"https:\/\/www.municipios.gov.py\/puertopinasco\/","title":{"rendered":"Informaci\u00f3n"},"content":{"rendered":"<h2><img loading=\"lazy\" decoding=\"async\" class=\"alignnone size-medium wp-image-229\" src=\"https:\/\/www.municipios.gov.py\/puertopinasco\/wp-content\/uploads\/sites\/105\/2016\/07\/pinasco-puerto-300x225.jpg\" alt=\"pinasco puerto\" width=\"300\" height=\"225\" srcset=\"https:\/\/www.municipios.gov.py\/puertopinasco\/wp-content\/uploads\/sites\/105\/2016\/07\/pinasco-puerto-300x225.jpg 300w, https:\/\/www.municipios.gov.py\/puertopinasco\/wp-content\/uploads\/sites\/105\/2016\/07\/pinasco-puerto-768x576.jpg 768w, https:\/\/www.municipios.gov.py\/puertopinasco\/wp-content\/uploads\/sites\/105\/2016\/07\/pinasco-puerto-1024x768.jpg 1024w, https:\/\/www.municipios.gov.py\/puertopinasco\/wp-content\/uploads\/sites\/105\/2016\/07\/pinasco-puerto.jpg 1600w\" sizes=\"auto, (max-width: 300px) 100vw, 300px\" \/><img loading=\"lazy\" decoding=\"async\" class=\"alignnone size-medium wp-image-228\" src=\"https:\/\/www.municipios.gov.py\/puertopinasco\/wp-content\/uploads\/sites\/105\/2016\/07\/pinasco-hachero-300x225.jpg\" alt=\"pinasco hachero\" width=\"300\" height=\"225\" srcset=\"https:\/\/www.municipios.gov.py\/puertopinasco\/wp-content\/uploads\/sites\/105\/2016\/07\/pinasco-hachero-300x225.jpg 300w, https:\/\/www.municipios.gov.py\/puertopinasco\/wp-content\/uploads\/sites\/105\/2016\/07\/pinasco-hachero.jpg 500w\" sizes=\"auto, (max-width: 300px) 100vw, 300px\" \/><\/h2>\n<h2><span id=\"Historia\" class=\"mw-headline\">Historia<\/span><\/h2>\n<p>Se fund\u00f3 en el a\u00f1o 1917, durante el gobierno de <a title=\"Manuel Franco\" href=\"https:\/\/es.wikipedia.org\/wiki\/Manuel_Franco\">Manuel Franco<\/a>. Se inici\u00f3 como una empresa de Santiago Pinasco, \u201cCompa\u00f1\u00eda Rosarina de Campos y Bosques\u201d, fue elevada a la categor\u00eda de distrito el 31 de julio de 1962. La empresa aserradera se dedicaba a la elaboraci\u00f3n de rollos y durmientes de <a class=\"mw-disambig\" title=\"Quebracho\" href=\"https:\/\/es.wikipedia.org\/wiki\/Quebracho\">quebracho<\/a>. Luego \u00e9sta fue transferida a una empresa norteamericana \u201cNew York and Paraguay Company\u201d, que se dedicaba a la explotaci\u00f3n de tanino.<\/p>\n<p>A su vez, en <a title=\"1920\" href=\"https:\/\/es.wikipedia.org\/wiki\/1920\">1920<\/a> se transfieren los intereses a la empresa a la IPC \u201cInternational Production Corporation\u201d, para que la f\u00e1brica resultara m\u00e1s rentable se instal\u00f3 tambi\u00e9n una <a title=\"V\u00eda f\u00e9rrea\" href=\"https:\/\/es.wikipedia.org\/wiki\/V%C3%ADa_f%C3%A9rrea\">v\u00eda f\u00e9rrea<\/a> de 145 km de largo, 7 <a class=\"mw-redirect\" title=\"Locomotoras\" href=\"https:\/\/es.wikipedia.org\/wiki\/Locomotoras\">locomotoras<\/a> y cerca de 70 vagones. En la misma \u00e9poca se crearon los puertos Guaran\u00ed y Sastre, los dos en <a class=\"mw-redirect\" title=\"Alto Paraguay\" href=\"https:\/\/es.wikipedia.org\/wiki\/Alto_Paraguay\">Alto Paraguay<\/a>. Esta empresa taninera pas\u00f3 posteriormente a manos de una empresa argentina Invicta Limited en 1965, que se declar\u00f3 en quiebra en menos de 2 a\u00f1os.<\/p>\n<p>El Puerto Sastre y Puerto Guaran\u00ed se crearon en la misma \u00e9poca, el gobierno paraguayo ofrec\u00eda miles de hect\u00e1reas de tierra a empresas extranjeras, preferentemente europeas, debido al estado de miseria en que se hallaba la zona, <a title=\"Pobreza\" href=\"https:\/\/es.wikipedia.org\/wiki\/Pobreza\">pobreza<\/a> que afectaba a las familias paraguayas.<\/p>\n<p>En <a title=\"1958\" href=\"https:\/\/es.wikipedia.org\/wiki\/1958\">1958<\/a>, el Dr. Artemio Ram\u00f3n Bracho fund\u00f3 la <a title=\"Cruzada mundial de la amistad\" href=\"https:\/\/es.wikipedia.org\/wiki\/Cruzada_mundial_de_la_amistad\">Cruzada Mundial de la Amistad<\/a>.<\/p>\n","protected":false},"excerpt":{"rendered":"<p>Historia Se fund\u00f3 en el a\u00f1o 1917, durante el gobierno de Manuel Franco. Se inici\u00f3 como una empresa de Santiago Pinasco, \u201cCompa\u00f1\u00eda Rosarina de Campos y Bosques\u201d, fue elevada a la categor\u00eda de distrito el 31 de julio de 1962. La empresa aserradera se dedicaba a la elaboraci\u00f3n de rollos y durmientes de quebracho. Luego &#8230; <a title=\"Informaci\u00f3n\" class=\"read-more\" href=\"https:\/\/www.municipios.gov.py\/puertopinasco\/\" aria-label=\"Leer m\u00e1s sobre Informaci\u00f3n\">Leer Mas&#8230;<\/a><\/p>\n","protected":false},"author":4,"featured_media":0,"parent":0,"menu_order":0,"comment_status":"closed","ping_status":"open","template":"","meta":{"generate_page_header":"","jetpack_post_was_ever_published":false,"footnotes":""},"class_list":["post-2","page","type-page","status-publish"],"jetpack_sharing_enabled":true,"jetpack_shortlink":"https:\/\/wp.me\/P8AJJR-2","_links":{"self":[{"href":"https:\/\/www.municipios.gov.py\/puertopinasco\/wp-json\/wp\/v2\/pages\/2","targetHints":{"allow":["GET"]}}],"collection":[{"href":"https:\/\/www.municipios.gov.py\/puertopinasco\/wp-json\/wp\/v2\/pages"}],"about":[{"href":"https:\/\/www.municipios.gov.py\/puertopinasco\/wp-json\/wp\/v2\/types\/page"}],"author":[{"embeddable":true,"href":"https:\/\/www.municipios.gov.py\/puertopinasco\/wp-json\/wp\/v2\/users\/4"}],"replies":[{"embeddable":true,"href":"https:\/\/www.municipios.gov.py\/puertopinasco\/wp-json\/wp\/v2\/comments?post=2"}],"version-history":[{"count":10,"href":"https:\/\/www.municipios.gov.py\/puertopinasco\/wp-json\/wp\/v2\/pages\/2\/revisions"}],"predecessor-version":[{"id":230,"href":"https:\/\/www.municipios.gov.py\/puertopinasco\/wp-json\/wp\/v2\/pages\/2\/revisions\/230"}],"wp:attachment":[{"href":"https:\/\/www.municipios.gov.py\/puertopinasco\/wp-json\/wp\/v2\/media?parent=2"}],"curies":[{"name":"wp","href":"https:\/\/api.w.org\/{rel}","templated":true}]}}