{"id":2,"date":"2016-05-23T16:03:00","date_gmt":"2016-05-23T16:03:00","guid":{"rendered":"https:\/\/www.municipios.gov.py\/puertocasado\/?page_id=2"},"modified":"2022-02-14T11:14:42","modified_gmt":"2022-02-14T14:14:42","slug":"pagina-ejemplo","status":"publish","type":"page","link":"https:\/\/www.municipios.gov.py\/puertocasado\/","title":{"rendered":"Informaci\u00f3n"},"content":{"rendered":"<p class=\"jetpack-slideshow-noscript robots-nocontent\">El pase de diapositivas requiere JavaScript.<\/p><div id=\"gallery-2-1-slideshow\" class=\"jetpack-slideshow-window jetpack-slideshow jetpack-slideshow-black\" data-trans=\"fade\" data-autostart=\"1\" data-gallery=\"[{&quot;src&quot;:&quot;https:\\\/\\\/www.municipios.gov.py\\\/puertocasado\\\/wp-content\\\/uploads\\\/sites\\\/88\\\/2016\\\/05\\\/TREN-CARLOS-CASADO.jpg&quot;,&quot;id&quot;:&quot;114&quot;,&quot;title&quot;:&quot;TREN CARLOS CASADO&quot;,&quot;alt&quot;:&quot;&quot;,&quot;caption&quot;:&quot;&quot;,&quot;itemprop&quot;:&quot;image&quot;},{&quot;src&quot;:&quot;https:\\\/\\\/www.municipios.gov.py\\\/puertocasado\\\/wp-content\\\/uploads\\\/sites\\\/88\\\/2016\\\/05\\\/o_1346196144.jpg&quot;,&quot;id&quot;:&quot;112&quot;,&quot;title&quot;:&quot;o_1346196144&quot;,&quot;alt&quot;:&quot;&quot;,&quot;caption&quot;:&quot;&quot;,&quot;itemprop&quot;:&quot;image&quot;},{&quot;src&quot;:&quot;https:\\\/\\\/www.municipios.gov.py\\\/puertocasado\\\/wp-content\\\/uploads\\\/sites\\\/88\\\/2016\\\/05\\\/o_1346194826.jpg&quot;,&quot;id&quot;:&quot;111&quot;,&quot;title&quot;:&quot;o_1346194826&quot;,&quot;alt&quot;:&quot;&quot;,&quot;caption&quot;:&quot;&quot;,&quot;itemprop&quot;:&quot;image&quot;},{&quot;src&quot;:&quot;https:\\\/\\\/www.municipios.gov.py\\\/puertocasado\\\/wp-content\\\/uploads\\\/sites\\\/88\\\/2016\\\/05\\\/EPOCAS-DE-GUERRA.jpg&quot;,&quot;id&quot;:&quot;110&quot;,&quot;title&quot;:&quot;EPOCAS DE GUERRA&quot;,&quot;alt&quot;:&quot;&quot;,&quot;caption&quot;:&quot;&quot;,&quot;itemprop&quot;:&quot;image&quot;},{&quot;src&quot;:&quot;https:\\\/\\\/www.municipios.gov.py\\\/puertocasado\\\/wp-content\\\/uploads\\\/sites\\\/88\\\/2016\\\/05\\\/JPG.jpg&quot;,&quot;id&quot;:&quot;107&quot;,&quot;title&quot;:&quot;JPG&quot;,&quot;alt&quot;:&quot;&quot;,&quot;caption&quot;:&quot;&quot;,&quot;itemprop&quot;:&quot;image&quot;},{&quot;src&quot;:&quot;https:\\\/\\\/www.municipios.gov.py\\\/puertocasado\\\/wp-content\\\/uploads\\\/sites\\\/88\\\/2016\\\/05\\\/MUNICIPALIDAD-DE-PUERTO-CASADO.jpg&quot;,&quot;id&quot;:&quot;100&quot;,&quot;title&quot;:&quot;MUNICIPALIDAD DE PUERTO CASADO&quot;,&quot;alt&quot;:&quot;&quot;,&quot;caption&quot;:&quot;&quot;,&quot;itemprop&quot;:&quot;image&quot;},{&quot;src&quot;:&quot;https:\\\/\\\/www.municipios.gov.py\\\/puertocasado\\\/wp-content\\\/uploads\\\/sites\\\/88\\\/2016\\\/05\\\/WhatsApp-Image-2017-07-06-at-13.58.08.jpeg&quot;,&quot;id&quot;:&quot;257&quot;,&quot;title&quot;:&quot;WhatsApp Image 2017-07-06 at 13.58.08&quot;,&quot;alt&quot;:&quot;&quot;,&quot;caption&quot;:&quot;&quot;,&quot;itemprop&quot;:&quot;image&quot;},{&quot;src&quot;:&quot;https:\\\/\\\/www.municipios.gov.py\\\/puertocasado\\\/wp-content\\\/uploads\\\/sites\\\/88\\\/2016\\\/05\\\/WhatsApp-Image-2017-07-06-at-13.56.58.jpeg&quot;,&quot;id&quot;:&quot;256&quot;,&quot;title&quot;:&quot;WhatsApp Image 2017-07-06 at 13.56.58&quot;,&quot;alt&quot;:&quot;&quot;,&quot;caption&quot;:&quot;&quot;,&quot;itemprop&quot;:&quot;image&quot;},{&quot;src&quot;:&quot;https:\\\/\\\/www.municipios.gov.py\\\/puertocasado\\\/wp-content\\\/uploads\\\/sites\\\/88\\\/2016\\\/05\\\/WhatsApp-Image-2017-07-06-at-13.56.50.jpeg&quot;,&quot;id&quot;:&quot;255&quot;,&quot;title&quot;:&quot;WhatsApp Image 2017-07-06 at 13.56.50&quot;,&quot;alt&quot;:&quot;&quot;,&quot;caption&quot;:&quot;&quot;,&quot;itemprop&quot;:&quot;image&quot;},{&quot;src&quot;:&quot;https:\\\/\\\/www.municipios.gov.py\\\/puertocasado\\\/wp-content\\\/uploads\\\/sites\\\/88\\\/2016\\\/05\\\/WhatsApp-Image-2017-07-06-at-13.56.50-1.jpeg&quot;,&quot;id&quot;:&quot;254&quot;,&quot;title&quot;:&quot;WhatsApp Image 2017-07-06 at 13.56.50 (1)&quot;,&quot;alt&quot;:&quot;&quot;,&quot;caption&quot;:&quot;&quot;,&quot;itemprop&quot;:&quot;image&quot;},{&quot;src&quot;:&quot;https:\\\/\\\/www.municipios.gov.py\\\/puertocasado\\\/wp-content\\\/uploads\\\/sites\\\/88\\\/2016\\\/05\\\/WhatsApp-Image-2017-07-06-at-13.56.49.jpeg&quot;,&quot;id&quot;:&quot;253&quot;,&quot;title&quot;:&quot;WhatsApp Image 2017-07-06 at 13.56.49&quot;,&quot;alt&quot;:&quot;&quot;,&quot;caption&quot;:&quot;&quot;,&quot;itemprop&quot;:&quot;image&quot;}]\" itemscope itemtype=\"https:\/\/schema.org\/ImageGallery\"><\/div>\n<p>&nbsp;<\/p>\n<blockquote>\n<h1 style=\"text-align: center;\"><a href=\"https:\/\/www.municipios.gov.py\/puertocasado\/wp-content\/uploads\/sites\/88\/2019\/05\/Sitios-Historicos.pdf\" target=\"_blank\" rel=\"noopener noreferrer\">Sitios <strong>Historicos<\/strong><\/a><\/h1>\n<\/blockquote>\n<p>&nbsp;<\/p>\n<p>&nbsp;<\/p>\n<p style=\"text-align: center;\"><strong><a href=\"https:\/\/www.facebook.com\/Municipalidad-de-Puerto-Casado-108282398335584\/\" target=\"_blank\" rel=\"noopener noreferrer\"><img loading=\"lazy\" decoding=\"async\" class=\"aligncenter wp-image-7\" src=\"https:\/\/www.municipios.gov.py\/puertocasado\/wp-content\/uploads\/sites\/88\/2016\/05\/facebook.png\" alt=\"facebook\" width=\"180\" height=\"180\" \/><\/a><\/strong><\/p>\n<p>&nbsp;<\/p>\n<blockquote>\n<p style=\"text-align: center;\"><strong>La Municipalidad de Puerto Casado se complace en presentar este espacio de informaci\u00f3n para la ciudadan\u00eda, en cumplimiento con la\u00a0Ley N\u00ba 5.189 establece tambi\u00e9n un medio de comunicaci\u00f3n con la ciudadan\u00eda en general<\/strong><\/p>\n<\/blockquote>\n<p style=\"text-align: center;\"><strong>HISTORIA DE PUERTO CASADO<\/strong><\/p>\n<p style=\"text-align: center;\">Fundada en 1889 en \u00e9poca del presidente Patricio Escobar, conocida anteriormente como \u00c1ngeles Custodios. Fue sede de la Empresa Taninera Carlos Casado. Fue elevado a distrito en el a\u00f1o 1973.<\/p>\n<p>Este puerto fue utilizado como muelle de embarque y desembarque de las tropas paraguayas que iban a combatir durante la Guerra del Chaco.<\/p>\n<p>La empresa Carlos Casado lleg\u00f3 a tener m\u00e1s de 6.500.000 hect\u00e1reas en el Chaco Paraguayo, hoy la f\u00e1brica est\u00e1 paralizada. Desde donde los menonitas y soldados paraguayos fueron a internarse en el Chaco Central con el ferrocarril de trocha angosta que llegaba a 145\u00a0km del R\u00edo Paraguay.<\/p>\n<p>En Puerto Casado hay lugares hist\u00f3ricos de \u00e9poca de la Guerra del Chaco, los primeros colonos menonitas se establecieron aqu\u00ed en 1920.<\/p>\n<p>El cerro Galv\u00e1n de 325 msnm se encuentra a 15\u00a0km al sur del llamado \u201cKil\u00f3metro 11\u201d, la antigua estaci\u00f3n del ferrocarril que p\u00e1rtia de puerto Casado. La lancha Aquidab\u00e1n hace un alto aqu\u00ed, parte de Concepci\u00f3n.<\/p>\n<p>En el cerro Galv\u00e1n todav\u00eda se observan los viejos rieles del ferrocarril. Aqu\u00ed Emiliano R. Fern\u00e1ndez compuso su poema \u201cLa Moda\u201d en 1926. Esta es la primera estaci\u00f3n de importancia del ferrocarril de Casado.<\/p>\n<p>El ferrocarril fue construido por la empresa para la extracci\u00f3n de maderas, con casi 150\u00a0km de trocha angosta hacia el interior del centro del Chaco. La misma v\u00eda del ferrocarril fue prolongada hasta el km 160, lo que posibilit\u00f3 a las tropas paraguayas en campa\u00f1a a acceder a los fortines para parar el avance de los bolivianos en el extenso territorio durante la Guerra del Chaco.<\/p>\n<p>Durante la guerra del chaco el ferrocarril fue de vital importancia para el transporte de los soldados, armas, municiones, provisiones, veh\u00edculos, combustibles, medicinas y heridos.<\/p>\n<p>La antigua estaci\u00f3n Kil\u00f3metro 11, un antiguo caser\u00f3n que forma parte de la vieja estaci\u00f3n del ferrocarril de la empresa Carlos Casado, es uno de los sitios hist\u00f3ricos que todav\u00eda est\u00e1n en pie en la localidad.<\/p>\n<p>Con la venta de las tierras p\u00fablicas a finales del siglo XIX se estableci\u00f3 la empresa Carlos Casado Ltda., que adquiri\u00f3 en 1886 m\u00e1s de 3.900 leguas cuadradas, cerca de 6.500.000 ha, se dedic\u00f3 a la explotaci\u00f3n forestal y producci\u00f3n de tanino. El tanino es una sustancia extra\u00edda del \u00e1rbol \u201cquebracho\u201d, se utiliza para curtir pieles. El hijo del fundador, Jos\u00e9 Casado, lleg\u00f3 en 1929 a administrar la firma, vivi\u00f3 en el lugar hasta 1945.<\/p>\n<p>Durante la Guerra del Chaco, las instalaciones se utilizaron como talleres de todo tipo de maquinarias, armamentos, especialmente veh\u00edculos motorizados, antes de ser enviados a la batalla. Tambi\u00e9n se utiliz\u00f3 como puesto de inseminaci\u00f3n artifici\u00e1l de ganado vacuno.<\/p>\n<p>En 1931 el Comando de Divisi\u00f3n de Infanter\u00eda se instal\u00f3 en el puerto, Jos\u00e9 F\u00e9lix Estigarribia acept\u00f3 el cargo de Comandante que le propuso el entonces presidente Jos\u00e9 P. Guggiari y a finales de julio de 1931 Estigarribia ya estuvo instalado en ese lugar. Para que el nuevo comandante se asentara en el lugar, la familia due\u00f1a de la f\u00e1brica cedi\u00f3 una casa, \u201cla Chaque\u00f1a\u201d, amplia y c\u00f3moda residencia ubicada en el centro de la ciudad.<\/p>\n<p>Emiliano R. Fern\u00e1ndez, m\u00fasico y poeta popular, llamado muchas veces el \u201cpoeta norte\u00f1o\u201d, hacia 1923 estuvo en Puerto Casado, donde desempe\u00f1o varias tareas, a menudo sus obras est\u00e1n firmadas en Alto Paraguay.<\/p>\n<p>En cuanto a la artesan\u00eda, a principios de los a\u00f1os 80 un ex obrero de la empresa tuvo la idea de fabricar una guampa para su propio uso con pedazos de acero inoxidable, material que se utilizaba para almacenar el tanino. La idea fue muy bien aceptada y empez\u00f3 a recibir pedidos y el fabricante mejor\u00f3 la t\u00e9cnica, creando nuevos modelos de guampa de mate y terer\u00e9. Hoy se fabrican de diversos dise\u00f1os y modelos sobre pedidos especiales para regalo o como recuerdos de Puerto Casado.<\/p>\n<p>En los r\u00edos Paraguay y Apa, as\u00ed como en los numerosos riachos de la zona, se realiza el turismo de pesca.<\/p>\n<h1 style=\"text-align: center;\">MUNICIPIO DE PUERTO CASADO PERIODO 2021 &#8211; 2025<\/h1>\n<h2 style=\"text-align: center;\"><strong>PERIODO<\/strong><\/h2>\n<h2 style=\"text-align: center;\">HILARIO ADORNO MAZACOTE<\/h2>\n<p>&nbsp;<\/p>\n<p style=\"text-align: center;\">\u00a0<iframe loading=\"lazy\" style=\"border: 0;\" src=\"https:\/\/www.google.com\/maps\/embed?pb=!1m14!1m8!1m3!1d3624.3296826751275!2d-57.637236796285755!3d-25.28339039319203!3m2!1i1024!2i768!4f13.1!3m3!1m2!1s0x945da7f15284fd3f%3A0x5e9990a3c9a8bd1e!2sAsunci%C3%B3n%20Super%20Centro!5e0!3m2!1ses!2spy!4v1644851108165!5m2!1ses!2spy\" width=\"600\" height=\"450\" allowfullscreen=\"allowfullscreen\"><\/iframe>]<\/p>\n<p style=\"text-align: center;\">\n<p style=\"text-align: center;\"><span class=\"embed-youtube\" style=\"text-align:center; display: block;\"><iframe loading=\"lazy\" class=\"youtube-player\" width=\"1200\" height=\"675\" src=\"https:\/\/www.youtube.com\/embed\/NAzEvqrKkc8?version=3&#038;rel=1&#038;showsearch=0&#038;showinfo=1&#038;iv_load_policy=1&#038;fs=1&#038;hl=es-ES&#038;autohide=2&#038;wmode=transparent\" allowfullscreen=\"true\" style=\"border:0;\" sandbox=\"allow-scripts allow-same-origin allow-popups allow-presentation allow-popups-to-escape-sandbox\"><\/iframe><\/span><\/p>\n","protected":false},"excerpt":{"rendered":"<p>&nbsp; Sitios Historicos &nbsp; &nbsp; &nbsp; La Municipalidad de Puerto Casado se complace en presentar este espacio de informaci\u00f3n para la ciudadan\u00eda, en cumplimiento con la\u00a0Ley N\u00ba 5.189 establece tambi\u00e9n un medio de comunicaci\u00f3n con la ciudadan\u00eda en general HISTORIA DE PUERTO CASADO Fundada en 1889 en \u00e9poca del presidente Patricio Escobar, conocida anteriormente como &#8230; <a title=\"Informaci\u00f3n\" class=\"read-more\" href=\"https:\/\/www.municipios.gov.py\/puertocasado\/\" aria-label=\"Leer m\u00e1s sobre Informaci\u00f3n\">Leer Mas&#8230;<\/a><\/p>\n","protected":false},"author":4,"featured_media":0,"parent":0,"menu_order":0,"comment_status":"closed","ping_status":"closed","template":"","meta":{"generate_page_header":"","jetpack_post_was_ever_published":false,"footnotes":""},"class_list":["post-2","page","type-page","status-publish"],"jetpack_sharing_enabled":true,"jetpack_shortlink":"https:\/\/wp.me\/P7zkZw-2","_links":{"self":[{"href":"https:\/\/www.municipios.gov.py\/puertocasado\/wp-json\/wp\/v2\/pages\/2","targetHints":{"allow":["GET"]}}],"collection":[{"href":"https:\/\/www.municipios.gov.py\/puertocasado\/wp-json\/wp\/v2\/pages"}],"about":[{"href":"https:\/\/www.municipios.gov.py\/puertocasado\/wp-json\/wp\/v2\/types\/page"}],"author":[{"embeddable":true,"href":"https:\/\/www.municipios.gov.py\/puertocasado\/wp-json\/wp\/v2\/users\/4"}],"replies":[{"embeddable":true,"href":"https:\/\/www.municipios.gov.py\/puertocasado\/wp-json\/wp\/v2\/comments?post=2"}],"version-history":[{"count":48,"href":"https:\/\/www.municipios.gov.py\/puertocasado\/wp-json\/wp\/v2\/pages\/2\/revisions"}],"predecessor-version":[{"id":97,"href":"https:\/\/www.municipios.gov.py\/puertocasado\/wp-json\/wp\/v2\/pages\/2\/revisions\/97"}],"wp:attachment":[{"href":"https:\/\/www.municipios.gov.py\/puertocasado\/wp-json\/wp\/v2\/media?parent=2"}],"curies":[{"name":"wp","href":"https:\/\/api.w.org\/{rel}","templated":true}]}}