{"id":2,"date":"2016-06-30T17:59:43","date_gmt":"2016-06-30T17:59:43","guid":{"rendered":"https:\/\/www.municipios.gov.py\/paraguari\/?page_id=2"},"modified":"2017-07-31T08:04:58","modified_gmt":"2017-07-31T12:04:58","slug":"pagina-ejemplo","status":"publish","type":"page","link":"https:\/\/www.municipios.gov.py\/paraguari\/","title":{"rendered":"Informaci\u00f3n"},"content":{"rendered":"<h2 style=\"text-align: center;\">INFORMACIONES GENERALES DEL MUNICIPIO<\/h2>\n<h3><b>VISI\u00d3N<\/b><\/h3>\n<p>Ser una Administraci\u00f3n democr\u00e1tica, transparente y participativa, con sensibilidad y responsabilidad social, moderna, eficiente y eficaz, con \u00e9nfasis en la aplicaci\u00f3n de los recursos productivos y tur\u00edsticos; incentivando el desarrollo integral del municipio.<\/p>\n<h3><b>MISI\u00d3N<\/b><\/h3>\n<p style=\"text-align: justify;\">Establecer mecanismos de participaci\u00f3n ciudadana y acceso a la informaci\u00f3n p\u00fablica, con autoridades y funcionarios id\u00f3neos comprometidos con la honestidad y responsabilidad. Coordinando acciones entre ejecutivo y legislativo. Elaborar e implementar una planificaci\u00f3n estrat\u00e9gica integral a corto, mediano y largo plazo.<\/p>\n<h3><b>UBICACI\u00d3N<\/b><strong>\u00a0<\/strong><b>GEOGR\u00c1FICA<\/b><\/h3>\n<p style=\"text-align: justify;\">La Ciudad de Paraguar\u00ed se encuentra situada en el IX Departamento de la Rep\u00fablica del Paraguay, distando 65 Km. de la Ciudad de Asunci\u00f3n, por la Ruta Internacional N\u00b0 1 Mcal. Francisco Solano L\u00f3pez que une la capital del pa\u00eds con la ciudad de Encarnaci\u00f3n (al sur de la Regi\u00f3n Oriental).<\/p>\n<p style=\"text-align: justify;\">Actualmente, el Distrito de Paraguar\u00ed se constituye en Capital Departamental del IX Departamento, seg\u00fan Ley N\u00b0 2731 del 29\/01\/1944 del Poder Ejecutivo.<\/p>\n<p style=\"text-align: justify;\">Tiene una superficie aproximada de 273 km2. Es sede de la Gobernaci\u00f3n Departamental del mismo nombre, del Comando de Artiller\u00eda del Ej\u00e9rcito Nacional, la Jefatura Departamental de la Polic\u00eda Nacional, Juzgado de Primera Instancia y de diversas Instituciones P\u00fablicas y Privadas que dirigen desde ah\u00ed sus servicios a todo el Departamento y hasta fuera del mismo.<\/p>\n<p style=\"text-align: justify;\">El Distrito de Paraguar\u00ed se encuentra divido en varias compa\u00f1\u00edas a nivel rural y en barrios dentro del casco urbano. Algunas de las compa\u00f1\u00edas se destacan por su actividad agr\u00edcola, ganadera y otros por su importancia tur\u00edstica. Las compa\u00f1\u00edas son:<\/p>\n<ul>\n<li>Colonia Jorge Lopez Moreira &#8211; \u00d1uat\u00ed<\/li>\n<li>Cerro Le\u00f3n<\/li>\n<li>Costa Puc\u00fa<\/li>\n<li>Calle<\/li>\n<li>Mayor Quinteros &#8211; Mbatovi<\/li>\n<li>Santo Tom\u00e1s &#8211; Mbatovi<\/li>\n<li>Zoto<\/li>\n<li>Cholol\u00f3 Km. 92<\/li>\n<\/ul>\n<p>As\u00ed mismo cuenta con 16 barrios nominados mediante la Ordenanza N\u00b0 121\/06, los cuales se citan a continuaci\u00f3n:<\/p>\n<ul>\n<li>Santa Catalina<\/li>\n<li>Pa\u2019i G\u00f3mez<\/li>\n<li>Estaci\u00f3n<\/li>\n<li>Sub Marino<\/li>\n<li>San Bl\u00e1s II<\/li>\n<li>San Tom\u00e1s<\/li>\n<li>Centro<\/li>\n<li>Ciudad Nueva<\/li>\n<li>Virgen de Caacup\u00e9<\/li>\n<li>Alborada<\/li>\n<li>Santo Domingo<\/li>\n<li>San Francisco<\/li>\n<li>Nacional<\/li>\n<li>San Bl\u00e1s I<\/li>\n<li>Piscina<\/li>\n<li>F\u00e1tima<\/li>\n<\/ul>\n<p>La misma se encuentra rodeada por los cerros: Santo Tom\u00e1s, Cerro Per\u00f3, Cerro Hu, Cerro Mba\u2019e (Porte\u00f1o) y Cristo Rey.<\/p>\n<h3><strong>DELIMITACIONES<\/strong><\/h3>\n<p>Los L\u00edmites del distrito son:<\/p>\n<ul>\n<li>Al norte con la ciudad de Piray\u00fa y Piribebuy<\/li>\n<li>Al este con Escobar<\/li>\n<li>Al sur con Sapucai, Acahay y Carapegu\u00e1<\/li>\n<li>Al oeste con Yaguar\u00f3n<\/li>\n<\/ul>\n<h3><strong>DEMOGRAFIA<\/strong><\/h3>\n<p>Paraguar\u00ed tiene un total de 24.058 habitantes, de los cuales 11.762 son varones y 12.296 mujeres, seg\u00fan la Proyecci\u00f3n de la poblaci\u00f3n por sexo y edad, seg\u00fan distrito, 2000-2025 de la Direcci\u00f3n General de Estad\u00edstica y Censos.<\/p>\n<h3><strong>SIGNIFICADO ETIMOL\u00d3GICO\u00a0DE LA PALABRA PARAGUARI<\/strong><\/h3>\n<p style=\"text-align: justify;\">Etimol\u00f3gicamente proviene de: <strong>PARA:<\/strong> mar, <strong>GUA:<\/strong> lugar, <strong>RY:<\/strong> diluir (agua mezclada). Seg\u00fan estudios, Paraguar\u00ed fue un lugar cubierto de agua de poca profundidad.<\/p>\n<p style=\"text-align: justify;\">Una tradici\u00f3n explica que los nativos conoc\u00edan un felino que por la caracter\u00edstica de la piel lo llamaban <strong>\u201cPar\u00e1\u201d<\/strong>, al que tem\u00edan por su ferocidad. Cuando era perseguido dicho animal tomaba por refugio, los tupidos bosques de este lugar y lo llamaban <strong>\u201cpar\u00e1 o guari ha\u201d<\/strong> o escondite. En s\u00edntesis: Paraguar\u00ed es apocope de \u201cpar\u00e1 o guari ha\u201d<\/p>\n<p style=\"text-align: justify;\">Seg\u00fan un dicho popular la palabra proviene de <strong>PARA:<\/strong> parada y <strong>GUAR\u00cd:<\/strong> Guaripola, haciendo alusi\u00f3n al punto de concentraci\u00f3n de la poblaci\u00f3n en la estaci\u00f3n de trenes para el embarque de la producci\u00f3n hacia los centros de comercializaci\u00f3n de los productos; en cuya espera beb\u00edan guaripola.<\/p>\n<h3><strong>HISTORIA<\/strong><\/h3>\n<p style=\"text-align: justify;\">La historia de Paraguar\u00ed, se remonta al siglo XVII, cuando la Compa\u00f1\u00eda de Jes\u00fas estableci\u00f3 en el antiguo valle de Yarigua\u2019a el casco de su gigantesca estancia, quedando de esa \u00e9poca un austero edificio colonial que hoy sirve de sede a la Gobernaci\u00f3n, sin embargo, la historia de la ciudad se apoya en el mito, como una de las estaciones del Tap\u00e9 Aviru; de hecho en uno de sus cerros se encuentra una huella en la roca, que habr\u00eda sido la pisada del legendario Avar\u00e9 Sum\u00e9, aquel profeta identificado tambi\u00e9n como el Ap\u00f3stol Tom\u00e1s.<\/p>\n<p style=\"text-align: justify;\">Fue fundada por Agust\u00edn Fernando de Pinedo en 1.775 sobre una colina, tiempo despu\u00e9s de la expulsi\u00f3n de los jesuitas del Paraguay. El 18 de agosto de 1.960 se constituye en Distrito.<\/p>\n<p style=\"text-align: justify;\">Paraguar\u00ed es una ciudad hist\u00f3rica porque en sus campos se plant\u00f3 el primer jal\u00f3n de libertad y se gest\u00f3 el nacionalismo paraguayo, con la Gloriosa Batalla del Cerro Mba\u2019e ganada el 19 de enero de 1.811, por la cual es llamada \u201cCuna de la Independencia Nacional\u201d, Yegros, Caba\u00f1as y sus tropas frenaron y repelieron al ej\u00e9rcito argentino de Belgrano, cuando exist\u00edan intereses de los porte\u00f1os de anexar a Paraguay como una de sus provincias. Esa acci\u00f3n fue uno de los factores que permiti\u00f3 al Paraguay separarse de la influencia de esa junta lo que m\u00e1s tarde desembocar\u00eda en la Independencia del Paraguay.<\/p>\n<p>&nbsp;<\/p>\n<p>&nbsp;<\/p>\n<p>&nbsp;<\/p>\n<p>&nbsp;<\/p>\n","protected":false},"excerpt":{"rendered":"<p>INFORMACIONES GENERALES DEL MUNICIPIO VISI\u00d3N Ser una Administraci\u00f3n democr\u00e1tica, transparente y participativa, con sensibilidad y responsabilidad social, moderna, eficiente y eficaz, con \u00e9nfasis en la aplicaci\u00f3n de los recursos productivos y tur\u00edsticos; incentivando el desarrollo integral del municipio. MISI\u00d3N Establecer mecanismos de participaci\u00f3n ciudadana y acceso a la informaci\u00f3n p\u00fablica, con autoridades y funcionarios id\u00f3neos &#8230; <a title=\"Informaci\u00f3n\" class=\"read-more\" href=\"https:\/\/www.municipios.gov.py\/paraguari\/\" aria-label=\"Leer m\u00e1s sobre Informaci\u00f3n\">Leer Mas&#8230;<\/a><\/p>\n","protected":false},"author":4,"featured_media":0,"parent":0,"menu_order":0,"comment_status":"closed","ping_status":"closed","template":"","meta":{"generate_page_header":"","jetpack_post_was_ever_published":false,"footnotes":""},"class_list":["post-2","page","type-page","status-publish"],"jetpack_sharing_enabled":true,"jetpack_shortlink":"https:\/\/wp.me\/PaP3Bj-2","_links":{"self":[{"href":"https:\/\/www.municipios.gov.py\/paraguari\/wp-json\/wp\/v2\/pages\/2","targetHints":{"allow":["GET"]}}],"collection":[{"href":"https:\/\/www.municipios.gov.py\/paraguari\/wp-json\/wp\/v2\/pages"}],"about":[{"href":"https:\/\/www.municipios.gov.py\/paraguari\/wp-json\/wp\/v2\/types\/page"}],"author":[{"embeddable":true,"href":"https:\/\/www.municipios.gov.py\/paraguari\/wp-json\/wp\/v2\/users\/4"}],"replies":[{"embeddable":true,"href":"https:\/\/www.municipios.gov.py\/paraguari\/wp-json\/wp\/v2\/comments?post=2"}],"version-history":[{"count":43,"href":"https:\/\/www.municipios.gov.py\/paraguari\/wp-json\/wp\/v2\/pages\/2\/revisions"}],"predecessor-version":[{"id":567,"href":"https:\/\/www.municipios.gov.py\/paraguari\/wp-json\/wp\/v2\/pages\/2\/revisions\/567"}],"wp:attachment":[{"href":"https:\/\/www.municipios.gov.py\/paraguari\/wp-json\/wp\/v2\/media?parent=2"}],"curies":[{"name":"wp","href":"https:\/\/api.w.org\/{rel}","templated":true}]}}