{"id":2,"date":"2016-06-30T17:59:43","date_gmt":"2016-06-30T17:59:43","guid":{"rendered":"https:\/\/www.municipios.gov.py\/numi\/?page_id=2"},"modified":"2016-09-15T18:50:43","modified_gmt":"2016-09-15T18:50:43","slug":"pagina-ejemplo","status":"publish","type":"page","link":"https:\/\/www.municipios.gov.py\/numi\/","title":{"rendered":"Informaci\u00f3n"},"content":{"rendered":"<table style=\"width: 823px;\">\n<tbody>\n<tr>\n<td style=\"width: 187px; vertical-align: top;\">\n<div id=\"cont_2e0cec67b5b7cd9a1725300ed203551e\"><script type=\"text\/javascript\" async src=\"https:\/\/www.tiempo.com\/wid_loader\/2e0cec67b5b7cd9a1725300ed203551e\"><\/script><\/div>\n<\/td>\n<td style=\"width: 600px;\">\n<p style=\"text-align: justify;\"><b>\u00d1um\u00ed<\/b>, es uno de los distritos del <a title=\"Departamento de Guair\u00e1\" href=\"https:\/\/es.wikipedia.org\/wiki\/Departamento_de_Guair%C3%A1\">Departamento de Guair\u00e1<\/a>, <a title=\"Paraguay\" href=\"https:\/\/es.wikipedia.org\/wiki\/Paraguay\">Paraguay<\/a>.<\/p>\n<p style=\"text-align: justify;\">Se encuentra al sur de la ciudad de <a title=\"Villarrica (Paraguay)\" href=\"https:\/\/es.wikipedia.org\/wiki\/Villarrica_(Paraguay)\">Villarrica<\/a>, la capital departamental, y al este del Distrito de <a title=\"San Salvador\" href=\"https:\/\/es.wikipedia.org\/wiki\/San_Salvador\">San Salvador<\/a>, est\u00e1 unida a ambos por amplios caminos, y es lindante con el sexto <a title=\"Departamento de Caazap\u00e1\" href=\"https:\/\/es.wikipedia.org\/wiki\/Departamento_de_Caazap%C3%A1\">Departamento de Caazap\u00e1<\/a>.<\/p>\n<p style=\"text-align: justify;\">Se encuentra aproximadamente a 198 <a class=\"mw-redirect\" title=\"Km\" href=\"https:\/\/es.wikipedia.org\/wiki\/Km\">km<\/a> de la ciudad de <a title=\"Asunci\u00f3n\" href=\"https:\/\/es.wikipedia.org\/wiki\/Asunci%C3%B3n\">Asunci\u00f3n<\/a>, capital de la Rep\u00fablica del <a title=\"Paraguay\" href=\"https:\/\/es.wikipedia.org\/wiki\/Paraguay\">Paraguay<\/a>. Se accede a este distrito, por la ruta N\u00ba 8 Dr. Bl\u00e1s Garay.<\/p>\n<p style=\"text-align: justify;\">Las actividades de sus habitantes son fundamentalmente agr\u00edcolas, y tambi\u00e9n se dedican a la explotaci\u00f3n de <a title=\"Madera\" href=\"https:\/\/es.wikipedia.org\/wiki\/Madera\">madera<\/a>, esta \u00faltima actividad muy disminuida actualmente.<\/p>\n<\/td>\n<\/tr>\n<\/tbody>\n<\/table>\n<p><\/p>\n","protected":false},"excerpt":{"rendered":"<p>\u00d1um\u00ed, es uno de los distritos del Departamento de Guair\u00e1, Paraguay. Se encuentra al sur de la ciudad de Villarrica, la capital departamental, y al este del Distrito de San Salvador, est\u00e1 unida a ambos por amplios caminos, y es lindante con el sexto Departamento de Caazap\u00e1. Se encuentra aproximadamente a 198 km de la &#8230; <a title=\"Informaci\u00f3n\" class=\"read-more\" href=\"https:\/\/www.municipios.gov.py\/numi\/\" aria-label=\"Leer m\u00e1s sobre Informaci\u00f3n\">Leer Mas&#8230;<\/a><\/p>\n","protected":false},"author":4,"featured_media":0,"parent":0,"menu_order":0,"comment_status":"closed","ping_status":"closed","template":"","meta":{"generate_page_header":"","jetpack_post_was_ever_published":false,"footnotes":""},"class_list":["post-2","page","type-page","status-publish"],"jetpack_sharing_enabled":true,"jetpack_shortlink":"https:\/\/wp.me\/P8AJQw-2","_links":{"self":[{"href":"https:\/\/www.municipios.gov.py\/numi\/wp-json\/wp\/v2\/pages\/2","targetHints":{"allow":["GET"]}}],"collection":[{"href":"https:\/\/www.municipios.gov.py\/numi\/wp-json\/wp\/v2\/pages"}],"about":[{"href":"https:\/\/www.municipios.gov.py\/numi\/wp-json\/wp\/v2\/types\/page"}],"author":[{"embeddable":true,"href":"https:\/\/www.municipios.gov.py\/numi\/wp-json\/wp\/v2\/users\/4"}],"replies":[{"embeddable":true,"href":"https:\/\/www.municipios.gov.py\/numi\/wp-json\/wp\/v2\/comments?post=2"}],"version-history":[{"count":43,"href":"https:\/\/www.municipios.gov.py\/numi\/wp-json\/wp\/v2\/pages\/2\/revisions"}],"predecessor-version":[{"id":278,"href":"https:\/\/www.municipios.gov.py\/numi\/wp-json\/wp\/v2\/pages\/2\/revisions\/278"}],"wp:attachment":[{"href":"https:\/\/www.municipios.gov.py\/numi\/wp-json\/wp\/v2\/media?parent=2"}],"curies":[{"name":"wp","href":"https:\/\/api.w.org\/{rel}","templated":true}]}}