{"id":42,"date":"2016-06-30T18:26:57","date_gmt":"2016-06-30T18:26:57","guid":{"rendered":"https:\/\/www.municipios.gov.py\/nanawa\/?page_id=42"},"modified":"2026-04-09T12:37:00","modified_gmt":"2026-04-09T15:37:00","slug":"nomina-de-funcionarios-ley-5-282","status":"publish","type":"page","link":"https:\/\/www.municipios.gov.py\/nanawa\/nomina-de-funcionarios-ley-5-282\/","title":{"rendered":"N\u00f3mina de Funcionarios"},"content":{"rendered":"<p><strong>A\u00d1O 2026<\/strong><\/p>\n<p><strong>N\u00d3MINAS ALTAS Y BAJAS 2026<\/strong><\/p>\n<p><a href=\"https:\/\/www.municipios.gov.py\/nanawa\/wp-content\/uploads\/sites\/125\/2026\/04\/03-PLANILLA-DE-FUNCIONARIOS-MARZO-2026.csv\">03 PLANILLA DE FUNCIONARIOS MARZO 2026<\/a><\/p>\n<p><a href=\"https:\/\/www.municipios.gov.py\/nanawa\/wp-content\/uploads\/sites\/125\/2026\/04\/02-PLANILLA-DE-FUNCIONARIOS-FEBRERO-2026-copia.csv\">02 PLANILLA DE FUNCIONARIOS FEBRERO 2026<\/a><\/p>\n<p><a href=\"https:\/\/www.municipios.gov.py\/nanawa\/wp-content\/uploads\/sites\/125\/2026\/03\/01-PLANILLA-DE-FUNCIONARIOS-ENERO-2026.csv\">01 PLANILLA DE FUNCIONARIOS ENERO 2026<\/a><\/p>\n<p><strong>RESUMEN ANUAL DE INGRESOS DE FUNCIONARIOS A\u00d1O 2025 EN CUMPLIMIENTO DEL ART. 7 DE LA LEY 5189\/2014<\/strong><\/p>\n<p><a href=\"https:\/\/www.municipios.gov.py\/nanawa\/wp-content\/uploads\/sites\/125\/2026\/01\/RESUMEN-ANUAL-ANO-2025-FUNCIONARIOS.pdf\">RESUMEN ANUAL A\u00d1O 2025 FUNCIONARIOS<\/a><\/p>\n<p><strong>N\u00d3MINAS ALTAS Y BAJAS 2025<\/strong><\/p>\n<p><a href=\"https:\/\/www.municipios.gov.py\/nanawa\/wp-content\/uploads\/sites\/125\/2026\/01\/12-PLANILLA-DE-FUNCIONARIOS-DICIEMBRE-2025.csv\">12 PLANILLA DE FUNCIONARIOS DICIEMBRE 2025<\/a><\/p>\n<p><a href=\"https:\/\/www.municipios.gov.py\/nanawa\/wp-content\/uploads\/sites\/125\/2025\/12\/11-PLANILLA-DE-FUNCIONARIOS-NOVIEMBRE-2025.csv\">11 PLANILLA DE FUNCIONARIOS NOVIEMBRE 2025<\/a><\/p>\n<p><a href=\"https:\/\/www.municipios.gov.py\/nanawa\/wp-content\/uploads\/sites\/125\/2025\/11\/10-PLANILLA-DE-FUNCIONARIOS-OCTUBRE-2025.csv\">10 PLANILLA DE FUNCIONARIOS OCTUBRE 2025<\/a><\/p>\n<p><a href=\"https:\/\/www.municipios.gov.py\/nanawa\/wp-content\/uploads\/sites\/125\/2025\/10\/09-PLANILLA-DE-FUNCIONARIOS-SETIEMBRE-2025.csv\">09 PLANILLA DE FUNCIONARIOS SETIEMBRE 2025<\/a><\/p>\n<p><a href=\"https:\/\/www.municipios.gov.py\/nanawa\/wp-content\/uploads\/sites\/125\/2025\/10\/08-PLANILLA-DE-FUNCIONARIOS-AGOSTO-2025.csv\">08 PLANILLA DE FUNCIONARIOS AGOSTO 2025<\/a><\/p>\n<p><a href=\"https:\/\/www.municipios.gov.py\/nanawa\/wp-content\/uploads\/sites\/125\/2025\/10\/07-PLANILLA-DE-FUNCIONARIOS-JULIO-2025.csv\">07 PLANILLA DE FUNCIONARIOS JULIO 2025<\/a><\/p>\n<p><a href=\"https:\/\/www.municipios.gov.py\/nanawa\/wp-content\/uploads\/sites\/125\/2025\/10\/06-PLANILLA-DE-FUNCIONARIOS-JUNIO-2025.csv\">06 PLANILLA DE FUNCIONARIOS JUNIO 2025<\/a><\/p>\n<p><a href=\"https:\/\/www.municipios.gov.py\/nanawa\/wp-content\/uploads\/sites\/125\/2025\/10\/05-PLANILLA-DE-FUNCIONARIOS-MAYO-2025.csv\">05 PLANILLA DE FUNCIONARIOS MAYO 2025<\/a><\/p>\n<p><a href=\"https:\/\/www.municipios.gov.py\/nanawa\/wp-content\/uploads\/sites\/125\/2025\/05\/04-PLANILLA-DE-FUNCIONARIOS-ABRIL-2025-1.csv\">04 PLANILLA DE FUNCIONARIOS ABRIL 2025<\/a><\/p>\n<p><a href=\"https:\/\/www.municipios.gov.py\/nanawa\/wp-content\/uploads\/sites\/125\/2025\/05\/03-PLANILLA-DE-FUNCIONARIOS-MARZO-2025.csv\">03 PLANILLA DE FUNCIONARIOS MARZO 2025<\/a><\/p>\n<p><a href=\"https:\/\/www.municipios.gov.py\/nanawa\/wp-content\/uploads\/sites\/125\/2025\/05\/02-PLANILLA-DE-FUNCIONARIOS-FEBRERO-2025.csv\">02 PLANILLA DE FUNCIONARIOS FEBRERO 2025<\/a><\/p>\n<p><a href=\"https:\/\/www.municipios.gov.py\/nanawa\/wp-content\/uploads\/sites\/125\/2025\/05\/01-PLANILLA-DE-FUNCIONARIOS-ENERO-2025.csv\">01 PLANILLA DE FUNCIONARIOS ENERO 2025<\/a><\/p>\n<p>&nbsp;<\/p>\n<p><strong>RESUMEN ANUAL DE INGRESOS DE FUNCIONARIOS A\u00d1O 2024 EN CUMPLIMIENTO DEL ART. 7 DE LA LEY 5189\/2014<\/strong><\/p>\n<p><a href=\"https:\/\/www.municipios.gov.py\/nanawa\/wp-content\/uploads\/sites\/125\/2025\/03\/RESUMEN-ANUAL-ANO-2024-FUNCIONARIOS.pdf\">RESUMEN ANUAL A\u00d1O 2024 FUNCIONARIOS<\/a><\/p>\n<p><strong>N\u00d3MINAS ALTAS Y BAJAS 2024<\/strong><\/p>\n<p><a href=\"https:\/\/www.municipios.gov.py\/nanawa\/wp-content\/uploads\/sites\/125\/2025\/01\/12-PLANILLA-DE-FUNCIONARIOS-DICIEMBRE-2024.csv\">12 PLANILLA DE FUNCIONARIOS DICIEMBRE 2024<\/a><\/p>\n<p><a href=\"https:\/\/www.municipios.gov.py\/nanawa\/wp-content\/uploads\/sites\/125\/2024\/12\/11.-PLANILLA-DE-FUNCIONARIOS-NOVIEMBRE-2024.csv\">11. PLANILLA DE FUNCIONARIOS NOVIEMBRE 2024<\/a><\/p>\n<p><a href=\"https:\/\/www.municipios.gov.py\/nanawa\/wp-content\/uploads\/sites\/125\/2024\/11\/10.-PLANILLA-DE-FUNCIONARIOS-OCTUBRE-2024.csv\">10. PLANILLA DE FUNCIONARIOS OCTUBRE 2024<\/a><\/p>\n<p><a href=\"https:\/\/www.municipios.gov.py\/nanawa\/wp-content\/uploads\/sites\/125\/2024\/10\/09.-PLANILLA-DE-FUNCIONARIOS-SETIEMBRE-2024.csv\">09. PLANILLA DE FUNCIONARIOS SETIEMBRE 2024<\/a><\/p>\n<p><a href=\"https:\/\/www.municipios.gov.py\/nanawa\/wp-content\/uploads\/sites\/125\/2024\/09\/08.-PLANILLA-DE-FUNCIONARIOS-AGOSTO-2024.csv\">08. PLANILLA DE FUNCIONARIOS AGOSTO 2024<\/a><\/p>\n<p><a href=\"https:\/\/www.municipios.gov.py\/nanawa\/wp-content\/uploads\/sites\/125\/2024\/08\/07.-PLANILLA-DE-FUNCIONARIOS-JULIO-2024.csv\">07. PLANILLA DE FUNCIONARIOS JULIO 2024<\/a><\/p>\n<p><a href=\"https:\/\/www.municipios.gov.py\/nanawa\/wp-content\/uploads\/sites\/125\/2024\/07\/06.-PLANILLA-DE-FUNCIONARIOS-JUNIO-2024.csv\">06. PLANILLA DE FUNCIONARIOS JUNIO 2024<\/a><\/p>\n<p><a href=\"https:\/\/www.municipios.gov.py\/nanawa\/wp-content\/uploads\/sites\/125\/2024\/06\/05.-PLANILLA-DE-FUNCIONARIOS-MAYO-2024.csv\">05. PLANILLA DE FUNCIONARIOS MAYO 2024<\/a><\/p>\n<p><a href=\"https:\/\/www.municipios.gov.py\/nanawa\/wp-content\/uploads\/sites\/125\/2024\/05\/04.-PLANILLA-DE-FUNCIONARIOS-ABRL-2024.csv\">04. PLANILLA DE FUNCIONARIOS ABRL 2024<\/a><\/p>\n<p><a href=\"https:\/\/www.municipios.gov.py\/nanawa\/wp-content\/uploads\/sites\/125\/2024\/04\/03.-PLANILLA-DE-FUNCIONARIOS-MARZO-2024.csv\">03. PLANILLA DE FUNCIONARIOS MARZO 2024<\/a><\/p>\n<p><a href=\"https:\/\/www.municipios.gov.py\/nanawa\/wp-content\/uploads\/sites\/125\/2024\/03\/02.-PLANILLA-DE-FUNCIONARIOS-FEBRERO-2024.csv\">02. PLANILLA DE FUNCIONARIOS FEBRERO 2024<\/a><\/p>\n<p><a href=\"https:\/\/www.municipios.gov.py\/nanawa\/wp-content\/uploads\/sites\/125\/2024\/02\/01.-PLANILLA-DE-FUNCIONARIOS-ENERO-2024.csv\">01. PLANILLA DE FUNCIONARIOS ENERO 2024<\/a><\/p>\n<p><strong>RESUMEN ANUAL DE INGRESOS DE FUNCIONARIOS A\u00d1O 2023 EN CUMPLIMIENTO DEL ART. 7 DE LA LEY 5189\/2014<\/strong><\/p>\n<p><a href=\"https:\/\/www.municipios.gov.py\/nanawa\/wp-content\/uploads\/sites\/125\/2024\/01\/RESUMEN-ANUAL-ANO-2023-FUNCIONARIOS.pdf\">RESUMEN ANUAL A\u00d1O 2023 FUNCIONARIOS<\/a><\/p>\n<p><strong>N\u00d3MINAS ALTAS Y BAJAS 2023<\/strong><\/p>\n<p><a href=\"https:\/\/www.municipios.gov.py\/nanawa\/wp-content\/uploads\/sites\/125\/2024\/01\/12.-PLANILLA-DE-FUNCIONARIOS-DICIEMBRE-2023.csv\">12. PLANILLA DE FUNCIONARIOS DICIEMBRE 2023<\/a><\/p>\n<p><a href=\"https:\/\/www.municipios.gov.py\/nanawa\/wp-content\/uploads\/sites\/125\/2024\/01\/11.-PLANILLA-DE-FUNCIONARIOS-NOVIEMBRE-2023.csv\">11. PLANILLA DE FUNCIONARIOS NOVIEMBRE 2023<\/a><\/p>\n<p><a href=\"https:\/\/www.municipios.gov.py\/nanawa\/wp-content\/uploads\/sites\/125\/2024\/01\/10.-PLANILLA-DE-FUNCIONARIOS-OCTUBRE-2023.csv\">10. PLANILLA DE FUNCIONARIOS OCTUBRE 2023<\/a><\/p>\n<p><a href=\"https:\/\/www.municipios.gov.py\/nanawa\/wp-content\/uploads\/sites\/125\/2024\/01\/9.-PLANILLA-DE-FUNCIONARIOS-setiembre-2023.csv\">9. PLANILLA DE FUNCIONARIOS setiembre 2023<\/a><\/p>\n<p><a href=\"https:\/\/www.municipios.gov.py\/nanawa\/wp-content\/uploads\/sites\/125\/2024\/01\/8.-PLANILLA-DE-FUNCIONARIOS-AGOSTO-2023.csv\">8. PLANILLA DE FUNCIONARIOS AGOSTO 2023<\/a><\/p>\n<p><a href=\"https:\/\/www.municipios.gov.py\/nanawa\/wp-content\/uploads\/sites\/125\/2024\/01\/7.-PLANILLA-DE-FUNCIONARIOS-JULIO-2023.csv\">7. PLANILLA DE FUNCIONARIOS JULIO 2023<\/a><\/p>\n<p><a href=\"https:\/\/www.municipios.gov.py\/nanawa\/wp-content\/uploads\/sites\/125\/2024\/01\/6.-PLANILLA-DE-FUNCIONARIOS-JUNIO-2023.csv\">6. PLANILLA DE FUNCIONARIOS JUNIO 2023<\/a><\/p>\n<p><a href=\"https:\/\/www.municipios.gov.py\/nanawa\/wp-content\/uploads\/sites\/125\/2024\/01\/5.-PLANILLA-DE-FUNCIONARIOS-MAYO-2023.csv\">5. PLANILLA DE FUNCIONARIOS MAYO 2023<\/a><\/p>\n<p><a href=\"https:\/\/www.municipios.gov.py\/nanawa\/wp-content\/uploads\/sites\/125\/2024\/01\/4.-PLANILLA-DE-FUNCIONARIOS-ABRIL-2023.csv\">4. PLANILLA DE FUNCIONARIOS ABRIL 2023<\/a><\/p>\n<p><a href=\"https:\/\/www.municipios.gov.py\/nanawa\/wp-content\/uploads\/sites\/125\/2024\/01\/3.-PLANILLA-DE-FUNCIONARIOS-MARZO-2023.csv\">3. PLANILLA DE FUNCIONARIOS MARZO 2023<\/a><\/p>\n<p><a href=\"https:\/\/www.municipios.gov.py\/nanawa\/wp-content\/uploads\/sites\/125\/2024\/01\/2.-PLANILLA-DE-FUNCIONARIOS-FEBRERO-2023.csv\">2. PLANILLA DE FUNCIONARIOS FEBRERO 2023<\/a><\/p>\n<p><a href=\"https:\/\/www.municipios.gov.py\/nanawa\/wp-content\/uploads\/sites\/125\/2024\/01\/1.-PLANILLA-DE-FUNCIONARIOS-ENERO-2023.csv\">1. PLANILLA DE FUNCIONARIOS ENERO 2023<\/a><\/p>\n<p>RESUMEN ANUAL DE INGRESOS DE FUNCIONARIOS A\u00d1O 2022 EN CUMPLIMIENTO DEL ART. 7 DE LA LEY 5189\/2014<\/p>\n<p><a href=\"https:\/\/www.municipios.gov.py\/nanawa\/wp-content\/uploads\/sites\/125\/2023\/01\/RESUMEN-ANUAL-ANO-2022-FUNCIONARIOS.pdf\">RESUMEN ANUAL A\u00d1O 2022 FUNCIONARIOS<\/a><\/p>\n<p><strong>N\u00d3MINAS ALTAS Y BAJAS 2022<\/strong><\/p>\n<p><a href=\"https:\/\/www.municipios.gov.py\/nanawa\/wp-content\/uploads\/sites\/125\/2023\/01\/PLANILLA-DE-FUNCIONARIOS-diciembre.csv\">PLANILLA DE FUNCIONARIOS diciembre<\/a><\/p>\n<p><a href=\"https:\/\/www.municipios.gov.py\/nanawa\/wp-content\/uploads\/sites\/125\/2022\/12\/PLANILLA-DE-FUNCIONARIOS-NOVIEMBRE.csv\">PLANILLA DE FUNCIONARIOS NOVIEMBRE<\/a><\/p>\n<p><a href=\"https:\/\/www.municipios.gov.py\/nanawa\/wp-content\/uploads\/sites\/125\/2022\/11\/PLANILLA-DE-FUNCIONARIOS-OCTUBRE.csv\">PLANILLA DE FUNCIONARIOS OCTUBRE<\/a><\/p>\n<p><a href=\"https:\/\/www.municipios.gov.py\/nanawa\/wp-content\/uploads\/sites\/125\/2022\/10\/PLANILLA-DE-FUNCIONARIOS-setiembre.csv\">PLANILLA DE FUNCIONARIOS setiembre<\/a><\/p>\n<p><a href=\"https:\/\/www.municipios.gov.py\/nanawa\/wp-content\/uploads\/sites\/125\/2022\/09\/PLANILLA-DE-FUNCIONARIOS-agosto.csv\">PLANILLA DE FUNCIONARIOS agosto<\/a><\/p>\n<p><a href=\"https:\/\/www.municipios.gov.py\/nanawa\/wp-content\/uploads\/sites\/125\/2022\/08\/PLANILLA-DE-FUNCIONARIOS-JULIO.csv\">PLANILLA DE FUNCIONARIOS JULIO<\/a><\/p>\n<p><a href=\"https:\/\/www.municipios.gov.py\/nanawa\/wp-content\/uploads\/sites\/125\/2022\/07\/PLANILLA-DE-FUNCIONARIOS-JUNIO-1.csv\">PLANILLA DE FUNCIONARIOS JUNIO<\/a><\/p>\n<p><a href=\"https:\/\/www.municipios.gov.py\/nanawa\/wp-content\/uploads\/sites\/125\/2022\/06\/PLANILLA-DE-FUNCIONARIOS-MAYO.csv\">PLANILLA DE FUNCIONARIOS MAYO<\/a><\/p>\n<p><a href=\"https:\/\/www.municipios.gov.py\/nanawa\/wp-content\/uploads\/sites\/125\/2022\/05\/PLANILLA-DE-FUNCIONARIOS-ABRIL.csv\">PLANILLA DE FUNCIONARIOS ABRIL<\/a><\/p>\n<p><a href=\"https:\/\/www.municipios.gov.py\/nanawa\/wp-content\/uploads\/sites\/125\/2022\/04\/PLANILLA-DE-FUNCIONARIOS-MARZO-2022.csv\">PLANILLA DE FUNCIONARIOS MARZO 2022<\/a><\/p>\n<p><a href=\"https:\/\/www.municipios.gov.py\/nanawa\/wp-content\/uploads\/sites\/125\/2022\/03\/PLANILLA-DE-FUNCIONARIOS-FEBRERO-2022.csv\">PLANILLA DE FUNCIONARIOS FEBRERO 2022<\/a><\/p>\n<p><a href=\"https:\/\/www.municipios.gov.py\/nanawa\/wp-content\/uploads\/sites\/125\/2022\/02\/PLANILLA-DE-FUNCIONARIOS-ENERO-2022.csv\">PLANILLA DE FUNCIONARIOS ENERO 2022<\/a><\/p>\n<p><strong>RESUMEN ANUAL DE INGRESOS DE FUNCIONARIOS A\u00d1O 2021 EN CUMPLIMIENTO DEL ART. 7 DE LA LEY 5189\/2014<\/strong><\/p>\n<p><a href=\"https:\/\/www.municipios.gov.py\/nanawa\/wp-content\/uploads\/sites\/125\/2022\/01\/RESUMEN-ANUAL-ANO-2021-NANAWA.pdf\">RESUMEN ANUAL A\u00d1O 2021 NANAWA<\/a><\/p>\n<p><strong>N\u00d3MINAS ALTAS Y BAJAS 2021<\/strong><\/p>\n<p><a href=\"https:\/\/www.municipios.gov.py\/nanawa\/wp-content\/uploads\/sites\/125\/2022\/01\/DICIEMBRE-PLANILLA-FUNCIONARIOS.csv\">DICIEMBRE PLANILLA FUNCIONARIOS<\/a><\/p>\n<p><a href=\"https:\/\/www.municipios.gov.py\/nanawa\/wp-content\/uploads\/sites\/125\/2021\/12\/NOVIEMBRE-PLANILLA-FUNCIONARIOS.csv\">NOVIEMBRE PLANILLA FUNCIONARIOS<\/a><\/p>\n<p><a href=\"https:\/\/www.municipios.gov.py\/nanawa\/wp-content\/uploads\/sites\/125\/2021\/11\/OCTUBRE-PLANILLA-FUNCIONARIOS.csv\">OCTUBRE PLANILLA FUNCIONARIOS<\/a><\/p>\n<p><a href=\"https:\/\/www.municipios.gov.py\/nanawa\/wp-content\/uploads\/sites\/125\/2021\/10\/SETIEMBRE-PLANILLA-FUNCIONARIOS.csv\">SETIEMBRE PLANILLA FUNCIONARIOS<\/a><\/p>\n<p><a href=\"https:\/\/www.municipios.gov.py\/nanawa\/wp-content\/uploads\/sites\/125\/2021\/10\/AGOSTO.csv\">AGOSTO<\/a><\/p>\n<p><a href=\"https:\/\/www.municipios.gov.py\/nanawa\/wp-content\/uploads\/sites\/125\/2021\/08\/JULIO.csv\">JULIO<\/a><\/p>\n<p><a href=\"https:\/\/www.municipios.gov.py\/nanawa\/wp-content\/uploads\/sites\/125\/2021\/07\/JUNIO.csv\">JUNIO<\/a><\/p>\n<p><a href=\"https:\/\/www.municipios.gov.py\/nanawa\/wp-content\/uploads\/sites\/125\/2021\/07\/MAYO.csv\">MAYO<\/a><\/p>\n<p><a href=\"https:\/\/www.municipios.gov.py\/nanawa\/wp-content\/uploads\/sites\/125\/2021\/05\/ABRIL.csv\">ABRIL<\/a><\/p>\n<p><a href=\"https:\/\/www.municipios.gov.py\/nanawa\/wp-content\/uploads\/sites\/125\/2021\/04\/MARZO.csv\">MARZO<\/a><\/p>\n<p><a href=\"https:\/\/www.municipios.gov.py\/nanawa\/wp-content\/uploads\/sites\/125\/2021\/03\/FEBRERO.csv\">FEBRERO<\/a><\/p>\n<p><a href=\"https:\/\/www.municipios.gov.py\/nanawa\/wp-content\/uploads\/sites\/125\/2021\/02\/ENERO.csv\">ENERO<\/a><\/p>\n<p><strong>RESUMEN ANUAL DE INGRESOS DE FUNCIONARIOS A\u00d1O 2020 EN CUMPLIMIENTO DEL ART. 7 DE LA LEY 5189\/2014<\/strong><br \/>\nArt. 7\u00ba. Todas las instituciones y dependencias citadas en el Art. 2\u00ba deber\u00e1n publicar cada fin de ejercicio, un resumen total de ingresos de cada unos de los funcionarios incluyendo, los montos de remuneraciones b\u00e1sicas, adicionales, complementarias, otros gastos del<br \/>\npersonal y vi\u00e1ticos por cada funcionario o empleado, permanente, contratado o de elecci\u00f3n popular. Estos res\u00famenes deben ser publicados a m\u00e1s tardar para el \u00faltimo d\u00eda h\u00e1bil del mes de enero de cada a\u00f1o.<\/p>\n<p><a href=\"https:\/\/www.municipios.gov.py\/nanawa\/wp-content\/uploads\/sites\/125\/2021\/01\/RESUMEN-ANUAL-A\u00d1O-2020-FUNCIONARIOS.pdf\">RESUMEN ANUAL A\u00d1O 2020 FUNCIONARIOS<\/a><\/p>\n<p><strong>N\u00d3MINAS ALTAS Y BAJAS 2020<\/strong><\/p>\n<p><a href=\"https:\/\/www.municipios.gov.py\/nanawa\/wp-content\/uploads\/sites\/125\/2021\/01\/DICIEMBRE.csv\">DICIEMBRE<\/a><\/p>\n<p><a href=\"https:\/\/www.municipios.gov.py\/nanawa\/wp-content\/uploads\/sites\/125\/2020\/12\/NOVIEMBRE.csv\">NOVIEMBRE<\/a><\/p>\n<p><a href=\"https:\/\/www.municipios.gov.py\/nanawa\/wp-content\/uploads\/sites\/125\/2020\/11\/OCTUBRE.csv\">OCTUBRE<\/a><\/p>\n<p><a href=\"https:\/\/www.municipios.gov.py\/nanawa\/wp-content\/uploads\/sites\/125\/2020\/10\/SETIEMBRE.csv\">SETIEMBRE<\/a><\/p>\n<p><a href=\"https:\/\/www.municipios.gov.py\/nanawa\/wp-content\/uploads\/sites\/125\/2020\/09\/AGOSTO-1.csv\">AGOSTO<\/a><\/p>\n<p><a href=\"https:\/\/www.municipios.gov.py\/nanawa\/wp-content\/uploads\/sites\/125\/2020\/08\/JULIO.csv\">JULIO<\/a><\/p>\n<p><a href=\"https:\/\/www.municipios.gov.py\/nanawa\/wp-content\/uploads\/sites\/125\/2020\/07\/JUNIO.csv\">JUNIO<\/a><\/p>\n<p><a href=\"https:\/\/www.municipios.gov.py\/nanawa\/wp-content\/uploads\/sites\/125\/2020\/06\/MAYO.csv\">MAYO<\/a><\/p>\n<p><a href=\"https:\/\/www.municipios.gov.py\/nanawa\/wp-content\/uploads\/sites\/125\/2020\/05\/ABRIL.csv\">ABRIL<\/a><\/p>\n<p><a href=\"https:\/\/www.municipios.gov.py\/nanawa\/wp-content\/uploads\/sites\/125\/2020\/04\/MARZO.csv\">MARZO<\/a><\/p>\n<p><a href=\"https:\/\/www.municipios.gov.py\/nanawa\/wp-content\/uploads\/sites\/125\/2020\/03\/FEBRERO.csv\">FEBRERO<\/a><\/p>\n<p><a href=\"https:\/\/www.municipios.gov.py\/nanawa\/wp-content\/uploads\/sites\/125\/2020\/03\/ENERO.csv\">ENERO<\/a><\/p>\n<p><strong>RESUMEN ANUAL DE INGRESOS DE FUNCIONARIOS A\u00d1O 2019 EN CUMPLIMIENTO DEL ART. 7 DE LA LEY 5189\/2014<\/strong><\/p>\n<p><a href=\"https:\/\/www.municipios.gov.py\/nanawa\/wp-content\/uploads\/sites\/125\/2020\/01\/RESUMEN-ANUAL-A\u00d1O-2019-FUNCIONARIOS.pdf\">RESUMEN ANUAL A\u00d1O 2019 FUNCIONARIOS<\/a><\/p>\n<p><a href=\"https:\/\/www.municipios.gov.py\/nanawa\/wp-content\/uploads\/sites\/125\/2020\/01\/DICIEMBRE.csv\">N\u00d3MINAS DE FUNCIONARIOS ALTAS Y BAJAS &#8211; DICIEMBRE<\/a><\/p>\n<p><a href=\"https:\/\/www.municipios.gov.py\/nanawa\/wp-content\/uploads\/sites\/125\/2019\/12\/NOVIEMBRE.csv\">N\u00d3MINAS DE FUNCIONARIOS ALTAS Y BAJAS &#8211; NOVIEMBRE<\/a><\/p>\n<p><a href=\"https:\/\/www.municipios.gov.py\/nanawa\/wp-content\/uploads\/sites\/125\/2019\/11\/OCTUBRE.csv\">N\u00d3MINAS DE FUNCIONARIOS ALTAS Y BAJAS &#8211; OCTUBRE<\/a><\/p>\n<p><a href=\"https:\/\/www.municipios.gov.py\/nanawa\/wp-content\/uploads\/sites\/125\/2019\/10\/SETIEMBRE-1.csv\">N\u00d3MINAS DE FUNCIONARIOS ALTAS Y BAJAS &#8211; SETIEMBRE<\/a><\/p>\n<p><a href=\"https:\/\/www.municipios.gov.py\/nanawa\/wp-content\/uploads\/sites\/125\/2019\/09\/AGOSTO.csv\">N\u00d3MINAS DE FUNCIONARIOS ALTAS Y BAJAS &#8211; AGOSTO<\/a><\/p>\n<p><a href=\"https:\/\/www.municipios.gov.py\/nanawa\/wp-content\/uploads\/sites\/125\/2019\/08\/JULIO-1.csv\">N\u00d3MINAS DE FUNCIONARIOS ALTAS Y BAJAS &#8211; JULIO<\/a><\/p>\n<p><a href=\"https:\/\/www.municipios.gov.py\/nanawa\/wp-content\/uploads\/sites\/125\/2019\/07\/JUNIO.csv\">N\u00d3MINAS DE FUNCIONARIOS ALTAS Y BAJAS &#8211; JUNIO<\/a><\/p>\n<p><a href=\"https:\/\/www.municipios.gov.py\/nanawa\/wp-content\/uploads\/sites\/125\/2019\/06\/MAYO.csv\">N\u00d3MINAS DE FUNCIONARIOS ALTAS Y BAJAS &#8211; MAYO<\/a><\/p>\n<p><a href=\"https:\/\/www.municipios.gov.py\/nanawa\/wp-content\/uploads\/sites\/125\/2019\/05\/ABRIL.csv\">N\u00d3MINAS DE FUNCIONARIOS ALTAS Y BAJAS &#8211; ABRIL<\/a><\/p>\n<p><a href=\"https:\/\/www.municipios.gov.py\/nanawa\/wp-content\/uploads\/sites\/125\/2019\/04\/MARZO.csv\">N\u00d3MINAS DE FUNCIONARIOS &#8211; MARZO<\/a><\/p>\n<p><a href=\"https:\/\/www.municipios.gov.py\/nanawa\/wp-content\/uploads\/sites\/125\/2019\/04\/FEBRERO.csv\">N\u00d3MINAS D FUNCIONARIOS -FEBRERO<\/a><\/p>\n<p><a href=\"https:\/\/www.municipios.gov.py\/nanawa\/wp-content\/uploads\/sites\/125\/2019\/02\/ENERO.csv\">N\u00d3MINAS DE FUNCIONARIOS ALTAS Y BAJAS &#8211; ENERO<\/a><\/p>\n<p><a href=\"https:\/\/www.municipios.gov.py\/nanawa\/wp-content\/uploads\/sites\/125\/2019\/02\/RESUMEN-ANUAL-A\u00d1O-2018-FUNCIONARIOS-.pdf\">RESUMEN ANUAL A\u00d1O 2018 FUNCIONARIOS<\/a><\/p>\n<p><a href=\"https:\/\/www.municipios.gov.py\/nanawa\/wp-content\/uploads\/sites\/125\/2019\/01\/DICIEMBRE.csv\">N\u00d3MINAS DE FUNCIONARIOS ALTAS Y BAJAS &#8211; DICIEMBRE<\/a><\/p>\n<p><a href=\"https:\/\/www.municipios.gov.py\/nanawa\/wp-content\/uploads\/sites\/125\/2018\/12\/NOVIEMBRE.csv\">N\u00d3MINAS DE FUNCIONARIOS ALTAS Y BAJAS &#8211; NOVIEMBRE<\/a><\/p>\n<p><a href=\"https:\/\/www.municipios.gov.py\/nanawa\/wp-content\/uploads\/sites\/125\/2018\/11\/OCTUBRE.csv\">N\u00d3MINAS DE FUNCIONARIOS ALTAS Y BAJAS &#8211; OCTUBRE<\/a><\/p>\n<p><a href=\"https:\/\/www.municipios.gov.py\/nanawa\/wp-content\/uploads\/sites\/125\/2018\/10\/SEPTIEMBRE.csv\">N\u00d3MINAS DE FUNCIONARIOS ALTAS Y BAJAS &#8211; SEPTIEMBRE<\/a><\/p>\n<p><a href=\"https:\/\/www.municipios.gov.py\/nanawa\/wp-content\/uploads\/sites\/125\/2018\/09\/AGOSTO.csv\">N\u00d3MINAS DE FUNCIONARIOS ALTAS Y BAJAS &#8211; AGOSTO<\/a><\/p>\n<p><a href=\"https:\/\/www.municipios.gov.py\/nanawa\/wp-content\/uploads\/sites\/125\/2018\/08\/JULIO.csv\">N\u00d3MINAS DE FUNCIONARIOS ALTAS Y BAJAS- JULIO<\/a><\/p>\n<p><a href=\"https:\/\/www.municipios.gov.py\/nanawa\/wp-content\/uploads\/sites\/125\/2018\/07\/JUNIO-1.csv\">N\u00d3MINAS DE FUNCIONARIOS ALTAS Y BAJAS- JUNIO<\/a><\/p>\n<p><a href=\"https:\/\/www.municipios.gov.py\/nanawa\/wp-content\/uploads\/sites\/125\/2018\/06\/MAYO.csv\">N\u00d3MINAS DE FUNCIONARIOS ALTAS Y BAJAS &#8211; MAYO<\/a><\/p>\n<p><a href=\"https:\/\/www.municipios.gov.py\/nanawa\/wp-content\/uploads\/sites\/125\/2018\/05\/ABRIL.csv\">N\u00d3MINAS DE FUNCIONARIOS ALTAS Y BAJAS &#8211; ABRIL<\/a><\/p>\n<p><a href=\"https:\/\/www.municipios.gov.py\/nanawa\/wp-content\/uploads\/sites\/125\/2018\/04\/MARZO-2018.csv\">N\u00d3MINAS DE FUNCIONARIOS ALTAS Y BAJAS &#8211; MARZO<\/a><\/p>\n<p><a href=\"https:\/\/www.municipios.gov.py\/nanawa\/wp-content\/uploads\/sites\/125\/2018\/03\/FEBRERO-2018.csv\">N\u00d3MINAS DE FUNCIONARIOS ALTAS Y BAJAS &#8211; FEBRERO<\/a><\/p>\n<p><a href=\"https:\/\/www.municipios.gov.py\/nanawa\/wp-content\/uploads\/sites\/125\/2018\/02\/ENERO-2018.csv\">N\u00d3MINAS ALTAS Y BAJAS ENERO &#8211; SICCA 2018<\/a><\/p>\n<p><a href=\"https:\/\/www.municipios.gov.py\/nanawa\/wp-content\/uploads\/sites\/125\/2018\/01\/DICIEMBRE-1.csv\">N\u00d3MINAS DE FUNCIONARIOS ALTAS Y BAJAS DICIEMBRE<\/a><\/p>\n<p><a href=\"https:\/\/www.municipios.gov.py\/nanawa\/wp-content\/uploads\/sites\/125\/2017\/12\/NOVIEMBRE.csv\">N\u00d3MINAS ALTAS Y BAJAS NOVIEMBRE<\/a><\/p>\n<p><a href=\"https:\/\/www.municipios.gov.py\/nanawa\/wp-content\/uploads\/sites\/125\/2017\/12\/OCTUBRE.csv\">N\u00d3MINAS ALTAS Y BAJAS OCTUBRE<\/a><\/p>\n<p><a href=\"https:\/\/www.municipios.gov.py\/nanawa\/wp-content\/uploads\/sites\/125\/2016\/06\/SEPTIEMBRE.csv\">N\u00d3MINAS DE FUNCIONARIOS ALTAS Y BAJAS SEPTIEMBRE<\/a><\/p>\n<p><a href=\"https:\/\/www.municipios.gov.py\/nanawa\/wp-content\/uploads\/sites\/125\/2016\/06\/AGOSTO.csv\">N\u00d3MINAS DE FUNCIONARIOS ALTAS Y BAJAS AGOSTO<\/a><\/p>\n<p><a href=\"https:\/\/www.municipios.gov.py\/nanawa\/wp-content\/uploads\/sites\/125\/2016\/06\/JULIO.csv\">N\u00d3MINAS ALTAS Y BAJAS MES MES DE JULIO 2017<\/a><\/p>\n<p><a href=\"https:\/\/www.municipios.gov.py\/nanawa\/wp-content\/uploads\/sites\/125\/2016\/06\/JUNIO.csv\">N\u00d3MINAS ALTAS Y BAJAS MES MES DE JUNIO 2017<\/a><\/p>\n<p><a href=\"https:\/\/www.municipios.gov.py\/nanawa\/wp-content\/uploads\/sites\/125\/2016\/06\/MAYO.csv\">N\u00d3MINAS ALTAS Y BAJAS MES MES DE MAYO 2017<\/a><\/p>\n<p><a href=\"https:\/\/www.municipios.gov.py\/nanawa\/wp-content\/uploads\/sites\/125\/2016\/06\/ABRIL.csv\">N\u00d3MINAS ALTAS Y BAJAS MES MES DE ABRIL 2017<\/a><\/p>\n<p><a href=\"https:\/\/www.municipios.gov.py\/nanawa\/wp-content\/uploads\/sites\/125\/2016\/06\/MARZO.csv\">N\u00d3MINAS ALTAS Y BAJAS MES MES DE MARZO 2017<\/a><\/p>\n<p><a href=\"https:\/\/www.municipios.gov.py\/nanawa\/wp-content\/uploads\/sites\/125\/2016\/06\/PLANILLA-MUNI-NANAWA-MES-DE-FEBRERO.csv\">N\u00d3MINAS ALTAS Y BAJAS MES MES DE FEBRERO 2017<\/a><\/p>\n","protected":false},"excerpt":{"rendered":"<p>A\u00d1O 2026 N\u00d3MINAS ALTAS Y BAJAS 2026 03 PLANILLA DE FUNCIONARIOS MARZO 2026 02 PLANILLA DE FUNCIONARIOS FEBRERO 2026 01 PLANILLA DE FUNCIONARIOS ENERO 2026 RESUMEN ANUAL DE INGRESOS DE FUNCIONARIOS A\u00d1O 2025 EN CUMPLIMIENTO DEL ART. 7 DE LA LEY 5189\/2014 RESUMEN ANUAL A\u00d1O 2025 FUNCIONARIOS N\u00d3MINAS ALTAS Y BAJAS 2025 12 PLANILLA DE &#8230; <a title=\"N\u00f3mina de Funcionarios\" class=\"read-more\" href=\"https:\/\/www.municipios.gov.py\/nanawa\/nomina-de-funcionarios-ley-5-282\/\" aria-label=\"Leer m\u00e1s sobre N\u00f3mina de Funcionarios\">Leer Mas&#8230;<\/a><\/p>\n","protected":false},"author":4,"featured_media":0,"parent":0,"menu_order":0,"comment_status":"closed","ping_status":"closed","template":"","meta":{"generate_page_header":"","jetpack_post_was_ever_published":false,"footnotes":""},"class_list":["post-42","page","type-page","status-publish"],"jetpack_sharing_enabled":true,"jetpack_shortlink":"https:\/\/wp.me\/P8AJNG-G","_links":{"self":[{"href":"https:\/\/www.municipios.gov.py\/nanawa\/wp-json\/wp\/v2\/pages\/42","targetHints":{"allow":["GET"]}}],"collection":[{"href":"https:\/\/www.municipios.gov.py\/nanawa\/wp-json\/wp\/v2\/pages"}],"about":[{"href":"https:\/\/www.municipios.gov.py\/nanawa\/wp-json\/wp\/v2\/types\/page"}],"author":[{"embeddable":true,"href":"https:\/\/www.municipios.gov.py\/nanawa\/wp-json\/wp\/v2\/users\/4"}],"replies":[{"embeddable":true,"href":"https:\/\/www.municipios.gov.py\/nanawa\/wp-json\/wp\/v2\/comments?post=42"}],"version-history":[{"count":137,"href":"https:\/\/www.municipios.gov.py\/nanawa\/wp-json\/wp\/v2\/pages\/42\/revisions"}],"predecessor-version":[{"id":1188,"href":"https:\/\/www.municipios.gov.py\/nanawa\/wp-json\/wp\/v2\/pages\/42\/revisions\/1188"}],"wp:attachment":[{"href":"https:\/\/www.municipios.gov.py\/nanawa\/wp-json\/wp\/v2\/media?parent=42"}],"curies":[{"name":"wp","href":"https:\/\/api.w.org\/{rel}","templated":true}]}}