{"id":19,"date":"2016-06-30T18:12:37","date_gmt":"2016-06-30T18:12:37","guid":{"rendered":"https:\/\/www.municipios.gov.py\/nanawa\/?page_id=19"},"modified":"2016-07-20T17:23:57","modified_gmt":"2016-07-20T17:23:57","slug":"junta-municipal","status":"publish","type":"page","link":"https:\/\/www.municipios.gov.py\/nanawa\/junta-municipal\/","title":{"rendered":"Junta Municipal"},"content":{"rendered":"<table style=\"width: 825px\">\n<tbody>\n<tr>\n<td style=\"width: 50px\">Orden<\/td>\n<td style=\"width: 249px\">Partido<\/td>\n<td style=\"width: 300px\">Nombres y Apellidos<\/td>\n<td style=\"width: 147px\">C\u00e9dula<\/td>\n<\/tr>\n<tr>\n<td style=\"width: 50px\">1<\/td>\n<td style=\"width: 249px\">Partido Colorado<\/td>\n<td style=\"width: 300px\">Daniel G\u00f3mez D\u00edaz<\/td>\n<td style=\"width: 147px\">533.767<\/td>\n<\/tr>\n<tr>\n<td style=\"width: 50px\">2<\/td>\n<td style=\"width: 249px\">Partido Unace<\/td>\n<td style=\"width: 300px\">Gustavo Javier Viveros L\u00f3pez<\/td>\n<td style=\"width: 147px\">1.720.555<\/td>\n<\/tr>\n<tr>\n<td style=\"width: 50px\">3<\/td>\n<td style=\"width: 249px\">Partido Liberal Radical Aut\u00e9ntico<\/td>\n<td style=\"width: 300px\">H\u00e9ctor Cantero<\/td>\n<td style=\"width: 147px\">2.214.169<\/td>\n<\/tr>\n<tr>\n<td style=\"width: 50px\">4<\/td>\n<td style=\"width: 249px\">Partido Paraguay Tekopyahu<\/td>\n<td style=\"width: 300px\">Jos\u00e9 Avelino Garc\u00eda<\/td>\n<td style=\"width: 147px\">4.287.728<\/td>\n<\/tr>\n<tr>\n<td style=\"width: 50px\">5<\/td>\n<td style=\"width: 249px\">Partido Colorado<\/td>\n<td style=\"width: 300px\">Paciano Moreno Coronel<\/td>\n<td style=\"width: 147px\">718.041<\/td>\n<\/tr>\n<tr>\n<td style=\"width: 50px\">6<\/td>\n<td style=\"width: 249px\">Partido Unace<\/td>\n<td style=\"width: 300px\">Diego Ariel Casui Penayo<\/td>\n<td style=\"width: 147px\">2.353.640<\/td>\n<\/tr>\n<tr>\n<td style=\"width: 50px\">7<\/td>\n<td style=\"width: 249px\">Partido Liberal Radicual Aut\u00e9ntico<\/td>\n<td style=\"width: 300px\">Alejandro Cabral Verdejo<\/td>\n<td style=\"width: 147px\">2.388.851<\/td>\n<\/tr>\n<tr>\n<td style=\"width: 50px\">8<\/td>\n<td style=\"width: 249px\">Partido Paraguay Tekopyahu<\/td>\n<td style=\"width: 300px\">Gustavo Javier S\u00e1nchez<\/td>\n<td style=\"width: 147px\">3.425.764<\/td>\n<\/tr>\n<tr>\n<td style=\"width: 50px\">9<\/td>\n<td style=\"width: 249px\">Partido Colorado<\/td>\n<td style=\"width: 300px\">Fernando Concepci\u00f3n Ver\u00f3n Vallejos<\/td>\n<td style=\"width: 147px\">1.743.462<\/td>\n<\/tr>\n<\/tbody>\n<\/table>\n<p style=\"text-align: center\">A.I PROCLAMACI\u00d3N DE MIEMBROS DE LA JUNTA<\/p>\n<p style=\"text-align: center\"><a href=\"https:\/\/www.municipios.gov.py\/nanawa\/wp-content\/uploads\/sites\/125\/2016\/06\/2015-a-i-264-Nanawa.pdf\">2015-a-i-264-Nanawa<\/a><\/p>\n<p style=\"text-align: center\">\n","protected":false},"excerpt":{"rendered":"<p>Orden Partido Nombres y Apellidos C\u00e9dula 1 Partido Colorado Daniel G\u00f3mez D\u00edaz 533.767 2 Partido Unace Gustavo Javier Viveros L\u00f3pez 1.720.555 3 Partido Liberal Radical Aut\u00e9ntico H\u00e9ctor Cantero 2.214.169 4 Partido Paraguay Tekopyahu Jos\u00e9 Avelino Garc\u00eda 4.287.728 5 Partido Colorado Paciano Moreno Coronel 718.041 6 Partido Unace Diego Ariel Casui Penayo 2.353.640 7 Partido Liberal &#8230; <a title=\"Junta Municipal\" class=\"read-more\" href=\"https:\/\/www.municipios.gov.py\/nanawa\/junta-municipal\/\" aria-label=\"Leer m\u00e1s sobre Junta Municipal\">Leer Mas&#8230;<\/a><\/p>\n","protected":false},"author":4,"featured_media":0,"parent":0,"menu_order":0,"comment_status":"closed","ping_status":"closed","template":"","meta":{"generate_page_header":"","jetpack_post_was_ever_published":false,"footnotes":""},"class_list":["post-19","page","type-page","status-publish"],"jetpack_sharing_enabled":true,"jetpack_shortlink":"https:\/\/wp.me\/P8AJNG-j","_links":{"self":[{"href":"https:\/\/www.municipios.gov.py\/nanawa\/wp-json\/wp\/v2\/pages\/19","targetHints":{"allow":["GET"]}}],"collection":[{"href":"https:\/\/www.municipios.gov.py\/nanawa\/wp-json\/wp\/v2\/pages"}],"about":[{"href":"https:\/\/www.municipios.gov.py\/nanawa\/wp-json\/wp\/v2\/types\/page"}],"author":[{"embeddable":true,"href":"https:\/\/www.municipios.gov.py\/nanawa\/wp-json\/wp\/v2\/users\/4"}],"replies":[{"embeddable":true,"href":"https:\/\/www.municipios.gov.py\/nanawa\/wp-json\/wp\/v2\/comments?post=19"}],"version-history":[{"count":4,"href":"https:\/\/www.municipios.gov.py\/nanawa\/wp-json\/wp\/v2\/pages\/19\/revisions"}],"predecessor-version":[{"id":220,"href":"https:\/\/www.municipios.gov.py\/nanawa\/wp-json\/wp\/v2\/pages\/19\/revisions\/220"}],"wp:attachment":[{"href":"https:\/\/www.municipios.gov.py\/nanawa\/wp-json\/wp\/v2\/media?parent=19"}],"curies":[{"name":"wp","href":"https:\/\/api.w.org\/{rel}","templated":true}]}}