{"id":2,"date":"2016-06-30T17:59:43","date_gmt":"2016-06-30T17:59:43","guid":{"rendered":"https:\/\/www.municipios.gov.py\/mbocayaty\/?page_id=2"},"modified":"2016-07-14T18:28:58","modified_gmt":"2016-07-14T18:28:58","slug":"pagina-ejemplo","status":"publish","type":"page","link":"https:\/\/www.municipios.gov.py\/mbocayaty\/","title":{"rendered":"Informaci\u00f3n"},"content":{"rendered":"<table style=\"width: 824px;height: 491px\">\n<tbody>\n<tr style=\"height: 210px\">\n<td style=\"width: 179px;height: 210px;vertical-align: top\"><div class=\"googlemaps\">\n\t\t\t\t<iframe loading=\"lazy\" width=\"824\" height=\"600\" frameborder=\"0\" scrolling=\"no\" marginheight=\"0\" marginwidth=\"0\"  src=\"https:\/\/www.google.com\/maps\/embed?pb=!1m18!1m12!1m3!1d115032.42082190086!2d-56.45904093971807!3d-25.712264852504692!2m3!1f0!2f0!3f0!3m2!1i1024!2i768!4f13.1!3m3!1m2!1s0x945ece5ca58f1f41:0x36ee266c52307ace!2sMbocayaty!5e0!3m2!1ses-419!2spy!4v1468520665252\"><\/iframe>\n\t\t\t<\/div><\/td>\n<td style=\"width: 609px;height: 210px;vertical-align: top\">\n<p><b>Mbocayaty del Guair\u00e1<\/b>, es uno de los distritos del cuarto <a title=\"Departamento de Guair\u00e1\" href=\"https:\/\/es.wikipedia.org\/wiki\/Departamento_de_Guair%C3%A1\">Departamento de Guair\u00e1<\/a>, <a title=\"Paraguay\" href=\"https:\/\/es.wikipedia.org\/wiki\/Paraguay\">Paraguay<\/a>.<\/p>\n<p>Se encuentra al noroeste de la cordillera del Ybytyruz\u00fa y es colindante a la ciudad de <a title=\"Villarrica (Paraguay)\" href=\"https:\/\/es.wikipedia.org\/wiki\/Villarrica_(Paraguay)\">Villarrica<\/a>, la capital departamental.<\/p>\n<p>Se encuentra aproximadamente a 166 <a class=\"mw-redirect\" title=\"Km\" href=\"https:\/\/es.wikipedia.org\/wiki\/Km\">km<\/a> de la ciudad de <a title=\"Asunci\u00f3n\" href=\"https:\/\/es.wikipedia.org\/wiki\/Asunci%C3%B3n\">Asunci\u00f3n<\/a>, capital de la <a class=\"mw-redirect\" title=\"Rep\u00fablica del Paraguay\" href=\"https:\/\/es.wikipedia.org\/wiki\/Rep%C3%BAblica_del_Paraguay\">Rep\u00fablica del Paraguay<\/a>, y 7 km al norte de la ciudad de Villarrica, la capital departamental. Se accede a este distrito, por la <a title=\"Ruta 8 (Paraguay)\" href=\"https:\/\/es.wikipedia.org\/wiki\/Ruta_8_(Paraguay)\">Ruta N\u00ba 8, Dr. Bl\u00e1s Garay<\/a>.<\/p>\n<p>Fue fundado en el a\u00f1o 1680, por Ley N\u00ba 428, se lo elev\u00f3 a la categor\u00eda de municipio. La actual intendenta es Norma Elizabeth Godoy Jorgge, de la Asociaci\u00f3n Nacional Republicana (A.N.R.), por el periodo 2011-2016 y fue reelecta para el siguiente periodo 2016-2021.<\/td>\n<\/tr>\n<\/tbody>\n<\/table>\n<p>&nbsp;<\/p>\n","protected":false},"excerpt":{"rendered":"<p>Mbocayaty del Guair\u00e1, es uno de los distritos del cuarto Departamento de Guair\u00e1, Paraguay. Se encuentra al noroeste de la cordillera del Ybytyruz\u00fa y es colindante a la ciudad de Villarrica, la capital departamental. Se encuentra aproximadamente a 166 km de la ciudad de Asunci\u00f3n, capital de la Rep\u00fablica del Paraguay, y 7 km al &#8230; <a title=\"Informaci\u00f3n\" class=\"read-more\" href=\"https:\/\/www.municipios.gov.py\/mbocayaty\/\" aria-label=\"Leer m\u00e1s sobre Informaci\u00f3n\">Leer Mas&#8230;<\/a><\/p>\n","protected":false},"author":4,"featured_media":0,"parent":0,"menu_order":0,"comment_status":"closed","ping_status":"open","template":"","meta":{"generate_page_header":"","jetpack_post_was_ever_published":false,"footnotes":""},"class_list":["post-2","page","type-page","status-publish"],"jetpack_sharing_enabled":true,"jetpack_shortlink":"https:\/\/wp.me\/P8AJK3-2","_links":{"self":[{"href":"https:\/\/www.municipios.gov.py\/mbocayaty\/wp-json\/wp\/v2\/pages\/2","targetHints":{"allow":["GET"]}}],"collection":[{"href":"https:\/\/www.municipios.gov.py\/mbocayaty\/wp-json\/wp\/v2\/pages"}],"about":[{"href":"https:\/\/www.municipios.gov.py\/mbocayaty\/wp-json\/wp\/v2\/types\/page"}],"author":[{"embeddable":true,"href":"https:\/\/www.municipios.gov.py\/mbocayaty\/wp-json\/wp\/v2\/users\/4"}],"replies":[{"embeddable":true,"href":"https:\/\/www.municipios.gov.py\/mbocayaty\/wp-json\/wp\/v2\/comments?post=2"}],"version-history":[{"count":9,"href":"https:\/\/www.municipios.gov.py\/mbocayaty\/wp-json\/wp\/v2\/pages\/2\/revisions"}],"predecessor-version":[{"id":216,"href":"https:\/\/www.municipios.gov.py\/mbocayaty\/wp-json\/wp\/v2\/pages\/2\/revisions\/216"}],"wp:attachment":[{"href":"https:\/\/www.municipios.gov.py\/mbocayaty\/wp-json\/wp\/v2\/media?parent=2"}],"curies":[{"name":"wp","href":"https:\/\/api.w.org\/{rel}","templated":true}]}}