{"id":21,"date":"2016-06-30T18:13:11","date_gmt":"2016-06-30T18:13:11","guid":{"rendered":"https:\/\/www.municipios.gov.py\/mayorotano\/?page_id=21"},"modified":"2026-02-19T10:54:26","modified_gmt":"2026-02-19T13:54:26","slug":"estructuraorganica","status":"publish","type":"page","link":"https:\/\/www.municipios.gov.py\/mayorotano\/estructuraorganica\/","title":{"rendered":"Estructura org\u00e1nica"},"content":{"rendered":"<p style=\"text-align: center;\"><a href=\"https:\/\/www.municipios.gov.py\/mayorotano\/wp-content\/uploads\/sites\/110\/2026\/02\/01-ESTRUCTURA-ORGANICA-DE-LA-INSTITUCION_-MUNICIPALIDAD-DE-MAYOR-OTANO.pdf\" target=\"_blank\" rel=\"noopener\">ESTRUCTURA ORGANICA DE LA INSTITUCION_ MUNICIPALIDAD DE MAYOR OTA\u00d1O<\/a><\/p>\n<p style=\"text-align: center;\"><a href=\"https:\/\/www.municipios.gov.py\/mayorotano\/wp-content\/uploads\/sites\/110\/2026\/02\/01.1.2.3.-Estructura-Organica-de-la-Insituticion-_-Manual-de-Funciones-Organigrama-_-Mayor-Otano.pdf\" target=\"_blank\" rel=\"noopener\">Estructura Org\u00e1nica de la Insituticion _ Manual-de-Funciones-Organigrama _ Mayor Ota\u00f1o<\/a><\/p>\n","protected":false},"excerpt":{"rendered":"<p>ESTRUCTURA ORGANICA DE LA INSTITUCION_ MUNICIPALIDAD DE MAYOR OTA\u00d1O Estructura Org\u00e1nica de la Insituticion _ Manual-de-Funciones-Organigrama _ Mayor Ota\u00f1o<\/p>\n","protected":false},"author":4,"featured_media":0,"parent":0,"menu_order":0,"comment_status":"closed","ping_status":"closed","template":"","meta":{"generate_page_header":"","jetpack_post_was_ever_published":false,"footnotes":""},"class_list":["post-21","page","type-page","status-publish"],"jetpack_sharing_enabled":true,"jetpack_shortlink":"https:\/\/wp.me\/P8AJKz-l","_links":{"self":[{"href":"https:\/\/www.municipios.gov.py\/mayorotano\/wp-json\/wp\/v2\/pages\/21","targetHints":{"allow":["GET"]}}],"collection":[{"href":"https:\/\/www.municipios.gov.py\/mayorotano\/wp-json\/wp\/v2\/pages"}],"about":[{"href":"https:\/\/www.municipios.gov.py\/mayorotano\/wp-json\/wp\/v2\/types\/page"}],"author":[{"embeddable":true,"href":"https:\/\/www.municipios.gov.py\/mayorotano\/wp-json\/wp\/v2\/users\/4"}],"replies":[{"embeddable":true,"href":"https:\/\/www.municipios.gov.py\/mayorotano\/wp-json\/wp\/v2\/comments?post=21"}],"version-history":[{"count":8,"href":"https:\/\/www.municipios.gov.py\/mayorotano\/wp-json\/wp\/v2\/pages\/21\/revisions"}],"predecessor-version":[{"id":1824,"href":"https:\/\/www.municipios.gov.py\/mayorotano\/wp-json\/wp\/v2\/pages\/21\/revisions\/1824"}],"wp:attachment":[{"href":"https:\/\/www.municipios.gov.py\/mayorotano\/wp-json\/wp\/v2\/media?parent=21"}],"curies":[{"name":"wp","href":"https:\/\/api.w.org\/{rel}","templated":true}]}}