{"id":2,"date":"2016-06-30T17:59:43","date_gmt":"2016-06-30T17:59:43","guid":{"rendered":"https:\/\/www.municipios.gov.py\/mariaantonia\/?page_id=2"},"modified":"2017-08-11T12:40:44","modified_gmt":"2017-08-11T16:40:44","slug":"pagina-ejemplo","status":"publish","type":"page","link":"https:\/\/www.municipios.gov.py\/mariaantonia\/","title":{"rendered":"Informaci\u00f3n"},"content":{"rendered":"<p style=\"text-align: center;\"><strong>MISI\u00d3N Y VISI\u00d3N<\/strong><\/p>\n<p style=\"text-align: center;\"><strong>MUNICIPALIDAD MAR\u00cdA ANTONIA<\/strong><\/p>\n<p style=\"text-align: center;\"><strong>PARAGUAR\u00cd<\/strong><\/p>\n<p>&nbsp;<\/p>\n<p><strong>MISI\u00d3N:<\/strong> La municipalidad de Mar\u00eda Antonia, es una Instituci\u00f3n de servicio que busca promover el desarrollo de la comunidad, nuestro prop\u00f3sito es brindarle al vecino los recursos necesarios para su desarrollo social, cultural, ordenamiento territorial.<\/p>\n<p>Facilitar los servicios esenciales para su desarrollo y bienestar, para mejorar la calidad de vida de cada vecino del municipio de Mar\u00eda Antonia.<\/p>\n<p><strong>VISI\u00d3N:<\/strong> Una Direcci\u00f3n basada en los principios de unidad, amistad, confianza, solidaridad, equidad, eficiencia y transparencia, que garantice una oportunidad de bienestar y mejora en la calidad de vida de los empleados municipales y sus familias, as\u00ed como los vecinos y contribuya al desarrollo integral de la ciudad.<\/p>\n<p>&nbsp;<\/p>\n<p><a href=\"https:\/\/www.municipios.gov.py\/mariaantonia\/wp-content\/uploads\/sites\/174\/2016\/06\/PROCLAMACION-INTENDENTE-CONCEJALES.pdf\">PROCLAMACION INTENDENTE CONCEJALES<\/a><\/p>\n<p><a href=\"https:\/\/www.municipios.gov.py\/mariaantonia\/wp-content\/uploads\/sites\/174\/2016\/06\/LEY-5676.pdf\">LEY 5676<\/a><\/p>\n","protected":false},"excerpt":{"rendered":"<p>MISI\u00d3N Y VISI\u00d3N MUNICIPALIDAD MAR\u00cdA ANTONIA PARAGUAR\u00cd &nbsp; MISI\u00d3N: La municipalidad de Mar\u00eda Antonia, es una Instituci\u00f3n de servicio que busca promover el desarrollo de la comunidad, nuestro prop\u00f3sito es brindarle al vecino los recursos necesarios para su desarrollo social, cultural, ordenamiento territorial. Facilitar los servicios esenciales para su desarrollo y bienestar, para mejorar la &#8230; <a title=\"Informaci\u00f3n\" class=\"read-more\" href=\"https:\/\/www.municipios.gov.py\/mariaantonia\/\" aria-label=\"Leer m\u00e1s sobre Informaci\u00f3n\">Leer Mas&#8230;<\/a><\/p>\n","protected":false},"author":4,"featured_media":0,"parent":0,"menu_order":0,"comment_status":"closed","ping_status":"closed","template":"","meta":{"generate_page_header":"","jetpack_post_was_ever_published":false,"footnotes":""},"class_list":["post-2","page","type-page","status-publish"],"jetpack_sharing_enabled":true,"jetpack_shortlink":"https:\/\/wp.me\/PaP3By-2","_links":{"self":[{"href":"https:\/\/www.municipios.gov.py\/mariaantonia\/wp-json\/wp\/v2\/pages\/2","targetHints":{"allow":["GET"]}}],"collection":[{"href":"https:\/\/www.municipios.gov.py\/mariaantonia\/wp-json\/wp\/v2\/pages"}],"about":[{"href":"https:\/\/www.municipios.gov.py\/mariaantonia\/wp-json\/wp\/v2\/types\/page"}],"author":[{"embeddable":true,"href":"https:\/\/www.municipios.gov.py\/mariaantonia\/wp-json\/wp\/v2\/users\/4"}],"replies":[{"embeddable":true,"href":"https:\/\/www.municipios.gov.py\/mariaantonia\/wp-json\/wp\/v2\/comments?post=2"}],"version-history":[{"count":46,"href":"https:\/\/www.municipios.gov.py\/mariaantonia\/wp-json\/wp\/v2\/pages\/2\/revisions"}],"predecessor-version":[{"id":397,"href":"https:\/\/www.municipios.gov.py\/mariaantonia\/wp-json\/wp\/v2\/pages\/2\/revisions\/397"}],"wp:attachment":[{"href":"https:\/\/www.municipios.gov.py\/mariaantonia\/wp-json\/wp\/v2\/media?parent=2"}],"curies":[{"name":"wp","href":"https:\/\/api.w.org\/{rel}","templated":true}]}}