{"id":2,"date":"2016-05-20T16:17:42","date_gmt":"2016-05-20T16:17:42","guid":{"rendered":"https:\/\/www.municipios.gov.py\/liberacion\/?page_id=2"},"modified":"2016-05-20T23:08:38","modified_gmt":"2016-05-20T23:08:38","slug":"pagina-ejemplo","status":"publish","type":"page","link":"https:\/\/www.municipios.gov.py\/liberacion\/","title":{"rendered":"Informaci\u00f3n"},"content":{"rendered":"<h1><strong>Liberaci\u00f3n <\/strong><\/h1>\n<p><strong>Liberaci\u00f3n<\/strong> es un distrito del II Departamento de San Pedro, de la Rep\u00fablica del Paraguay. Fue creado el 24 de junio de 2011.Tiene 23.984 habitantes (DGEEC 2016).<\/p>\n<p>Sus principales actividades son la agroganader\u00eda y el comercio.<\/p>\n<p>El municipio de Liberaci\u00f3n fue creado por Ley N\u00ba 4.363\/11, el 24 de junio de 2011, y se desprendi\u00f3 de los distritos de Chor\u00e9 y Guayaib\u00ed. Anteriormente la zona era conocida como <strong><em>Cruce Liberaci\u00f3n<\/em><\/strong> y depend\u00eda administrativamente del distrito de Chor\u00e9, aunque era disputada por el distrito de Guayaib\u00ed.<\/p>\n<p>En la misma ley que creaba el nuevo municipio establec\u00eda que la Justicia Electoral deber\u00eda convocar a elecciones municipales de acuerdo a la forma y plazos establecidos en las leyes correspondientes. Hasta tanto fueran electas las nuevas autoridades, la administraci\u00f3n del municipio permanecer\u00eda a cargo de los municipios de Chor\u00e9 y Guayaib\u00ed.<\/p>\n<p>El \u00e1rea delimitada para el novel municipio especificaba por ley una superficie de 58.659 hect\u00e1reas con 4333 metros cuadrados.<\/p>\n<p><strong>Geograf\u00eda<\/strong><\/p>\n<p>Liberaci\u00f3n se encuentra a unos 200 km de Asunci\u00f3n sobre la Ruta N\u00ba 3 General Elizardo Aquino.<\/p>\n<p>Sus l\u00edmites son al norte, los distritos de Lima y General Resqu\u00edn, al sur y al este, limita con el distrito de Guayaib\u00ed y al oeste con el distrito de Chor\u00e9.<\/p>\n<p><strong>Poblaci\u00f3n<\/strong><\/p>\n<p>Tiene una poblaci\u00f3n estimada de 20.000 personas.<\/p>\n<p><strong>Deportes<\/strong><\/p>\n<p>El distrito es representado por la Liga Social, Cultural y Deportiva Liberaci\u00f3n que compite en los torneos de la U.F.I. y por el Deportivo Liberaci\u00f3n que compite en la Divisi\u00f3n Intermedia de la A.P.F.<\/p>\n","protected":false},"excerpt":{"rendered":"<p>Liberaci\u00f3n Liberaci\u00f3n es un distrito del II Departamento de San Pedro, de la Rep\u00fablica del Paraguay. Fue creado el 24 de junio de 2011.Tiene 23.984 habitantes (DGEEC 2016). Sus principales actividades son la agroganader\u00eda y el comercio. El municipio de Liberaci\u00f3n fue creado por Ley N\u00ba 4.363\/11, el 24 de junio de 2011, y se &#8230; <a title=\"Informaci\u00f3n\" class=\"read-more\" href=\"https:\/\/www.municipios.gov.py\/liberacion\/\" aria-label=\"Leer m\u00e1s sobre Informaci\u00f3n\">Leer Mas&#8230;<\/a><\/p>\n","protected":false},"author":4,"featured_media":0,"parent":0,"menu_order":0,"comment_status":"closed","ping_status":"open","template":"","meta":{"generate_page_header":"","jetpack_post_was_ever_published":false,"footnotes":""},"class_list":["post-2","page","type-page","status-publish"],"jetpack_sharing_enabled":true,"jetpack_shortlink":"https:\/\/wp.me\/P7yNaE-2","_links":{"self":[{"href":"https:\/\/www.municipios.gov.py\/liberacion\/wp-json\/wp\/v2\/pages\/2","targetHints":{"allow":["GET"]}}],"collection":[{"href":"https:\/\/www.municipios.gov.py\/liberacion\/wp-json\/wp\/v2\/pages"}],"about":[{"href":"https:\/\/www.municipios.gov.py\/liberacion\/wp-json\/wp\/v2\/types\/page"}],"author":[{"embeddable":true,"href":"https:\/\/www.municipios.gov.py\/liberacion\/wp-json\/wp\/v2\/users\/4"}],"replies":[{"embeddable":true,"href":"https:\/\/www.municipios.gov.py\/liberacion\/wp-json\/wp\/v2\/comments?post=2"}],"version-history":[{"count":4,"href":"https:\/\/www.municipios.gov.py\/liberacion\/wp-json\/wp\/v2\/pages\/2\/revisions"}],"predecessor-version":[{"id":61,"href":"https:\/\/www.municipios.gov.py\/liberacion\/wp-json\/wp\/v2\/pages\/2\/revisions\/61"}],"wp:attachment":[{"href":"https:\/\/www.municipios.gov.py\/liberacion\/wp-json\/wp\/v2\/media?parent=2"}],"curies":[{"name":"wp","href":"https:\/\/api.w.org\/{rel}","templated":true}]}}