{"id":1310,"date":"2025-09-11T12:28:59","date_gmt":"2025-09-11T15:28:59","guid":{"rendered":"https:\/\/www.municipios.gov.py\/lambare\/?page_id=1310"},"modified":"2025-09-11T12:30:18","modified_gmt":"2025-09-11T15:30:18","slug":"transito","status":"publish","type":"page","link":"https:\/\/www.municipios.gov.py\/lambare\/transito\/","title":{"rendered":"TRANSITO"},"content":{"rendered":"<p><strong><u>PARA LA EXPEDICI\u00d3N DE LA LICENCIA DE CONDUCIR PRIMERA VEZ, REQUISITOS<\/u><\/strong><\/p>\n<ul>\n<li style=\"text-align: justify;\"><span style=\"font-family: Times New Roman,Times,serif;\"><b>Cedula de Identidad Civil<\/b> Paraguaya., o carnet diplom\u00e1tico expedido por el Ministerio de Relaciones Exteriores., o carnet de admisi\u00f3n temporal o permanente., o la constancia de solicitud de refugios expedida por la Comisi\u00f3n Nacional de Refugiados, adem\u00e1s deber\u00e1 presentar el carnet de conducir de origen y carnet de inmigrante., cuando se trate de extranjeros. Se debe de presentar los documentos originales y en vigencia, cuya copia ser\u00e1 recibida por la Municipalidad, previa autenticaci\u00f3n de esta por el funcionario responsable, con la indicaci\u00f3n de ser copia fiel del original, firma y sello o aclaraci\u00f3n del funcionario receptor y selo institucional<\/span><\/li>\n<li style=\"text-align: justify;\"><span style=\"font-family: Times New Roman,Times,serif;\"><b>Formulario de solicitud de Licencia<\/b> de Conducir conforme al modelo establecido en el ANEXO V., prove\u00eddo por la Municipalidad, el cual debe de constar con la firma y aclaraci\u00f3n del solicitante e indicaci\u00f3n del tr\u00e1mite requerido<\/span><\/li>\n<li style=\"text-align: justify;\"><span style=\"font-family: Times New Roman,Times,serif;\"><b>Certificado de Licencia de Conducir<\/b> y Antecedente de Transito, vigente otorgado por<\/span>\u00a0<span style=\"font-family: Times New Roman,Times,serif;\">el RNLCAT<\/span><\/li>\n<li style=\"text-align: justify;\"><span style=\"font-family: Times New Roman,Times,serif;\"><b>Declaraci\u00f3n jurada<\/b> de afecciones y\/o adiciones que tuviere<\/span><\/li>\n<li style=\"text-align: justify;\"><span style=\"font-family: Times New Roman,Times,serif;\"><b>Certificado<\/b> de conocimientos b\u00e1sicos de primeros Auxilios<\/span><\/li>\n<li style=\"text-align: justify;\"><span style=\"font-family: Times New Roman,Times,serif;\"><b>Examen te\u00f3rico<\/b> sobre se\u00f1ales y normas<\/span><\/li>\n<li style=\"text-align: justify;\"><span style=\"font-family: Times New Roman,Times,serif;\"><b>Examen pr\u00e1ctico<\/b> de idoneidad conductiva y conocimiento simpes de mec\u00e1nica y detecci\u00f3n de fallas sobre elementos de seguridad del veh\u00edculo, cuya hoja de evaluaci\u00f3n ser\u00e1 proporcionada por la ANTSV., o podr\u00e1 optar por el certificado \u00danico del Conductor expedido por una Escuela de Conducci\u00f3n debidamente habilitado por la ANTSV.<\/span><\/li>\n<li style=\"text-align: justify;\"><span style=\"font-family: Times New Roman,Times,serif;\"><b>Comprobante de tipificaci\u00f3n<\/b> sangu\u00ednea expedida por el Ministerio de Salud P\u00fablica y Bienestar Social o laboratorio habilitado<\/span><\/li>\n<li style=\"text-align: justify;\"><span style=\"font-family: Times New Roman,Times,serif;\"><b>Certificado <\/b><strong>de vida y residencia<\/strong> vigente expedido por la Comisaria Jurisdiccional<\/span><\/li>\n<li style=\"text-align: justify;\"><span style=\"font-family: Times New Roman,Times,serif;\"><b>Examen m\u00e9dico psicof\u00edsico<\/b> que comprender\u00e1 una constancia de aptitud f\u00edsica, visual, auditiva y ps\u00edquica para conducir un automotor o un examen expedido por un equipo auxiliar de diagn\u00f3stico y evaluaci\u00f3n para la asistencia m\u00e9dica del examen de aptitud psicof\u00edsico debidamente homologado por la ANTSV., cuyo resultado deber\u00e1 estar avalado con la firma del m\u00e9dico<\/span><\/li>\n<\/ul>\n<p style=\"text-align: justify;\"><strong><span style=\"font-family: Times New Roman,Times,serif;\"><u>RENOVACI\u00d3N DE LA LICENCIA DE CONDUCIR<\/u>.<\/span><\/strong><\/p>\n<p style=\"text-align: justify;\"><span style=\"font-family: Times New Roman,Times,serif;\"><b>Los solicitantes deber\u00e1n presentar:<\/b><\/span><\/p>\n<ul>\n<li style=\"text-align: justify;\"><span style=\"font-family: Times New Roman,Times,serif;\"><b>Formulario de solicitud de Conducir<\/b> conforme al modelo establecido en el ANEXO V., prove\u00eddo por la Municipalidad, el cual debe constar con la firma y aclaraci\u00f3n del solicitante, la categor\u00eda solicitada e indicaci\u00f3n del tr\u00e1mite requerido.<\/span><\/li>\n<li style=\"text-align: justify;\"><span style=\"font-family: Times New Roman,Times,serif;\"><b>Certificado de Licencia de Conducir<\/b> y Antecedentes de Transito vigente otorgado por el RNLCAT.<\/span><\/li>\n<li style=\"text-align: justify;\"><span style=\"font-family: Times New Roman,Times,serif;\"><b>Cedula de Identidad Civil Paraguaya<\/b>., o carnet diplom\u00e1tico expedido por el Ministerio de Relaciones Exteriores., o carnet de admisi\u00f3n temporal o permanente., o la constancia de solicitud de refugio expedida por la Comisi\u00f3n Nacional de Refugiados., cuando se trate de extranjeros. Se debe de presentar los documentos originales y en vigencia, cuya copia ser\u00e1 recibida por la Municipalidad, previa autenticaci\u00f3n de esta por el funcionario responsable, con la indicaci\u00f3n de ser copia fiel del original y firma y sello o aclaraci\u00f3n del funcionario receptor, y sello institucional<\/span><\/li>\n<li style=\"text-align: justify;\"><span style=\"font-family: Times New Roman,Times,serif;\"><b>Declaraci\u00f3n jurada<\/b> de afecciones y\/o adicciones que tuviere, conforme al modelo establecido en el ANEXO Vl de esta resoluci\u00f3n.<\/span><\/li>\n<li style=\"text-align: justify;\"><span style=\"font-family: Times New Roman,Times,serif;\"><b>Examen m\u00e9dico psicof\u00edsico<\/b> que comprender\u00e1 una constancia de aptitud f\u00edsica, visual, auditiva y ps\u00edquica para conducir un automotor o un examen expedido por un equipo auxiliar de diagn\u00f3stico y evaluaci\u00f3n para la asistencia m\u00e9dica del examen de aptitud psicof\u00edsico debidamente homologado por la ANTSV, cuyo resultado deber\u00e1 estar avalado con la firma un m\u00e9dico.<\/span><\/li>\n<li style=\"text-align: justify;\"><span style=\"font-family: Times New Roman,Times,serif;\"><b>En caso de registrar antecedentes<\/b>, prescriptas o no, comprobados en el Certificado de Licencia de Conducir y Antecedentes de conocimientos de conducci\u00f3n, se\u00f1alizaci\u00f3n, legislaci\u00f3n, accidentes y modo de prevenirlos; y conocimientos simples de mec\u00e1nica y fallas sobre elementos de seguridad del veh\u00edculo. Dicho examen ser\u00e1 determinado y proporcionado por la ANTSV.<\/span><\/li>\n<li style=\"text-align: justify;\"><span style=\"font-family: Times New Roman,Times,serif;\"><b>Certificado de conocimientos b\u00e1sicos<\/b> de primeros auxilios expedido por la ANTRV. Dicho certificado ser\u00e1 expedido posterior a la aprobaci\u00f3n del curso dictado por la ANTSV. Hasta que dicho curso sea operativo y reglamentado por la ANTSV, se consideraran validos los certificados expedidos por las siguientes instituciones: Bomberos Voluntarios, Cruz Rojas y Escuelas de Conducci\u00f3n habilitadas por la ANMTSV, por medio del Certificado \u00danico del Conductor.<\/span><\/li>\n<li style=\"text-align: justify;\"><span style=\"font-family: Times New Roman,Times,serif;\"><b>Licencia de Conducir vencida<\/b><\/span><\/li>\n<li style=\"text-align: justify;\"><span style=\"font-family: Times New Roman,Times,serif;\"><b>Certificado de Vida y Residencia<\/b> vigente expedida por la Comisaria Jurisdiccional.<\/span><\/li>\n<\/ul>\n<p><span style=\"font-family: Times New Roman,Times,serif;\"><b><u>CAMBIO DE CATEGORIA DE LA LICENCIA DE CONDUCIR:<\/u><\/b><\/span><\/p>\n<p style=\"text-align: justify;\"><span style=\"font-family: Times New Roman,Times,serif;\"><b>Los solicitantes deber\u00e1n presentar:<\/b><\/span><\/p>\n<ul>\n<li style=\"text-align: justify;\"><span style=\"font-family: Times New Roman,Times,serif;\"><strong>Formulario de solicitud<\/strong> de Licencia de Conducir conforme al modelo establecido en el ANEXO V de la presente resoluci\u00f3n, prove\u00eddo por la Municipalidad, el cual debe constar con la firma y aclaraci\u00f3n del solicitante, la categor\u00eda solicitada e indicaci\u00f3n del tr\u00e1mite requerido.<\/span><\/li>\n<li style=\"text-align: justify;\"><span style=\"font-family: Times New Roman,Times,serif;\"><strong>Certificado de Licencia<\/strong> de Conducir y Antecedentes de Tr\u00e1nsito\u00bb vigente, otorgado por el RNLCAT.<\/span><\/li>\n<li style=\"text-align: justify;\"><span style=\"font-family: Times New Roman,Times,serif;\"><strong>C\u00e9dula de identidad Civil<\/strong> Paraguaya. Se debe presentar el documento original y en vigencia, cuya copia ser\u00e1 recibida por le Municipalidad, previa autenticaci\u00f3n de esta por funcionario responsable, con la indicaci\u00f3n de ser copia fiel del original y firma y sello o aclaraci\u00f3n del funcionario receptor, y sello institucional.<\/span><\/li>\n<li style=\"text-align: justify;\"><span style=\"font-family: Times New Roman,Times,serif;\"><strong>Declaraci\u00f3n jurada<\/strong> de afecciones y\/o adicciones que tuviere, conforme al modelo establecido en el ANEXO VI de esta resoluci\u00f3n.<\/span><\/li>\n<li style=\"text-align: justify;\"><span style=\"font-family: Times New Roman,Times,serif;\"><strong>Examen m\u00e9dico psicof\u00edsico<\/strong> que comprender\u00e1 una constancia de aptitud f\u00edsica, visual, auditiva y ps\u00edquica para conducir un automotor o un examen expedido por un equipo auxiliar de diagn\u00f3stico y evaluaci\u00f3n para la asistencia m\u00e9dica del examen de aptitud psicof\u00edsico debidamente homologado por la ANTSV, cuyo resultado deber\u00e1 estar avalado con la firma un m\u00e9dico.<\/span><\/li>\n<li style=\"text-align: justify;\"><span style=\"font-family: Times New Roman,Times,serif;\"><strong>Examen te\u00f3rico sobre <\/strong>conocimientos de conducci\u00f3n, se\u00f1alizaci\u00f3n, legislaci\u00f3n, accidentes y modo de prevenirlos y conocimientos simples de mec\u00e1nica y detenci\u00f3n de fallas sobre elementos de seguridad del veh\u00edculo. Dicho examen ser\u00e1 determinado y proporcionados por la ANTSV.<\/span><\/li>\n<li style=\"text-align: justify;\"><span style=\"font-family: Times New Roman,Times,serif;\"><strong>Examen pr\u00e1ctico<\/strong> de idoneidad conductiva y conocimientos simple de mec\u00e1nica y detenci\u00f3n de fallas sobre elementos de seguridad del veh\u00edculo, cuya hoja de evaluaci\u00f3n ser\u00e1 proporcionada por la ANTSV, o podr\u00e1 optar por el Certificado \u00danico del Conductor expedido por una Escuela de Conducci\u00f3n debidamente habilitada por la ANTSV.<\/span><\/li>\n<li style=\"text-align: justify;\"><span style=\"font-family: Times New Roman,Times,serif;\"><strong>En el caso de los solicitantes<\/strong> de las categor\u00edas Profesional B\u201d Superior, Profesional Clase \u201cA\u201d y Profesional Clase \u201cA\u201d Superior, deber\u00e1n presentar el Certificado \u00danico del conductor expedido por una Escuela de Conducci\u00f3n debidamente habilitada por la ANTSV.<\/span><\/li>\n<li style=\"text-align: justify;\"><span style=\"font-family: Times New Roman,Times,serif;\"><strong>Para el caso de los solicitantes <\/strong>de las categor\u00edas Profesional Clase \u201cC\u201d deber\u00e1n presentar un certificado expedido por el SNPP de haber aprobado el curso de manejo de los tipos de veh\u00edculos de dicha categor\u00eda.<\/span><\/li>\n<li style=\"text-align: justify;\"><span style=\"font-family: Times New Roman,Times,serif;\"><strong>Para el caso de los solicitantes<\/strong> de las categor\u00edas Profesional Clase \u00abD\u00bb deber\u00e1 presentar un certificado expedido por la autoridad competente de haber aprobado el curso de idoneidad conductiva para el transporte de mercanc\u00edas inflamables, explosivas o toxicas, conforme a la reglamentaci\u00f3n vigente.<\/span><\/li>\n<li style=\"text-align: justify;\"><span style=\"font-family: Times New Roman,Times,serif;\"><strong>Certificado de conocimientos<\/strong> b\u00e1sicos de primeros auxilios expedido por la ANTSV. Dicho certificado ser\u00e1 expedido posterior a la aprobaci\u00f3n del curso dictado por la ANTSV. Hasta que dicho curso sea operativo, se considerar\u00e1 los certificados expedidos por las instituciones competentes &#8211; Bomberos Voluntarios, Cruz Roja y Escuelas de Conducci\u00f3n habilitadas por la ANTSV &#8211; o por personales certificados contratados por el municipio.<\/span><\/li>\n<li style=\"text-align: justify;\"><span style=\"font-family: Times New Roman,Times,serif;\"><strong>Licencia de conducir original <\/strong>de la categor\u00eda anterior.<\/span><\/li>\n<li style=\"text-align: justify;\"><span style=\"font-family: Times New Roman,Times,serif;\">Certificado de vida y residencia vigente expedido por la Comisar\u00eda Jurisdiccional.<\/span><\/li>\n<\/ul>\n<p><span style=\"font-family: Times New Roman,Times,serif;\"><b><u>DUPLICADO DE LA LICENCIA DE CONDUCIR.<\/u><\/b><\/span><\/p>\n<p style=\"text-align: justify;\"><span style=\"font-family: Times New Roman,Times,serif;\"><b>Los solicitantes deber\u00e1n presentar:<\/b><\/span><\/p>\n<ul>\n<li style=\"text-align: justify;\"><span style=\"font-family: Times New Roman,Times,serif;\"><strong>Formulario de solicitud<\/strong> de Licencia de Conducir conforme al modelo establecido en el ANEXO V de la presente resoluci\u00f3n, prove\u00eddo por la Municipalidad, el cual debe constar con la firma y aclaraci\u00f3n del solicitante, la categor\u00eda solicitada e indicaci\u00f3n del tr\u00e1mite requerido.<\/span><\/li>\n<li style=\"text-align: justify;\"><span style=\"font-family: Times New Roman,Times,serif;\">\u00abCertificado de Licencia de Conducir y Antecedentes de Tr\u00e1nsito\u00bb vigente, otorgado por el RNLCAT.<\/span><\/li>\n<li style=\"text-align: justify;\"><span style=\"font-family: Times New Roman,Times,serif;\"><strong>C\u00e9dula de identidad Civil<\/strong> Paraguay; o carnet diplom\u00e1tico expedido por el Ministerio de Relaciones Exteriores; o carnet de admisi\u00f3n temporal o permanente; o la Constancia de solicitud de Refugio expedida por la Comisi\u00f3n Nacional de Refugiados, cuando se trate de extranjeros. Se deben presentar los documentos originales y en vigencia, cuya copia ser\u00e1 recibida por la Municipalidad, previa autenticaci\u00f3n de esta por funcionario responsable, con la indicaci\u00f3n de ser copia fiel del original y firma y sello o aclaraci\u00f3n del funcionario receptor, y sello institucional.<\/span><\/li>\n<li style=\"text-align: justify;\"><span style=\"font-family: Times New Roman,Times,serif;\"><strong>Licencia de conducir<\/strong> deteriorada o la transcripci\u00f3n del acta de la denuncia policial, en caso de extrav\u00edo, p\u00e9rdida o robo expedida por la Comisar\u00eda de la jurisdicci\u00f3n de su domicilio.<\/span><\/li>\n<\/ul>\n<p><span style=\"font-family: Times New Roman,Times,serif;\"><b><u>REVALIDACION DE LA LICENCIA DE CONDUCIR;<\/u><\/b><\/span><\/p>\n<p style=\"text-align: justify;\"><span style=\"font-family: Times New Roman,Times,serif;\"><b>Los solicitantes deber\u00e1n presentar:<\/b><\/span><\/p>\n<ul>\n<li style=\"text-align: justify;\"><span style=\"font-family: Times New Roman,Times,serif;\"><strong>Formulario de solicitud<\/strong> de Licencia de Conducir conforme al modelo establecido en el ANEXO V de la presente resoluci\u00f3n, prove\u00eddo por la Municipalidad, el cual debe constar con la firma y aclaraci\u00f3n del solicitante, la categor\u00eda solicitada e indicaci\u00f3n del tr\u00e1mite requerido.<\/span><\/li>\n<li style=\"text-align: justify;\"><span style=\"font-family: Times New Roman,Times,serif;\"><strong>Certificado de Licencia<\/strong> de Conducir y Antecedentes de Tr\u00e1nsito\u00bb vigente, otorgado por el RNLCAT.<\/span><\/li>\n<li style=\"text-align: justify;\"><span style=\"font-family: Times New Roman,Times,serif;\"><strong>Cedula de identidad<\/strong> civil paraguaya. se debe presentar el documento original y en vigencia, cuya copia ser\u00e1 recibida por la Municipalidad, previa autenticaci\u00f3n de esta por funcionario responsable, con la indicaci\u00f3n de ser copia fiel del original, firma y sello o aclaraci\u00f3n del funcionario receptor, y sello institucional. &#8211;<\/span><\/li>\n<\/ul>\n<p><span style=\"font-family: Times New Roman,Times,serif;\"><b><u>CAMBIO DE MUNICIPIO Y DOMICILIO.<\/u><\/b><\/span><\/p>\n<p style=\"text-align: justify;\"><span style=\"font-family: Times New Roman,Times,serif;\"><b>Los solicitantes deber\u00e1n presentar:<\/b><\/span><\/p>\n<ul>\n<li style=\"text-align: justify;\"><span style=\"font-family: Times New Roman,Times,serif;\">Formulario de solicitud de Licencia de Conducir, conforme al modelo establecido en el ANEXO V de la presente resoluci\u00f3n, prove\u00eddo por la Municipalidad, el cual, debe constar con la firma y aclaraci\u00f3n del solicitante, la categor\u00eda solicitada e indicaci\u00f3n del tr\u00e1mite requerido.<\/span><\/li>\n<li style=\"text-align: justify;\"><span style=\"font-family: Times New Roman,Times,serif;\">\u00abCertificado de Licencia de Conducir y Antecedentes de Tr\u00e1nsito\u00bb vigente, otorgado por el RNLCAT.<\/span><\/li>\n<li style=\"text-align: justify;\"><span style=\"font-family: Times New Roman,Times,serif;\">\u00b7-C\u00e9dula de identidad Civil Paraguaya; o carn\u00e9 diplom\u00e1tico expedido por el Ministerio de Relaciones Exteriores; o carn\u00e9 de admisi\u00f3n temporal o permanente; o la Constancia de solicitud de Refugio expedida por la Comisi\u00f3n Nacional de Refugiados, cuando se trate de extranjeros. Se deben presentar los documentos originales y en vigencia, cuya copia ser\u00e1 recibida por le Municipalidad, previa autenticaci\u00f3n de esta por funcionario responsable, con la indicaci\u00f3n de ser copia fiel del original y firma y sello o aclaraci\u00f3n del funcionario receptor, y sello institucional.<\/span><\/li>\n<li style=\"text-align: justify;\"><span style=\"font-family: Times New Roman,Times,serif;\">Declaraci\u00f3n jurada de afecciones y\/o adicciones que tuviere conforme a lo establecido en esta resoluci\u00f3n en el Anexo Vl.<\/span><\/li>\n<li style=\"text-align: justify;\"><span style=\"font-family: Times New Roman,Times,serif;\">Examen m\u00e9dico psicof\u00edsico que comprender\u00e1 una constancia de aptitud f\u00edsica, visual, auditiva y ps\u00edquica para conducir un automotor o un examen expedido por un equipo auxiliar de diagn\u00f3stico y evaluaci\u00f3n para la asistencia m\u00e9dica del examen de aptitud psicof\u00edsico debidamente homologado por la ANTSV, cuyo resultado deber\u00e1 ser avalado con la firma de un m\u00e9dico.<\/span><\/li>\n<li style=\"text-align: justify;\"><span style=\"font-family: Times New Roman,Times,serif;\">Examen te\u00f3rico de conocimientos sobre conducci\u00f3n, se\u00f1alizaci\u00f3n, legislaci\u00f3n, accidentes y modo de prevenirlos. Dicho examen ser\u00e1 determinado y proporcionado por la ANTSV.<\/span><\/li>\n<li style=\"text-align: justify;\"><span style=\"font-family: Times New Roman,Times,serif;\">Examen pr\u00e1ctico de idoneidad para conducir, cuya hoja de evaluaci\u00f3n ser\u00e1 proporcionada por la ANTSV, o podr\u00e1 optar por el Certificado \u00danico del Conductor expedido por una Escuela de Conducci\u00f3n debidamente habilitada por la ANTSV.<\/span><\/li>\n<li style=\"text-align: justify;\"><span style=\"font-family: Times New Roman,Times,serif;\">Para el caso de los solicitantes de las categor\u00edas Profesional Clase \u00abB\u00bb Superior, Profesional Clase \u00abA\u00bb y Profesional Clase \u00abA Superior\u00bb, deber\u00e1n presentar el Certificado \u00danico del Conductor expedido por una Escuela de Conducci\u00f3n debidamente habilitada por la ANTSV.<\/span><\/li>\n<li style=\"text-align: justify;\"><span style=\"font-family: Times New Roman,Times,serif;\"><strong>Para el caso de los solicitantes<\/strong> de las categor\u00edas Profesional Clase \u00abC\u00bb deber\u00e1 presentar un certificado expedido por el SNPP de haber aprobado el curso de manejo de los tipos de veh\u00edculos de dicha categor\u00eda.<\/span><\/li>\n<li style=\"text-align: justify;\"><span style=\"font-family: Times New Roman,Times,serif;\"><strong>Para el caso de los solicitantes<\/strong> de las categor\u00edas Profesional Clase \u00abD\u00bb deber\u00e1 presentar un certificado expedido por la autoridad competente de haber aprobado el curso de idoneidad conductiva para el transporte de mercanc\u00edas inflamables, explosivas o toxicas, conforme a la reglamentaci\u00f3n vigente.<\/span><\/li>\n<li style=\"text-align: justify;\"><span style=\"font-family: Times New Roman,Times,serif;\"><strong>Certificado de conocimientos<\/strong> b\u00e1sicos de primeros auxilios expedido por la ANTSV. Dicho certificado ser\u00e1 expedido posterior a la aprobaci\u00f3n de curso dictado por la ANTSV. Hasta que dicho curso sea operativo, se considerar\u00e1 los certificados por las instituciones competentes Bomberos Voluntarios, Cruz Roja y Escuelas de Conducci\u00f3n habilitadas por la ANTSV o por personales certificados contratados por el municipio.<\/span><\/li>\n<li style=\"text-align: justify;\"><span style=\"font-family: Times New Roman,Times,serif;\"><strong>Certificado de vida<\/strong> y residencia expedido la Comisar\u00eda Jurisdiccional.<\/span><\/li>\n<li style=\"text-align: justify;\"><span style=\"font-family: Times New Roman,Times,serif;\"><strong>Certificado de Cancelaci\u00f3n<\/strong> emitido por la autoridad competente del Municipio anterior con indicaci\u00f3n de nombre y apellido del titular, n\u00famero de cedula de identidad, categor\u00eda de la Licencia de Conducir, fecha de expedici\u00f3n de la licencia, fecha de expedici\u00f3n del certificado, firma y sello del Director de Tr\u00e1nsito.<\/span><\/li>\n<\/ul>\n<p><span style=\"font-family: Times New Roman,Times,serif;\"><strong><u>RENOVACI\u00d3N DE LA LICENCIA DE CONDUCIR A PARTIR DE LOS 65 A\u00d1OS.<\/u><\/strong><\/span><\/p>\n<p style=\"text-align: justify;\"><span style=\"font-family: Times New Roman,Times,serif;\"><strong>Los solicitantes deber\u00e1n presentar:<\/strong><\/span><\/p>\n<ul>\n<li style=\"text-align: justify;\"><span style=\"font-family: Times New Roman,Times,serif;\"><strong>Las Licencias de Conducir<\/strong> para las personas de 65 (sesenta y cinco) a\u00f1os de edad en adelante, tendr\u00e1 una validez de 1 (un) a\u00f1o, seg\u00fan lo establecido en el \u00faltimo p\u00e1rrafo del Art.27 de la Ley 5016\/2014 \u201cNacional de Tr\u00e1nsito y Seguridad Vial\u00bb. Para la renovaci\u00f3n de esta licencia de conducir, se aplicar\u00e1 lo dispuesto en el inc. b) del Art\u00edculo 9\u00ba, Capitulo IV del presente Anexo, con excepci\u00f3n del punto b.8. (Certificado de Conocimientos B\u00e1sicos de Primeros Auxilios), el que ser\u00e1 exigido en forma quinquenal.<\/span><\/li>\n<li style=\"text-align: justify;\"><span style=\"font-family: Times New Roman,Times,serif;\"><strong>Las licencias de conducir otorgadas<\/strong> a extranjeros con la denominaci\u00f3n \u201cParticular\u201d; lo habilita a conducir veh\u00edculos Jeep, autom\u00f3viles, camionetas, y furgonetas; siempre que estos sean de uso personal, y que su capacidad de carga no exceda los 2.000 kg. Y que no est\u00e9 destinado al servicio de transporte p\u00fabico o de carga en general. Tendr\u00e1 una validez de un a\u00f1o.<\/span><\/li>\n<li style=\"text-align: justify;\"><span style=\"font-family: Times New Roman,Times,serif;\"><b>Motociclista:\u00a0<\/b>habilita a su titular a conducir exclusivamente ciclomotores, motocicletas, triciclones, cuatriciclones y motocargas con propulsi\u00f3n propia. Haber cumplido 18 a\u00f1os.<\/span><\/li>\n<\/ul>\n","protected":false},"excerpt":{"rendered":"<p>PARA LA EXPEDICI\u00d3N DE LA LICENCIA DE CONDUCIR PRIMERA VEZ, REQUISITOS Cedula de Identidad Civil Paraguaya., o carnet diplom\u00e1tico expedido por el Ministerio de Relaciones Exteriores., o carnet de admisi\u00f3n temporal o permanente., o la constancia de solicitud de refugios expedida por la Comisi\u00f3n Nacional de Refugiados, adem\u00e1s deber\u00e1 presentar el carnet de conducir &#8230; <a title=\"TRANSITO\" class=\"read-more\" href=\"https:\/\/www.municipios.gov.py\/lambare\/transito\/\" aria-label=\"Leer m\u00e1s sobre TRANSITO\">Leer M\u00e1s&#8230;<\/a><\/p>\n","protected":false},"author":263,"featured_media":0,"parent":0,"menu_order":0,"comment_status":"closed","ping_status":"closed","template":"","meta":{"jetpack_post_was_ever_published":false,"footnotes":""},"class_list":["post-1310","page","type-page","status-publish"],"jetpack_sharing_enabled":true,"jetpack_shortlink":"https:\/\/wp.me\/P7H3N6-l8","_links":{"self":[{"href":"https:\/\/www.municipios.gov.py\/lambare\/wp-json\/wp\/v2\/pages\/1310","targetHints":{"allow":["GET"]}}],"collection":[{"href":"https:\/\/www.municipios.gov.py\/lambare\/wp-json\/wp\/v2\/pages"}],"about":[{"href":"https:\/\/www.municipios.gov.py\/lambare\/wp-json\/wp\/v2\/types\/page"}],"author":[{"embeddable":true,"href":"https:\/\/www.municipios.gov.py\/lambare\/wp-json\/wp\/v2\/users\/263"}],"replies":[{"embeddable":true,"href":"https:\/\/www.municipios.gov.py\/lambare\/wp-json\/wp\/v2\/comments?post=1310"}],"version-history":[{"count":1,"href":"https:\/\/www.municipios.gov.py\/lambare\/wp-json\/wp\/v2\/pages\/1310\/revisions"}],"predecessor-version":[{"id":1311,"href":"https:\/\/www.municipios.gov.py\/lambare\/wp-json\/wp\/v2\/pages\/1310\/revisions\/1311"}],"wp:attachment":[{"href":"https:\/\/www.municipios.gov.py\/lambare\/wp-json\/wp\/v2\/media?parent=1310"}],"curies":[{"name":"wp","href":"https:\/\/api.w.org\/{rel}","templated":true}]}}