{"id":1308,"date":"2025-09-11T12:27:40","date_gmt":"2025-09-11T15:27:40","guid":{"rendered":"https:\/\/www.municipios.gov.py\/lambare\/?page_id=1308"},"modified":"2025-09-11T13:41:40","modified_gmt":"2025-09-11T16:41:40","slug":"obtencion-de-patente-comercial","status":"publish","type":"page","link":"https:\/\/www.municipios.gov.py\/lambare\/comercio\/obtencion-de-patente-comercial\/","title":{"rendered":"Obtencion de Patente Comercial"},"content":{"rendered":"<p style=\"text-align: center;\"><b>REQUISITOS PARA LA OBTENCI\u00d2N PATENTE COMERCIAL:<\/b><\/p>\n<p style=\"text-align: center;\">A los efectos de la obtenci\u00f3n de Patente comercial se considerar\u00e1 lo siguiente:<\/p>\n<p><b><u>* APERTURA DE PERSONA JURIDICA:<\/u><\/b><\/p>\n<ul>\n<li>&#8211;\u00a0\u00a0\u00a0\u00a0\u00a0\u00a0\u00a0\u00a0\u00a0 Formulario De <a href=\"https:\/\/www.municipios.gov.py\/lambare\/wp-content\/uploads\/sites\/187\/2025\/09\/mesa_de_entrada.pdf\">Mesa De Entrada<\/a>.<\/li>\n<li>&#8211;\u00a0\u00a0\u00a0\u00a0\u00a0\u00a0\u00a0\u00a0\u00a0 Formulario de Apertura De Comercio.<\/li>\n<li>&#8211;\u00a0\u00a0\u00a0\u00a0\u00a0\u00a0\u00a0\u00a0\u00a0 Constancia de RUC \u2013 Domicilio Actual.<\/li>\n<li>&#8211;\u00a0\u00a0\u00a0\u00a0\u00a0\u00a0\u00a0\u00a0\u00a0 Cedula Tributaria.<\/li>\n<li>&#8211;\u00a0\u00a0\u00a0\u00a0\u00a0\u00a0\u00a0\u00a0\u00a0 Copia de la Constituci\u00f3n de Sociedades. y\/o modificaciones si lo tuviere<\/li>\n<li>&#8211;\u00a0\u00a0\u00a0\u00a0\u00a0\u00a0\u00a0\u00a0\u00a0 Fotocopia de c\u00e9dula de identidad de los socios. y\/o Acta de Directorio de Representante legal de la empresa<\/li>\n<li>&#8211;\u00a0\u00a0\u00a0\u00a0\u00a0\u00a0\u00a0\u00a0\u00a0 Los socios deben presentar Constancia de no adeudar impuesto expedido por el municipio.<\/li>\n<li>&#8211;\u00a0\u00a0\u00a0\u00a0\u00a0\u00a0\u00a0\u00a0\u00a0 Certificado de Cumplimiento Tributario<\/li>\n<li>&#8211;\u00a0\u00a0\u00a0\u00a0\u00a0\u00a0\u00a0\u00a0\u00a0 Balance General del Ejercicio anterior o de apertura<\/li>\n<li>&#8211;\u00a0\u00a0\u00a0\u00a0\u00a0\u00a0\u00a0\u00a0\u00a0 \u00a0De acuerdo al a\u00f1o de apertura el Formulario 101 (IRASIS) Formulario 500 y Estados Financieros (impresi\u00f3n original de la Web-SET) firmados por el Contador P\u00fablico y el Contribuyente.<\/li>\n<li>&#8211;\u00a0\u00a0\u00a0\u00a0\u00a0\u00a0\u00a0\u00a0\u00a0 \u00a0Para locales propios, el impuesto inmobiliario al d\u00eda<\/li>\n<li>&#8211;\u00a0\u00a0\u00a0\u00a0\u00a0\u00a0\u00a0\u00a0\u00a0 \u00a0Para locales alquilados: Contrato de alquiler con Cta. Cte. Ctral. Autenticado por escriban\u00eda Impuesto inmobiliario al d\u00eda<\/li>\n<li>&#8211;\u00a0\u00a0\u00a0\u00a0\u00a0\u00a0\u00a0\u00a0\u00a0 Plano de Construcci\u00f3n Aprobado<\/li>\n<li>&#8211;\u00a0\u00a0\u00a0\u00a0\u00a0\u00a0\u00a0\u00a0\u00a0 Plano del sistema de prevenci\u00f3n contra incendio PCI a partir de superficie 50 m2.<\/li>\n<li>&#8211;\u00a0\u00a0\u00a0\u00a0\u00a0\u00a0\u00a0\u00a0\u00a0 Carteler\u00eda: TIPO \u2013 MEDIDAS.<\/li>\n<li>&#8211;\u00a0\u00a0\u00a0\u00a0\u00a0\u00a0\u00a0\u00a0\u00a0 Tiempo de resultado m\u00e1ximo 72 horas.<\/li>\n<li>&#8211;\u00a0\u00a0\u00a0\u00a0\u00a0\u00a0\u00a0\u00a0\u00a0 Monto a pagar en base al Activo.<\/li>\n<\/ul>\n<p><b>\u00a0*\u00a0<b><u>APERTURA DE PERSONA FISICA UNIPERSONAL:<\/u><\/b><\/b><\/p>\n<ul>\n<li>&#8211;\u00a0\u00a0\u00a0\u00a0\u00a0\u00a0\u00a0\u00a0\u00a0 Formulario <a href=\"https:\/\/www.municipios.gov.py\/lambare\/wp-content\/uploads\/sites\/187\/2025\/09\/mesa_de_entrada.pdf\">De Mesa De Entrada<\/a>.<\/li>\n<li>&#8211;\u00a0\u00a0\u00a0\u00a0\u00a0\u00a0\u00a0\u00a0\u00a0 Formulario de Apertura De Comercio.<\/li>\n<li>&#8211;\u00a0\u00a0\u00a0\u00a0\u00a0\u00a0\u00a0\u00a0\u00a0 Constancia de RUC \u2013 Domicilio Actual.<\/li>\n<li>&#8211;\u00a0\u00a0\u00a0\u00a0\u00a0\u00a0\u00a0\u00a0\u00a0 Cedula Tributaria.<\/li>\n<li>&#8211;\u00a0\u00a0\u00a0\u00a0\u00a0\u00a0\u00a0\u00a0\u00a0 Fotocopia de Cedula.<\/li>\n<li>&#8211;\u00a0\u00a0\u00a0\u00a0\u00a0\u00a0\u00a0\u00a0\u00a0 Certificado de Cumplimiento Tributario<\/li>\n<li>&#8211;\u00a0\u00a0\u00a0\u00a0\u00a0\u00a0\u00a0\u00a0\u00a0 Balance General del Ejercicio anterior o de apertura<\/li>\n<li>&#8211;\u00a0\u00a0\u00a0\u00a0\u00a0\u00a0\u00a0\u00a0\u00a0 De acuerdo al a\u00f1o de apertura el Formulario 106 (IRPC) Formulario 501 \u00f3 502 seg\u00fan sea el caso (impresi\u00f3n original de la Web-SET) y Declaraci\u00f3n Jurada de Activos. Firmados por el Contador P\u00fablico y el Contribuyente.<\/li>\n<li>&#8211;\u00a0\u00a0\u00a0\u00a0\u00a0\u00a0\u00a0\u00a0\u00a0 Para locales propios, el impuesto inmobiliario al d\u00eda<\/li>\n<li>&#8211;\u00a0\u00a0\u00a0\u00a0\u00a0\u00a0\u00a0\u00a0\u00a0 Para locales alquilados: Contrato de alquiler con Cta. Cte. Ctral. Autenticado por escriban\u00eda Impuesto inmobiliario al d\u00eda<\/li>\n<li>&#8211;\u00a0\u00a0\u00a0\u00a0\u00a0\u00a0\u00a0\u00a0\u00a0 Nota de autorizaci\u00f3n para terceros con copia de C.I.<\/li>\n<li>&#8211;\u00a0\u00a0\u00a0\u00a0\u00a0\u00a0\u00a0\u00a0\u00a0 Plano de Construcci\u00f3n Aprobado<\/li>\n<li>&#8211;\u00a0\u00a0\u00a0\u00a0\u00a0\u00a0\u00a0\u00a0\u00a0 Plano del sistema de prevenci\u00f3n contra incendios<\/li>\n<li>&#8211;\u00a0\u00a0\u00a0\u00a0\u00a0\u00a0\u00a0\u00a0\u00a0 Carteler\u00eda: TIPO \u2013 MEDIDAS.<\/li>\n<li>&#8211;\u00a0\u00a0\u00a0\u00a0\u00a0\u00a0\u00a0\u00a0\u00a0 Tiempo de resultado m\u00e1ximo 72 horas.<\/li>\n<li>&#8211;\u00a0\u00a0\u00a0\u00a0\u00a0\u00a0\u00a0\u00a0\u00a0 Monto a pagar en base al Activo declarado.<\/li>\n<\/ul>\n","protected":false},"excerpt":{"rendered":"<p>REQUISITOS PARA LA OBTENCI\u00d2N PATENTE COMERCIAL: A los efectos de la obtenci\u00f3n de Patente comercial se considerar\u00e1 lo siguiente: * APERTURA DE PERSONA JURIDICA: &#8211;\u00a0\u00a0\u00a0\u00a0\u00a0\u00a0\u00a0\u00a0\u00a0 Formulario De Mesa De Entrada. &#8211;\u00a0\u00a0\u00a0\u00a0\u00a0\u00a0\u00a0\u00a0\u00a0 Formulario de Apertura De Comercio. &#8211;\u00a0\u00a0\u00a0\u00a0\u00a0\u00a0\u00a0\u00a0\u00a0 Constancia de RUC \u2013 Domicilio Actual. &#8211;\u00a0\u00a0\u00a0\u00a0\u00a0\u00a0\u00a0\u00a0\u00a0 Cedula Tributaria. &#8211;\u00a0\u00a0\u00a0\u00a0\u00a0\u00a0\u00a0\u00a0\u00a0 Copia de la Constituci\u00f3n de Sociedades. y\/o &#8230; <a title=\"Obtencion de Patente Comercial\" class=\"read-more\" href=\"https:\/\/www.municipios.gov.py\/lambare\/comercio\/obtencion-de-patente-comercial\/\" aria-label=\"Leer m\u00e1s sobre Obtencion de Patente Comercial\">Leer M\u00e1s&#8230;<\/a><\/p>\n","protected":false},"author":263,"featured_media":0,"parent":1305,"menu_order":0,"comment_status":"closed","ping_status":"closed","template":"","meta":{"jetpack_post_was_ever_published":false,"footnotes":""},"class_list":["post-1308","page","type-page","status-publish"],"jetpack_sharing_enabled":true,"jetpack_shortlink":"https:\/\/wp.me\/P7H3N6-l6","_links":{"self":[{"href":"https:\/\/www.municipios.gov.py\/lambare\/wp-json\/wp\/v2\/pages\/1308","targetHints":{"allow":["GET"]}}],"collection":[{"href":"https:\/\/www.municipios.gov.py\/lambare\/wp-json\/wp\/v2\/pages"}],"about":[{"href":"https:\/\/www.municipios.gov.py\/lambare\/wp-json\/wp\/v2\/types\/page"}],"author":[{"embeddable":true,"href":"https:\/\/www.municipios.gov.py\/lambare\/wp-json\/wp\/v2\/users\/263"}],"replies":[{"embeddable":true,"href":"https:\/\/www.municipios.gov.py\/lambare\/wp-json\/wp\/v2\/comments?post=1308"}],"version-history":[{"count":1,"href":"https:\/\/www.municipios.gov.py\/lambare\/wp-json\/wp\/v2\/pages\/1308\/revisions"}],"predecessor-version":[{"id":1309,"href":"https:\/\/www.municipios.gov.py\/lambare\/wp-json\/wp\/v2\/pages\/1308\/revisions\/1309"}],"up":[{"embeddable":true,"href":"https:\/\/www.municipios.gov.py\/lambare\/wp-json\/wp\/v2\/pages\/1305"}],"wp:attachment":[{"href":"https:\/\/www.municipios.gov.py\/lambare\/wp-json\/wp\/v2\/media?parent=1308"}],"curies":[{"name":"wp","href":"https:\/\/api.w.org\/{rel}","templated":true}]}}