{"id":2,"date":"2016-06-30T17:59:43","date_gmt":"2016-06-30T17:59:43","guid":{"rendered":"https:\/\/www.municipios.gov.py\/josefassardi\/?page_id=2"},"modified":"2016-10-21T12:34:59","modified_gmt":"2016-10-21T12:34:59","slug":"pagina-ejemplo","status":"publish","type":"page","link":"https:\/\/www.municipios.gov.py\/josefassardi\/","title":{"rendered":"Informaci\u00f3n"},"content":{"rendered":"<p>&nbsp;<\/p>\n<table>\n<tbody>\n<tr>\n<td style=\"vertical-align: top;\">\n<div id=\"cont_9c733e16e8613b38ce7d079d66c29c18\"><script type=\"text\/javascript\" async src=\"https:\/\/www.tiempo.com\/wid_loader\/9c733e16e8613b38ce7d079d66c29c18\"><\/script><\/div>\n<\/td>\n<td style=\"vertical-align: top;\">\n<p><b>Jos\u00e9 Fassardi<\/b>, es uno de los distritos del <a title=\"Departamento de Guair\u00e1\" href=\"https:\/\/es.wikipedia.org\/wiki\/Departamento_de_Guair%C3%A1\">Departamento de Guair\u00e1<\/a>, <a title=\"Paraguay\" href=\"https:\/\/es.wikipedia.org\/wiki\/Paraguay\">Paraguay<\/a>.<\/p>\n<p>Se encuentra al sur de la cordillera de Ybytyruz\u00fa y en las proximidades del arroyo Pirap\u00f3 y las sierras del Monte Rosario, tiene muy bellos paisajes naturales.<\/p>\n<p>Se accede a este distrito, por la ruta N\u00ba 8, Dr. Bl\u00e1s Garay.<\/p>\n<p>Sus habitantes se dedican a la explotaci\u00f3n maderera, aunque esta actividad ha disminuido much\u00edsimo a causa de la deforestaci\u00f3n de la zona.<\/p>\n<p>La actividad tanto agr\u00edcola como ganadera son de subsistencia.<\/p>\n<p>El Distrito fue creado en el mes de mayo del a\u00f1o 1961.<\/td>\n<\/tr>\n<\/tbody>\n<\/table>\n<p><\/p>\n","protected":false},"excerpt":{"rendered":"<p>&nbsp; Jos\u00e9 Fassardi, es uno de los distritos del Departamento de Guair\u00e1, Paraguay. Se encuentra al sur de la cordillera de Ybytyruz\u00fa y en las proximidades del arroyo Pirap\u00f3 y las sierras del Monte Rosario, tiene muy bellos paisajes naturales. Se accede a este distrito, por la ruta N\u00ba 8, Dr. Bl\u00e1s Garay. Sus habitantes &#8230; <a title=\"Informaci\u00f3n\" class=\"read-more\" href=\"https:\/\/www.municipios.gov.py\/josefassardi\/\" aria-label=\"Leer m\u00e1s sobre Informaci\u00f3n\">Leer Mas&#8230;<\/a><\/p>\n","protected":false},"author":4,"featured_media":0,"parent":0,"menu_order":0,"comment_status":"closed","ping_status":"closed","template":"","meta":{"generate_page_header":"","jetpack_post_was_ever_published":false,"footnotes":""},"class_list":["post-2","page","type-page","status-publish"],"jetpack_sharing_enabled":true,"jetpack_shortlink":"https:\/\/wp.me\/P8AJRg-2","_links":{"self":[{"href":"https:\/\/www.municipios.gov.py\/josefassardi\/wp-json\/wp\/v2\/pages\/2","targetHints":{"allow":["GET"]}}],"collection":[{"href":"https:\/\/www.municipios.gov.py\/josefassardi\/wp-json\/wp\/v2\/pages"}],"about":[{"href":"https:\/\/www.municipios.gov.py\/josefassardi\/wp-json\/wp\/v2\/types\/page"}],"author":[{"embeddable":true,"href":"https:\/\/www.municipios.gov.py\/josefassardi\/wp-json\/wp\/v2\/users\/4"}],"replies":[{"embeddable":true,"href":"https:\/\/www.municipios.gov.py\/josefassardi\/wp-json\/wp\/v2\/comments?post=2"}],"version-history":[{"count":47,"href":"https:\/\/www.municipios.gov.py\/josefassardi\/wp-json\/wp\/v2\/pages\/2\/revisions"}],"predecessor-version":[{"id":348,"href":"https:\/\/www.municipios.gov.py\/josefassardi\/wp-json\/wp\/v2\/pages\/2\/revisions\/348"}],"wp:attachment":[{"href":"https:\/\/www.municipios.gov.py\/josefassardi\/wp-json\/wp\/v2\/media?parent=2"}],"curies":[{"name":"wp","href":"https:\/\/api.w.org\/{rel}","templated":true}]}}