{"id":2,"date":"2016-06-30T17:59:43","date_gmt":"2016-06-30T17:59:43","guid":{"rendered":"https:\/\/www.municipios.gov.py\/jesusdetavarangue\/?page_id=2"},"modified":"2016-09-19T17:33:49","modified_gmt":"2016-09-19T17:33:49","slug":"pagina-ejemplo","status":"publish","type":"page","link":"https:\/\/www.municipios.gov.py\/jesusdetavarangue\/","title":{"rendered":"Informaci\u00f3n"},"content":{"rendered":"<h1 id=\"firstHeading\" class=\"firstHeading\" lang=\"es\" style=\"text-align: center;\">Jes\u00fas (Paraguay)<\/h1>\n<p><b>Jes\u00fas<\/b> es uno de los treinta <a title=\"Distrito\" href=\"https:\/\/es.wikipedia.org\/wiki\/Distrito\">distritos<\/a> del <a title=\"Departamento de Itap\u00faa\" href=\"https:\/\/es.wikipedia.org\/wiki\/Departamento_de_Itap%C3%BAa\">departamento de Itap\u00faa<\/a> en<a title=\"Paraguay\" href=\"https:\/\/es.wikipedia.org\/wiki\/Paraguay\">Paraguay<\/a>, ubicada a aproximadamente 40 <a class=\"mw-redirect\" title=\"Km\" href=\"https:\/\/es.wikipedia.org\/wiki\/Km\">km<\/a> de la ciudad de<a title=\"Encarnaci\u00f3n (Paraguay)\" href=\"https:\/\/es.wikipedia.org\/wiki\/Encarnaci%C3%B3n_(Paraguay)\">Encarnaci\u00f3n<\/a>, capital del departamento.<\/p>\n<p>En esta localidad se encuentra uno de los puntos tur\u00edsticos m\u00e1s visitados del pa\u00eds, la <a title=\"Misi\u00f3n jesu\u00edtica de Jes\u00fas de Tavarangu\u00e9\" href=\"https:\/\/es.wikipedia.org\/wiki\/Misi%C3%B3n_jesu%C3%ADtica_de_Jes%C3%BAs_de_Tavarangu%C3%A9\">Misi\u00f3n jesu\u00edtica de Jes\u00fas de Tavarangu\u00e9<\/a>.<\/p>\n<table class=\"infobox geography vcard\">\n<tbody>\n<tr>\n<th scope=\"row\"><a title=\"Pa\u00eds\" href=\"https:\/\/es.wikipedia.org\/wiki\/Pa%C3%ADs\">Pa\u00eds<\/a><\/th>\n<td colspan=\"2\"><img loading=\"lazy\" decoding=\"async\" class=\"thumbborder\" src=\"https:\/\/upload.wikimedia.org\/wikipedia\/commons\/thumb\/2\/27\/Flag_of_Paraguay.svg\/20px-Flag_of_Paraguay.svg.png\" srcset=\"\/\/upload.wikimedia.org\/wikipedia\/commons\/thumb\/2\/27\/Flag_of_Paraguay.svg\/30px-Flag_of_Paraguay.svg.png 1.5x, \/\/upload.wikimedia.org\/wikipedia\/commons\/thumb\/2\/27\/Flag_of_Paraguay.svg\/40px-Flag_of_Paraguay.svg.png 2x\" alt=\"Flag of Paraguay.svg\" width=\"20\" height=\"11\" data-file-width=\"600\" data-file-height=\"330\" \/> <a title=\"Paraguay\" href=\"https:\/\/es.wikipedia.org\/wiki\/Paraguay\">Paraguay<\/a><\/td>\n<\/tr>\n<tr>\n<th scope=\"row\">\u2022\u00a0<a class=\"mw-redirect\" title=\"Organizaci\u00f3n territorial del Paraguay\" href=\"https:\/\/es.wikipedia.org\/wiki\/Organizaci%C3%B3n_territorial_del_Paraguay\">Departamento<\/a><\/th>\n<td colspan=\"2\"><a class=\"image\" href=\"https:\/\/commons.wikimedia.org\/wiki\/File:Itapflag.PNG\"><img loading=\"lazy\" decoding=\"async\" src=\"https:\/\/upload.wikimedia.org\/wikipedia\/commons\/thumb\/1\/14\/Itapflag.PNG\/20px-Itapflag.PNG\" srcset=\"\/\/upload.wikimedia.org\/wikipedia\/commons\/thumb\/1\/14\/Itapflag.PNG\/30px-Itapflag.PNG 1.5x, \/\/upload.wikimedia.org\/wikipedia\/commons\/thumb\/1\/14\/Itapflag.PNG\/40px-Itapflag.PNG 2x\" alt=\"Itapflag.PNG\" width=\"20\" height=\"13\" data-file-width=\"324\" data-file-height=\"216\" \/><\/a> <a class=\"mw-redirect\" title=\"Itap\u00faa\" href=\"https:\/\/es.wikipedia.org\/wiki\/Itap%C3%BAa\">Itap\u00faa<\/a><\/td>\n<\/tr>\n<tr>\n<th scope=\"row\">Ubicaci\u00f3n<\/th>\n<td colspan=\"2\"><span class=\"plainlinks nourlexpansion\"><img decoding=\"async\" class=\"wmamapbutton noprint\" title=\"Mostrar el lugar en un mapa interactivo\" src=\"https:\/\/upload.wikimedia.org\/wikipedia\/commons\/thumb\/9\/9a\/Erioll_world.svg\/15px-Erioll_world.svg.png\" alt=\"\" \/><a class=\"external text\" href=\"http:\/\/tools.wmflabs.org\/geohack\/geohack.php?language=es&amp;pagename=Jes%C3%BAs_(Paraguay)&amp;params=-27.056_N_-55.74_E_type:city\"><span class=\"geo-default\"><span class=\"geo-dms\" title=\"Mapas, fotos y otros datos de 27\u00b003\u203222\u2033S 55\u00b044\u203224\u2033O\"><span class=\"latitude\">27\u00b003\u203222\u2033S<\/span><span class=\"longitude\">55\u00b044\u203224\u2033O<\/span><\/span><\/span><\/a><\/span><span id=\"coordinates\"><a title=\"Coordenadas geogr\u00e1ficas\" href=\"https:\/\/es.wikipedia.org\/wiki\/Coordenadas_geogr%C3%A1ficas\">Coordenadas<\/a>: <span class=\"plainlinks nourlexpansion\"><img decoding=\"async\" class=\"wmamapbutton noprint\" title=\"Mostrar el lugar en un mapa interactivo\" src=\"https:\/\/upload.wikimedia.org\/wikipedia\/commons\/thumb\/9\/9a\/Erioll_world.svg\/15px-Erioll_world.svg.png\" alt=\"\" \/><a class=\"external text\" href=\"http:\/\/tools.wmflabs.org\/geohack\/geohack.php?language=es&amp;pagename=Jes%C3%BAs_(Paraguay)&amp;params=-27.056_N_-55.74_E_type:city\"><span class=\"geo-default\"><span class=\"geo-dms\" title=\"Mapas, fotos y otros datos de 27\u00b003\u203222\u2033S 55\u00b044\u203224\u2033O\"><span class=\"latitude\">27\u00b003\u203222\u2033S<\/span> <span class=\"longitude\">55\u00b044\u203224\u2033O<\/span><\/span><\/span><\/a><\/span> (<a id=\"coordinates_map\" href=\"https:\/\/es.wikipedia.org\/wiki\/Jes%C3%BAs_(Paraguay)#\">mapa<\/a>)<\/span><\/td>\n<\/tr>\n<tr>\n<th scope=\"row\"><a title=\"Poblaci\u00f3n mundial\" href=\"https:\/\/es.wikipedia.org\/wiki\/Poblaci%C3%B3n_mundial\">Poblaci\u00f3n<\/a><\/th>\n<td colspan=\"2\">6339<sup id=\"cite_ref-1\" class=\"reference\"><a href=\"https:\/\/es.wikipedia.org\/wiki\/Jes%C3%BAs_(Paraguay)#cite_note-1\">1<\/a><\/sup> hab. (2016)<\/td>\n<\/tr>\n<tr>\n<th scope=\"row\"><a title=\"C\u00f3digo postal\" href=\"https:\/\/es.wikipedia.org\/wiki\/C%C3%B3digo_postal\">C\u00f3digo postal<\/a><\/th>\n<td colspan=\"2\"><code>6260<\/code><\/td>\n<\/tr>\n<\/tbody>\n<\/table>\n<p>&nbsp;<\/p>\n","protected":false},"excerpt":{"rendered":"<p>Jes\u00fas (Paraguay) Jes\u00fas es uno de los treinta distritos del departamento de Itap\u00faa enParaguay, ubicada a aproximadamente 40 km de la ciudad deEncarnaci\u00f3n, capital del departamento. En esta localidad se encuentra uno de los puntos tur\u00edsticos m\u00e1s visitados del pa\u00eds, la Misi\u00f3n jesu\u00edtica de Jes\u00fas de Tavarangu\u00e9. Pa\u00eds Paraguay \u2022\u00a0Departamento Itap\u00faa Ubicaci\u00f3n 27\u00b003\u203222\u2033S55\u00b044\u203224\u2033OCoordenadas: 27\u00b003\u203222\u2033S 55\u00b044\u203224\u2033O &#8230; <a title=\"Informaci\u00f3n\" class=\"read-more\" href=\"https:\/\/www.municipios.gov.py\/jesusdetavarangue\/\" aria-label=\"Leer m\u00e1s sobre Informaci\u00f3n\">Leer Mas&#8230;<\/a><\/p>\n","protected":false},"author":4,"featured_media":0,"parent":0,"menu_order":0,"comment_status":"closed","ping_status":"closed","template":"","meta":{"generate_page_header":"","jetpack_post_was_ever_published":false,"footnotes":""},"class_list":["post-2","page","type-page","status-publish"],"jetpack_sharing_enabled":true,"jetpack_shortlink":"https:\/\/wp.me\/P8AJNN-2","_links":{"self":[{"href":"https:\/\/www.municipios.gov.py\/jesusdetavarangue\/wp-json\/wp\/v2\/pages\/2","targetHints":{"allow":["GET"]}}],"collection":[{"href":"https:\/\/www.municipios.gov.py\/jesusdetavarangue\/wp-json\/wp\/v2\/pages"}],"about":[{"href":"https:\/\/www.municipios.gov.py\/jesusdetavarangue\/wp-json\/wp\/v2\/types\/page"}],"author":[{"embeddable":true,"href":"https:\/\/www.municipios.gov.py\/jesusdetavarangue\/wp-json\/wp\/v2\/users\/4"}],"replies":[{"embeddable":true,"href":"https:\/\/www.municipios.gov.py\/jesusdetavarangue\/wp-json\/wp\/v2\/comments?post=2"}],"version-history":[{"count":12,"href":"https:\/\/www.municipios.gov.py\/jesusdetavarangue\/wp-json\/wp\/v2\/pages\/2\/revisions"}],"predecessor-version":[{"id":239,"href":"https:\/\/www.municipios.gov.py\/jesusdetavarangue\/wp-json\/wp\/v2\/pages\/2\/revisions\/239"}],"wp:attachment":[{"href":"https:\/\/www.municipios.gov.py\/jesusdetavarangue\/wp-json\/wp\/v2\/media?parent=2"}],"curies":[{"name":"wp","href":"https:\/\/api.w.org\/{rel}","templated":true}]}}