{"id":2,"date":"2016-06-30T17:59:43","date_gmt":"2016-06-30T17:59:43","guid":{"rendered":"https:\/\/www.municipios.gov.py\/iturbe\/?page_id=2"},"modified":"2016-09-19T14:14:21","modified_gmt":"2016-09-19T14:14:21","slug":"pagina-ejemplo","status":"publish","type":"page","link":"https:\/\/www.municipios.gov.py\/iturbe\/","title":{"rendered":"Informaci\u00f3n"},"content":{"rendered":"<h1 style=\"text-align: center;\"><span style=\"text-decoration: underline;\">Iturbe (Paraguay)<\/span><\/h1>\n<p>&nbsp;<\/p>\n<p><b>Iturbe<\/b> es un distrito en el suroeste del <a title=\"Departamento de Guair\u00e1\" href=\"https:\/\/es.wikipedia.org\/wiki\/Departamento_de_Guair%C3%A1\">departamento de Guair\u00e1<\/a>,<a title=\"Paraguay\" href=\"https:\/\/es.wikipedia.org\/wiki\/Paraguay\">Paraguay<\/a>. Es la segunda ciudad m\u00e1s poblada despu\u00e9s de la capital departamental, <a title=\"Villarrica (Paraguay)\" href=\"https:\/\/es.wikipedia.org\/wiki\/Villarrica_(Paraguay)\">Villarrica<\/a>. Se encuentra a orillas del <a class=\"new\" title=\"R\u00edo Tebicuary-m\u00ed (a\u00fan no redactado)\" href=\"https:\/\/es.wikipedia.org\/w\/index.php?title=R%C3%ADo_Tebicuary-m%C3%AD&amp;action=edit&amp;redlink=1\">R\u00edo Tebicuary-m\u00ed<\/a>, sobre su margen derecha.<\/p>\n<p>Se destaca por la producci\u00f3n de az\u00facar y alberga la empresa Azucarera Iturbe S.A. (AISA).<\/p>\n<p>En este pueblo pas\u00f3 su infancia el escritor paraguayo <a title=\"Augusto Roa Bastos\" href=\"https:\/\/es.wikipedia.org\/wiki\/Augusto_Roa_Bastos\">Augusto Roa Bastos<\/a>.<\/p>\n<table class=\"infobox geography vcard\">\n<tbody>\n<tr>\n<th scope=\"row\"><a title=\"Pa\u00eds\" href=\"https:\/\/es.wikipedia.org\/wiki\/Pa%C3%ADs\">Pa\u00eds<\/a><\/th>\n<td colspan=\"2\"><span class=\"flagicon\"><img loading=\"lazy\" decoding=\"async\" class=\"thumbborder\" title=\"Bandera de Paraguay\" src=\"https:\/\/upload.wikimedia.org\/wikipedia\/commons\/thumb\/2\/27\/Flag_of_Paraguay.svg\/20px-Flag_of_Paraguay.svg.png\" srcset=\"\/\/upload.wikimedia.org\/wikipedia\/commons\/thumb\/2\/27\/Flag_of_Paraguay.svg\/30px-Flag_of_Paraguay.svg.png 1.5x, \/\/upload.wikimedia.org\/wikipedia\/commons\/thumb\/2\/27\/Flag_of_Paraguay.svg\/40px-Flag_of_Paraguay.svg.png 2x\" alt=\"Bandera de Paraguay\" width=\"20\" height=\"11\" data-file-width=\"600\" data-file-height=\"330\" \/><\/span> <a title=\"Paraguay\" href=\"https:\/\/es.wikipedia.org\/wiki\/Paraguay\">Paraguay<\/a><\/td>\n<\/tr>\n<tr>\n<th scope=\"row\">\u2022\u00a0<a title=\"Organizaci\u00f3n territorial de Paraguay\" href=\"https:\/\/es.wikipedia.org\/wiki\/Organizaci%C3%B3n_territorial_de_Paraguay\">Departamento<\/a><\/th>\n<td colspan=\"2\"><a class=\"image\" href=\"https:\/\/commons.wikimedia.org\/wiki\/File:Bandera_del_Departamento_de_Guair%C3%A1.JPG\"><img loading=\"lazy\" decoding=\"async\" src=\"https:\/\/upload.wikimedia.org\/wikipedia\/commons\/thumb\/5\/5f\/Bandera_del_Departamento_de_Guair%C3%A1.JPG\/20px-Bandera_del_Departamento_de_Guair%C3%A1.JPG\" srcset=\"\/\/upload.wikimedia.org\/wikipedia\/commons\/thumb\/5\/5f\/Bandera_del_Departamento_de_Guair%C3%A1.JPG\/30px-Bandera_del_Departamento_de_Guair%C3%A1.JPG 1.5x, \/\/upload.wikimedia.org\/wikipedia\/commons\/thumb\/5\/5f\/Bandera_del_Departamento_de_Guair%C3%A1.JPG\/40px-Bandera_del_Departamento_de_Guair%C3%A1.JPG 2x\" alt=\"Bandera del Departamento de Guair\u00e1.JPG\" width=\"20\" height=\"13\" data-file-width=\"324\" data-file-height=\"217\" \/><\/a> <a title=\"Departamento de Guair\u00e1\" href=\"https:\/\/es.wikipedia.org\/wiki\/Departamento_de_Guair%C3%A1\">Guair\u00e1<\/a><\/td>\n<\/tr>\n<tr>\n<th scope=\"row\">Ubicaci\u00f3n<\/th>\n<td colspan=\"2\"><span class=\"plainlinks nourlexpansion\"><img decoding=\"async\" class=\"wmamapbutton noprint\" title=\"Mostrar el lugar en un mapa interactivo\" src=\"https:\/\/upload.wikimedia.org\/wikipedia\/commons\/thumb\/9\/9a\/Erioll_world.svg\/15px-Erioll_world.svg.png\" alt=\"\" \/><a class=\"external text\" href=\"http:\/\/tools.wmflabs.org\/geohack\/geohack.php?language=es&amp;pagename=Iturbe_(Paraguay)&amp;params=-26.05_N_-56.5_E_type:city\"><span class=\"geo-default\"><span class=\"geo-dms\" title=\"Mapas, fotos y otros datos de 26\u00b003\u2032S 56\u00b030\u2032O\"><span class=\"latitude\">26\u00b003\u2032S<\/span> <span class=\"longitude\">56\u00b030\u2032O<\/span><\/span><\/span><\/a><\/span><span id=\"coordinates\"><a title=\"Coordenadas geogr\u00e1ficas\" href=\"https:\/\/es.wikipedia.org\/wiki\/Coordenadas_geogr%C3%A1ficas\">Coordenadas<\/a>: <span class=\"plainlinks nourlexpansion\"><img decoding=\"async\" class=\"wmamapbutton noprint\" title=\"Mostrar el lugar en un mapa interactivo\" src=\"https:\/\/upload.wikimedia.org\/wikipedia\/commons\/thumb\/9\/9a\/Erioll_world.svg\/15px-Erioll_world.svg.png\" alt=\"\" \/><a class=\"external text\" href=\"http:\/\/tools.wmflabs.org\/geohack\/geohack.php?language=es&amp;pagename=Iturbe_(Paraguay)&amp;params=-26.05_N_-56.5_E_type:city\"><span class=\"geo-default\"><span class=\"geo-dms\" title=\"Mapas, fotos y otros datos de 26\u00b003\u2032S 56\u00b030\u2032O\"><span class=\"latitude\">26\u00b003\u2032S<\/span> <span class=\"longitude\">56\u00b030\u2032O<\/span><\/span><\/span><\/a><\/span> (<a id=\"coordinates_map\" href=\"https:\/\/es.wikipedia.org\/wiki\/Iturbe_(Paraguay)#\">mapa<\/a>)<\/span><\/td>\n<\/tr>\n<tr>\n<th scope=\"row\">\u2022\u00a0<a title=\"Altitud\" href=\"https:\/\/es.wikipedia.org\/wiki\/Altitud\">Altitud<\/a><\/th>\n<td colspan=\"2\">91 <a title=\"Nivel del mar\" href=\"https:\/\/es.wikipedia.org\/wiki\/Nivel_del_mar\">msnm<\/a><\/td>\n<\/tr>\n<tr>\n<th scope=\"row\">\u2022\u00a0<a title=\"Distancia\" href=\"https:\/\/es.wikipedia.org\/wiki\/Distancia\">Distancia<\/a><\/th>\n<td colspan=\"2\">210 <a title=\"Kil\u00f3metro\" href=\"https:\/\/es.wikipedia.org\/wiki\/Kil%C3%B3metro\">km<\/a><\/td>\n<\/tr>\n<tr>\n<th scope=\"row\"><a title=\"\u00c1rea\" href=\"https:\/\/es.wikipedia.org\/wiki\/%C3%81rea\">Superficie<\/a><\/th>\n<td colspan=\"2\">292 <a title=\"Kil\u00f3metro cuadrado\" href=\"https:\/\/es.wikipedia.org\/wiki\/Kil%C3%B3metro_cuadrado\">km\u00b2<\/a><\/td>\n<\/tr>\n<tr>\n<th scope=\"row\">Fundaci\u00f3n<\/th>\n<td colspan=\"2\"><a title=\"1901\" href=\"https:\/\/es.wikipedia.org\/wiki\/1901\">1901<\/a><\/td>\n<\/tr>\n<tr>\n<th scope=\"row\"><a title=\"Poblaci\u00f3n mundial\" href=\"https:\/\/es.wikipedia.org\/wiki\/Poblaci%C3%B3n_mundial\">Poblaci\u00f3n<\/a><\/th>\n<td colspan=\"2\">9284<sup id=\"cite_ref-1\" class=\"reference\"><a href=\"https:\/\/es.wikipedia.org\/wiki\/Iturbe_(Paraguay)#cite_note-1\">1<\/a><\/sup> hab. (2016)<\/td>\n<\/tr>\n<tr>\n<th scope=\"row\">\u2022\u00a0<a title=\"Densidad de poblaci\u00f3n\" href=\"https:\/\/es.wikipedia.org\/wiki\/Densidad_de_poblaci%C3%B3n\">Densidad<\/a><\/th>\n<td colspan=\"2\">31,8 hab.\/km\u00b2<\/td>\n<\/tr>\n<tr>\n<th scope=\"row\"><a title=\"Gentilicio\" href=\"https:\/\/es.wikipedia.org\/wiki\/Gentilicio\">Gentilicio<\/a><\/th>\n<td colspan=\"2\">iturbe\u00f1o\/a<\/td>\n<\/tr>\n<tr>\n<th scope=\"row\"><a title=\"C\u00f3digo postal\" href=\"https:\/\/es.wikipedia.org\/wiki\/C%C3%B3digo_postal\">C\u00f3digo postal<\/a><\/th>\n<td colspan=\"2\"><code>5250<\/code><\/td>\n<\/tr>\n<tr>\n<th scope=\"row\"><a title=\"Prefijo telef\u00f3nico\" href=\"https:\/\/es.wikipedia.org\/wiki\/Prefijo_telef%C3%B3nico\">Pref.\u00a0telef\u00f3nico<\/a><\/th>\n<td colspan=\"2\"><code>(595) (546)<\/code><\/td>\n<\/tr>\n<tr>\n<th scope=\"row\"><\/th>\n<td colspan=\"2\"><\/td>\n<\/tr>\n<\/tbody>\n<\/table>\n<p>&nbsp;<\/p>\n","protected":false},"excerpt":{"rendered":"<p>Iturbe (Paraguay) &nbsp; Iturbe es un distrito en el suroeste del departamento de Guair\u00e1,Paraguay. Es la segunda ciudad m\u00e1s poblada despu\u00e9s de la capital departamental, Villarrica. Se encuentra a orillas del R\u00edo Tebicuary-m\u00ed, sobre su margen derecha. Se destaca por la producci\u00f3n de az\u00facar y alberga la empresa Azucarera Iturbe S.A. (AISA). En este pueblo &#8230; <a title=\"Informaci\u00f3n\" class=\"read-more\" href=\"https:\/\/www.municipios.gov.py\/iturbe\/\" aria-label=\"Leer m\u00e1s sobre Informaci\u00f3n\">Leer Mas&#8230;<\/a><\/p>\n","protected":false},"author":4,"featured_media":0,"parent":0,"menu_order":0,"comment_status":"closed","ping_status":"closed","template":"","meta":{"generate_page_header":"","jetpack_post_was_ever_published":false,"footnotes":""},"class_list":["post-2","page","type-page","status-publish"],"jetpack_sharing_enabled":true,"jetpack_shortlink":"https:\/\/wp.me\/P8AJR4-2","_links":{"self":[{"href":"https:\/\/www.municipios.gov.py\/iturbe\/wp-json\/wp\/v2\/pages\/2","targetHints":{"allow":["GET"]}}],"collection":[{"href":"https:\/\/www.municipios.gov.py\/iturbe\/wp-json\/wp\/v2\/pages"}],"about":[{"href":"https:\/\/www.municipios.gov.py\/iturbe\/wp-json\/wp\/v2\/types\/page"}],"author":[{"embeddable":true,"href":"https:\/\/www.municipios.gov.py\/iturbe\/wp-json\/wp\/v2\/users\/4"}],"replies":[{"embeddable":true,"href":"https:\/\/www.municipios.gov.py\/iturbe\/wp-json\/wp\/v2\/comments?post=2"}],"version-history":[{"count":45,"href":"https:\/\/www.municipios.gov.py\/iturbe\/wp-json\/wp\/v2\/pages\/2\/revisions"}],"predecessor-version":[{"id":311,"href":"https:\/\/www.municipios.gov.py\/iturbe\/wp-json\/wp\/v2\/pages\/2\/revisions\/311"}],"wp:attachment":[{"href":"https:\/\/www.municipios.gov.py\/iturbe\/wp-json\/wp\/v2\/media?parent=2"}],"curies":[{"name":"wp","href":"https:\/\/api.w.org\/{rel}","templated":true}]}}