{"id":2,"date":"2016-02-11T12:30:52","date_gmt":"2016-02-11T12:30:52","guid":{"rendered":"https:\/\/www.municipios.gov.py\/itagua\/?page_id=2"},"modified":"2025-09-15T17:19:47","modified_gmt":"2025-09-15T20:19:47","slug":"pagina-ejemplo","status":"publish","type":"page","link":"https:\/\/www.municipios.gov.py\/itaugua\/","title":{"rendered":"Informaci\u00f3n"},"content":{"rendered":"<p style=\"text-align: justify;\"><a href=\"http:\/\/WWW.ITAUGUA.GOV.PY\"><img loading=\"lazy\" decoding=\"async\" class=\"size-medium wp-image-986 aligncenter\" src=\"https:\/\/www.municipios.gov.py\/itaugua\/wp-content\/uploads\/sites\/63\/2025\/09\/PAGINA-OFICIAL-FINAL-300x58.png\" alt=\"\" width=\"300\" height=\"58\" srcset=\"https:\/\/www.municipios.gov.py\/itaugua\/wp-content\/uploads\/sites\/63\/2025\/09\/PAGINA-OFICIAL-FINAL-300x58.png 300w, https:\/\/www.municipios.gov.py\/itaugua\/wp-content\/uploads\/sites\/63\/2025\/09\/PAGINA-OFICIAL-FINAL-1024x196.png 1024w, https:\/\/www.municipios.gov.py\/itaugua\/wp-content\/uploads\/sites\/63\/2025\/09\/PAGINA-OFICIAL-FINAL-768x147.png 768w, https:\/\/www.municipios.gov.py\/itaugua\/wp-content\/uploads\/sites\/63\/2025\/09\/PAGINA-OFICIAL-FINAL-1536x295.png 1536w, https:\/\/www.municipios.gov.py\/itaugua\/wp-content\/uploads\/sites\/63\/2025\/09\/PAGINA-OFICIAL-FINAL-2048x393.png 2048w\" sizes=\"auto, (max-width: 300px) 100vw, 300px\" \/><\/a><img loading=\"lazy\" decoding=\"async\" class=\"aligncenter size-large wp-image-44\" src=\"https:\/\/www.municipios.gov.py\/itagua\/wp-content\/uploads\/sites\/63\/2016\/02\/ITAUGUA-BUSES-CDE-ASU-1024x631.jpg\" alt=\"ITAUGUA BUSES CDE ASU\" width=\"1024\" height=\"631\" srcset=\"https:\/\/www.municipios.gov.py\/itaugua\/wp-content\/uploads\/sites\/63\/2016\/02\/ITAUGUA-BUSES-CDE-ASU-1024x631.jpg 1024w, https:\/\/www.municipios.gov.py\/itaugua\/wp-content\/uploads\/sites\/63\/2016\/02\/ITAUGUA-BUSES-CDE-ASU-300x185.jpg 300w, https:\/\/www.municipios.gov.py\/itaugua\/wp-content\/uploads\/sites\/63\/2016\/02\/ITAUGUA-BUSES-CDE-ASU-768x473.jpg 768w, https:\/\/www.municipios.gov.py\/itaugua\/wp-content\/uploads\/sites\/63\/2016\/02\/ITAUGUA-BUSES-CDE-ASU.jpg 1376w\" sizes=\"auto, (max-width: 1024px) 100vw, 1024px\" \/><\/p>\n<p style=\"text-align: justify;\">La ciudad de Itaugu\u00e0, fue fundada por el insigne Bar\u00f2n Hispano Martin de Bar\u00f9a, el 27 de junio de 1728. Sus primeros habitantes fueron descendientes de grupos espa\u00f1oles seleccionados entre la hidalguia de Espa\u00f1a para acompa\u00f1ar a la expedicion de Do\u00f1a Mencia de Sanabria.<\/p>\n<p style=\"text-align: justify;\">Su nombre se debe al arroyo Itay, que regaba una parte del territorio. De Itay m\u00e0s el sufijo \u00abgua\u00bb que mas tarde a\u00f1adieron deriva Itaug\u00f9a.<\/p>\n<p style=\"text-align: justify;\">Abarca una extensi\u00f2n territorial de 114 Km\u00b2. Conformada por compa\u00f1ias 1)Itaug\u00f9a Guazu, 2)Aldama Ca\u00f1ada, 3)Mboi&#8217;y, 4)Jhugua Poti, 5)\u00d1u Po`i, 6)Guazu Vira, 7)Potrerito, 8)Potrero Guazu, 9)Mbokayaty Sur, 10)Ca\u00f1adita, 11)Pati\u00f1o, 12)Estanzuela; 13)Mbokayaty Norte, 14)Valle Kar\u00eb, 15)Guayaibity, 16) Ybyraty.<\/p>\n<p style=\"text-align: justify;\"><img loading=\"lazy\" decoding=\"async\" class=\"aligncenter wp-image-88\" src=\"https:\/\/www.municipios.gov.py\/itaugua\/wp-content\/uploads\/sites\/63\/2016\/02\/Compa\u00f1ias.jpg\" alt=\"Compa\u00f1ias\" width=\"441\" height=\"384\" srcset=\"https:\/\/www.municipios.gov.py\/itaugua\/wp-content\/uploads\/sites\/63\/2016\/02\/Compa\u00f1ias.jpg 409w, https:\/\/www.municipios.gov.py\/itaugua\/wp-content\/uploads\/sites\/63\/2016\/02\/Compa\u00f1ias-300x261.jpg 300w\" sizes=\"auto, (max-width: 441px) 100vw, 441px\" \/><\/p>\n<p style=\"text-align: justify;\">Itaug\u00f9a, esta ubicada a 30 Km de la ciudad de Asunci\u00f3n sobre la Ruta II, Se encuentra ubicada al Noreste del Departamento Central siendo sus limites al norte: el Lago Ypacara\u00ed y Aregu\u00e1 al sur: It\u00e1 y Piray\u00fa, al este: Ypacara\u00ed, y al oeste: Capiat\u00e1 y Juli\u00e1n Augusto Sald\u00edvar. Poblaci\u00f3n de 105.495 hab. Densidad 1090.84 hab\/km\u00b2 .Va creciendo a pasos agigantados con Casas Comerciales, Industrias, Instituciones Publicas, Privadas, Organizaciones no Gubernamentales, constituy\u00e9ndose en una ciudad con un progreso y desarrollo constante que se va adecuando a los requerimientos de esta \u00e9poca.<\/p>\n<p style=\"text-align: justify;\">Por Ley N\u00ba 4591\/12 \u00abDeclara a la Ciudad de Itaug\u00f9a como la Capital del \u00d1anduti\u00bb. Considerada como una de las ciudades mas hermosa del pa\u00ecs pues en ella se encuentra el famoso tejido de \u00d1anduti, elaborado por habilidosas manos, artesan\u00eda que representa a nuestro \u00abQuerido Paraguay\u00bb, por todo el mundo. El gentilicio es de itag\u00fce\u00f1o\/a<\/p>\n<p style=\"text-align: justify;\"><img loading=\"lazy\" decoding=\"async\" class=\"aligncenter size-full wp-image-42\" src=\"https:\/\/www.municipios.gov.py\/itagua\/wp-content\/uploads\/sites\/63\/2016\/02\/559602_336355239758542_2053860725_n.jpg\" alt=\"559602_336355239758542_2053860725_n\" width=\"579\" height=\"720\" \/><\/p>\n","protected":false},"excerpt":{"rendered":"<p>La ciudad de Itaugu\u00e0, fue fundada por el insigne Bar\u00f2n Hispano Martin de Bar\u00f9a, el 27 de junio de 1728. Sus primeros habitantes fueron descendientes de grupos espa\u00f1oles seleccionados entre la hidalguia de Espa\u00f1a para acompa\u00f1ar a la expedicion de Do\u00f1a Mencia de Sanabria. Su nombre se debe al arroyo Itay, que regaba una parte &#8230; <a title=\"Informaci\u00f3n\" class=\"read-more\" href=\"https:\/\/www.municipios.gov.py\/itaugua\/\" aria-label=\"Leer m\u00e1s sobre Informaci\u00f3n\">Leer Mas&#8230;<\/a><\/p>\n","protected":false},"author":72,"featured_media":0,"parent":0,"menu_order":0,"comment_status":"closed","ping_status":"closed","template":"","meta":{"generate_page_header":"","jetpack_post_was_ever_published":false,"footnotes":""},"class_list":["post-2","page","type-page","status-publish"],"jetpack_sharing_enabled":true,"jetpack_shortlink":"https:\/\/wp.me\/P7k4fH-2","_links":{"self":[{"href":"https:\/\/www.municipios.gov.py\/itaugua\/wp-json\/wp\/v2\/pages\/2","targetHints":{"allow":["GET"]}}],"collection":[{"href":"https:\/\/www.municipios.gov.py\/itaugua\/wp-json\/wp\/v2\/pages"}],"about":[{"href":"https:\/\/www.municipios.gov.py\/itaugua\/wp-json\/wp\/v2\/types\/page"}],"author":[{"embeddable":true,"href":"https:\/\/www.municipios.gov.py\/itaugua\/wp-json\/wp\/v2\/users\/72"}],"replies":[{"embeddable":true,"href":"https:\/\/www.municipios.gov.py\/itaugua\/wp-json\/wp\/v2\/comments?post=2"}],"version-history":[{"count":7,"href":"https:\/\/www.municipios.gov.py\/itaugua\/wp-json\/wp\/v2\/pages\/2\/revisions"}],"predecessor-version":[{"id":988,"href":"https:\/\/www.municipios.gov.py\/itaugua\/wp-json\/wp\/v2\/pages\/2\/revisions\/988"}],"wp:attachment":[{"href":"https:\/\/www.municipios.gov.py\/itaugua\/wp-json\/wp\/v2\/media?parent=2"}],"curies":[{"name":"wp","href":"https:\/\/api.w.org\/{rel}","templated":true}]}}