{"id":27,"date":"2016-06-20T14:29:11","date_gmt":"2016-06-20T14:29:11","guid":{"rendered":"https:\/\/www.municipios.gov.py\/itape\/?page_id=27"},"modified":"2021-02-15T10:23:42","modified_gmt":"2021-02-15T13:23:42","slug":"contactos","status":"publish","type":"page","link":"https:\/\/www.municipios.gov.py\/itape\/contactos\/","title":{"rendered":"Contactos"},"content":{"rendered":"<p style=\"text-align: center;\"><strong>Tel.\/Fax<\/strong><strong>:<\/strong> 0554 250 336<\/p>\n<p style=\"text-align: center;\"><strong>Email:<\/strong> uocmuniitape@gmail.com<\/p>\n<p style=\"text-align: center;\"><strong>Direcci\u00f3n de la Municipalidad:<\/strong> Pa\u00b4i Arzamendia y San Isidro, Itap\u00e9- Guair\u00e1, Py.<\/p>\n<p style=\"text-align: center;\"><strong>Horario de Atenci\u00f3n:<\/strong> Lunes a viernes de 07:00 a 12:00 Horas.<\/p>\n","protected":false},"excerpt":{"rendered":"<p>Tel.\/Fax: 0554 250 336 Email: uocmuniitape@gmail.com Direcci\u00f3n de la Municipalidad: Pa\u00b4i Arzamendia y San Isidro, Itap\u00e9- Guair\u00e1, Py. Horario de Atenci\u00f3n: Lunes a viernes de 07:00 a 12:00 Horas.<\/p>\n","protected":false},"author":4,"featured_media":0,"parent":0,"menu_order":0,"comment_status":"closed","ping_status":"closed","template":"","meta":{"generate_page_header":"","jetpack_post_was_ever_published":false,"footnotes":""},"class_list":["post-27","page","type-page","status-publish"],"jetpack_shortlink":"https:\/\/wp.me\/P7F2I7-r","jetpack_sharing_enabled":true,"_links":{"self":[{"href":"https:\/\/www.municipios.gov.py\/itape\/wp-json\/wp\/v2\/pages\/27","targetHints":{"allow":["GET"]}}],"collection":[{"href":"https:\/\/www.municipios.gov.py\/itape\/wp-json\/wp\/v2\/pages"}],"about":[{"href":"https:\/\/www.municipios.gov.py\/itape\/wp-json\/wp\/v2\/types\/page"}],"author":[{"embeddable":true,"href":"https:\/\/www.municipios.gov.py\/itape\/wp-json\/wp\/v2\/users\/4"}],"replies":[{"embeddable":true,"href":"https:\/\/www.municipios.gov.py\/itape\/wp-json\/wp\/v2\/comments?post=27"}],"version-history":[{"count":9,"href":"https:\/\/www.municipios.gov.py\/itape\/wp-json\/wp\/v2\/pages\/27\/revisions"}],"predecessor-version":[{"id":766,"href":"https:\/\/www.municipios.gov.py\/itape\/wp-json\/wp\/v2\/pages\/27\/revisions\/766"}],"wp:attachment":[{"href":"https:\/\/www.municipios.gov.py\/itape\/wp-json\/wp\/v2\/media?parent=27"}],"curies":[{"name":"wp","href":"https:\/\/api.w.org\/{rel}","templated":true}]}}