{"id":42,"date":"2016-06-30T18:26:57","date_gmt":"2016-06-30T18:26:57","guid":{"rendered":"https:\/\/www.municipios.gov.py\/itacurubidelacordillera\/?page_id=42"},"modified":"2021-02-09T09:12:30","modified_gmt":"2021-02-09T12:12:30","slug":"nomina-de-funcionarios-ley-5-282","status":"publish","type":"page","link":"https:\/\/www.municipios.gov.py\/itacurubidelacordillera\/nomina-de-funcionarios-ley-5-282\/","title":{"rendered":"N\u00f3mina de Funcionarios"},"content":{"rendered":"<p><a href=\"https:\/\/www.municipios.gov.py\/itacurubidelacordillera\/nomina-de-funcionarios-ley-5-282\/nomina-de-funcionarios-2-018\/\">N\u00d3MINA DE FUNCIONARIOS A\u00d1O 2.018<\/a><\/p>\n<p><a href=\"https:\/\/www.municipios.gov.py\/itacurubidelacordillera\/wp-content\/uploads\/sites\/180\/2019\/01\/Resumen-Anual-2.018.xls\">Resumen Anual 2.018<\/a><\/p>\n<p><a href=\"https:\/\/www.municipios.gov.py\/itacurubidelacordillera\/nomina-de-funcionarios-ano-2-019\/\">NOMINA DE FUNCIONARIOS A\u00d1O 2.019<\/a><\/p>\n<p><a href=\"https:\/\/www.municipios.gov.py\/itacurubidelacordillera\/wp-content\/uploads\/sites\/180\/2020\/01\/Resumen-Anual-2.019.xls\">Resumen Anual 2.019<\/a><\/p>\n<p><a href=\"https:\/\/www.municipios.gov.py\/itacurubidelacordillera\/nomina-de-funcionarios-ano-2-020\/\">NOMINA DE FUNCIONARIOS A\u00d1O 2.020<\/a><\/p>\n<p><a href=\"https:\/\/www.municipios.gov.py\/itacurubidelacordillera\/wp-content\/uploads\/sites\/180\/2021\/01\/Resumen-Anual-2.020.xls\">Resumen Anual 2.020<\/a><\/p>\n<p><a href=\"https:\/\/www.municipios.gov.py\/itacurubidelacordillera\/nomina-de-funcionarios-ano-2-020\/\">NOMINA DE FUNCIONARIOS A\u00d1O 2.021<\/a><\/p>\n<p>&nbsp;<\/p>\n<p>&nbsp;<\/p>\n<p>&nbsp;<\/p>\n<p>&nbsp;<\/p>\n<p>&nbsp;<\/p>\n<p>&nbsp;<\/p>\n<p>&nbsp;<\/p>\n<p>&nbsp;<\/p>\n","protected":false},"excerpt":{"rendered":"<p>N\u00d3MINA DE FUNCIONARIOS A\u00d1O 2.018 Resumen Anual 2.018 NOMINA DE FUNCIONARIOS A\u00d1O 2.019 Resumen Anual 2.019 NOMINA DE FUNCIONARIOS A\u00d1O 2.020 Resumen Anual 2.020 NOMINA DE FUNCIONARIOS A\u00d1O 2.021 &nbsp; &nbsp; &nbsp; &nbsp; &nbsp; &nbsp; &nbsp; &nbsp;<\/p>\n","protected":false},"author":4,"featured_media":0,"parent":0,"menu_order":0,"comment_status":"closed","ping_status":"closed","template":"","meta":{"generate_page_header":"","jetpack_post_was_ever_published":false,"footnotes":""},"class_list":["post-42","page","type-page","status-publish"],"jetpack_sharing_enabled":true,"jetpack_shortlink":"https:\/\/wp.me\/PaP3Cg-G","_links":{"self":[{"href":"https:\/\/www.municipios.gov.py\/itacurubidelacordillera\/wp-json\/wp\/v2\/pages\/42","targetHints":{"allow":["GET"]}}],"collection":[{"href":"https:\/\/www.municipios.gov.py\/itacurubidelacordillera\/wp-json\/wp\/v2\/pages"}],"about":[{"href":"https:\/\/www.municipios.gov.py\/itacurubidelacordillera\/wp-json\/wp\/v2\/types\/page"}],"author":[{"embeddable":true,"href":"https:\/\/www.municipios.gov.py\/itacurubidelacordillera\/wp-json\/wp\/v2\/users\/4"}],"replies":[{"embeddable":true,"href":"https:\/\/www.municipios.gov.py\/itacurubidelacordillera\/wp-json\/wp\/v2\/comments?post=42"}],"version-history":[{"count":55,"href":"https:\/\/www.municipios.gov.py\/itacurubidelacordillera\/wp-json\/wp\/v2\/pages\/42\/revisions"}],"predecessor-version":[{"id":748,"href":"https:\/\/www.municipios.gov.py\/itacurubidelacordillera\/wp-json\/wp\/v2\/pages\/42\/revisions\/748"}],"wp:attachment":[{"href":"https:\/\/www.municipios.gov.py\/itacurubidelacordillera\/wp-json\/wp\/v2\/media?parent=42"}],"curies":[{"name":"wp","href":"https:\/\/api.w.org\/{rel}","templated":true}]}}