{"id":19,"date":"2016-06-30T18:12:37","date_gmt":"2016-06-30T18:12:37","guid":{"rendered":"https:\/\/www.municipios.gov.py\/islapucu\/?page_id=19"},"modified":"2023-10-27T11:45:31","modified_gmt":"2023-10-27T14:45:31","slug":"junta-municipal","status":"publish","type":"page","link":"https:\/\/www.municipios.gov.py\/islapucu\/junta-municipal\/","title":{"rendered":"Junta Municipal"},"content":{"rendered":"<table style=\"width: 60.2943%;\" width=\"304\">\n<tbody>\n<tr>\n<td style=\"width: 100%;\" width=\"304\">\n<ul style=\"list-style-type: square;\">\n<li>JUAN AMADO OVELAR FRETES<\/li>\n<\/ul>\n<\/td>\n<\/tr>\n<tr>\n<td style=\"width: 100%;\">\n<ul style=\"list-style-type: square;\">\n<li>JOSE OLEGARIO BARRIOS CORONEL<\/li>\n<\/ul>\n<\/td>\n<\/tr>\n<tr>\n<td style=\"width: 100%;\">\n<ul style=\"list-style-type: square;\">\n<li>ALEXANDRI IRALA CASTILLO<\/li>\n<\/ul>\n<\/td>\n<\/tr>\n<tr>\n<td style=\"width: 100%;\">\n<ul style=\"list-style-type: square;\">\n<li>DANIELA ARGUELLO VDA DE AGUILERA<\/li>\n<\/ul>\n<\/td>\n<\/tr>\n<tr>\n<td style=\"width: 100%;\">\n<ul style=\"list-style-type: square;\">\n<li>DIEGO ARMANDO GONZALEZ QUI\u00d1ONEZ<\/li>\n<\/ul>\n<\/td>\n<\/tr>\n<tr>\n<td style=\"width: 100%;\">\n<ul style=\"list-style-type: square;\">\n<li>GREGORIO AQUINO CABA\u00d1AS<\/li>\n<\/ul>\n<\/td>\n<\/tr>\n<tr>\n<td style=\"width: 100%;\">\n<ul style=\"list-style-type: square;\">\n<li>PEDRO ELIGIO VELAZQUEZ PEREIRA<\/li>\n<\/ul>\n<\/td>\n<\/tr>\n<tr>\n<td style=\"width: 100%;\">\n<ul style=\"list-style-type: square;\">\n<li>ALDO IGLESIAS A\u00d1AZCO<\/li>\n<\/ul>\n<\/td>\n<\/tr>\n<tr>\n<td style=\"width: 100%; text-align: left;\">\n<ul style=\"list-style-type: square;\">\n<li>BENICIA ROTELA DE ZARATE<\/li>\n<\/ul>\n<\/td>\n<\/tr>\n<\/tbody>\n<\/table>\n","protected":false},"excerpt":{"rendered":"<p>JUAN AMADO OVELAR FRETES JOSE OLEGARIO BARRIOS CORONEL ALEXANDRI IRALA CASTILLO DANIELA ARGUELLO VDA DE AGUILERA DIEGO ARMANDO GONZALEZ QUI\u00d1ONEZ GREGORIO AQUINO CABA\u00d1AS PEDRO ELIGIO VELAZQUEZ PEREIRA ALDO IGLESIAS A\u00d1AZCO BENICIA ROTELA DE ZARATE<\/p>\n","protected":false},"author":4,"featured_media":0,"parent":0,"menu_order":0,"comment_status":"closed","ping_status":"closed","template":"","meta":{"generate_page_header":"","jetpack_post_was_ever_published":false,"footnotes":""},"class_list":["post-19","page","type-page","status-publish"],"jetpack_sharing_enabled":true,"jetpack_shortlink":"https:\/\/wp.me\/P8AJRy-j","_links":{"self":[{"href":"https:\/\/www.municipios.gov.py\/islapucu\/wp-json\/wp\/v2\/pages\/19","targetHints":{"allow":["GET"]}}],"collection":[{"href":"https:\/\/www.municipios.gov.py\/islapucu\/wp-json\/wp\/v2\/pages"}],"about":[{"href":"https:\/\/www.municipios.gov.py\/islapucu\/wp-json\/wp\/v2\/types\/page"}],"author":[{"embeddable":true,"href":"https:\/\/www.municipios.gov.py\/islapucu\/wp-json\/wp\/v2\/users\/4"}],"replies":[{"embeddable":true,"href":"https:\/\/www.municipios.gov.py\/islapucu\/wp-json\/wp\/v2\/comments?post=19"}],"version-history":[{"count":4,"href":"https:\/\/www.municipios.gov.py\/islapucu\/wp-json\/wp\/v2\/pages\/19\/revisions"}],"predecessor-version":[{"id":773,"href":"https:\/\/www.municipios.gov.py\/islapucu\/wp-json\/wp\/v2\/pages\/19\/revisions\/773"}],"wp:attachment":[{"href":"https:\/\/www.municipios.gov.py\/islapucu\/wp-json\/wp\/v2\/media?parent=19"}],"curies":[{"name":"wp","href":"https:\/\/api.w.org\/{rel}","templated":true}]}}