{"id":2,"date":"2016-08-13T15:17:43","date_gmt":"2016-08-13T19:17:43","guid":{"rendered":"https:\/\/www.municipios.gov.py\/iruna\/?page_id=2"},"modified":"2026-02-10T07:43:55","modified_gmt":"2026-02-10T10:43:55","slug":"pagina-ejemplo","status":"publish","type":"page","link":"https:\/\/www.municipios.gov.py\/iruna\/","title":{"rendered":"Informaci\u00f3n"},"content":{"rendered":"<p align=\"center\"><strong><img loading=\"lazy\" decoding=\"async\" class=\" wp-image-2163 alignright\" src=\"https:\/\/www.municipios.gov.py\/iruna\/wp-content\/uploads\/sites\/221\/2026\/02\/Muni-fachada-300x225.jpg\" alt=\"\" width=\"415\" height=\"311\" srcset=\"https:\/\/www.municipios.gov.py\/iruna\/wp-content\/uploads\/sites\/221\/2026\/02\/Muni-fachada-300x225.jpg 300w, https:\/\/www.municipios.gov.py\/iruna\/wp-content\/uploads\/sites\/221\/2026\/02\/Muni-fachada-1024x768.jpg 1024w, https:\/\/www.municipios.gov.py\/iruna\/wp-content\/uploads\/sites\/221\/2026\/02\/Muni-fachada-768x576.jpg 768w, https:\/\/www.municipios.gov.py\/iruna\/wp-content\/uploads\/sites\/221\/2026\/02\/Muni-fachada-1536x1152.jpg 1536w, https:\/\/www.municipios.gov.py\/iruna\/wp-content\/uploads\/sites\/221\/2026\/02\/Muni-fachada.jpg 2048w\" sizes=\"auto, (max-width: 415px) 100vw, 415px\" \/>LEY N\u00ba 203<\/strong><\/p>\n<p><strong>QUE CREA EL MUNICIPIO DE IRU\u00d1A EN EL DEPARTAMENTO DEL ALTO PARAN\u00c1 Y UNA MUNICIPALIDAD CON ASIENTO EN EL PUEBLO DE IRU\u00d1A.<\/strong><\/p>\n<p align=\"center\"><strong>EL CONGRESO DE LA NACI\u00d3N SANCIONA CON FUERZA DE LEY.<\/strong><\/p>\n<p>\u00a0\u00a0\u00a0 \u00a0\u00a0<strong>Art\u00edculo 1\u00ba-<\/strong>\u00a0Cr\u00e9ase el Municipio de Iru\u00f1a en el Departamento del Alto Paran\u00e1 y a este efecto desaf\u00e9ctase su territorio del Distrito \u00d1acunday con los siguientes l\u00edmites:<\/p>\n<p><strong>\u00a0\u00a0\u00a0\u00a0\u00a0\u00a0\u00a0\u00a0\u00a0\u00a0\u00a0\u00a0\u00a0\u00a0\u00a0<u>AL NORTE<\/u><\/strong><\/p>\n<p><strong>L\u00ednea 1-2:<\/strong>(S-89\u00ba 54\u2019-E&#8211; 8.300,00 ms.) Sur ochenta y nueve grados cincuenta y cuatro minutos Este, mide ocho mil trescientos metros. Esta l\u00ednea sirve de base al relevamiento del R\u00edoY\u00f1ar\u00f3, cuyo curso de agua es el lindero de la fracci\u00f3n<\/p>\n<p><strong>L\u00ednea 2-3:<\/strong>(N-49\u00ba 36\u2019-E&#8211; 4.660,00 ms.) Norte cuarenta y nueve grados treinta y seis minutos Este, mide cuatro mil seiscientos sesenta metros. Esta l\u00ednea sirve de base al relevamiento del R\u00edo Y\u00f1ar\u00f3, cuyo curso de agua es el lindero de la fracci\u00f3n.<strong style=\"text-align: -webkit-center;\"><img loading=\"lazy\" decoding=\"async\" class=\"size-medium wp-image-2173 alignright\" src=\"https:\/\/www.municipios.gov.py\/iruna\/wp-content\/uploads\/sites\/221\/2026\/02\/Escudo-300x300.jpg\" alt=\"\" width=\"300\" height=\"300\" srcset=\"https:\/\/www.municipios.gov.py\/iruna\/wp-content\/uploads\/sites\/221\/2026\/02\/Escudo-300x300.jpg 300w, https:\/\/www.municipios.gov.py\/iruna\/wp-content\/uploads\/sites\/221\/2026\/02\/Escudo-1024x1024.jpg 1024w, https:\/\/www.municipios.gov.py\/iruna\/wp-content\/uploads\/sites\/221\/2026\/02\/Escudo-150x150.jpg 150w, https:\/\/www.municipios.gov.py\/iruna\/wp-content\/uploads\/sites\/221\/2026\/02\/Escudo-768x768.jpg 768w, https:\/\/www.municipios.gov.py\/iruna\/wp-content\/uploads\/sites\/221\/2026\/02\/Escudo.jpg 1283w\" sizes=\"auto, (max-width: 300px) 100vw, 300px\" \/><\/strong><\/p>\n<p><strong>\u00a0\u00a0 L\u00ednea 3-4:\u00a0<\/strong>(N-24\u00ba21\u2019-E&#8211; 2.620,00 ms.) Norte veinte y cuatro grados veinte y un minutos Este, mide dos mil seiscientos veinte metros. Esta l\u00ednea sirve de base al relevamiento del R\u00edo Y\u00f1ar\u00f3, cuyo curso de agua es el lindero de la fracci\u00f3n.<\/p>\n<p>Del moj\u00f3n N\u00ba 1 al moj\u00f3n N\u00ba 4, el l\u00edmite de Iru\u00f1a es el curso de agua del R\u00edo Y\u00f1ar\u00f3, el cual lo separa del Distrito Naranjal.<\/p>\n<p><strong>\u00a0 L\u00ednea 4-5:<\/strong>\u00a0(S-40\u00ba 39\u2019-E&#8211; 2.050,00 ms.) Sur cuarenta grados treinta y nueve minutos Este, mide dos mil cincuenta metros. Esta l\u00ednea sirve de base al relevamiento del R\u00edo \u00d1acunday, cuyo curso de agua es el lindero de la fracci\u00f3n.<\/p>\n<p><strong>\u00a0 L\u00ednea 5-6:<\/strong>\u00a0(N-55\u00ba 21\u2019-E&#8211; 6.500,00 ms.) Norte cincuenta y cinco grados veinte y un minutos Este, mide seis mil quinientos metros. Esta l\u00ednea sirve de base al relevamiento del R\u00edo \u00d1acunday, cuyo curso de agua es el lindero de la fracci\u00f3n.<\/p>\n<p>Del moj\u00f3n N\u00ba 4 al moj\u00f3n N\u00ba 6, el l\u00edmite de Iru\u00f1a es el curso de agua del R\u00edo \u00d1acunday, el cual lo separa del Distrito Santa Rosa.<\/p>\n<p><strong>\u00a0\u00a0\u00a0\u00a0\u00a0\u00a0\u00a0\u00a0\u00a0\u00a0\u00a0 \u00a0\u00a0\u00a0\u00a0<u>AL ESTE<\/u><\/strong><\/p>\n<p><strong>L\u00ednea 6-7:<\/strong>\u00a0(S-16\u00ba 07\u2019-E&#8211; 4.800,00 ms.) Sur diez y seis grados siete minutos Este, mide cuatro mil ochocientos metros. Esta l\u00ednea corresponde a un Camino P\u00fablico el cual es el lindero y lo separa de la Colonia Mbaret\u00e9 del Distrito \u00d1acunday.<\/p>\n<p><strong>L\u00ednea 7-8:\u00a0<\/strong>(S-36\u00ba 30\u2019-O&#8211; 9.560,00 ms.) Sur treinta y seis grados treinta minutos Oeste, mide nueve mil quinientos sesenta metros. Esta l\u00ednea sirve de base al relevamiento del Arroyo Tigre, cuyo curso de agua es el lindero de la fracci\u00f3n el cual lo separa de la Colonia Mbaret\u00e9 del Distrito \u00d1acunday.<\/p>\n<p><strong>L\u00ednea 8-9:\u00a0<\/strong>(S-66\u00ba 30\u2019-E\u20149.720,00 ms.) Sur sesenta y seis grados treinta minutos Este, mide nueve mil setecientos veinte metros. Esta l\u00ednea corresponde a un Camino P\u00fablico el cual es el lindero y lo separa de la Colonia Mbaret\u00e9 del Distrito \u00d1acunday.<\/p>\n<p><strong>L\u00ednea 9-10:<\/strong>(S-20\u00ba 38\u2019-E\u20144.530,00 ms.) Sur veinte grados treinta y ocho minutos Este, mide cuatro mil quinientos treinta metros. Esta l\u00ednea sirve de base al relevamiento del Arroyo Amba-y, cuyo curso de agua es el lindero de la fracci\u00f3n el cual lo separa de la Colonia Mbaret\u00e9 del Distrito \u00d1acunday.<\/p>\n<p><strong>\u00a0\u00a0\u00a0\u00a0\u00a0\u00a0\u00a0\u00a0\u00a0\u00a0\u00a0\u00a0\u00a0\u00a0<u>AL SUR:<\/u><\/strong><\/p>\n<p><strong>\u00a0L\u00ednea 10-11:<\/strong>\u00a0(S-75\u00ba 22\u2019-O&#8211; 3.800,00 ms.) Sur setenta y cinco grados veinte y dos minutos Oeste, mide tres mil ochocientos metros. Esta l\u00ednea sirve de base al relevamiento del R\u00edo Yacui-Guaz\u00fa, cuyo curso de agua es el lindero de la fracci\u00f3n.<\/p>\n<p><strong>L\u00ednea 11-12:<\/strong>\u00a0(S-57\u00ba 52\u2019&#8211; 9.150,00 ms.) Sur cincuenta y siete grados cincuenta y dos minutos Oeste, mide nueve mil ciento cincuenta metros. Esta l\u00ednea sirve de base al relevamiento del R\u00edo Yacui-Guaz\u00fa, cuyo curso de agua es el lindero de la fracci\u00f3n.<\/p>\n<p><strong>\u00a0\u00a0 L\u00ednea 12-13:<\/strong>\u00a0(S-89\u00ba 52\u2019-O&#8211; 4.540,00 ms.) Sur ochenta y nueve grados cincuenta y dos minutos Oeste, mide cuatro mil quinientos cuarenta metros. Esta l\u00ednea sirve de base al relevamiento del R\u00edo Yacui-Guaz\u00fa, cuyo curso de agua es el lindero de la fracci\u00f3n.<\/p>\n<p><strong>\u00a0L\u00ednea 13-14:\u00a0<\/strong>(S-65\u00ba 30\u2019-O&#8211; 2.420,00 ms.)\u00a0Sur sesenta y cinco grados treinta minutos Oeste, mide dos mil cuatrocientos veinte metros. Esta l\u00ednea sirve de base al relevamiento del R\u00edo Yacui-Guaz\u00fa, cuyo curso de agua es el lindero de la fracci\u00f3n.<\/p>\n<p><strong>\u00a0 L\u00ednea 14-15:<\/strong>\u00a0(N-71\u00ba 45\u2019-O&#8211; 12.400,00 ms.) Norte setenta y un grados cuarenta y cinco minutos Oeste, mide doce mil cuatrocientos metros. Esta l\u00ednea sirve de base al relevamiento del R\u00edo Yacui-Guaz\u00fa, cuyo curso de agua es el lindero de la fracci\u00f3n.<\/p>\n<p><strong>L\u00ednea 15-16:<\/strong>\u00a0(N-50\u00ba 00\u2019-O&#8211; 1.160,00 ms.) Norte cincuenta grados cero minutos Oeste, mide um mil ciento sesenta metros. Esta l\u00ednea sirve de base al relevamiento\u00a0 del Rio Yacui-Guaz\u00fa, cuyo curso de agua es el lindero de la fracci\u00f3n.<\/p>\n<p>Del moj\u00f3n N\u00ba 10 al moj\u00f3n N\u00ba 16, (ubicado a la vera de la Ruta Sexta) el l\u00edmite de Iru\u00f1a es el curso de agua del R\u00edo Yacui-Guaz\u00fa, el cual lo separa del Distrito de Carlos A. L\u00f3pez del Departamento de Itap\u00faa.<\/p>\n<p><strong>\u00a0\u00a0\u00a0\u00a0\u00a0\u00a0\u00a0\u00a0\u00a0\u00a0\u00a0\u00a0\u00a0\u00a0<u>AL OESTE:<\/u><\/strong><\/p>\n<p><strong>L\u00ednea 16-17:\u00a0<\/strong>(N-20\u00ba 18\u2019-E&#8211; 6.150,00 ms.) Norte veinte grados diez y ocho minutos Este, mide seis mil ciento cincuenta metros. Linda con la Ruta Sexta.<\/p>\n<p><strong>\u00a0L\u00ednea 17-18:<\/strong>\u00a0(N-5\u00ba 26\u2019-O&#8211; 2.350,00 ms.) Norte cinco grados veinte y seis minutos Oeste, mide dos mil trescientos cincuenta metros. Linda com la Ruta Sexta.<\/p>\n<p><strong>\u00a0L\u00ednea 18-19:<\/strong>\u00a0(N-29\u00ba 34\u2019-E&#8211; 2.565,00 ms.) Norte veinte y nueve grados treinta y cuatro minutos Este, mide dos mil quinientos sesenta y cinco metros. Linda con la Ruta Sexta.<\/p>\n<p><strong>L\u00ednea 19-20<\/strong>: (N-15\u00ba 12\u2019-O&#8211; 2.600,00 ms.) Norte quince grados doce minutos Oeste, mide dos mil seiscientos metros. Linda com la Ruta Sexta.<\/p>\n<p><strong>L\u00ednea 20-1:<\/strong>\u00a0(N-46\u00ba 38\u2019-E&#8211; 3.380,00 ms.) Norte cuarenta y seis grados treinta y ocho minutos Este, mide tres mil trescientos ochenta metros y linda con la Ruta Sexta.<\/p>\n<p>Del moj\u00f3n N\u00ba 16 al moj\u00f3n N\u00ba 1 (del comienzo), el l\u00edmite de Iru\u00f1a, es la l\u00ednea que sigue la Ruta Sexta \u2013 Juan Le\u00f3n Mallorqu\u00edn- el cual lo separa de la Colonia Dr. Ra\u00fal Pe\u00f1a del Distrito Naranjal.<\/p>\n<p><strong>Art\u00edculo 2\u00ba-\u00a0<\/strong>El \u00e1rea delimitada del Municipio creado por el Art\u00edculo anterior abarca la superficie de 53.108 Has. 4.580 ms2. (Cincuenta y Tres Mil Ciento Ocho Hect\u00e1reas, Cuatro Mil Quinientos Ochenta Metros Cuadrados).<\/p>\n<p><strong>Art\u00edculo 3\u00ba-<\/strong>\u00a0Cr\u00e9ase una Municipalidad en el Municipio establecido por el Art\u00edculo 1\u00ba de esta Ley, con asiento en el pueblo de Iru\u00f1a.<\/p>\n<p><strong>Art\u00edculo 4\u00ba-<\/strong>\u00a0Comun\u00edquese al Poder Ejecutivo.<\/p>\n<p>Aprobada por la Honerable C\u00e1mara de Diputados a veinte y siete d\u00edas del mes de octubre del a\u00f1o un mil novecientos noventa y dos, y por la Honerable C\u00e1mara de Senadores, sancion\u00e1ndose la Ley, a veinte y tres d\u00edas del mes de junio del a\u00f1o un mil novecientos noventa y tres.<\/p>\n<p><strong>\u00a0\u00a0\u00a0\u00a0\u00a0\u00a0\u00a0 Jos\u00e9 A. Moreno Ruffinelli\u00a0\u00a0\u00a0\u00a0\u00a0\u00a0\u00a0\u00a0\u00a0\u00a0\u00a0\u00a0\u00a0\u00a0\u00a0\u00a0\u00a0\u00a0\u00a0\u00a0\u00a0\u00a0\u00a0\u00a0\u00a0\u00a0 \u00a0 \u00a0 \u00a0 \u00a0 \u00a0 \u00a0 \u00a0 \u00a0 \u00a0 \u00a0 \u00a0 \u00a0 \u00a0 \u00a0 \u00a0 \u00a0 \u00a0 \u00a0 \u00a0\u00a0\u00a0\u00a0\u00a0\u00a0\u00a0\u00a0\u00a0\u00a0\u00a0\u00a0\u00a0\u00a0\u00a0\u00a0\u00a0\u00a0 Gustavo D\u00edaz de Vivar<\/strong><\/p>\n<p>Presidente\u00a0\u00a0\u00a0\u00a0\u00a0\u00a0 \u00a0\u00a0\u00a0\u00a0\u00a0\u00a0\u00a0\u00a0\u00a0\u00a0\u00a0\u00a0\u00a0\u00a0\u00a0\u00a0\u00a0\u00a0\u00a0\u00a0\u00a0\u00a0\u00a0\u00a0\u00a0\u00a0\u00a0\u00a0\u00a0\u00a0\u00a0\u00a0\u00a0\u00a0\u00a0\u00a0\u00a0\u00a0\u00a0\u00a0\u00a0\u00a0\u00a0\u00a0\u00a0\u00a0\u00a0\u00a0\u00a0\u00a0\u00a0\u00a0\u00a0\u00a0\u00a0\u00a0\u00a0\u00a0\u00a0\u00a0\u00a0\u00a0\u00a0\u00a0\u00a0 \u00a0 \u00a0 \u00a0 \u00a0 \u00a0 \u00a0 \u00a0 \u00a0 \u00a0 \u00a0 \u00a0 \u00a0 \u00a0 \u00a0 \u00a0 \u00a0 \u00a0 \u00a0 Presidente<\/p>\n<p>H. C\u00e1mara de Diputados\u00a0\u00a0\u00a0\u00a0\u00a0\u00a0\u00a0\u00a0\u00a0\u00a0\u00a0\u00a0\u00a0\u00a0\u00a0\u00a0\u00a0\u00a0\u00a0\u00a0\u00a0\u00a0\u00a0\u00a0\u00a0\u00a0\u00a0\u00a0\u00a0\u00a0\u00a0\u00a0\u00a0\u00a0\u00a0\u00a0\u00a0\u00a0\u00a0\u00a0\u00a0\u00a0 \u00a0 \u00a0 \u00a0 \u00a0 \u00a0 \u00a0 \u00a0 \u00a0 \u00a0 \u00a0 \u00a0 \u00a0 \u00a0 \u00a0 \u00a0\u00a0 \u00a0\u00a0\u00a0\u00a0 H. C\u00e1mara de Senadores<\/p>\n<p>&nbsp;<\/p>\n<p><strong>\u00a0\u00a0\u00a0\u00a0\u00a0\u00a0\u00a0\u00a0 Carlos Galeano Perrone\u00a0\u00a0\u00a0\u00a0\u00a0\u00a0\u00a0\u00a0\u00a0\u00a0\u00a0\u00a0\u00a0\u00a0\u00a0\u00a0\u00a0\u00a0\u00a0\u00a0\u00a0\u00a0\u00a0\u00a0\u00a0\u00a0\u00a0\u00a0\u00a0\u00a0\u00a0\u00a0\u00a0\u00a0\u00a0\u00a0\u00a0\u00a0\u00a0\u00a0\u00a0\u00a0\u00a0\u00a0\u00a0\u00a0 \u00a0 \u00a0 \u00a0 \u00a0 \u00a0 \u00a0 \u00a0 \u00a0 \u00a0 \u00a0 \u00a0 \u00a0 \u00a0 \u00a0\u00a0 \u00a0 Evelio Fern\u00e1ndez Ar\u00e9valos<\/strong><\/p>\n<p>Secretario Parlamentario\u00a0\u00a0\u00a0\u00a0\u00a0\u00a0\u00a0\u00a0\u00a0\u00a0\u00a0\u00a0\u00a0\u00a0\u00a0\u00a0\u00a0\u00a0\u00a0\u00a0\u00a0\u00a0\u00a0\u00a0\u00a0\u00a0\u00a0\u00a0\u00a0\u00a0\u00a0\u00a0\u00a0\u00a0\u00a0\u00a0\u00a0\u00a0\u00a0\u00a0\u00a0\u00a0\u00a0\u00a0\u00a0\u00a0\u00a0\u00a0\u00a0\u00a0\u00a0 \u00a0 \u00a0 \u00a0 \u00a0 \u00a0 \u00a0 \u00a0 \u00a0 \u00a0 \u00a0 \u00a0 \u00a0 \u00a0 \u00a0 Secretario Parlamentario<\/p>\n<p>&nbsp;<\/p>\n<p>&nbsp;<\/p>\n<p align=\"right\"><strong>Asunci\u00f3n,\u00a0\u00a0\u00a0\u00a0 de\u00a0\u00a0\u00a0\u00a0\u00a0\u00a0\u00a0\u00a0\u00a0\u00a0 de 1.993.<\/strong><\/p>\n<p align=\"center\"><strong>T\u00e9ngase por la Ley de la Rep\u00fablica, publ\u00edquese e ins\u00e9rtese en el Registro Oficial.<\/strong><\/p>\n<p align=\"center\">El Presidente de la Rep\u00fablica<\/p>\n<p align=\"center\"><strong>Andr\u00e9s Rodr\u00edguez<\/strong><\/p>\n<p align=\"center\"><strong>Hugo Estigarribia Elizeche<\/strong><\/p>\n<p style=\"text-align: left;\" align=\"center\">Ministro del Interior<\/p>\n<p>&nbsp;<\/p>\n","protected":false},"excerpt":{"rendered":"<p>LEY N\u00ba 203 QUE CREA EL MUNICIPIO DE IRU\u00d1A EN EL DEPARTAMENTO DEL ALTO PARAN\u00c1 Y UNA MUNICIPALIDAD CON ASIENTO EN EL PUEBLO DE IRU\u00d1A. EL CONGRESO DE LA NACI\u00d3N SANCIONA CON FUERZA DE LEY. \u00a0\u00a0\u00a0 \u00a0\u00a0Art\u00edculo 1\u00ba-\u00a0Cr\u00e9ase el Municipio de Iru\u00f1a en el Departamento del Alto Paran\u00e1 y a este efecto desaf\u00e9ctase su &#8230; <a title=\"Informaci\u00f3n\" class=\"read-more\" href=\"https:\/\/www.municipios.gov.py\/iruna\/\" aria-label=\"Leer m\u00e1s sobre Informaci\u00f3n\">Leer M\u00e1s&#8230;<\/a><\/p>\n","protected":false},"author":4,"featured_media":0,"parent":0,"menu_order":0,"comment_status":"closed","ping_status":"closed","template":"","meta":{"jetpack_post_was_ever_published":false,"footnotes":""},"class_list":["post-2","page","type-page","status-publish"],"jetpack_sharing_enabled":true,"jetpack_shortlink":"https:\/\/wp.me\/P7H3N6-2","_links":{"self":[{"href":"https:\/\/www.municipios.gov.py\/iruna\/wp-json\/wp\/v2\/pages\/2","targetHints":{"allow":["GET"]}}],"collection":[{"href":"https:\/\/www.municipios.gov.py\/iruna\/wp-json\/wp\/v2\/pages"}],"about":[{"href":"https:\/\/www.municipios.gov.py\/iruna\/wp-json\/wp\/v2\/types\/page"}],"author":[{"embeddable":true,"href":"https:\/\/www.municipios.gov.py\/iruna\/wp-json\/wp\/v2\/users\/4"}],"replies":[{"embeddable":true,"href":"https:\/\/www.municipios.gov.py\/iruna\/wp-json\/wp\/v2\/comments?post=2"}],"version-history":[{"count":54,"href":"https:\/\/www.municipios.gov.py\/iruna\/wp-json\/wp\/v2\/pages\/2\/revisions"}],"predecessor-version":[{"id":2174,"href":"https:\/\/www.municipios.gov.py\/iruna\/wp-json\/wp\/v2\/pages\/2\/revisions\/2174"}],"wp:attachment":[{"href":"https:\/\/www.municipios.gov.py\/iruna\/wp-json\/wp\/v2\/media?parent=2"}],"curies":[{"name":"wp","href":"https:\/\/api.w.org\/{rel}","templated":true}]}}